{"id":127,"date":"2023-03-22T11:11:17","date_gmt":"2023-03-22T11:11:17","guid":{"rendered":"https:\/\/blogsaverroes.juntadeandalucia.es\/eoeetgccadiz\/?page_id=127"},"modified":"2023-05-08T18:06:31","modified_gmt":"2023-05-08T18:06:31","slug":"en-el-aula","status":"publish","type":"page","link":"https:\/\/blogsaverroes.juntadeandalucia.es\/eoeetgccadiz\/en-el-aula\/","title":{"rendered":"EN EL AULA"},"content":{"rendered":"<p align=\"justify\">AYUDAL\u00c9 A ESTRUCTURAR , ORGANIZAR , ANTICIPAR, PLANIFICAR.<\/p>\n<p align=\"justify\"><span style=\"font-family: Arial MT, serif\"><span style=\"font-family: Arial, sans-serif\"><span style=\"font-size: medium\">Estructurar: e<\/span><\/span><span style=\"font-family: Arial, sans-serif\"><span style=\"font-size: medium\">s<\/span><\/span><span style=\"font-family: Arial, sans-serif\"><span style=\"font-size: medium\">cribir en una parte de<\/span><\/span> <span style=\"font-family: Arial, sans-serif\"><span style=\"font-size: medium\">la pizarra <\/span><\/span><span style=\"font-family: Arial, sans-serif\"><span style=\"font-size: medium\">o en un lugar cercano <\/span><\/span><span style=\"font-family: Arial, sans-serif\"><span style=\"font-size: medium\">todas las tareas <\/span><\/span><span style=\"font-family: Arial, sans-serif\"><span style=\"font-size: medium\">que se van a realizar en clase <\/span><\/span><span style=\"font-family: Arial, sans-serif\"><span style=\"font-size: medium\">durante la jornada y sesi\u00f3n.<\/span><\/span><span style=\"font-family: Arial, sans-serif\"><span style=\"font-size: medium\">. <\/span><\/span><span style=\"font-family: Arial, sans-serif\"><span style=\"font-size: medium\">por ejemplo, decimos: 1\u00ba <\/span><\/span><span style=\"font-family: Arial, sans-serif\"><span style=\"font-size: medium\">vamos a leer <\/span><\/span><span style=\"font-family: Arial, sans-serif\"><span style=\"font-size: medium\">el libro<\/span><\/span><span style=\"font-family: Arial, sans-serif\"><span style=\"font-size: medium\">, 2\u00ba vamos a realizar un <\/span><\/span><span style=\"font-family: Arial, sans-serif\"><span style=\"font-size: medium\">dibujo <\/span><\/span> <span style=\"font-family: Arial, sans-serif\"><span style=\"font-size: medium\">y 3\u00ba buscar la&nbsp;<\/span><\/span><\/span><span style=\"font-family: Arial MT, serif\"><span style=\"font-family: Arial, sans-serif\"><span style=\"font-size: medium\">palabra en el libro<\/span><\/span><span style=\"font-family: Arial, sans-serif\"><span style=\"font-size: medium\">. Es importante anticipar , estructurar y dar la instrucci\u00f3n una a una . <\/span><\/span><span style=\"font-family: Arial, sans-serif\"><span style=\"font-size: medium\">Si nos apoyamos con im\u00e1genes visuales que est\u00e9n cercanas a<\/span><\/span><span style=\"font-family: Arial, sans-serif\"><span style=\"font-size: medium\">l <\/span><\/span><span style=\"font-family: Arial, sans-serif\"><span style=\"font-size: medium\">alumn<\/span><\/span><span style=\"font-family: Arial, sans-serif\"><span style=\"font-size: medium\">o<\/span><\/span><span style=\"font-family: Arial, sans-serif\"><span style=\"font-size: medium\">, en la mesa o en un lugar cercano a su silla. <\/span><\/span><\/span><\/p>\n<p lang=\"es-ES-u-co-trad\"><span style=\"font-family: Arial, sans-serif\"><span style=\"font-size: medium\">Presentar la tarea a realizar en el aula , de una en una, reduciendo visualmente. Las tareas deben ser asequibles para no crear frustraci\u00f3n ante la falta de planificaci\u00f3n y la ansiedad por no terminar lo que hace. Se presenta de forma que s\u00f3lo observe lo que tiene que hacer y se presenta despu\u00e9s lo siguiente, una vez que termine.&nbsp;<\/span><\/span><\/p>\n<p align=\"justify\"><span style=\"font-family: Arial MT, serif\"><span style=\"font-family: Arial, serif\">Ense\u00f1ar y motivar al alumno para que aplique las autoinstrucciones a las actividades.<\/span> <span style=\"font-family: Arial, serif\">Por<\/span> <span style=\"font-family: Arial, serif\">ejemplo,<\/span> <span style=\"font-family: Arial, serif\">hacer<\/span> <span style=\"font-family: Arial, serif\">una<\/span> <span style=\"font-family: Arial, serif\">lista<\/span> <span style=\"font-family: Arial, serif\">que<\/span> <span style=\"font-family: Arial, serif\">potencie<\/span> <span style=\"font-family: Arial, serif\">el<\/span> <span style=\"font-family: Arial, serif\">lenguaje<\/span> <span style=\"font-family: Arial, serif\">autodirigido.<\/span> <span style=\"font-family: Arial, serif\">Un<\/span> <span style=\"font-family: Arial, serif\">ejemplo<\/span> <span style=\"font-family: Arial, serif\">de autoinstrucciones puede ser:<\/span> <span style=\"font-family: Arial, serif\">1) Leer el enunciado. 2) qu\u00e9 tengo que hacer. 3) Cu\u00e1ntas<\/span> <span style=\"font-family: Arial, serif\">cosas tengo que hacer (truco: el n\u00famero de verbos en el enunciado te dice el n\u00famero de<\/span> <span style=\"font-family: Arial, serif\">cosas que hay que hacer). 4) \u00bfC\u00f3mo lo hago? Me fijo en un ejercicio tipo. 5) Hago la<\/span> <span style=\"font-family: Arial, serif\">actividad. 6) Repaso lo que he hecho. 7) Corrijo lo que he hecho. 8) Autorrefuerzo: me<\/span> <span style=\"font-family: Arial, serif\">he<\/span> <span style=\"font-family: Arial, serif\">esforzado<\/span> <span style=\"font-family: Arial, serif\">mucho<\/span> <span style=\"font-family: Arial, serif\">y<\/span> <span style=\"font-family: Arial, serif\">he<\/span> <span style=\"font-family: Arial, serif\">conseguido<\/span> <span style=\"font-family: Arial, serif\">hacerlo<\/span> <span style=\"font-family: Arial, serif\">bien;<\/span> <span style=\"font-family: Arial, serif\">o<\/span> <span style=\"font-family: Arial, serif\">que<\/span> <span style=\"font-family: Arial, serif\">en<\/span> <span style=\"font-family: Arial, serif\">su<\/span> <span style=\"font-family: Arial, serif\">caso<\/span> <span style=\"font-family: Arial, serif\">desarrolle estrategias<\/span> <span style=\"font-family: Arial, serif\">de<\/span> <span style=\"font-family: Arial, serif\">afrontamiento<\/span> <span style=\"font-family: Arial, serif\">de<\/span> <span style=\"font-family: Arial, serif\">error<\/span> <span style=\"font-family: Arial, serif\">\u00bfme<\/span> <span style=\"font-family: Arial, serif\">he<\/span> <span style=\"font-family: Arial, serif\">equivocado?,<\/span> <span style=\"font-family: Arial, serif\">la<\/span> <span style=\"font-family: Arial, serif\">pr\u00f3xima<\/span> <span style=\"font-family: Arial, serif\">vez<\/span> <span style=\"font-family: Arial, serif\">ir\u00e9<\/span> <span style=\"font-family: Arial, serif\">m\u00e1s despacio y pensar\u00e9<\/span> <span style=\"font-family: Arial, serif\">mejor en lo que<\/span> <span style=\"font-family: Arial, serif\">estoy<\/span> <span style=\"font-family: Arial, serif\">haciendo.<\/span><\/span><\/p>\n<p align=\"justify\"><span style=\"font-family: Arial MT, serif\"><span style=\"font-family: Arial, sans-serif\"><span style=\"font-size: medium\">S<\/span><\/span><span style=\"font-family: Arial, sans-serif\"><span style=\"font-size: medium\">u dificultad para planificar y estructurar conllevan que el alumno necesite m\u00e1s espacio para guardar sus libros y cuadernos y si se puede utilizar organizadores en una mesa auxiliar.<\/span><\/span><\/span><\/p>\n<p align=\"justify\"><span style=\"font-family: Arial, sans-serif\"><span style=\"font-size: medium\">Utilizar relojes para estructuraci\u00f3n temporal \u2013 Los tiempos de espera para son tiempos que pueden llevar a conductas disruptivas\u2026 utilizar relojes de arena o digitales para marcar los tiempos de espera , por ejemplo, hasta la pr\u00f3xima actividad o hasta el cambio de sesi\u00f3n.<\/span><\/span><\/p>\n<p align=\"justify\"><span style=\"font-family: Arial, sans-serif\"><span style=\"font-size: medium\">Es un alumno que no persevera en la tarea por su dificultad ejecutiva . Dar m\u00e1s tiempo para tareas dentro del aula, y que no se las lleva a su casa para terminar porque la situaci\u00f3n es de castigo y su funci\u00f3n ejecutiva, adem\u00e1s de sus intereses restringidos, no le permiten realizarla con suficiente tiempo. Reducir la cantidad de tareas que tiene que realizar. <\/span><\/span><\/p>\n","protected":false},"excerpt":{"rendered":"<p>AYUDAL\u00c9 A ESTRUCTURAR , ORGANIZAR , ANTICIPAR, PLANIFICAR. Estructurar: escribir en una parte de la pizarra o en un lugar cercano todas las tareas que se van a realizar en clase durante la jornada y sesi\u00f3n.. por ejemplo, decimos: 1\u00ba vamos a leer el libro, 2\u00ba vamos a realizar un dibujo y 3\u00ba buscar la&nbsp;palabra &hellip; <\/p>\n<p class=\"link-more\"><a href=\"https:\/\/blogsaverroes.juntadeandalucia.es\/eoeetgccadiz\/en-el-aula\/\" class=\"more-link\">Continuar leyendo<span class=\"screen-reader-text\"> \u00abEN EL AULA\u00bb<\/span><\/a><\/p>\n","protected":false},"author":15598,"featured_media":0,"parent":0,"menu_order":0,"comment_status":"closed","ping_status":"closed","template":"","meta":{"ngg_post_thumbnail":0,"footnotes":""},"aioseo_notices":[],"_links":{"self":[{"href":"https:\/\/blogsaverroes.juntadeandalucia.es\/eoeetgccadiz\/wp-json\/wp\/v2\/pages\/127"}],"collection":[{"href":"https:\/\/blogsaverroes.juntadeandalucia.es\/eoeetgccadiz\/wp-json\/wp\/v2\/pages"}],"about":[{"href":"https:\/\/blogsaverroes.juntadeandalucia.es\/eoeetgccadiz\/wp-json\/wp\/v2\/types\/page"}],"author":[{"embeddable":true,"href":"https:\/\/blogsaverroes.juntadeandalucia.es\/eoeetgccadiz\/wp-json\/wp\/v2\/users\/15598"}],"replies":[{"embeddable":true,"href":"https:\/\/blogsaverroes.juntadeandalucia.es\/eoeetgccadiz\/wp-json\/wp\/v2\/comments?post=127"}],"version-history":[{"count":4,"href":"https:\/\/blogsaverroes.juntadeandalucia.es\/eoeetgccadiz\/wp-json\/wp\/v2\/pages\/127\/revisions"}],"predecessor-version":[{"id":249,"href":"https:\/\/blogsaverroes.juntadeandalucia.es\/eoeetgccadiz\/wp-json\/wp\/v2\/pages\/127\/revisions\/249"}],"wp:attachment":[{"href":"https:\/\/blogsaverroes.juntadeandalucia.es\/eoeetgccadiz\/wp-json\/wp\/v2\/media?parent=127"}],"curies":[{"name":"wp","href":"https:\/\/api.w.org\/{rel}","templated":true}]}}