{"id":55,"date":"2022-10-09T07:45:27","date_gmt":"2022-10-09T07:45:27","guid":{"rendered":"https:\/\/blogsaverroes.juntadeandalucia.es\/eoeetgccadiz\/?page_id=55"},"modified":"2025-09-24T15:29:28","modified_gmt":"2025-09-24T15:29:28","slug":"quienes-somos","status":"publish","type":"page","link":"https:\/\/blogsaverroes.juntadeandalucia.es\/eoeetgccadiz\/quienes-somos\/","title":{"rendered":"\u00bf QUI\u00c9NES SOMOS?"},"content":{"rendered":"<p>&nbsp;<\/p>\n<p><strong>EQUIPO ESPECIALIZADO EN TGC\/TDAH<\/strong><\/p>\n<p><a href=\"mailto:tgc.cadiz.ced@juntadeandalucia.es\"><span style=\"font-weight: 400\">tgc.cadiz.ced@juntadeandalucia.es<\/span><\/a><\/p>\n<p><strong>ORIENTADORAS:&nbsp;<\/strong><\/p>\n<p><strong>Zoe Arcanio Jadra<\/strong><\/p>\n<p>Tel\u00e9fono: 600169072<\/p>\n<p>mzoe.arcanio.jadra@juntadeandalucia.es \/ marcjad115@g.educaand.es<\/p>\n<p><strong>Andrea Trujillo Garcia<\/strong><\/p>\n<p>Tel\u00e9fono: 659494189<\/p>\n<p>andrea.trujillo.edu@juntadeandalucia.es<\/p>\n<p><strong>MAESTRAS ESPECIALISTAS EN TGC\/TDAH<\/strong><\/p>\n<p><b>Mar\u00eda Solano Lobat\u00f3n<\/b><\/p>\n<p><span style=\"font-weight: 400\">Tel\u00e9fono: 609019360<\/span><\/p>\n<p><a href=\"mailto:maria.solano.lobaton.edu@juntadeandalucia.es\"><span style=\"font-weight: 400\">maria.solano.lobaton.edu@juntadeandalucia.es<\/span><\/a><\/p>\n<p><b>Ana Rodr\u00edguez Chamorro<\/b><\/p>\n<p><span style=\"font-weight: 400\">Tel\u00e9fono: 618052490<\/span><\/p>\n<p><a href=\"mailto:ana.r.chamorro.edu@juntadeandalucia.es\"><span style=\"font-weight: 400\">ana.r.chamorro.edu@juntadeandalucia.es<\/span><\/a><\/p>\n","protected":false},"excerpt":{"rendered":"<p>&nbsp; EQUIPO ESPECIALIZADO EN TGC\/TDAH tgc.cadiz.ced@juntadeandalucia.es ORIENTADORAS:&nbsp; Zoe Arcanio Jadra Tel\u00e9fono: 600169072 mzoe.arcanio.jadra@juntadeandalucia.es \/ marcjad115@g.educaand.es Andrea Trujillo Garcia Tel\u00e9fono: 659494189 andrea.trujillo.edu@juntadeandalucia.es MAESTRAS ESPECIALISTAS EN TGC\/TDAH Mar\u00eda Solano Lobat\u00f3n Tel\u00e9fono: 609019360 maria.solano.lobaton.edu@juntadeandalucia.es Ana Rodr\u00edguez Chamorro Tel\u00e9fono: 618052490 ana.r.chamorro.edu@juntadeandalucia.es<\/p>\n","protected":false},"author":15598,"featured_media":0,"parent":0,"menu_order":0,"comment_status":"closed","ping_status":"closed","template":"","meta":{"ngg_post_thumbnail":0,"footnotes":""},"aioseo_notices":[],"_links":{"self":[{"href":"https:\/\/blogsaverroes.juntadeandalucia.es\/eoeetgccadiz\/wp-json\/wp\/v2\/pages\/55"}],"collection":[{"href":"https:\/\/blogsaverroes.juntadeandalucia.es\/eoeetgccadiz\/wp-json\/wp\/v2\/pages"}],"about":[{"href":"https:\/\/blogsaverroes.juntadeandalucia.es\/eoeetgccadiz\/wp-json\/wp\/v2\/types\/page"}],"author":[{"embeddable":true,"href":"https:\/\/blogsaverroes.juntadeandalucia.es\/eoeetgccadiz\/wp-json\/wp\/v2\/users\/15598"}],"replies":[{"embeddable":true,"href":"https:\/\/blogsaverroes.juntadeandalucia.es\/eoeetgccadiz\/wp-json\/wp\/v2\/comments?post=55"}],"version-history":[{"count":8,"href":"https:\/\/blogsaverroes.juntadeandalucia.es\/eoeetgccadiz\/wp-json\/wp\/v2\/pages\/55\/revisions"}],"predecessor-version":[{"id":810,"href":"https:\/\/blogsaverroes.juntadeandalucia.es\/eoeetgccadiz\/wp-json\/wp\/v2\/pages\/55\/revisions\/810"}],"wp:attachment":[{"href":"https:\/\/blogsaverroes.juntadeandalucia.es\/eoeetgccadiz\/wp-json\/wp\/v2\/media?parent=55"}],"curies":[{"name":"wp","href":"https:\/\/api.w.org\/{rel}","templated":true}]}}