{"id":58,"date":"2022-10-09T07:45:54","date_gmt":"2022-10-09T07:45:54","guid":{"rendered":"https:\/\/blogsaverroes.juntadeandalucia.es\/eoeetgccadiz\/?page_id=58"},"modified":"2023-04-09T16:03:31","modified_gmt":"2023-04-09T16:03:31","slug":"como-solicitar-nuestra-ayuda","status":"publish","type":"page","link":"https:\/\/blogsaverroes.juntadeandalucia.es\/eoeetgccadiz\/como-solicitar-nuestra-ayuda\/","title":{"rendered":"COMO SOLICITAR NUESTRA AYUDA"},"content":{"rendered":"<p>Seg\u00fan las Instrucciones del 8 de marzo: El EOE Especializado podr\u00e1 colaborar en el proceso de evaluaci\u00f3n psicopedag\u00f3gica, en la elaboraci\u00f3n del dictamen de escolarizaci\u00f3n y en cualquier otra cuesti\u00f3n en la que se requiera asesoramiento especializado. La colaboraci\u00f3n de&nbsp; dicho equipo se desarrollar\u00e1 seg\u00fan lo dispuesto en las Instrucciones de 28 de junio de 2007, de la Direcci\u00f3n General Participaci\u00f3n y Solidaridad en la Educaci\u00f3n por las que se regulan determinados aspectos sobre la organizaci\u00f3n y el<br \/>\nfuncionamiento de los equipos de orientaci\u00f3n educativa especializados.<\/p>\n<p>La solicitud se realizar\u00e1 v\u00eda S\u00e9neca. Aqu\u00ed ten\u00e9is el manual para solicitar colaboraci\u00f3n:&nbsp;<\/p>\n<p><a href=\"https:\/\/padlet.com\/juanmamaestroal\/muro-digital-eoe-especializado-c-diz-in6x5ux3apljhkt5\/wish\/1198273969\">MANUAL PARA SOLICITAR LA SOLICITUD A ESTE EOE.E DESDE S\u00c9NECA<\/a><\/p>\n<p>OS DEJAMOS TAMBI\u00c9N LOS PASOS PREVIOS PARA SOLICITAR NUESTRA AYUDA:<\/p>\n<p><img loading=\"lazy\" decoding=\"async\" class=\"alignnone size-medium wp-image-203\" src=\"https:\/\/blogsaverroes.juntadeandalucia.es\/eoeetgccadiz\/files\/2023\/04\/2-300x300.png\" alt=\"\" width=\"300\" height=\"300\" srcset=\"https:\/\/blogsaverroes.juntadeandalucia.es\/eoeetgccadiz\/files\/2023\/04\/2-300x300.png 300w, https:\/\/blogsaverroes.juntadeandalucia.es\/eoeetgccadiz\/files\/2023\/04\/2-1024x1024.png 1024w, https:\/\/blogsaverroes.juntadeandalucia.es\/eoeetgccadiz\/files\/2023\/04\/2-150x150.png 150w, https:\/\/blogsaverroes.juntadeandalucia.es\/eoeetgccadiz\/files\/2023\/04\/2-768x768.png 768w, https:\/\/blogsaverroes.juntadeandalucia.es\/eoeetgccadiz\/files\/2023\/04\/2-100x100.png 100w, https:\/\/blogsaverroes.juntadeandalucia.es\/eoeetgccadiz\/files\/2023\/04\/2.png 1080w\" sizes=\"(max-width: 300px) 100vw, 300px\" \/><\/p>\n","protected":false},"excerpt":{"rendered":"<p>Seg\u00fan las Instrucciones del 8 de marzo: El EOE Especializado podr\u00e1 colaborar en el proceso de evaluaci\u00f3n psicopedag\u00f3gica, en la elaboraci\u00f3n del dictamen de escolarizaci\u00f3n y en cualquier otra cuesti\u00f3n en la que se requiera asesoramiento especializado. La colaboraci\u00f3n de&nbsp; dicho equipo se desarrollar\u00e1 seg\u00fan lo dispuesto en las Instrucciones de 28 de junio de &hellip; <\/p>\n<p class=\"link-more\"><a href=\"https:\/\/blogsaverroes.juntadeandalucia.es\/eoeetgccadiz\/como-solicitar-nuestra-ayuda\/\" class=\"more-link\">Continuar leyendo<span class=\"screen-reader-text\"> \u00abCOMO SOLICITAR NUESTRA AYUDA\u00bb<\/span><\/a><\/p>\n","protected":false},"author":15598,"featured_media":0,"parent":0,"menu_order":0,"comment_status":"closed","ping_status":"closed","template":"","meta":{"ngg_post_thumbnail":0,"footnotes":""},"aioseo_notices":[],"_links":{"self":[{"href":"https:\/\/blogsaverroes.juntadeandalucia.es\/eoeetgccadiz\/wp-json\/wp\/v2\/pages\/58"}],"collection":[{"href":"https:\/\/blogsaverroes.juntadeandalucia.es\/eoeetgccadiz\/wp-json\/wp\/v2\/pages"}],"about":[{"href":"https:\/\/blogsaverroes.juntadeandalucia.es\/eoeetgccadiz\/wp-json\/wp\/v2\/types\/page"}],"author":[{"embeddable":true,"href":"https:\/\/blogsaverroes.juntadeandalucia.es\/eoeetgccadiz\/wp-json\/wp\/v2\/users\/15598"}],"replies":[{"embeddable":true,"href":"https:\/\/blogsaverroes.juntadeandalucia.es\/eoeetgccadiz\/wp-json\/wp\/v2\/comments?post=58"}],"version-history":[{"count":6,"href":"https:\/\/blogsaverroes.juntadeandalucia.es\/eoeetgccadiz\/wp-json\/wp\/v2\/pages\/58\/revisions"}],"predecessor-version":[{"id":206,"href":"https:\/\/blogsaverroes.juntadeandalucia.es\/eoeetgccadiz\/wp-json\/wp\/v2\/pages\/58\/revisions\/206"}],"wp:attachment":[{"href":"https:\/\/blogsaverroes.juntadeandalucia.es\/eoeetgccadiz\/wp-json\/wp\/v2\/media?parent=58"}],"curies":[{"name":"wp","href":"https:\/\/api.w.org\/{rel}","templated":true}]}}