{"id":681,"date":"2024-11-18T12:47:53","date_gmt":"2024-11-18T12:47:53","guid":{"rendered":"https:\/\/blogsaverroes.juntadeandalucia.es\/eoeetgccadiz\/?page_id=681"},"modified":"2024-11-18T12:47:53","modified_gmt":"2024-11-18T12:47:53","slug":"cartas-dixiet","status":"publish","type":"page","link":"https:\/\/blogsaverroes.juntadeandalucia.es\/eoeetgccadiz\/cartas-dixiet\/","title":{"rendered":"CARTAS DIXIET"},"content":{"rendered":"<div class=\"flex-1 overflow-hidden\">\n<div class=\"h-full\">\n<div class=\"react-scroll-to-bottom--css-uueyo-79elbk h-full\">\n<div class=\"react-scroll-to-bottom--css-uueyo-1n7m0yu\">\n<div class=\"flex flex-col text-sm md:pb-9\">\n<article class=\"w-full scroll-mb-[var(--thread-trailing-height,150px)] text-token-text-primary focus-visible:outline-2 focus-visible:outline-offset-[-4px]\" dir=\"auto\" data-testid=\"conversation-turn-3\" data-scroll-anchor=\"true\">\n<div class=\"m-auto text-base py-[18px] px-3 md:px-4 w-full md:px-5 lg:px-4 xl:px-5\">\n<div class=\"mx-auto flex flex-1 gap-4 text-base md:gap-5 lg:gap-6 md:max-w-3xl lg:max-w-[40rem] xl:max-w-[48rem]\">\n<div class=\"group\/conversation-turn relative flex w-full min-w-0 flex-col agent-turn\">\n<div class=\"flex-col gap-1 md:gap-3\">\n<div class=\"flex max-w-full flex-col flex-grow\">\n<div class=\"min-h-8 text-message flex w-full flex-col items-end gap-2 whitespace-normal break-words [.text-message+&amp;]:mt-5\" dir=\"auto\" data-message-author-role=\"assistant\" data-message-id=\"a3a725ab-647d-43ec-9288-07227c8ea6e4\" data-message-model-slug=\"gpt-4o\">\n<div class=\"flex w-full flex-col gap-1 empty:hidden first:pt-[3px]\">\n<div class=\"markdown prose w-full break-words dark:prose-invert light\">\n<p><img loading=\"lazy\" decoding=\"async\" class=\"alignnone size-medium wp-image-682\" src=\"https:\/\/blogsaverroes.juntadeandalucia.es\/eoeetgccadiz\/files\/2024\/11\/CARTAS-DIXIET-CAJA-169x300.jpeg\" alt=\"\" width=\"169\" height=\"300\" srcset=\"https:\/\/blogsaverroes.juntadeandalucia.es\/eoeetgccadiz\/files\/2024\/11\/CARTAS-DIXIET-CAJA-169x300.jpeg 169w, https:\/\/blogsaverroes.juntadeandalucia.es\/eoeetgccadiz\/files\/2024\/11\/CARTAS-DIXIET-CAJA-577x1024.jpeg 577w, https:\/\/blogsaverroes.juntadeandalucia.es\/eoeetgccadiz\/files\/2024\/11\/CARTAS-DIXIET-CAJA-768x1364.jpeg 768w, https:\/\/blogsaverroes.juntadeandalucia.es\/eoeetgccadiz\/files\/2024\/11\/CARTAS-DIXIET-CAJA-865x1536.jpeg 865w, https:\/\/blogsaverroes.juntadeandalucia.es\/eoeetgccadiz\/files\/2024\/11\/CARTAS-DIXIET-CAJA.jpeg 1126w\" sizes=\"(max-width: 169px) 100vw, 169px\" \/><\/p>\n<p>Las cartas Dixit son una herramienta extraordinariamente vers\u00e1til en el \u00e1mbito terap\u00e9utico y educativo. Su dise\u00f1o, lleno de im\u00e1genes abstractas y evocadoras, facilita la proyecci\u00f3n, un mecanismo a trav\u00e9s del cual las personas pueden expresar emociones, pensamientos y conflictos internos de manera indirecta y simb\u00f3lica.<\/p>\n<h3>Aplicaciones&nbsp; Educativas:<\/h3>\n<ol>\n<li><strong>Exploraci\u00f3n Emocional:<\/strong> Las im\u00e1genes permiten a ni\u00f1os, adolescentes y adultos verbalizar emociones y pensamientos que podr\u00edan ser dif\u00edciles de expresar directamente.<\/li>\n<li><strong>Fortalecimiento de la Comunicaci\u00f3n:<\/strong> Son un excelente canal para fomentar el di\u00e1logo.<\/li>\n<li><strong>Fomento de la Creatividad:<\/strong> Al carecer de una interpretaci\u00f3n \u00fanica, las cartas estimulan la imaginaci\u00f3n y permiten enfoques personalizados en cada sesi\u00f3n.<\/li>\n<li><strong>Resoluci\u00f3n de Conflictos:<\/strong> En contextos educativos o familiares, las cartas pueden ayudar a trabajar conflictos interpersonales, facilitando la empat\u00eda y el entendimiento mutuo.<\/li>\n<li><strong>Construcci\u00f3n de Narrativas:<\/strong> Ideales para trabajar la autobiograf\u00eda emocional y la identificaci\u00f3n de patrones de pensamiento o conducta.<\/li>\n<\/ol>\n<h3>Metodolog\u00eda de Uso:<\/h3>\n<ul>\n<li><strong>Libre Asociaci\u00f3n:<\/strong> Se pide a la persona que escoja siete cartas que representen c\u00f3mo se siente, lo que piensa o un recuerdo espec\u00edfico.<\/li>\n<li><strong>Interpretaci\u00f3n Guiada:<\/strong> El terapeuta utiliza preguntas abiertas para explorar lo que las cartas evocan en el ni\u00f1@ y adolescente, ayudando a identificar temas subyacentes.<\/li>\n<li>Se ayuda a conectar los temas con las <strong>emociones.<\/strong><\/li>\n<li>Se cierra con <strong>cartas que pongan soluci\u00f3n o acciones para lo presentado<\/strong> en las anteriores.<\/li>\n<\/ul>\n<p>El potencial de las cartas Dixit reside en su capacidad para conectar con el inconsciente, haciendo accesibles procesos internos de manera segura y no invasiva.&nbsp;<\/p>\n<p>Ideas para las preguntas:<\/p>\n<p>&nbsp;<\/p>\n<p class=\"cvGsUA direction-ltr align-start para-style-body\"><span class=\"OYPEnA font-feature-liga-off font-feature-clig-off font-feature-calt-off text-decoration-none text-strikethrough-none\">\u00bfHAY ALG\u00daN ORDEN ?<\/span><\/p>\n<p class=\"cvGsUA direction-ltr align-start para-style-body\"><span class=\"OYPEnA font-feature-liga-off font-feature-clig-off font-feature-calt-off text-decoration-none text-strikethrough-none\">\u00bfPUEDES EXPLICARME ALGUNA CARTA?<\/span><\/p>\n<p class=\"cvGsUA direction-ltr align-start para-style-body\"><span class=\"OYPEnA font-feature-liga-off font-feature-clig-off font-feature-calt-off text-decoration-none text-strikethrough-none\">\u00bf PUEDES PONERLE UN T\u00cdTULO?<\/span><\/p>\n<p class=\"cvGsUA direction-ltr align-start para-style-body\"><span class=\"OYPEnA font-feature-liga-off font-feature-clig-off font-feature-calt-off text-decoration-none text-strikethrough-none\">\u00bfESE NI\u00d1O\/A DE LA CARTA COMO EST\u00c1?<\/span><\/p>\n<p class=\"cvGsUA direction-ltr align-start para-style-body\"><span class=\"OYPEnA font-feature-liga-off font-feature-clig-off font-feature-calt-off text-decoration-none text-strikethrough-none\">\u00bf C\u00d3MO TE SIENTES CON ESTA CARTA?<\/span><\/p>\n<p class=\"cvGsUA direction-ltr align-start para-style-body\"><span class=\"OYPEnA font-feature-liga-off font-feature-clig-off font-feature-calt-off text-decoration-none text-strikethrough-none\">SI DESCRIBE LA SENSACI\u00d3N, PONERLE N\u00daMERO DEL 0 AL 10 A LA SENSACI\u00d3N&#8230;<\/span><\/p>\n<p>&nbsp;<\/p>\n<p>&nbsp;<\/p>\n<\/div>\n<\/div>\n<\/div>\n<\/div>\n<div class=\"mb-2 flex gap-3 empty:hidden -ml-2\">\n<div class=\"items-center justify-start rounded-xl p-1 flex\">\n<div class=\"flex items-center\">&nbsp;<\/div>\n<\/div>\n<\/div>\n<div class=\"pr-2 lg:pr-0\">&nbsp;<\/div>\n<div class=\"mt-3 w-full empty:hidden\">\n<div class=\"text-center\">&nbsp;<\/div>\n<\/div>\n<\/div>\n<div class=\"absolute\">\n<div class=\"flex items-center justify-center\">&nbsp;<\/div>\n<\/div>\n<\/div>\n<\/div>\n<\/div>\n<\/article>\n<\/div>\n<\/div>\n<\/div>\n<\/div>\n<\/div>\n<div class=\"md:pt-0 dark:border-white\/20 md:border-transparent md:dark:border-transparent w-full\">\n<div>\n<div class=\"m-auto text-base px-3 md:px-4 w-full md:px-5 lg:px-4 xl:px-5\">\n<div class=\"mx-auto flex flex-1 gap-4 text-base md:gap-5 lg:gap-6 md:max-w-3xl lg:max-w-[40rem] xl:max-w-[48rem]\">\n<div class=\"flex justify-center\">&nbsp;<\/div>\n<div class=\"relative flex h-full max-w-full flex-1 flex-col\">\n<div class=\"absolute bottom-full left-0 right-0 z-20\">&nbsp;<\/div>\n<div class=\"relative h-0\">\n<div class=\"absolute bottom-3 space-y-2 z-20\">&nbsp;<\/div>\n<\/div>\n<div class=\"group relative flex w-full items-center\">\n<div id=\"composer-background\" class=\"flex w-full flex-col transition-colors contain-inline-size cursor-text rounded-3xl px-2.5 py-1 bg-[#f4f4f4] dark:bg-token-main-surface-secondary\">\n<div class=\"flex min-h-[44px] items-center px-2\">\n<div class=\"max-w-full flex-1\">&nbsp;<\/div>\n<\/div>\n<div class=\"flex h-[44px] items-center justify-between\">\n<div class=\"flex gap-x-1\">\n<div class=\"relative\">\n<div class=\"relative\">\n<div class=\"flex flex-col\">&nbsp;<\/div>\n<\/div>\n<\/div>\n<div>&nbsp;<\/div>\n<\/div>\n<div class=\"min-w-8\">&nbsp;<\/div>\n<\/div>\n<\/div>\n<\/div>\n<\/div>\n<\/div>\n<\/div>\n<div class=\"relative w-full px-2 py-2 text-center text-xs text-token-text-secondary empty:hidden md:px-[60px]\">\n<div class=\"min-h-4\">\n<div>&nbsp;<\/div>\n<\/div>\n<\/div>\n<\/div>\n<\/div>\n","protected":false},"excerpt":{"rendered":"<p>Las cartas Dixit son una herramienta extraordinariamente vers\u00e1til en el \u00e1mbito terap\u00e9utico y educativo. Su dise\u00f1o, lleno de im\u00e1genes abstractas y evocadoras, facilita la proyecci\u00f3n, un mecanismo a trav\u00e9s del cual las personas pueden expresar emociones, pensamientos y conflictos internos de manera indirecta y simb\u00f3lica. Aplicaciones&nbsp; Educativas: Exploraci\u00f3n Emocional: Las im\u00e1genes permiten a ni\u00f1os, adolescentes &hellip; <\/p>\n<p class=\"link-more\"><a href=\"https:\/\/blogsaverroes.juntadeandalucia.es\/eoeetgccadiz\/cartas-dixiet\/\" class=\"more-link\">Continuar leyendo<span class=\"screen-reader-text\"> \u00abCARTAS DIXIET\u00bb<\/span><\/a><\/p>\n","protected":false},"author":15598,"featured_media":0,"parent":0,"menu_order":0,"comment_status":"closed","ping_status":"closed","template":"","meta":{"ngg_post_thumbnail":0,"footnotes":""},"aioseo_notices":[],"_links":{"self":[{"href":"https:\/\/blogsaverroes.juntadeandalucia.es\/eoeetgccadiz\/wp-json\/wp\/v2\/pages\/681"}],"collection":[{"href":"https:\/\/blogsaverroes.juntadeandalucia.es\/eoeetgccadiz\/wp-json\/wp\/v2\/pages"}],"about":[{"href":"https:\/\/blogsaverroes.juntadeandalucia.es\/eoeetgccadiz\/wp-json\/wp\/v2\/types\/page"}],"author":[{"embeddable":true,"href":"https:\/\/blogsaverroes.juntadeandalucia.es\/eoeetgccadiz\/wp-json\/wp\/v2\/users\/15598"}],"replies":[{"embeddable":true,"href":"https:\/\/blogsaverroes.juntadeandalucia.es\/eoeetgccadiz\/wp-json\/wp\/v2\/comments?post=681"}],"version-history":[{"count":1,"href":"https:\/\/blogsaverroes.juntadeandalucia.es\/eoeetgccadiz\/wp-json\/wp\/v2\/pages\/681\/revisions"}],"predecessor-version":[{"id":684,"href":"https:\/\/blogsaverroes.juntadeandalucia.es\/eoeetgccadiz\/wp-json\/wp\/v2\/pages\/681\/revisions\/684"}],"wp:attachment":[{"href":"https:\/\/blogsaverroes.juntadeandalucia.es\/eoeetgccadiz\/wp-json\/wp\/v2\/media?parent=681"}],"curies":[{"name":"wp","href":"https:\/\/api.w.org\/{rel}","templated":true}]}}