{"id":784,"date":"2025-06-18T11:20:49","date_gmt":"2025-06-18T11:20:49","guid":{"rendered":"https:\/\/blogsaverroes.juntadeandalucia.es\/eoeetgccadiz\/?page_id=784"},"modified":"2025-06-18T11:23:18","modified_gmt":"2025-06-18T11:23:18","slug":"la-tecnica-de-la-caja-de-arena","status":"publish","type":"page","link":"https:\/\/blogsaverroes.juntadeandalucia.es\/eoeetgccadiz\/la-tecnica-de-la-caja-de-arena\/","title":{"rendered":"LA T\u00c9CNICA DE LA CAJA DE ARENA"},"content":{"rendered":"<p>&nbsp;<\/p>\n<p>Hay vivencias y emociones que no se pueden poner en palabras. Hay contenidos mentales que est\u00e1n en el \u00e1mbito de lo sensorial. Y hay sucesos o acontecimientos que las palabras no pueden decir sin herir o retraumatizar a las personas nuevamente (como los relatos de malos tratos, abandonos<br \/>\ny otro tipo de sucesos traum\u00e1ticos muy dolorosos emocionalmente). Para todos estos aspectos y para otros muchos m\u00e1s es una t\u00e9cnica adecuada.<br \/>\nLa t\u00e9cnica ofrece a los ni\u00f1os traumatizados por los malos tratos o por la violencia (o que padecen otro tipo de problemas emocionales) la posibilidad de desarrollar sentimientos de control porque puede golpear, por ejemplo, a un s\u00edmbolo representado con mu\u00f1ecos que le hizo da\u00f1o en su vida real.<\/p>\n<p><em><strong>Premisas<\/strong><\/em><br \/>\nQue las figuras est\u00e9n colocadas de manera ordenada y arm\u00f3nica en los estantes o vitrina es un elemento de atracci\u00f3n ..<br \/>\nUna caja llena de arena hasta la mitad o dos tercios con estas dimensiones : 50 cm x 72 cm x 8 cm de profundidad.<br \/>\nEl proceso de construcci\u00f3n de la caja se hace en silencio, para no interrumpir el pensamiento del ni\u00f1o y cuando el alumno est\u00e1 realizando la caja no se mete la mano en la caja.<br \/>\nEl ni\u00f1o debe poder caminar alrededor de la caja por lo que se coloca en una mesa que tenga espacio a su alrededor.<br \/>\nEstructurar en tiempo , espacio y normas visualmente.<br \/>\nNo se hace una interpretaci\u00f3n sino una exploraci\u00f3n conjunta del mundo creado en base a unas preguntas gu\u00eda que lo faciliten.<br \/>\nEres un facilitador pero no un terapeuta y por lo tanto no se interpreta delante del alumno .<\/p>\n<p><em><strong>Categor\u00edas de figuras<\/strong><\/em><br \/>\nLas principales categor\u00edas en las que podemos agrupar las miniaturas son las siguientes (Personas: La familia, profesiones (polic\u00eda, bombero, m\u00e9dico, enfermero,militar, profesor, cocinero, mec\u00e1nico, inform\u00e1tico\u2026) ni\u00f1os, adolescentes,adultos, beb\u00e9s, novios\u2026 Hay que tenerlos de distintas razas.<br \/>\nAnimales: Dom\u00e9sticos, salvajes, prehist\u00f3ricos, de granja, insectos, tiburones,ballenas, delfines, peces, animales marinos diversos\u2026 La serpiente es un animal a no olvidar (se puede usar para representar el abuso sexual).<br \/>\nVegetaci\u00f3n: \u00c1rboles de distintos tipos, plantas, c\u00e9sped, flores\u2026<br \/>\nConstrucciones y viviendas: Casas, colegios, edificios, castillos, rascacielos,caser\u00edos, tiendas de campa\u00f1a, casas abandonadas y rotas, c\u00e1rcel, un fuerte, ladrillos, muros, puentes, pozo..<\/p>\n<p><em><strong>Instrucci\u00f3n<\/strong><\/em> : \u00abcoge las figuras que quieras y construye un mundo dentro de esta caja . Nada est\u00e1 mal o bien y yo solo voy a estar en silencio acompa\u00f1andote . Cuando termines me avisas y si quieres me cuentas que has hecho.\u00bb<\/p>\n<p><img loading=\"lazy\" decoding=\"async\" class=\"alignnone size-medium wp-image-785\" src=\"https:\/\/blogsaverroes.juntadeandalucia.es\/eoeetgccadiz\/files\/2025\/06\/balda-de-caja-de-arena-300x169.jpeg\" alt=\"\" width=\"300\" height=\"169\" srcset=\"https:\/\/blogsaverroes.juntadeandalucia.es\/eoeetgccadiz\/files\/2025\/06\/balda-de-caja-de-arena-300x169.jpeg 300w, https:\/\/blogsaverroes.juntadeandalucia.es\/eoeetgccadiz\/files\/2025\/06\/balda-de-caja-de-arena-1024x577.jpeg 1024w, https:\/\/blogsaverroes.juntadeandalucia.es\/eoeetgccadiz\/files\/2025\/06\/balda-de-caja-de-arena-768x432.jpeg 768w, https:\/\/blogsaverroes.juntadeandalucia.es\/eoeetgccadiz\/files\/2025\/06\/balda-de-caja-de-arena-1536x865.jpeg 1536w, https:\/\/blogsaverroes.juntadeandalucia.es\/eoeetgccadiz\/files\/2025\/06\/balda-de-caja-de-arena.jpeg 2000w\" sizes=\"(max-width: 300px) 100vw, 300px\" \/><img loading=\"lazy\" decoding=\"async\" class=\"alignnone size-medium wp-image-787\" style=\"font-size: 1rem\" src=\"https:\/\/blogsaverroes.juntadeandalucia.es\/eoeetgccadiz\/files\/2025\/06\/caja-de-arena-sin-elementos-300x300.png\" alt=\"\" width=\"300\" height=\"300\" srcset=\"https:\/\/blogsaverroes.juntadeandalucia.es\/eoeetgccadiz\/files\/2025\/06\/caja-de-arena-sin-elementos-300x300.png 300w, https:\/\/blogsaverroes.juntadeandalucia.es\/eoeetgccadiz\/files\/2025\/06\/caja-de-arena-sin-elementos-150x150.png 150w, https:\/\/blogsaverroes.juntadeandalucia.es\/eoeetgccadiz\/files\/2025\/06\/caja-de-arena-sin-elementos-768x768.png 768w, https:\/\/blogsaverroes.juntadeandalucia.es\/eoeetgccadiz\/files\/2025\/06\/caja-de-arena-sin-elementos-100x100.png 100w, https:\/\/blogsaverroes.juntadeandalucia.es\/eoeetgccadiz\/files\/2025\/06\/caja-de-arena-sin-elementos.png 1024w\" sizes=\"(max-width: 300px) 100vw, 300px\" \/><img loading=\"lazy\" decoding=\"async\" class=\"alignnone size-medium wp-image-786\" style=\"font-size: 1rem\" src=\"https:\/\/blogsaverroes.juntadeandalucia.es\/eoeetgccadiz\/files\/2025\/06\/caja-de-arena-con-pocos-elementos-300x200.png\" alt=\"\" width=\"300\" height=\"200\" srcset=\"https:\/\/blogsaverroes.juntadeandalucia.es\/eoeetgccadiz\/files\/2025\/06\/caja-de-arena-con-pocos-elementos-300x200.png 300w, https:\/\/blogsaverroes.juntadeandalucia.es\/eoeetgccadiz\/files\/2025\/06\/caja-de-arena-con-pocos-elementos-1024x683.png 1024w, https:\/\/blogsaverroes.juntadeandalucia.es\/eoeetgccadiz\/files\/2025\/06\/caja-de-arena-con-pocos-elementos-768x512.png 768w, https:\/\/blogsaverroes.juntadeandalucia.es\/eoeetgccadiz\/files\/2025\/06\/caja-de-arena-con-pocos-elementos.png 1536w\" sizes=\"(max-width: 300px) 100vw, 300px\" \/> <span style=\"font-size: 1rem\">&nbsp;<\/span><img loading=\"lazy\" decoding=\"async\" class=\"alignnone size-medium wp-image-788\" style=\"font-size: 1rem\" src=\"https:\/\/blogsaverroes.juntadeandalucia.es\/eoeetgccadiz\/files\/2025\/06\/caja-de-arena-con-elementos-2-300x169.jpeg\" alt=\"\" width=\"300\" height=\"169\" srcset=\"https:\/\/blogsaverroes.juntadeandalucia.es\/eoeetgccadiz\/files\/2025\/06\/caja-de-arena-con-elementos-2-300x169.jpeg 300w, https:\/\/blogsaverroes.juntadeandalucia.es\/eoeetgccadiz\/files\/2025\/06\/caja-de-arena-con-elementos-2-1024x577.jpeg 1024w, https:\/\/blogsaverroes.juntadeandalucia.es\/eoeetgccadiz\/files\/2025\/06\/caja-de-arena-con-elementos-2-768x432.jpeg 768w, https:\/\/blogsaverroes.juntadeandalucia.es\/eoeetgccadiz\/files\/2025\/06\/caja-de-arena-con-elementos-2-1536x865.jpeg 1536w, https:\/\/blogsaverroes.juntadeandalucia.es\/eoeetgccadiz\/files\/2025\/06\/caja-de-arena-con-elementos-2.jpeg 2000w\" sizes=\"(max-width: 300px) 100vw, 300px\" \/> <img loading=\"lazy\" decoding=\"async\" class=\"alignnone size-medium wp-image-789\" style=\"font-size: 1rem\" src=\"https:\/\/blogsaverroes.juntadeandalucia.es\/eoeetgccadiz\/files\/2025\/06\/caja-de-arena-con-elementos-3-300x169.jpeg\" alt=\"\" width=\"300\" height=\"169\" srcset=\"https:\/\/blogsaverroes.juntadeandalucia.es\/eoeetgccadiz\/files\/2025\/06\/caja-de-arena-con-elementos-3-300x169.jpeg 300w, https:\/\/blogsaverroes.juntadeandalucia.es\/eoeetgccadiz\/files\/2025\/06\/caja-de-arena-con-elementos-3-1024x577.jpeg 1024w, https:\/\/blogsaverroes.juntadeandalucia.es\/eoeetgccadiz\/files\/2025\/06\/caja-de-arena-con-elementos-3-768x432.jpeg 768w, https:\/\/blogsaverroes.juntadeandalucia.es\/eoeetgccadiz\/files\/2025\/06\/caja-de-arena-con-elementos-3-1536x865.jpeg 1536w, https:\/\/blogsaverroes.juntadeandalucia.es\/eoeetgccadiz\/files\/2025\/06\/caja-de-arena-con-elementos-3.jpeg 2000w\" sizes=\"(max-width: 300px) 100vw, 300px\" \/><\/p>\n","protected":false},"excerpt":{"rendered":"<p>&nbsp; Hay vivencias y emociones que no se pueden poner en palabras. Hay contenidos mentales que est\u00e1n en el \u00e1mbito de lo sensorial. Y hay sucesos o acontecimientos que las palabras no pueden decir sin herir o retraumatizar a las personas nuevamente (como los relatos de malos tratos, abandonos y otro tipo de sucesos traum\u00e1ticos &hellip; <\/p>\n<p class=\"link-more\"><a href=\"https:\/\/blogsaverroes.juntadeandalucia.es\/eoeetgccadiz\/la-tecnica-de-la-caja-de-arena\/\" class=\"more-link\">Continuar leyendo<span class=\"screen-reader-text\"> \u00abLA T\u00c9CNICA DE LA CAJA DE ARENA\u00bb<\/span><\/a><\/p>\n","protected":false},"author":15598,"featured_media":0,"parent":0,"menu_order":0,"comment_status":"closed","ping_status":"closed","template":"","meta":{"ngg_post_thumbnail":0,"footnotes":""},"aioseo_notices":[],"_links":{"self":[{"href":"https:\/\/blogsaverroes.juntadeandalucia.es\/eoeetgccadiz\/wp-json\/wp\/v2\/pages\/784"}],"collection":[{"href":"https:\/\/blogsaverroes.juntadeandalucia.es\/eoeetgccadiz\/wp-json\/wp\/v2\/pages"}],"about":[{"href":"https:\/\/blogsaverroes.juntadeandalucia.es\/eoeetgccadiz\/wp-json\/wp\/v2\/types\/page"}],"author":[{"embeddable":true,"href":"https:\/\/blogsaverroes.juntadeandalucia.es\/eoeetgccadiz\/wp-json\/wp\/v2\/users\/15598"}],"replies":[{"embeddable":true,"href":"https:\/\/blogsaverroes.juntadeandalucia.es\/eoeetgccadiz\/wp-json\/wp\/v2\/comments?post=784"}],"version-history":[{"count":3,"href":"https:\/\/blogsaverroes.juntadeandalucia.es\/eoeetgccadiz\/wp-json\/wp\/v2\/pages\/784\/revisions"}],"predecessor-version":[{"id":793,"href":"https:\/\/blogsaverroes.juntadeandalucia.es\/eoeetgccadiz\/wp-json\/wp\/v2\/pages\/784\/revisions\/793"}],"wp:attachment":[{"href":"https:\/\/blogsaverroes.juntadeandalucia.es\/eoeetgccadiz\/wp-json\/wp\/v2\/media?parent=784"}],"curies":[{"name":"wp","href":"https:\/\/api.w.org\/{rel}","templated":true}]}}