{"id":54,"date":"2025-04-25T11:13:47","date_gmt":"2025-04-25T11:13:47","guid":{"rendered":"https:\/\/blogsaverroes.juntadeandalucia.es\/eoeevisualcadiz\/?page_id=54"},"modified":"2025-05-23T09:52:16","modified_gmt":"2025-05-23T09:52:16","slug":"protocolo-de-derivacion","status":"publish","type":"page","link":"https:\/\/blogsaverroes.juntadeandalucia.es\/eoeevisualcadiz\/protocolo-de-derivacion\/","title":{"rendered":"PROTOCOLO DE DERIVACI\u00d3N"},"content":{"rendered":"<p>La detecci\u00f3n de un alumno con problemas visuales graves puede ser<br \/>\nrealizada por cualquier profesional del sistema educativo (Tutor,<br \/>\nmaestro, profesor, orientador, PT, EAL&#8230;).<br \/>\nEl orientador del centro educativo:<br \/>\n\u25fc Recoger\u00e1, (junto con la persona que realiz\u00f3 la detecci\u00f3n) la<br \/>\ninformaci\u00f3n para rellenar el documento de solicitud de<br \/>\nintervenci\u00f3n.<br \/>\n\u25fc Solicitar\u00e1 a la familia un informe oftalmol\u00f3gico actualizado<br \/>\ndonde se refiera el diagn\u00f3stico oftalmol\u00f3gico, la agudeza<br \/>\nvisual, y campo visual. Informe que adjuntar\u00e1 a la solicitud.<br \/>\n\u25fc Enviar\u00e1 toda esta informaci\u00f3n escaneada a los correos del<br \/>\nCoordinador del Equipo T\u00e9cnico Provincial de la Delegaci\u00f3n<br \/>\nde Educaci\u00f3n y a la responsable del Servicio para Afiliados de la<br \/>\nONCE: coordinacion.etpoep.dpca.ced@juntadeandalucia.es y&nbsp;<br \/>\nsersocicadiz@once.es<br \/>\nEl responsable del Servicio para Afiliados de la ONCE:<br \/>\n\u25fc Analizar\u00e1 la documentaci\u00f3n.<br \/>\n\u25fc Designar\u00e1 a un profesional para que realice la valoraci\u00f3n, si<br \/>\nfuera pertinente.<br \/>\n\u25fc En aquellos casos que lo requieran, se informar\u00e1 sobre las<br \/>\nacciones a llevar a cabo para solicitar la afiliaci\u00f3n a la ONCE.<br \/>\nEl Profesional asignado<br \/>\n\u25fc Valorar\u00e1 al alumno.<br \/>\n\u25fc Realizar\u00e1 informe educativo sobre su visi\u00f3n funcional y<br \/>\nnecesidades. Si es sujeto de atenci\u00f3n del Equipo se<br \/>\ndeterminar\u00e1 la modalidad (Apoyo directo, seguimiento). En<br \/>\ncaso de no ser sujeto de atenci\u00f3n seg\u00fan Convenio, se dar\u00e1n<br \/>\norientaciones al centro educativo.<br \/>\n\u25fc Enviar\u00e1 el informe al Tutor de aula, orientador y se dejar\u00e1<br \/>\ncopia en el expediente del alumno.<br \/>\n\u25fc En caso de necesidad de apoyo por parte del equipo de<br \/>\natenci\u00f3n educativa de ONCE informar\u00e1 al responsable del<br \/>\nServicio para Afiliados de la ONCE) que asignar\u00e1 a un<br \/>\nprofesional que realizar\u00e1 el apoyo educativo espec\u00edfico.<\/p>\n<p><span style=\"color: #0000ff\"><strong><span style=\"font-size: 14pt\"><a style=\"color: #0000ff\" href=\"https:\/\/blogsaverroes.juntadeandalucia.es\/eoeevisualcadiz\/files\/2025\/04\/SOLICITUD-DE-INTERVENCION_.pdf\">SOLICITUD DE INTERVENCI\u00d3N_<\/a><\/span><\/strong><\/span><\/p>\n","protected":false},"excerpt":{"rendered":"<p>La detecci\u00f3n de un alumno con problemas visuales graves puede ser realizada por cualquier profesional del sistema educativo (Tutor, maestro, profesor, orientador, PT, EAL&#8230;). El orientador del centro educativo: \u25fc Recoger\u00e1, (junto con la persona que realiz\u00f3 la detecci\u00f3n) la informaci\u00f3n para rellenar el documento de solicitud de intervenci\u00f3n. \u25fc Solicitar\u00e1 a la familia un &hellip; <\/p>\n<p class=\"link-more\"><a href=\"https:\/\/blogsaverroes.juntadeandalucia.es\/eoeevisualcadiz\/protocolo-de-derivacion\/\" class=\"more-link\">Continuar leyendo<span class=\"screen-reader-text\"> \u00abPROTOCOLO DE DERIVACI\u00d3N\u00bb<\/span><\/a><\/p>\n","protected":false},"author":20826,"featured_media":0,"parent":0,"menu_order":1,"comment_status":"closed","ping_status":"closed","template":"","meta":{"ngg_post_thumbnail":0,"footnotes":""},"aioseo_notices":[],"_links":{"self":[{"href":"https:\/\/blogsaverroes.juntadeandalucia.es\/eoeevisualcadiz\/wp-json\/wp\/v2\/pages\/54"}],"collection":[{"href":"https:\/\/blogsaverroes.juntadeandalucia.es\/eoeevisualcadiz\/wp-json\/wp\/v2\/pages"}],"about":[{"href":"https:\/\/blogsaverroes.juntadeandalucia.es\/eoeevisualcadiz\/wp-json\/wp\/v2\/types\/page"}],"author":[{"embeddable":true,"href":"https:\/\/blogsaverroes.juntadeandalucia.es\/eoeevisualcadiz\/wp-json\/wp\/v2\/users\/20826"}],"replies":[{"embeddable":true,"href":"https:\/\/blogsaverroes.juntadeandalucia.es\/eoeevisualcadiz\/wp-json\/wp\/v2\/comments?post=54"}],"version-history":[{"count":4,"href":"https:\/\/blogsaverroes.juntadeandalucia.es\/eoeevisualcadiz\/wp-json\/wp\/v2\/pages\/54\/revisions"}],"predecessor-version":[{"id":59,"href":"https:\/\/blogsaverroes.juntadeandalucia.es\/eoeevisualcadiz\/wp-json\/wp\/v2\/pages\/54\/revisions\/59"}],"wp:attachment":[{"href":"https:\/\/blogsaverroes.juntadeandalucia.es\/eoeevisualcadiz\/wp-json\/wp\/v2\/media?parent=54"}],"curies":[{"name":"wp","href":"https:\/\/api.w.org\/{rel}","templated":true}]}}