{"id":1256,"date":"2022-12-09T17:45:55","date_gmt":"2022-12-09T16:45:55","guid":{"rendered":"https:\/\/blogsaverroes.juntadeandalucia.es\/eoepriegodecordoba\/?page_id=1256"},"modified":"2022-12-09T18:12:32","modified_gmt":"2022-12-09T17:12:32","slug":"carcabuey","status":"publish","type":"page","link":"https:\/\/blogsaverroes.juntadeandalucia.es\/eoepriegodecordoba\/carcabuey\/","title":{"rendered":"Carcabuey"},"content":{"rendered":"<p><img loading=\"lazy\" decoding=\"async\" class=\"aligncenter wp-image-1283 size-full\" src=\"https:\/\/blogsaverroes.juntadeandalucia.es\/eoepriegodecordoba\/files\/2022\/12\/Captura-de-pantalla-2022-12-09-a-las-18.11.18.png\" alt=\"\" width=\"1191\" height=\"321\" srcset=\"https:\/\/blogsaverroes.juntadeandalucia.es\/eoepriegodecordoba\/files\/2022\/12\/Captura-de-pantalla-2022-12-09-a-las-18.11.18.png 1191w, https:\/\/blogsaverroes.juntadeandalucia.es\/eoepriegodecordoba\/files\/2022\/12\/Captura-de-pantalla-2022-12-09-a-las-18.11.18-300x81.png 300w, https:\/\/blogsaverroes.juntadeandalucia.es\/eoepriegodecordoba\/files\/2022\/12\/Captura-de-pantalla-2022-12-09-a-las-18.11.18-1024x276.png 1024w, https:\/\/blogsaverroes.juntadeandalucia.es\/eoepriegodecordoba\/files\/2022\/12\/Captura-de-pantalla-2022-12-09-a-las-18.11.18-768x207.png 768w\" sizes=\"(max-width: 1191px) 100vw, 1191px\" \/><\/p>\n<p>&nbsp;<\/p>\n<p><span style=\"font-size: 14pt\"><strong>Carcabuey<\/strong><\/span> es un municipio espa\u00f1ol de la provincia de C\u00f3rdoba, Andaluc\u00eda. En 2016 contaba con 2529 habitantes. Su extensi\u00f3n superficial es de 79,74 km\u00b2 y tiene una densidad de 31,72 hab\/km\u00b2. Se encuentra situado en la comarca de la Subb\u00e9tica Cordobesa.<\/p>\n<p>Los aspectos relacionados con el relieve, la topograf\u00eda, los suelos y el clima conforman las l\u00edneas fundamentales del marco geogr\u00e1fico de este municipio. Es dif\u00edcil entender muchos de los comportamientos de sus habitantes sin tener en cuenta los obst\u00e1culos impuestos por la elevada altitud de sus tierras, la acci\u00f3n perniciosa de las heladas, el tortuoso trazado de sus v\u00edas de comunicaci\u00f3n o el aislamiento impuesto por un relieve que circunda su t\u00e9rmino municipal. Pero, a la vez, esos mismos factores han sido trascendentales para explicar la importancia estrat\u00e9gica de este territorio y su consideraci\u00f3n como tierras seguras y de f\u00e1cil defensa.<\/p>\n<p>Entre los aspectos humanos, se ha dado preferencia a una evoluci\u00f3n poblacional que muestra el crecimiento desigual que se ha producido a lo largo de los siglos. El periodo en el que se alcanzan las mayores cifras de poblaci\u00f3n se inicia a finales del siglo XIX y finaliza a finales del siglo XX. La densidad ha sido elevada si la comparamos con la media provincial, pero inferior a la cifra media comarcal. En el poblamiento ha destacado la presencia de la poblaci\u00f3n dispersa que, aunque muy disminuida durante las \u00faltimas d\u00e9cadas, mantiene una considerable importancia. Ha sido una poblaci\u00f3n que, desde mediados del siglo XX, ha estado sufriendo los efectos de una masiva emigraci\u00f3n. Esta sangr\u00eda migratoria ha provocado graves problemas demogr\u00e1ficos entre los que el descenso de la natalidad y el incremento del envejecimiento son los dos m\u00e1s importantes.<\/p>\n<p>La econom\u00eda de sus habitantes se caracteriza por el predominio casi absoluto de la agricultura. El olivar y las peque\u00f1as propiedades son los aspectos que m\u00e1s sobresalen en un sector econ\u00f3mico que ha atravesado por coyunturas diferentes a lo largo de la historia. En las \u00faltimas d\u00e9cadas, sin embargo, se ha beneficiado de una situaci\u00f3n, realmente, excepcional. Las positivas repercusiones de esta coyuntura se ha dejado sentir de manera bien visible sobre unas gentes que ven\u00edan sufriendo los duros efectos de la falta de empleo desde hace mucho tiempo. El resto de las actividades econ\u00f3micas tienen una importancia desigual, aunque en los \u00faltimos a\u00f1os se han producido inici\u00e1ticas que est\u00e1n creando una imagen diferente de este municipio. Carcabuey es un ejemplo t\u00edpico de pueblo-fortaleza en el que el relieve ha tenido un protagonismo fundamental en la disposici\u00f3n de sus calles.<\/p>\n<p>M\u00e1s informaci\u00f3n: <a href=\"https:\/\/carcabuey.es\/\" target=\"_blank\" rel=\"noopener noreferrer\">Ayuntamiento de Carcabuey<\/a><\/p>\n","protected":false},"excerpt":{"rendered":"<p>&nbsp; Carcabuey es un municipio espa\u00f1ol de la provincia de C\u00f3rdoba, Andaluc\u00eda. En 2016 contaba con 2529 habitantes. Su extensi\u00f3n superficial es de 79,74 km\u00b2 y tiene una densidad de 31,72 hab\/km\u00b2. Se encuentra&#46;&#46;&#46;<\/p>\n","protected":false},"author":15677,"featured_media":0,"parent":0,"menu_order":0,"comment_status":"closed","ping_status":"closed","template":"","meta":{"_exactmetrics_skip_tracking":false,"_exactmetrics_sitenote_active":false,"_exactmetrics_sitenote_note":"","_exactmetrics_sitenote_category":0,"ngg_post_thumbnail":0,"footnotes":""},"aioseo_notices":[],"_links":{"self":[{"href":"https:\/\/blogsaverroes.juntadeandalucia.es\/eoepriegodecordoba\/wp-json\/wp\/v2\/pages\/1256"}],"collection":[{"href":"https:\/\/blogsaverroes.juntadeandalucia.es\/eoepriegodecordoba\/wp-json\/wp\/v2\/pages"}],"about":[{"href":"https:\/\/blogsaverroes.juntadeandalucia.es\/eoepriegodecordoba\/wp-json\/wp\/v2\/types\/page"}],"author":[{"embeddable":true,"href":"https:\/\/blogsaverroes.juntadeandalucia.es\/eoepriegodecordoba\/wp-json\/wp\/v2\/users\/15677"}],"replies":[{"embeddable":true,"href":"https:\/\/blogsaverroes.juntadeandalucia.es\/eoepriegodecordoba\/wp-json\/wp\/v2\/comments?post=1256"}],"version-history":[{"count":4,"href":"https:\/\/blogsaverroes.juntadeandalucia.es\/eoepriegodecordoba\/wp-json\/wp\/v2\/pages\/1256\/revisions"}],"predecessor-version":[{"id":1285,"href":"https:\/\/blogsaverroes.juntadeandalucia.es\/eoepriegodecordoba\/wp-json\/wp\/v2\/pages\/1256\/revisions\/1285"}],"wp:attachment":[{"href":"https:\/\/blogsaverroes.juntadeandalucia.es\/eoepriegodecordoba\/wp-json\/wp\/v2\/media?parent=1256"}],"curies":[{"name":"wp","href":"https:\/\/api.w.org\/{rel}","templated":true}]}}