{"id":1274,"date":"2022-12-09T18:00:51","date_gmt":"2022-12-09T17:00:51","guid":{"rendered":"https:\/\/blogsaverroes.juntadeandalucia.es\/eoepriegodecordoba\/?page_id=1274"},"modified":"2022-12-09T18:17:25","modified_gmt":"2022-12-09T17:17:25","slug":"fuente-tojar","status":"publish","type":"page","link":"https:\/\/blogsaverroes.juntadeandalucia.es\/eoepriegodecordoba\/fuente-tojar\/","title":{"rendered":"Fuente-T\u00f3jar"},"content":{"rendered":"<p><img loading=\"lazy\" decoding=\"async\" class=\"aligncenter wp-image-1289 size-full\" src=\"https:\/\/blogsaverroes.juntadeandalucia.es\/eoepriegodecordoba\/files\/2022\/12\/f-tojar.png\" alt=\"\" width=\"1080\" height=\"325\" srcset=\"https:\/\/blogsaverroes.juntadeandalucia.es\/eoepriegodecordoba\/files\/2022\/12\/f-tojar.png 1080w, https:\/\/blogsaverroes.juntadeandalucia.es\/eoepriegodecordoba\/files\/2022\/12\/f-tojar-300x90.png 300w, https:\/\/blogsaverroes.juntadeandalucia.es\/eoepriegodecordoba\/files\/2022\/12\/f-tojar-1024x308.png 1024w, https:\/\/blogsaverroes.juntadeandalucia.es\/eoepriegodecordoba\/files\/2022\/12\/f-tojar-768x231.png 768w\" sizes=\"(max-width: 1080px) 100vw, 1080px\" \/><\/p>\n<p><span style=\"font-size: 14pt\"><strong>Fuente-T\u00f3jar<\/strong><\/span>&nbsp;es una peque\u00f1a localidad situada en la Comarca de la Subb\u00e9tica cordobesa. Actualmente cuanta con 663 habitantes. Su extensi\u00f3n superficial es de 24 km\u00b2. Sus coordenadas geogr\u00e1ficas son 37\u00ba 30\u2032 N, 4\u00ba 08\u2032 O. Se encuentra situada a una altitud de 600 metros y a 86 kil\u00f3metros de la capital de provincia, C\u00f3rdoba. Porque desde la antig\u00fcedad ha habido presencia humana en esta localidad;<strong>&nbsp;el yacimiento arqueol\u00f3gico<\/strong>&nbsp;m\u00e1s importante lo constituyen los restos de la que fue una ciudad \u00edbero-romana. Vestigios que se pueden visitar en el Cerro de Las Cabezas y cuyas piezas se encuentran en el Museo Hist\u00f3rico Municipal. Destaca tambi\u00e9n en sus alrededores la existencia de un aljibe y de una gran alberca, en la zona conocida como Los Corralones. Su interior sirvi\u00f3 de refugio durante la Guerra Civil de 1939, al igual que la noria de pepico, ubicada a unos tres kil\u00f3metros de Fuente T\u00f3jar.<\/p>\n<p>Una vez en el centro de la villa, tras conocer el Museo, merece una visita obligada la<strong>&nbsp;iglesia Parroquial de Nuestra Se\u00f1ora del Rosario<\/strong>, del siglo XVIII con preciosas obras barrocas en su interior. Tambi\u00e9n es interesante la ermita del Calvario y para terminar una visi\u00f3n panor\u00e1mica de toda la localidad y la comarca subb\u00e9tica desde el mirador que encontraremos en su parte m\u00e1s alta. Lugares donde se pueden realizar varias rutas de senderismo por los alrededores del Cerro de Las Cabezas. Adem\u00e1s este municipio forma parte de la ruta tur\u00edstica \u201caceite, arte barroco, arqueolog\u00eda y naturaleza\u201d. En su gastronom\u00eda es fundamental el aceite de oliva virgen para elaborar platos como sopa de habas con mayonesa, sopa de alb\u00f3ndigas, roscos fritos o el tradicional potaje de Semana Santa. Destacar tambi\u00e9n el relleno de carnaval, embutido que se prepara con el est\u00f3mago del cerdo en dicha festividad.<\/p>\n<p>La historia de Fuente-T\u00f3jar siempre ha estado ligada al aceite, a los danzantes de San Isidro, a los cerros de La Mesa y de Las Cabezas. Aqu\u00ed, sobre substratos prehist\u00f3ricos, de iberorromana de Sucaelo o, lo m\u00e1s probable de iliturgicola, que lleg\u00f3 a gozar de la categor\u00eda de municipium. El monte se sit\u00faa a Oriente del citado municipio y se encuentra perfectamente delimitado por murallas de diferentes facturas que encintan una extensi\u00f3n de m\u00e1s de 20 hectareas.<\/p>\n<p>En fuentes historiogr\u00e1ficas no aparece el top\u00f3nimo Iliturgicola. De su existencia tenemos conocimientos gracias a la epigraf\u00eda, Infra; sin embargo, Sucaelo, el otro nombre barajado, si lo encontramos en Plinio y en la epigraf\u00eda.<\/p>\n<p>Por los restos aparecidos, Fuente-T\u00f3jar cuenta desde muy antiguo en el concierto de las zonas aceiteras. Actualmente sus aceites tienen fama por su poca acidez, sabor amargo, color verdoso, olor agradable y por sus caracter\u00edsticas antioxidantes, peculiaridades que le vienen dadas porque en su territorio existen diferentes variedades de plantas oleaginosas, muchas de ellas cultivadas desde \u00e9pocas imprecisas. Los aceites de mejor calidad se obtienen de las variedades carrasque\u00f1a y picuda. Si le unimos su clima y orograf\u00eda (Medina altitud y suelos calizos y cascajosos) podr\u00edamos decir, como ya precisaran Plinio y Columela hace 2.000 a\u00f1os, que es una zona bastante apta para el cultivo del olivar y, por ende, a la calidad del producto.<\/p>\n<p>M\u00e1s informaci\u00f3n: <a href=\"https:\/\/fuente-tojar.es\/\" target=\"_blank\" rel=\"noopener noreferrer\">Ayuntamiento de Fuente-T\u00f3jar<\/a><\/p>\n","protected":false},"excerpt":{"rendered":"<p>Fuente-T\u00f3jar&nbsp;es una peque\u00f1a localidad situada en la Comarca de la Subb\u00e9tica cordobesa. Actualmente cuanta con 663 habitantes. Su extensi\u00f3n superficial es de 24 km\u00b2. Sus coordenadas geogr\u00e1ficas son 37\u00ba 30\u2032 N, 4\u00ba 08\u2032 O.&#46;&#46;&#46;<\/p>\n","protected":false},"author":15677,"featured_media":0,"parent":0,"menu_order":0,"comment_status":"closed","ping_status":"closed","template":"","meta":{"_exactmetrics_skip_tracking":false,"_exactmetrics_sitenote_active":false,"_exactmetrics_sitenote_note":"","_exactmetrics_sitenote_category":0,"ngg_post_thumbnail":0,"footnotes":""},"aioseo_notices":[],"_links":{"self":[{"href":"https:\/\/blogsaverroes.juntadeandalucia.es\/eoepriegodecordoba\/wp-json\/wp\/v2\/pages\/1274"}],"collection":[{"href":"https:\/\/blogsaverroes.juntadeandalucia.es\/eoepriegodecordoba\/wp-json\/wp\/v2\/pages"}],"about":[{"href":"https:\/\/blogsaverroes.juntadeandalucia.es\/eoepriegodecordoba\/wp-json\/wp\/v2\/types\/page"}],"author":[{"embeddable":true,"href":"https:\/\/blogsaverroes.juntadeandalucia.es\/eoepriegodecordoba\/wp-json\/wp\/v2\/users\/15677"}],"replies":[{"embeddable":true,"href":"https:\/\/blogsaverroes.juntadeandalucia.es\/eoepriegodecordoba\/wp-json\/wp\/v2\/comments?post=1274"}],"version-history":[{"count":3,"href":"https:\/\/blogsaverroes.juntadeandalucia.es\/eoepriegodecordoba\/wp-json\/wp\/v2\/pages\/1274\/revisions"}],"predecessor-version":[{"id":1290,"href":"https:\/\/blogsaverroes.juntadeandalucia.es\/eoepriegodecordoba\/wp-json\/wp\/v2\/pages\/1274\/revisions\/1290"}],"wp:attachment":[{"href":"https:\/\/blogsaverroes.juntadeandalucia.es\/eoepriegodecordoba\/wp-json\/wp\/v2\/media?parent=1274"}],"curies":[{"name":"wp","href":"https:\/\/api.w.org\/{rel}","templated":true}]}}