{"id":13,"date":"2022-11-24T09:30:19","date_gmt":"2022-11-24T09:30:19","guid":{"rendered":"https:\/\/blogsaverroes.juntadeandalucia.es\/eoesanfernando\/about-us\/"},"modified":"2022-11-24T11:37:14","modified_gmt":"2022-11-24T11:37:14","slug":"about-us","status":"publish","type":"page","link":"https:\/\/blogsaverroes.juntadeandalucia.es\/eoesanfernando\/about-us\/","title":{"rendered":"\u00bfQUI\u00c9NES SOMOS?"},"content":{"rendered":"<p>La Red Profesional de Orientaci\u00f3n Educativa de C\u00e1diz se distribuye en diferentes zonas compuestas por, al menos, un <em><strong>Equipo de Orientaci\u00f3n Educativa (E.O.E.)<\/strong><\/em> y los Institutos de Educaci\u00f3n Secundaria (I.E.S.) adscritos a los Centros de Educaci\u00f3n Infantil y Primaria (C.E.I.P.) de la zona\/s EOE correspondiente.<\/p>\n<p>En total, en la provincia de C\u00e1diz hay 19 EOEs de \u00e1mbito zonal.<\/p>\n<p>Los E.O.E. est\u00e1n compuestos por distintos profesionales que trabajan seg\u00fan sus competencias y siguiendo un Plan anual de actuaci\u00f3n: orientadores\/as educativos, un m\u00e9dico\/a y un maestro\/a especialista en Audici\u00f3n y Lenguaje (A.L.). En algunos EOEs tambi\u00e9n hay educadores\/as sociales.<\/p>\n<p>Cada C.E.I.P. tiene un orientador\/a de referencia, que desempe\u00f1a sus funciones en varios centros de la misma zona E.O.E.<\/p>\n<p>El E.O.E. de San Fernando atiende a todos los C.E.I.P. del municipio, se coordina con todos los I.E.S. y con los Centros Concertados.&nbsp;<\/p>\n<p>&nbsp;<\/p>\n","protected":false},"excerpt":{"rendered":"<p>La Red Profesional de Orientaci\u00f3n Educativa de C\u00e1diz se distribuye en diferentes zonas compuestas por, al menos, un Equipo de Orientaci\u00f3n Educativa (E.O.E.) y los Institutos de Educaci\u00f3n Secundaria (I.E.S.) adscritos a los Centros de Educaci\u00f3n Infantil y Primaria (C.E.I.P.) de la zona\/s EOE correspondiente. En total, en la provincia de C\u00e1diz hay 19 EOEs &hellip; <a href=\"https:\/\/blogsaverroes.juntadeandalucia.es\/eoesanfernando\/about-us\/\" class=\"more-link\">Seguir leyendo <span class=\"screen-reader-text\">\u00bfQUI\u00c9NES SOMOS?<\/span> <span class=\"meta-nav\">&rarr;<\/span><\/a><\/p>\n","protected":false},"author":1,"featured_media":0,"parent":0,"menu_order":1,"comment_status":"closed","ping_status":"closed","template":"","meta":{"ngg_post_thumbnail":0,"footnotes":""},"aioseo_notices":[],"_links":{"self":[{"href":"https:\/\/blogsaverroes.juntadeandalucia.es\/eoesanfernando\/wp-json\/wp\/v2\/pages\/13"}],"collection":[{"href":"https:\/\/blogsaverroes.juntadeandalucia.es\/eoesanfernando\/wp-json\/wp\/v2\/pages"}],"about":[{"href":"https:\/\/blogsaverroes.juntadeandalucia.es\/eoesanfernando\/wp-json\/wp\/v2\/types\/page"}],"author":[{"embeddable":true,"href":"https:\/\/blogsaverroes.juntadeandalucia.es\/eoesanfernando\/wp-json\/wp\/v2\/users\/1"}],"replies":[{"embeddable":true,"href":"https:\/\/blogsaverroes.juntadeandalucia.es\/eoesanfernando\/wp-json\/wp\/v2\/comments?post=13"}],"version-history":[{"count":3,"href":"https:\/\/blogsaverroes.juntadeandalucia.es\/eoesanfernando\/wp-json\/wp\/v2\/pages\/13\/revisions"}],"predecessor-version":[{"id":52,"href":"https:\/\/blogsaverroes.juntadeandalucia.es\/eoesanfernando\/wp-json\/wp\/v2\/pages\/13\/revisions\/52"}],"wp:attachment":[{"href":"https:\/\/blogsaverroes.juntadeandalucia.es\/eoesanfernando\/wp-json\/wp\/v2\/media?parent=13"}],"curies":[{"name":"wp","href":"https:\/\/api.w.org\/{rel}","templated":true}]}}