{"id":39,"date":"2022-11-24T11:03:24","date_gmt":"2022-11-24T11:03:24","guid":{"rendered":"https:\/\/blogsaverroes.juntadeandalucia.es\/eoesanfernando\/?page_id=39"},"modified":"2023-03-16T11:32:28","modified_gmt":"2023-03-16T11:32:28","slug":"recursos-educativos","status":"publish","type":"page","link":"https:\/\/blogsaverroes.juntadeandalucia.es\/eoesanfernando\/recursos-educativos\/","title":{"rendered":"RECURSOS EDUCATIVOS PROYECTO REA\/DUA"},"content":{"rendered":"<p>La Consejer\u00eda de Desarrollo Educativo y Formaci\u00f3n Profesional presenta&nbsp;el #ProyectoREADUAAndaluc\u00eda, conformado por m\u00e1s de 250 recursos educativos abiertos (REA) de distintas materias de Primaria, Secundaria y Bachillerato.<\/p>\n<p>Estos recursos giran en torno a situaciones de aprendizaje en las cuales el alumnado adquiere y desarrolla&nbsp;las competencias espec\u00edficas de cada \u00e1rea o materia.<\/p>\n<p>Sus gu\u00edas did\u00e1cticas justifican la situaci\u00f3n de aprendizaje propuesta, el reto que el alumnado debe alcanzar, el producto final que tiene que desarrollar, la concreci\u00f3n curricular, la secuencia did\u00e1ctica, y la explicitaci\u00f3n de las pautas DUA, multinivelaci\u00f3n y procesos cognitivos elegidos en cada actividad en las que se materializa la secuencia, para favorecer la atenci\u00f3n a la diversidad del alumnado, as\u00ed como los criterios de evaluaci\u00f3n de las competencias espec\u00edficas que permite evaluar y los instrumentos que facilita dicha evaluaci\u00f3n.<\/p>\n<p><img loading=\"lazy\" decoding=\"async\" class=\" wp-image-145 aligncenter\" src=\"https:\/\/blogsaverroes.juntadeandalucia.es\/eoesanfernando\/files\/2023\/03\/logo_proyecto_cuadrado_2-300x200.jpg\" alt=\"\" width=\"503\" height=\"335\" srcset=\"https:\/\/blogsaverroes.juntadeandalucia.es\/eoesanfernando\/files\/2023\/03\/logo_proyecto_cuadrado_2-300x200.jpg 300w, https:\/\/blogsaverroes.juntadeandalucia.es\/eoesanfernando\/files\/2023\/03\/logo_proyecto_cuadrado_2.jpg 400w\" sizes=\"(max-width: 503px) 100vw, 503px\" \/><\/p>\n<p style=\"text-align: center\"><strong>CONTACTO<\/strong><\/p>\n<p>Para&nbsp;<strong>cuestiones generales<\/strong>&nbsp;sobre el proyecto, puede dirigirse a:Correo de contacto:&nbsp;<a href=\"mailto:rea.ced@juntadeandalucia.es\">rea.ced@juntadeandalucia.es<\/a><\/p>\n<p><a href=\"https:\/\/portals.ced.junta-andalucia.es\/educacion\/portals\/web\/transformacion-digital-educativa\/rea\">https:\/\/portals.ced.junta-andalucia.es\/educacion\/portals\/web\/transformacion-digital-educativa\/rea<\/a><\/p>\n","protected":false},"excerpt":{"rendered":"<p>La Consejer\u00eda de Desarrollo Educativo y Formaci\u00f3n Profesional presenta&nbsp;el #ProyectoREADUAAndaluc\u00eda, conformado por m\u00e1s de 250 recursos educativos abiertos (REA) de distintas materias de Primaria, Secundaria y Bachillerato. Estos recursos giran en torno a situaciones de aprendizaje en las cuales el alumnado adquiere y desarrolla&nbsp;las competencias espec\u00edficas de cada \u00e1rea o materia. Sus gu\u00edas did\u00e1cticas justifican &hellip; <a href=\"https:\/\/blogsaverroes.juntadeandalucia.es\/eoesanfernando\/recursos-educativos\/\" class=\"more-link\">Seguir leyendo <span class=\"screen-reader-text\">RECURSOS EDUCATIVOS PROYECTO REA\/DUA<\/span> <span class=\"meta-nav\">&rarr;<\/span><\/a><\/p>\n","protected":false},"author":16685,"featured_media":0,"parent":0,"menu_order":3,"comment_status":"closed","ping_status":"closed","template":"","meta":{"ngg_post_thumbnail":0,"footnotes":""},"aioseo_notices":[],"_links":{"self":[{"href":"https:\/\/blogsaverroes.juntadeandalucia.es\/eoesanfernando\/wp-json\/wp\/v2\/pages\/39"}],"collection":[{"href":"https:\/\/blogsaverroes.juntadeandalucia.es\/eoesanfernando\/wp-json\/wp\/v2\/pages"}],"about":[{"href":"https:\/\/blogsaverroes.juntadeandalucia.es\/eoesanfernando\/wp-json\/wp\/v2\/types\/page"}],"author":[{"embeddable":true,"href":"https:\/\/blogsaverroes.juntadeandalucia.es\/eoesanfernando\/wp-json\/wp\/v2\/users\/16685"}],"replies":[{"embeddable":true,"href":"https:\/\/blogsaverroes.juntadeandalucia.es\/eoesanfernando\/wp-json\/wp\/v2\/comments?post=39"}],"version-history":[{"count":5,"href":"https:\/\/blogsaverroes.juntadeandalucia.es\/eoesanfernando\/wp-json\/wp\/v2\/pages\/39\/revisions"}],"predecessor-version":[{"id":146,"href":"https:\/\/blogsaverroes.juntadeandalucia.es\/eoesanfernando\/wp-json\/wp\/v2\/pages\/39\/revisions\/146"}],"wp:attachment":[{"href":"https:\/\/blogsaverroes.juntadeandalucia.es\/eoesanfernando\/wp-json\/wp\/v2\/media?parent=39"}],"curies":[{"name":"wp","href":"https:\/\/api.w.org\/{rel}","templated":true}]}}