{"id":206,"date":"2020-02-12T08:09:58","date_gmt":"2020-02-12T07:09:58","guid":{"rendered":"http:\/\/blogsaverroes.juntadeandalucia.es\/pre\/nuevoceip2v2\/?page_id=206"},"modified":"2020-02-12T08:09:58","modified_gmt":"2020-02-12T07:09:58","slug":"novedades","status":"publish","type":"page","link":"https:\/\/blogsaverroes.juntadeandalucia.es\/eoestepona\/novedades\/","title":{"rendered":"Novedades"},"content":{"rendered":"<div class=\"pt-cv-wrapper et_smooth_scroll_disabled\"><div class=\"pt-cv-view pt-cv-grid pt-cv-colsys\" id=\"pt-cv-view-6ff817bh92\"><div data-id=\"pt-cv-page-1\" class=\"pt-cv-page\" data-cvc=\"3\"><div class=\"col-md-4 col-sm-6 col-xs-12 pt-cv-content-item pt-cv-1-col\" ><div class='pt-cv-ifield'><a href=\"https:\/\/blogsaverroes.juntadeandalucia.es\/eoestepona\/reunion-de-coordinacion-eoe-cait-aprona\/\" class=\"_self pt-cv-href-thumbnail pt-cv-thumb-default\" target=\"_self\" ><img loading=\"lazy\" decoding=\"async\" width=\"400\" height=\"250\" src=\"https:\/\/blogsaverroes.juntadeandalucia.es\/eoestepona\/files\/2026\/01\/IMG_0510-1-400x250.png\" class=\"pt-cv-thumbnail\" alt=\"\" \/><\/a>\n<h4 class=\"pt-cv-title\"><a href=\"https:\/\/blogsaverroes.juntadeandalucia.es\/eoestepona\/reunion-de-coordinacion-eoe-cait-aprona\/\" class=\"_self\" target=\"_self\" >REUNI\u00d3N DE COORDINACI\u00d3N EOE ESTEPONA &#8211; CAIT (APRONA)<\/a><\/h4>\n<div class=\"pt-cv-content\">Celebrada la primera reuni\u00f3n de coordinaci\u00f3n entre el EOE de Estepona, el CAIT (APRONA) y ...<br \/><div class=\"pt-cv-rmwrap\"><a href=\"https:\/\/blogsaverroes.juntadeandalucia.es\/eoestepona\/reunion-de-coordinacion-eoe-cait-aprona\/\" class=\"_self pt-cv-readmore btn btn-success\" target=\"_self\">Leer M\u00e1s<\/a><\/div><\/div><\/div><\/div>\n<div class=\"col-md-4 col-sm-6 col-xs-12 pt-cv-content-item pt-cv-1-col\" ><div class='pt-cv-ifield'><a href=\"https:\/\/blogsaverroes.juntadeandalucia.es\/eoestepona\/1079-2\/\" class=\"_self pt-cv-href-thumbnail pt-cv-thumb-default\" target=\"_self\" ><img loading=\"lazy\" decoding=\"async\" width=\"400\" height=\"250\" src=\"https:\/\/blogsaverroes.juntadeandalucia.es\/eoestepona\/files\/2025\/12\/Captura-de-pantalla-2025-12-03-a-las-13.16.48-1-400x250.png\" class=\"pt-cv-thumbnail\" alt=\"\" \/><\/a>\n<h4 class=\"pt-cv-title\"><a href=\"https:\/\/blogsaverroes.juntadeandalucia.es\/eoestepona\/1079-2\/\" class=\"_self\" target=\"_self\" >Primera reuni\u00f3n zonal de coordinaci\u00f3n entre IES &#8211; EOE &#8211; CDP<\/a><\/h4>\n<div class=\"pt-cv-content\">Este mi\u00e9rcoles 3 de diciembre se ha celebrado la primera de las tres reuniones previstas ...<br \/><div class=\"pt-cv-rmwrap\"><a href=\"https:\/\/blogsaverroes.juntadeandalucia.es\/eoestepona\/1079-2\/\" class=\"_self pt-cv-readmore btn btn-success\" target=\"_self\">Leer M\u00e1s<\/a><\/div><\/div><\/div><\/div>\n<div class=\"col-md-4 col-sm-6 col-xs-12 pt-cv-content-item pt-cv-1-col\" ><div class='pt-cv-ifield'><a href=\"https:\/\/blogsaverroes.juntadeandalucia.es\/eoestepona\/becas-y-ayudas-para-alumnos-as-con-necesidades-especificas-de-apoyo-educativo\/\" class=\"_self pt-cv-href-thumbnail pt-cv-thumb-default\" target=\"_self\" ><img loading=\"lazy\" decoding=\"async\" width=\"400\" height=\"250\" src=\"https:\/\/blogsaverroes.juntadeandalucia.es\/eoestepona\/files\/2025\/05\/beca-444-400x250.png\" class=\"pt-cv-thumbnail\" alt=\"\" \/><\/a>\n<h4 class=\"pt-cv-title\"><a href=\"https:\/\/blogsaverroes.juntadeandalucia.es\/eoestepona\/becas-y-ayudas-para-alumnos-as-con-necesidades-especificas-de-apoyo-educativo\/\" class=\"_self\" target=\"_self\" >BECAS Y AYUDAS PARA ALUMNOS\/AS CON NECESIDADES ESPEC\u00cdFICAS DE APOYO EDUCATIVO. 2025-2026<\/a><\/h4>\n<div class=\"pt-cv-content\">Las ayudas est\u00e1n dirigidas a personas que presentan una necesidad espec\u00edfica de recibir apoyo educativo ...<br \/><div class=\"pt-cv-rmwrap\"><a href=\"https:\/\/blogsaverroes.juntadeandalucia.es\/eoestepona\/becas-y-ayudas-para-alumnos-as-con-necesidades-especificas-de-apoyo-educativo\/\" class=\"_self pt-cv-readmore btn btn-success\" target=\"_self\">Leer M\u00e1s<\/a><\/div><\/div><\/div><\/div>\n<div class=\"col-md-4 col-sm-6 col-xs-12 pt-cv-content-item pt-cv-1-col\" ><div class='pt-cv-ifield'><a href=\"https:\/\/blogsaverroes.juntadeandalucia.es\/eoestepona\/calendario-del-proceso-de-admision-a-2a-ciclo-de-ed-infantil-ed-primaria-e-s-o-bachillerato-y-ed-especial\/\" class=\"_self pt-cv-href-thumbnail pt-cv-thumb-default\" target=\"_self\" ><img loading=\"lazy\" decoding=\"async\" width=\"400\" height=\"250\" src=\"https:\/\/blogsaverroes.juntadeandalucia.es\/eoestepona\/files\/2025\/03\/estudiantes-sabiendo-respuesta-correcta_329181-14271-3-1-400x250.jpg\" class=\"pt-cv-thumbnail\" alt=\"\" \/><\/a>\n<h4 class=\"pt-cv-title\"><a href=\"https:\/\/blogsaverroes.juntadeandalucia.es\/eoestepona\/calendario-del-proceso-de-admision-a-2a-ciclo-de-ed-infantil-ed-primaria-e-s-o-bachillerato-y-ed-especial\/\" class=\"_self\" target=\"_self\" >Calendario del  Proceso de Admisi\u00f3n a 2\u00aa Ciclo de Ed. Infantil, Ed. Primaria, E.S.O, Bachillerato y Ed. Especial<\/a><\/h4>\n<div class=\"pt-cv-content\">Calendario de procedimiento de admisi\u00f3n del alumnado a 2\u00ba Ciclo de Ed. Infantil (3-6a\u00f1os), Ed ...<br \/><div class=\"pt-cv-rmwrap\"><a href=\"https:\/\/blogsaverroes.juntadeandalucia.es\/eoestepona\/calendario-del-proceso-de-admision-a-2a-ciclo-de-ed-infantil-ed-primaria-e-s-o-bachillerato-y-ed-especial\/\" class=\"_self pt-cv-readmore btn btn-success\" target=\"_self\">Leer M\u00e1s<\/a><\/div><\/div><\/div><\/div>\n<div class=\"col-md-4 col-sm-6 col-xs-12 pt-cv-content-item pt-cv-1-col\" ><div class='pt-cv-ifield'><a href=\"https:\/\/blogsaverroes.juntadeandalucia.es\/eoestepona\/abierto-el-plazo-de-presentacion-de-solicitudes-de-escolarizacion-de-infantil-a-bachillerato-del-1-al-31-de-marzo\/\" class=\"_self pt-cv-href-thumbnail pt-cv-thumb-default\" target=\"_self\" ><img loading=\"lazy\" decoding=\"async\" width=\"400\" height=\"250\" src=\"https:\/\/blogsaverroes.juntadeandalucia.es\/eoestepona\/files\/2025\/03\/9ff585c7-3001-4a84-8e80-a8da99cb8691_16-9-discover-aspect-ratio_default_0-400x250.jpg\" class=\"pt-cv-thumbnail\" alt=\"\" \/><\/a>\n<h4 class=\"pt-cv-title\"><a href=\"https:\/\/blogsaverroes.juntadeandalucia.es\/eoestepona\/abierto-el-plazo-de-presentacion-de-solicitudes-de-escolarizacion-de-infantil-a-bachillerato-del-1-al-31-de-marzo\/\" class=\"_self\" target=\"_self\" >Calendario plazo de presentaci\u00f3n de solicitudes de escolarizaci\u00f3n 1\u00ba Ciclo de Ed. Infantil<\/a><\/h4>\n<div class=\"pt-cv-content\">Calendario Acceso a Admisi\u00f3n en centros docentes p\u00fablicos y privados concertados para cursar las Ense\u00f1anzas ...<br \/><div class=\"pt-cv-rmwrap\"><a href=\"https:\/\/blogsaverroes.juntadeandalucia.es\/eoestepona\/abierto-el-plazo-de-presentacion-de-solicitudes-de-escolarizacion-de-infantil-a-bachillerato-del-1-al-31-de-marzo\/\" class=\"_self pt-cv-readmore btn btn-success\" target=\"_self\">Leer M\u00e1s<\/a><\/div><\/div><\/div><\/div>\n<div class=\"col-md-4 col-sm-6 col-xs-12 pt-cv-content-item pt-cv-1-col\" ><div class='pt-cv-ifield'><a href=\"https:\/\/blogsaverroes.juntadeandalucia.es\/eoestepona\/celebrada-la-segunda-coordinacion-zonal-de-orientacion-educativa-ies-eoe-cdp\/\" class=\"_self pt-cv-href-thumbnail pt-cv-thumb-default\" target=\"_self\" ><img loading=\"lazy\" decoding=\"async\" width=\"400\" height=\"250\" src=\"https:\/\/blogsaverroes.juntadeandalucia.es\/eoestepona\/files\/2025\/02\/Logo--400x250.png\" class=\"pt-cv-thumbnail\" alt=\"\" \/><\/a>\n<h4 class=\"pt-cv-title\"><a href=\"https:\/\/blogsaverroes.juntadeandalucia.es\/eoestepona\/celebrada-la-segunda-coordinacion-zonal-de-orientacion-educativa-ies-eoe-cdp\/\" class=\"_self\" target=\"_self\" >Celebrada la Segunda Coordinaci\u00f3n Zonal de Orientaci\u00f3n Educativa IES-EOE-CDP<\/a><\/h4>\n<div class=\"pt-cv-content\">El pasado 5 de febrero tuvo lugar la segunda reuni\u00f3n de coordinaci\u00f3n zonal de la ...<br \/><div class=\"pt-cv-rmwrap\"><a href=\"https:\/\/blogsaverroes.juntadeandalucia.es\/eoestepona\/celebrada-la-segunda-coordinacion-zonal-de-orientacion-educativa-ies-eoe-cdp\/\" class=\"_self pt-cv-readmore btn btn-success\" target=\"_self\">Leer M\u00e1s<\/a><\/div><\/div><\/div><\/div><\/div><\/div>\n<div class=\" pt-cv-pagination-wrapper\"><ul class=\"pt-cv-pagination pt-cv-ajax pagination\" data-totalpages=\"2\" data-currentpage=\"1\" data-sid=\"6ff817bh92\" data-unid=\"\" data-isblock=\"\" data-postid=\"\"><li class=\"active\"><a href=\"#\">1<\/a><\/li>\n\t<li ><a class=\"\" href=\"https:\/\/blogsaverroes.juntadeandalucia.es\/eoestepona\/wp-json\/wp\/v2\/pages\/206\/?_page=2\">2<\/a><\/li>\n\t<li ><a class=\" \" href=\"https:\/\/blogsaverroes.juntadeandalucia.es\/eoestepona\/wp-json\/wp\/v2\/pages\/206\/?_page=2\">&rsaquo;<\/a><\/li>\n\t<\/ul><img loading=\"lazy\" decoding=\"async\" width=\"15\" height=\"15\" class=\"pt-cv-spinner\" alt=\"Cargando...\" src=\"data:image\/gif;base64,R0lGODlhDwAPALMPAMrKygwMDJOTkz09PZWVla+vr3p6euTk5M7OzuXl5TMzMwAAAJmZmWZmZszMzP\/\/\/yH\/C05FVFNDQVBFMi4wAwEAAAAh+QQFCgAPACwAAAAADwAPAAAEQvDJaZaZOIcV8iQK8VRX4iTYoAwZ4iCYoAjZ4RxejhVNoT+mRGP4cyF4Pp0N98sBGIBMEMOotl6YZ3S61Bmbkm4mAgAh+QQFCgAPACwAAAAADQANAAAENPDJSRSZeA418itN8QiK8BiLITVsFiyBBIoYqnoewAD4xPw9iY4XLGYSjkQR4UAUD45DLwIAIfkEBQoADwAsAAAAAA8ACQAABC\/wyVlamTi3nSdgwFNdhEJgTJoNyoB9ISYoQmdjiZPcj7EYCAeCF1gEDo4Dz2eIAAAh+QQFCgAPACwCAAAADQANAAAEM\/DJBxiYeLKdX3IJZT1FU0iIg2RNKx3OkZVnZ98ToRD4MyiDnkAh6BkNC0MvsAj0kMpHBAAh+QQFCgAPACwGAAAACQAPAAAEMDC59KpFDll73HkAA2wVY5KgiK5b0RRoI6MuzG6EQqCDMlSGheEhUAgqgUUAFRySIgAh+QQFCgAPACwCAAIADQANAAAEM\/DJKZNLND\/kkKaHc3xk+QAMYDKsiaqmZCxGVjSFFCxB1vwy2oOgIDxuucxAMTAJFAJNBAAh+QQFCgAPACwAAAYADwAJAAAEMNAs86q1yaWwwv2Ig0jUZx3OYa4XoRAfwADXoAwfo1+CIjyFRuEho60aSNYlOPxEAAAh+QQFCgAPACwAAAIADQANAAAENPA9s4y8+IUVcqaWJ4qEQozSoAzoIyhCK2NFU2SJk0hNnyEOhKR2AzAAj4Pj4GE4W0bkJQIAOw==\" \/><div class=\"clear pt-cv-clear-pagination\"><\/div><\/div><\/div>\n","protected":false},"excerpt":{"rendered":"","protected":false},"author":7051,"featured_media":0,"parent":0,"menu_order":0,"comment_status":"closed","ping_status":"closed","template":"","meta":{"_et_pb_use_builder":"","_et_pb_old_content":"","_et_gb_content_width":"","ngg_post_thumbnail":0,"footnotes":""},"aioseo_notices":[],"_links":{"self":[{"href":"https:\/\/blogsaverroes.juntadeandalucia.es\/eoestepona\/wp-json\/wp\/v2\/pages\/206"}],"collection":[{"href":"https:\/\/blogsaverroes.juntadeandalucia.es\/eoestepona\/wp-json\/wp\/v2\/pages"}],"about":[{"href":"https:\/\/blogsaverroes.juntadeandalucia.es\/eoestepona\/wp-json\/wp\/v2\/types\/page"}],"author":[{"embeddable":true,"href":"https:\/\/blogsaverroes.juntadeandalucia.es\/eoestepona\/wp-json\/wp\/v2\/users\/7051"}],"replies":[{"embeddable":true,"href":"https:\/\/blogsaverroes.juntadeandalucia.es\/eoestepona\/wp-json\/wp\/v2\/comments?post=206"}],"version-history":[{"count":0,"href":"https:\/\/blogsaverroes.juntadeandalucia.es\/eoestepona\/wp-json\/wp\/v2\/pages\/206\/revisions"}],"wp:attachment":[{"href":"https:\/\/blogsaverroes.juntadeandalucia.es\/eoestepona\/wp-json\/wp\/v2\/media?parent=206"}],"curies":[{"name":"wp","href":"https:\/\/api.w.org\/{rel}","templated":true}]}}