{"id":130,"date":"2023-05-19T14:52:02","date_gmt":"2023-05-19T14:52:02","guid":{"rendered":"https:\/\/blogsaverroes.juntadeandalucia.es\/eoevejerdelafrontera\/?page_id=130"},"modified":"2024-06-03T15:15:16","modified_gmt":"2024-06-03T15:15:16","slug":"bienvenidos-al-cole","status":"publish","type":"page","link":"https:\/\/blogsaverroes.juntadeandalucia.es\/eoevejerdelafrontera\/?page_id=130","title":{"rendered":"BIENVENIDOS AL COLE"},"content":{"rendered":"<p style=\"text-align: justify\">Desde el EOE de Vejer, queremos dar la <strong>bienvenida<\/strong> a todas las familias que el pr\u00f3ximo curso 2024-25, iniciar\u00e1n la maravillosa aventura del cole.&nbsp;<\/p>\n<p style=\"text-align: justify\">Queremos acompa\u00f1aros y serviros de gu\u00eda en este camino.<\/p>\n<p style=\"text-align: justify\">Para ello os ofrecemos <strong>algunas ideas y pautas<\/strong> que os ayudar\u00e1n a llevar a cabo este proceso de forma exitosa.&nbsp;<\/p>\n<div class=\"container-wrapper-genially\" style=\"min-height: 400px;max-width: 100%\">\n<div style=\"width: 525px;\" class=\"wp-video\"><!--[if lt IE 9]><script>document.createElement('video');<\/script><![endif]-->\n<video class=\"wp-video-shortcode\" id=\"video-130-1\" width=\"525\" height=\"295\" preload=\"metadata\" controls=\"controls\"><source type=\"video\/mp4\" src=\"https:\/\/blogsaverroes.juntadeandalucia.es\/eoevejerdelafrontera\/files\/2024\/06\/WhatsApp-Video-2024-05-31-at-10.45.47.mp4?_=1\" \/><a href=\"https:\/\/blogsaverroes.juntadeandalucia.es\/eoevejerdelafrontera\/files\/2024\/06\/WhatsApp-Video-2024-05-31-at-10.45.47.mp4\">https:\/\/blogsaverroes.juntadeandalucia.es\/eoevejerdelafrontera\/files\/2024\/06\/WhatsApp-Video-2024-05-31-at-10.45.47.mp4<\/a><\/video><\/div>\n<\/div>\n<p style=\"text-align: justify\">Adem\u00e1s, os ofrecemos algunas ideas relacionadas con la <strong>estimulaci\u00f3n de la comunicaci\u00f3n y el lenguaje oral<\/strong> desde casa.&nbsp;<\/p>\n<div style=\"width: 525px;\" class=\"wp-video\"><video class=\"wp-video-shortcode\" id=\"video-130-2\" width=\"525\" height=\"295\" preload=\"metadata\" controls=\"controls\"><source type=\"video\/mp4\" src=\"https:\/\/blogsaverroes.juntadeandalucia.es\/eoevejerdelafrontera\/files\/2024\/05\/ESTIMULACION-LENGUAJE-ORAL_24-25.mp4?_=2\" \/><a href=\"https:\/\/blogsaverroes.juntadeandalucia.es\/eoevejerdelafrontera\/files\/2024\/05\/ESTIMULACION-LENGUAJE-ORAL_24-25.mp4\">https:\/\/blogsaverroes.juntadeandalucia.es\/eoevejerdelafrontera\/files\/2024\/05\/ESTIMULACION-LENGUAJE-ORAL_24-25.mp4<\/a><\/video><\/div>\n<p>&nbsp;<\/p>\n","protected":false},"excerpt":{"rendered":"<p>Desde el EOE de Vejer, queremos dar la bienvenida a todas las familias que el pr\u00f3ximo curso 2024-25, iniciar\u00e1n la maravillosa aventura del cole.&nbsp; Queremos acompa\u00f1aros y serviros de gu\u00eda en este camino. Para ello os ofrecemos algunas ideas y pautas que os ayudar\u00e1n a llevar a cabo este proceso de forma exitosa.&nbsp; Adem\u00e1s, os &hellip; <\/p>\n<p class=\"link-more\"><a href=\"https:\/\/blogsaverroes.juntadeandalucia.es\/eoevejerdelafrontera\/?page_id=130\" class=\"more-link\">Continuar leyendo<span class=\"screen-reader-text\"> \u00abBIENVENIDOS AL COLE\u00bb<\/span><\/a><\/p>\n","protected":false},"author":17049,"featured_media":0,"parent":0,"menu_order":0,"comment_status":"closed","ping_status":"closed","template":"","meta":{"ngg_post_thumbnail":0,"footnotes":""},"aioseo_notices":[],"_links":{"self":[{"href":"https:\/\/blogsaverroes.juntadeandalucia.es\/eoevejerdelafrontera\/index.php?rest_route=\/wp\/v2\/pages\/130"}],"collection":[{"href":"https:\/\/blogsaverroes.juntadeandalucia.es\/eoevejerdelafrontera\/index.php?rest_route=\/wp\/v2\/pages"}],"about":[{"href":"https:\/\/blogsaverroes.juntadeandalucia.es\/eoevejerdelafrontera\/index.php?rest_route=\/wp\/v2\/types\/page"}],"author":[{"embeddable":true,"href":"https:\/\/blogsaverroes.juntadeandalucia.es\/eoevejerdelafrontera\/index.php?rest_route=\/wp\/v2\/users\/17049"}],"replies":[{"embeddable":true,"href":"https:\/\/blogsaverroes.juntadeandalucia.es\/eoevejerdelafrontera\/index.php?rest_route=%2Fwp%2Fv2%2Fcomments&post=130"}],"version-history":[{"count":13,"href":"https:\/\/blogsaverroes.juntadeandalucia.es\/eoevejerdelafrontera\/index.php?rest_route=\/wp\/v2\/pages\/130\/revisions"}],"predecessor-version":[{"id":366,"href":"https:\/\/blogsaverroes.juntadeandalucia.es\/eoevejerdelafrontera\/index.php?rest_route=\/wp\/v2\/pages\/130\/revisions\/366"}],"wp:attachment":[{"href":"https:\/\/blogsaverroes.juntadeandalucia.es\/eoevejerdelafrontera\/index.php?rest_route=%2Fwp%2Fv2%2Fmedia&parent=130"}],"curies":[{"name":"wp","href":"https:\/\/api.w.org\/{rel}","templated":true}]}}