{"id":145,"date":"2023-05-19T15:13:16","date_gmt":"2023-05-19T15:13:16","guid":{"rendered":"https:\/\/blogsaverroes.juntadeandalucia.es\/eoevejerdelafrontera\/?page_id=145"},"modified":"2023-05-23T16:35:45","modified_gmt":"2023-05-23T16:35:45","slug":"atencion-a-la-diversidad","status":"publish","type":"page","link":"https:\/\/blogsaverroes.juntadeandalucia.es\/eoevejerdelafrontera\/?page_id=145","title":{"rendered":"\u00c1REA DE NECESIDADES EDUCATIVAS ESPECIALES"},"content":{"rendered":"<p style=\"text-align: justify\">En el <strong>\u00e1rea de Necesidades Educativas Especiales<\/strong>, llevamos a cabo <strong>intervenciones<\/strong> relacionadas con:&nbsp;<\/p>\n<p style=\"text-align: justify\">1. Asesoramiento para el desarrollo de la normativa vigente en la atenci\u00f3n al alumnado con NEE.<\/p>\n<p style=\"text-align: justify\">2. Orientaci\u00f3n al profesorado y equipos directivos en lo que se refiere a las medidas espec\u00edficas de atenci\u00f3n a la diversidad. Seguimiento de la aplicaci\u00f3n de dichas medidas.<\/p>\n<p style=\"text-align: justify\">3. Difusi\u00f3n y aplicaci\u00f3n del protocolo de detecci\u00f3n, identificaci\u00f3n del alumnado con necesidades espec\u00edficas de apoyo educativo y organizaci\u00f3n de la respuesta educativa establecida en las Instrucciones de 8 de marzo de 2017 de la Direcci\u00f3n General de Participaci\u00f3n y Equidad.<\/p>\n<p style=\"text-align: justify\">4. Valoraci\u00f3n del alumnado de NEE, con elaboraci\u00f3n de los correspondientes informes de evaluaci\u00f3n psicopedag\u00f3gica y los dict\u00e1menes de escolarizaci\u00f3n, cumplimentados y grabados en el m\u00f3dulo de Gesti\u00f3n de la Orientaci\u00f3n de S\u00e9neca.<\/p>\n<p style=\"text-align: justify\">5. Asesoramiento al profesorado, familias, y tutores legales, sobre propuestas de intervenci\u00f3n y\/o pautas educativas espec\u00edficas para la mejora del proceso de ensen\u0303anza-aprendizaje de los alumnos\/as con NEE.<\/p>\n<p style=\"text-align: justify\">6. Coordinaci\u00f3n con los distintos Servicios p\u00fablicos, fundamentalmente Salud y Servicios Sociales, que atienden al alumnado NEE fuera del contexto educativo.<\/p>\n<p style=\"text-align: justify\">7. Mejorar la comunicaci\u00f3n y coordinaci\u00f3n con los profesionales de la orientaci\u00f3n que ejercen sus funciones en IES y CDP con objeto de minimizar las incidencias en la emisi\u00f3n de dict\u00e1menes de escolarizaci\u00f3n.<\/p>\n<p style=\"text-align: justify\">8. Coordinaci\u00f3n y planificaci\u00f3n de la intervenci\u00f3n de los orientadores\/as especialistas del EOE-E en los centros educativos, para el asesoramiento, identificaci\u00f3n y\/o valoraci\u00f3n en el proceso de valoraci\u00f3n psicopedag\u00f3gica del alumnado NEE, a petici\u00f3n de los Equipos de Orientaci\u00f3n Educativa.<\/p>\n","protected":false},"excerpt":{"rendered":"<p>En el \u00e1rea de Necesidades Educativas Especiales, llevamos a cabo intervenciones relacionadas con:&nbsp; 1. Asesoramiento para el desarrollo de la normativa vigente en la atenci\u00f3n al alumnado con NEE. 2. Orientaci\u00f3n al profesorado y equipos directivos en lo que se refiere a las medidas espec\u00edficas de atenci\u00f3n a la diversidad. Seguimiento de la aplicaci\u00f3n de &hellip; <\/p>\n<p class=\"link-more\"><a href=\"https:\/\/blogsaverroes.juntadeandalucia.es\/eoevejerdelafrontera\/?page_id=145\" class=\"more-link\">Continuar leyendo<span class=\"screen-reader-text\"> \u00ab\u00c1REA DE NECESIDADES EDUCATIVAS ESPECIALES\u00bb<\/span><\/a><\/p>\n","protected":false},"author":17049,"featured_media":0,"parent":0,"menu_order":0,"comment_status":"closed","ping_status":"closed","template":"","meta":{"ngg_post_thumbnail":0,"footnotes":""},"aioseo_notices":[],"_links":{"self":[{"href":"https:\/\/blogsaverroes.juntadeandalucia.es\/eoevejerdelafrontera\/index.php?rest_route=\/wp\/v2\/pages\/145"}],"collection":[{"href":"https:\/\/blogsaverroes.juntadeandalucia.es\/eoevejerdelafrontera\/index.php?rest_route=\/wp\/v2\/pages"}],"about":[{"href":"https:\/\/blogsaverroes.juntadeandalucia.es\/eoevejerdelafrontera\/index.php?rest_route=\/wp\/v2\/types\/page"}],"author":[{"embeddable":true,"href":"https:\/\/blogsaverroes.juntadeandalucia.es\/eoevejerdelafrontera\/index.php?rest_route=\/wp\/v2\/users\/17049"}],"replies":[{"embeddable":true,"href":"https:\/\/blogsaverroes.juntadeandalucia.es\/eoevejerdelafrontera\/index.php?rest_route=%2Fwp%2Fv2%2Fcomments&post=145"}],"version-history":[{"count":4,"href":"https:\/\/blogsaverroes.juntadeandalucia.es\/eoevejerdelafrontera\/index.php?rest_route=\/wp\/v2\/pages\/145\/revisions"}],"predecessor-version":[{"id":223,"href":"https:\/\/blogsaverroes.juntadeandalucia.es\/eoevejerdelafrontera\/index.php?rest_route=\/wp\/v2\/pages\/145\/revisions\/223"}],"wp:attachment":[{"href":"https:\/\/blogsaverroes.juntadeandalucia.es\/eoevejerdelafrontera\/index.php?rest_route=%2Fwp%2Fv2%2Fmedia&parent=145"}],"curies":[{"name":"wp","href":"https:\/\/api.w.org\/{rel}","templated":true}]}}