{"id":189,"date":"2023-05-23T10:27:18","date_gmt":"2023-05-23T10:27:18","guid":{"rendered":"https:\/\/blogsaverroes.juntadeandalucia.es\/eoevejerdelafrontera\/?page_id=189"},"modified":"2023-05-23T16:37:14","modified_gmt":"2023-05-23T16:37:14","slug":"protocolo-de-deteccion-e-identificacion-neae","status":"publish","type":"page","link":"https:\/\/blogsaverroes.juntadeandalucia.es\/eoevejerdelafrontera\/?page_id=189","title":{"rendered":"Protocolo de detecci\u00f3n e identificaci\u00f3n NEAE"},"content":{"rendered":"<p style=\"text-align: justify\" data-adtags-visited=\"true\">Un <strong>sistema educativo inclusivo<\/strong> debe garantizar la equidad en el acceso, en la permanencia y en la b\u00fasqueda del mayor \u00e9xito escolar de todo el alumnado. Para ello, es preciso contar con un<strong> sistema de prevenci\u00f3n, detecci\u00f3n e identificaci\u00f3n de las necesidades educativas<\/strong> que el alumnado pudiese presentar a lo largo de su escolarizaci\u00f3n para poder adoptar la respuesta educativa que cada caso requiera.<\/p>\n<p style=\"text-align: justify\" data-adtags-visited=\"true\">En este sentido, los centros docentes garantizar\u00e1n la puesta en marcha de los mecanismos y procedimientos para la identificaci\u00f3n de las necesidades espec\u00edficas de apoyo educativo que un alumno o alumna pueda presentar, de forma que sea posible establecer la atenci\u00f3n educativa diferente a la ordinaria que requerir\u00e1 con el fin de alcanzar el m\u00e1ximo desarrollo posible del curr\u00edculo ordinario o adaptado.<\/p>\n<p style=\"text-align: justify\" data-adtags-visited=\"true\">El papel de los equipos directivos, el profesorado y de las y los profesionales de la orientaci\u00f3n, en este \u00e1mbito, resulta determinante.<\/p>\n<p style=\"text-align: justify\" data-adtags-visited=\"true\">As\u00ed, con el objetivo de unificar las actuaciones para la prevenci\u00f3n, detecci\u00f3n e identificaci\u00f3n de las necesidades educativas del alumnado,&nbsp;<br \/>\nnace este protocolo con el que se homologan dichas actuaciones y se ofrecen propuestas orientaciones desde la estimulaci\u00f3n del desarrollo en las edades m\u00e1s tempranas, hasta la organizaci\u00f3n de la respuesta educativa del alumnado en centros ordinarios y centros espec\u00edficos, pasando por la detecci\u00f3n de indicios de NEAE, la realizaci\u00f3n de la evaluaci\u00f3n psicopedag\u00f3gica o la elaboraci\u00f3n de los dict\u00e1menes de escolarizaci\u00f3n.<\/p>\n<p style=\"text-align: justify\" data-adtags-visited=\"true\">En el <strong>sitio web de la Consejer\u00eda de Educaci\u00f3n<\/strong> existe un <strong>portal de apoyo al Protocolo<\/strong> que se regula en las presentes instrucciones.<\/p>\n<p style=\"text-align: justify\" data-adtags-visited=\"true\">&nbsp;<\/p>\n<p data-adtags-visited=\"true\"><a href=\"https:\/\/www.juntadeandalucia.es\/educacion\/portals\/web\/protocolo-neae\"><img loading=\"lazy\" decoding=\"async\" class=\" wp-image-208 aligncenter\" src=\"https:\/\/blogsaverroes.juntadeandalucia.es\/eoevejerdelafrontera\/files\/2023\/05\/2023-05-23-2-300x143.png\" alt=\"\" width=\"348\" height=\"166\" srcset=\"https:\/\/blogsaverroes.juntadeandalucia.es\/eoevejerdelafrontera\/files\/2023\/05\/2023-05-23-2-300x143.png 300w, https:\/\/blogsaverroes.juntadeandalucia.es\/eoevejerdelafrontera\/files\/2023\/05\/2023-05-23-2-1024x489.png 1024w, https:\/\/blogsaverroes.juntadeandalucia.es\/eoevejerdelafrontera\/files\/2023\/05\/2023-05-23-2-768x367.png 768w, https:\/\/blogsaverroes.juntadeandalucia.es\/eoevejerdelafrontera\/files\/2023\/05\/2023-05-23-2-1536x733.png 1536w, https:\/\/blogsaverroes.juntadeandalucia.es\/eoevejerdelafrontera\/files\/2023\/05\/2023-05-23-2.png 1844w\" sizes=\"(max-width: 348px) 100vw, 348px\" \/><\/a><\/p>\n<p data-adtags-visited=\"true\">&nbsp;<\/p>\n<p data-adtags-visited=\"true\">Nuestra compa\u00f1era Susana Puerta Ramos\ud83d\ude4b\ud83c\udffb\u200d\u2640\ufe0f, del EOE de Marbella, nos aporta un documento que nos permite, de forma breve y visual, comprender en qu\u00e9 consiste el protocolo de detecci\u00f3n e identificaci\u00f3n del alumnado con NEAE. Se trata de un documento \u00fatil que nos muestra cada uno de los pasos que tenemos que ir dando para ponerlo en pr\u00e1ctica de un modo satisfactorio\ud83c\udfc6.<\/p>\n<p data-adtags-visited=\"true\">Su lectura\ud83d\udcda&nbsp;es muy recomendable para el profesorado\ud83d\udc69\u200d\ud83c\udfeb\ud83d\udc68\u200d\ud83c\udfeb<\/p>\n<p data-adtags-visited=\"true\"><a href=\"https:\/\/eoemarbella.files.wordpress.com\/2020\/03\/resumen-protocolo-neae.pptx\"><strong><span class=\"has-inline-color has-primary-color\">RESUMEN PROTOCOLO NEAE&nbsp; &nbsp; &nbsp; &nbsp; &nbsp; &nbsp;<\/span><\/strong><em><span class=\"has-inline-color has-primary-color\"><img loading=\"lazy\" decoding=\"async\" class=\"alignnone wp-image-206\" src=\"https:\/\/blogsaverroes.juntadeandalucia.es\/eoevejerdelafrontera\/files\/2023\/05\/8199642-300x93.jpg\" alt=\"\" width=\"135\" height=\"42\" srcset=\"https:\/\/blogsaverroes.juntadeandalucia.es\/eoevejerdelafrontera\/files\/2023\/05\/8199642-300x93.jpg 300w, https:\/\/blogsaverroes.juntadeandalucia.es\/eoevejerdelafrontera\/files\/2023\/05\/8199642-768x239.jpg 768w, https:\/\/blogsaverroes.juntadeandalucia.es\/eoevejerdelafrontera\/files\/2023\/05\/8199642.jpg 782w\" sizes=\"(max-width: 135px) 100vw, 135px\" \/><\/span><\/em><\/a><\/p>\n","protected":false},"excerpt":{"rendered":"<p>Un sistema educativo inclusivo debe garantizar la equidad en el acceso, en la permanencia y en la b\u00fasqueda del mayor \u00e9xito escolar de todo el alumnado. Para ello, es preciso contar con un sistema de prevenci\u00f3n, detecci\u00f3n e identificaci\u00f3n de las necesidades educativas que el alumnado pudiese presentar a lo largo de su escolarizaci\u00f3n para &hellip; <\/p>\n<p class=\"link-more\"><a href=\"https:\/\/blogsaverroes.juntadeandalucia.es\/eoevejerdelafrontera\/?page_id=189\" class=\"more-link\">Continuar leyendo<span class=\"screen-reader-text\"> \u00abProtocolo de detecci\u00f3n e identificaci\u00f3n NEAE\u00bb<\/span><\/a><\/p>\n","protected":false},"author":17049,"featured_media":0,"parent":0,"menu_order":0,"comment_status":"closed","ping_status":"closed","template":"","meta":{"ngg_post_thumbnail":0,"footnotes":""},"aioseo_notices":[],"_links":{"self":[{"href":"https:\/\/blogsaverroes.juntadeandalucia.es\/eoevejerdelafrontera\/index.php?rest_route=\/wp\/v2\/pages\/189"}],"collection":[{"href":"https:\/\/blogsaverroes.juntadeandalucia.es\/eoevejerdelafrontera\/index.php?rest_route=\/wp\/v2\/pages"}],"about":[{"href":"https:\/\/blogsaverroes.juntadeandalucia.es\/eoevejerdelafrontera\/index.php?rest_route=\/wp\/v2\/types\/page"}],"author":[{"embeddable":true,"href":"https:\/\/blogsaverroes.juntadeandalucia.es\/eoevejerdelafrontera\/index.php?rest_route=\/wp\/v2\/users\/17049"}],"replies":[{"embeddable":true,"href":"https:\/\/blogsaverroes.juntadeandalucia.es\/eoevejerdelafrontera\/index.php?rest_route=%2Fwp%2Fv2%2Fcomments&post=189"}],"version-history":[{"count":6,"href":"https:\/\/blogsaverroes.juntadeandalucia.es\/eoevejerdelafrontera\/index.php?rest_route=\/wp\/v2\/pages\/189\/revisions"}],"predecessor-version":[{"id":225,"href":"https:\/\/blogsaverroes.juntadeandalucia.es\/eoevejerdelafrontera\/index.php?rest_route=\/wp\/v2\/pages\/189\/revisions\/225"}],"wp:attachment":[{"href":"https:\/\/blogsaverroes.juntadeandalucia.es\/eoevejerdelafrontera\/index.php?rest_route=%2Fwp%2Fv2%2Fmedia&parent=189"}],"curies":[{"name":"wp","href":"https:\/\/api.w.org\/{rel}","templated":true}]}}