{"id":261,"date":"2023-05-24T11:29:31","date_gmt":"2023-05-24T11:29:31","guid":{"rendered":"https:\/\/blogsaverroes.juntadeandalucia.es\/eoevejerdelafrontera\/?page_id=261"},"modified":"2023-05-24T11:33:51","modified_gmt":"2023-05-24T11:33:51","slug":"paquete-basico-dua","status":"publish","type":"page","link":"https:\/\/blogsaverroes.juntadeandalucia.es\/eoevejerdelafrontera\/?page_id=261","title":{"rendered":"Paquete B\u00e1sico DUA"},"content":{"rendered":"<p style=\"text-align: justify\">El \u00abPack DUA B\u00e1sico\u00bb elaborado por Antonio M\u00e1rquez, pretende simplificar la mayor parte de los puntos de verificaci\u00f3n del DUA para que los docentes se inicien en este proceso de Dise\u00f1o Universal y poco a poco vayan descubriendo sus bondades.<\/p>\n<p style=\"text-align: justify\">En ning\u00fan caso pretende ser un sustituto del DUA, pero s\u00ed pretende, y con esa pretensi\u00f3n nace, hacer dar un peque\u00f1o paso a los docentes con el que puedan verificar la facilidad y la utilidad de hacer dise\u00f1os accesibles para todos. En este proceso podr\u00e1n verificar que con simples ajustes en sus dise\u00f1os pueden eliminar casi la totalidad de adaptaciones curriculares posteriores. Esto les har\u00e1 tener una visi\u00f3n m\u00e1s cercana de la necesidad de excluir de nuestro modelo pedag\u00f3gico la participaci\u00f3n paralela y excluyente que supone el uso de Adaptaciones Curriculares Significativas o de Altas Capacidades.<\/p>\n<p>&nbsp;<\/p>\n<p><a href=\"https:\/\/www.antonioamarquez.com\/paquete-basico-dua\/\"><img loading=\"lazy\" decoding=\"async\" class=\"size-medium wp-image-262 aligncenter\" src=\"https:\/\/blogsaverroes.juntadeandalucia.es\/eoevejerdelafrontera\/files\/2023\/05\/4-300x169.png\" alt=\"\" width=\"300\" height=\"169\" srcset=\"https:\/\/blogsaverroes.juntadeandalucia.es\/eoevejerdelafrontera\/files\/2023\/05\/4-300x169.png 300w, https:\/\/blogsaverroes.juntadeandalucia.es\/eoevejerdelafrontera\/files\/2023\/05\/4-1024x577.png 1024w, https:\/\/blogsaverroes.juntadeandalucia.es\/eoevejerdelafrontera\/files\/2023\/05\/4-768x433.png 768w, https:\/\/blogsaverroes.juntadeandalucia.es\/eoevejerdelafrontera\/files\/2023\/05\/4.png 1098w\" sizes=\"(max-width: 300px) 100vw, 300px\" \/><\/a><\/p>\n<p style=\"text-align: center\"><a href=\"https:\/\/www.antonioamarquez.com\/paquete-basico-dua\/\">ACCEDER<\/a><\/p>\n<p>&nbsp;<\/p>\n<p>&nbsp;<\/p>\n","protected":false},"excerpt":{"rendered":"<p>El \u00abPack DUA B\u00e1sico\u00bb elaborado por Antonio M\u00e1rquez, pretende simplificar la mayor parte de los puntos de verificaci\u00f3n del DUA para que los docentes se inicien en este proceso de Dise\u00f1o Universal y poco a poco vayan descubriendo sus bondades. En ning\u00fan caso pretende ser un sustituto del DUA, pero s\u00ed pretende, y con esa &hellip; <\/p>\n<p class=\"link-more\"><a href=\"https:\/\/blogsaverroes.juntadeandalucia.es\/eoevejerdelafrontera\/?page_id=261\" class=\"more-link\">Continuar leyendo<span class=\"screen-reader-text\"> \u00abPaquete B\u00e1sico DUA\u00bb<\/span><\/a><\/p>\n","protected":false},"author":17049,"featured_media":0,"parent":0,"menu_order":0,"comment_status":"closed","ping_status":"closed","template":"","meta":{"ngg_post_thumbnail":0,"footnotes":""},"aioseo_notices":[],"_links":{"self":[{"href":"https:\/\/blogsaverroes.juntadeandalucia.es\/eoevejerdelafrontera\/index.php?rest_route=\/wp\/v2\/pages\/261"}],"collection":[{"href":"https:\/\/blogsaverroes.juntadeandalucia.es\/eoevejerdelafrontera\/index.php?rest_route=\/wp\/v2\/pages"}],"about":[{"href":"https:\/\/blogsaverroes.juntadeandalucia.es\/eoevejerdelafrontera\/index.php?rest_route=\/wp\/v2\/types\/page"}],"author":[{"embeddable":true,"href":"https:\/\/blogsaverroes.juntadeandalucia.es\/eoevejerdelafrontera\/index.php?rest_route=\/wp\/v2\/users\/17049"}],"replies":[{"embeddable":true,"href":"https:\/\/blogsaverroes.juntadeandalucia.es\/eoevejerdelafrontera\/index.php?rest_route=%2Fwp%2Fv2%2Fcomments&post=261"}],"version-history":[{"count":2,"href":"https:\/\/blogsaverroes.juntadeandalucia.es\/eoevejerdelafrontera\/index.php?rest_route=\/wp\/v2\/pages\/261\/revisions"}],"predecessor-version":[{"id":265,"href":"https:\/\/blogsaverroes.juntadeandalucia.es\/eoevejerdelafrontera\/index.php?rest_route=\/wp\/v2\/pages\/261\/revisions\/265"}],"wp:attachment":[{"href":"https:\/\/blogsaverroes.juntadeandalucia.es\/eoevejerdelafrontera\/index.php?rest_route=%2Fwp%2Fv2%2Fmedia&parent=261"}],"curies":[{"name":"wp","href":"https:\/\/api.w.org\/{rel}","templated":true}]}}