{"id":328,"date":"2023-06-13T14:49:52","date_gmt":"2023-06-13T14:49:52","guid":{"rendered":"https:\/\/blogsaverroes.juntadeandalucia.es\/eoevejerdelafrontera\/?page_id=328"},"modified":"2023-06-13T14:49:52","modified_gmt":"2023-06-13T14:49:52","slug":"documento-tecnico-de-orientacion-academica-y-profesional-2023-24","status":"publish","type":"page","link":"https:\/\/blogsaverroes.juntadeandalucia.es\/eoevejerdelafrontera\/?page_id=328","title":{"rendered":"Documento t\u00e9cnico de Orientaci\u00f3n Acad\u00e9mica y Profesional 2023-24"},"content":{"rendered":"<p>Tal y como se publica en el portal de Orientaci\u00f3n C\u00e1diz, por&nbsp;fin se publica el <strong>documento t\u00e9cnico de Orientaci\u00f3n Acad\u00e9mica y Profesional 2023-24<\/strong> que se ha desarrollado, como cada a\u00f1o, entre los profesionales que sumen la coordinaci\u00f3n del \u00c1rea de Orientaci\u00f3n Vocacional y Profesional de los Equipos T\u00e9cnicos Provinciales de Orientaci\u00f3n Educativa y Profesional.<\/p>\n<p>Incluye interesantes novedades, adem\u00e1s de los enlaces a la nueva normativa sobre convalidaciones, Bachillerato Internacional, estudios en el extranjero, emprendimiento, becas, alojamiento para universitarios\u2026<\/p>\n<p>Esperamos os sea de gran ayuda.<\/p>\n<p><a href=\"https:\/\/drive.google.com\/file\/d\/1seam9x4fw_baDCj_NRT0cvAb7xMGDdoT\/view?usp=drive_link\"><img loading=\"lazy\" decoding=\"async\" class=\"alignnone size-medium wp-image-317\" src=\"https:\/\/blogsaverroes.juntadeandalucia.es\/eoevejerdelafrontera\/files\/2023\/06\/2023-06-13-2-211x300.png\" alt=\"\" width=\"211\" height=\"300\" srcset=\"https:\/\/blogsaverroes.juntadeandalucia.es\/eoevejerdelafrontera\/files\/2023\/06\/2023-06-13-2-211x300.png 211w, https:\/\/blogsaverroes.juntadeandalucia.es\/eoevejerdelafrontera\/files\/2023\/06\/2023-06-13-2.png 526w\" sizes=\"(max-width: 211px) 100vw, 211px\" \/><\/a><\/p>\n<p><span style=\"font-size: 8pt\">&nbsp; &nbsp; &nbsp; &nbsp; &nbsp; &nbsp; &nbsp; &nbsp; &nbsp; <strong>&nbsp; <a href=\"https:\/\/drive.google.com\/file\/d\/1seam9x4fw_baDCj_NRT0cvAb7xMGDdoT\/view?usp=drive_link\">Pulsa para descargar<\/a><\/strong><\/span><\/p>\n","protected":false},"excerpt":{"rendered":"<p>Tal y como se publica en el portal de Orientaci\u00f3n C\u00e1diz, por&nbsp;fin se publica el documento t\u00e9cnico de Orientaci\u00f3n Acad\u00e9mica y Profesional 2023-24 que se ha desarrollado, como cada a\u00f1o, entre los profesionales que sumen la coordinaci\u00f3n del \u00c1rea de Orientaci\u00f3n Vocacional y Profesional de los Equipos T\u00e9cnicos Provinciales de Orientaci\u00f3n Educativa y Profesional. Incluye &hellip; <\/p>\n<p class=\"link-more\"><a href=\"https:\/\/blogsaverroes.juntadeandalucia.es\/eoevejerdelafrontera\/?page_id=328\" class=\"more-link\">Continuar leyendo<span class=\"screen-reader-text\"> \u00abDocumento t\u00e9cnico de Orientaci\u00f3n Acad\u00e9mica y Profesional 2023-24\u00bb<\/span><\/a><\/p>\n","protected":false},"author":17049,"featured_media":0,"parent":0,"menu_order":0,"comment_status":"closed","ping_status":"closed","template":"","meta":{"ngg_post_thumbnail":0,"footnotes":""},"aioseo_notices":[],"_links":{"self":[{"href":"https:\/\/blogsaverroes.juntadeandalucia.es\/eoevejerdelafrontera\/index.php?rest_route=\/wp\/v2\/pages\/328"}],"collection":[{"href":"https:\/\/blogsaverroes.juntadeandalucia.es\/eoevejerdelafrontera\/index.php?rest_route=\/wp\/v2\/pages"}],"about":[{"href":"https:\/\/blogsaverroes.juntadeandalucia.es\/eoevejerdelafrontera\/index.php?rest_route=\/wp\/v2\/types\/page"}],"author":[{"embeddable":true,"href":"https:\/\/blogsaverroes.juntadeandalucia.es\/eoevejerdelafrontera\/index.php?rest_route=\/wp\/v2\/users\/17049"}],"replies":[{"embeddable":true,"href":"https:\/\/blogsaverroes.juntadeandalucia.es\/eoevejerdelafrontera\/index.php?rest_route=%2Fwp%2Fv2%2Fcomments&post=328"}],"version-history":[{"count":1,"href":"https:\/\/blogsaverroes.juntadeandalucia.es\/eoevejerdelafrontera\/index.php?rest_route=\/wp\/v2\/pages\/328\/revisions"}],"predecessor-version":[{"id":330,"href":"https:\/\/blogsaverroes.juntadeandalucia.es\/eoevejerdelafrontera\/index.php?rest_route=\/wp\/v2\/pages\/328\/revisions\/330"}],"wp:attachment":[{"href":"https:\/\/blogsaverroes.juntadeandalucia.es\/eoevejerdelafrontera\/index.php?rest_route=%2Fwp%2Fv2%2Fmedia&parent=328"}],"curies":[{"name":"wp","href":"https:\/\/api.w.org\/{rel}","templated":true}]}}