{"id":333,"date":"2023-06-13T14:53:25","date_gmt":"2023-06-13T14:53:25","guid":{"rendered":"https:\/\/blogsaverroes.juntadeandalucia.es\/eoevejerdelafrontera\/?page_id=333"},"modified":"2023-06-13T14:53:50","modified_gmt":"2023-06-13T14:53:50","slug":"documentos-accion-tutorial-y-transito-de-etapas","status":"publish","type":"page","link":"https:\/\/blogsaverroes.juntadeandalucia.es\/eoevejerdelafrontera\/?page_id=333","title":{"rendered":"Documentos acci\u00f3n tutorial y tr\u00e1nsito de etapas"},"content":{"rendered":"<p style=\"text-align: justify\">Difundimos documentos \u00fatiles para la funci\u00f3n tutorial que se pueden encontrar en el portal de Orientaci\u00f3n C\u00e1diz, concretamente en el \u00e1rea de funci\u00f3n tutorial.&nbsp;<\/p>\n<p>Estos son:&nbsp;<\/p>\n<p><strong>Presentaci\u00f3n \u00abNos preparamos para el colegio\u00bb<\/strong><\/p>\n<p>&nbsp;<a href=\"https:\/\/drive.google.com\/file\/d\/1Rfcmxkvi84tZ-QXTtI-9DclaGgSsnEXX\/view?usp=drive_link\"><img loading=\"lazy\" decoding=\"async\" class=\"alignnone size-medium wp-image-316\" src=\"https:\/\/blogsaverroes.juntadeandalucia.es\/eoevejerdelafrontera\/files\/2023\/06\/2023-06-13-1-300x169.png\" alt=\"\" width=\"300\" height=\"169\" srcset=\"https:\/\/blogsaverroes.juntadeandalucia.es\/eoevejerdelafrontera\/files\/2023\/06\/2023-06-13-1-300x169.png 300w, https:\/\/blogsaverroes.juntadeandalucia.es\/eoevejerdelafrontera\/files\/2023\/06\/2023-06-13-1-1024x575.png 1024w, https:\/\/blogsaverroes.juntadeandalucia.es\/eoevejerdelafrontera\/files\/2023\/06\/2023-06-13-1-768x432.png 768w, https:\/\/blogsaverroes.juntadeandalucia.es\/eoevejerdelafrontera\/files\/2023\/06\/2023-06-13-1.png 1178w\" sizes=\"(max-width: 300px) 100vw, 300px\" \/><\/a>&nbsp;<\/p>\n<p style=\"text-align: left\"><span style=\"font-size: 8pt\"><strong>&nbsp; &nbsp; &nbsp; &nbsp; &nbsp; &nbsp; &nbsp; &nbsp; &nbsp; &nbsp; &nbsp; &nbsp; &nbsp; &nbsp;<a href=\"https:\/\/drive.google.com\/file\/d\/1Rfcmxkvi84tZ-QXTtI-9DclaGgSsnEXX\/view?usp=drive_link\"> PULSA PARA DESCARGAR<\/a><\/strong><\/span><\/p>\n<p>&nbsp;<\/p>\n<p>&nbsp;<\/p>\n<p><strong>Documento de apoyo al programa de tr\u00e1nsito.&nbsp;<\/strong><\/p>\n<p>&nbsp;<\/p>\n<p><a href=\"https:\/\/drive.google.com\/file\/d\/1HS3CQfU3yANRsUEyt4kh5lOI97A71m7G\/view?usp=drive_link\"><img loading=\"lazy\" decoding=\"async\" class=\"alignnone size-medium wp-image-315\" src=\"https:\/\/blogsaverroes.juntadeandalucia.es\/eoevejerdelafrontera\/files\/2023\/06\/20-300x189.png\" alt=\"\" width=\"300\" height=\"189\" srcset=\"https:\/\/blogsaverroes.juntadeandalucia.es\/eoevejerdelafrontera\/files\/2023\/06\/20-300x189.png 300w, https:\/\/blogsaverroes.juntadeandalucia.es\/eoevejerdelafrontera\/files\/2023\/06\/20-1024x645.png 1024w, https:\/\/blogsaverroes.juntadeandalucia.es\/eoevejerdelafrontera\/files\/2023\/06\/20-768x484.png 768w, https:\/\/blogsaverroes.juntadeandalucia.es\/eoevejerdelafrontera\/files\/2023\/06\/20.png 1191w\" sizes=\"(max-width: 300px) 100vw, 300px\" \/><\/a><\/p>\n<p><span style=\"font-size: 8pt\"><strong>&nbsp; &nbsp; &nbsp; &nbsp; &nbsp; &nbsp; &nbsp; &nbsp; &nbsp; &nbsp; &nbsp; &nbsp; &nbsp;<a href=\"https:\/\/drive.google.com\/file\/d\/1HS3CQfU3yANRsUEyt4kh5lOI97A71m7G\/view?usp=drive_link\"> &nbsp; PULSA PARA DESCARGAR<\/a><\/strong><\/span><\/p>\n","protected":false},"excerpt":{"rendered":"<p>Difundimos documentos \u00fatiles para la funci\u00f3n tutorial que se pueden encontrar en el portal de Orientaci\u00f3n C\u00e1diz, concretamente en el \u00e1rea de funci\u00f3n tutorial.&nbsp; Estos son:&nbsp; Presentaci\u00f3n \u00abNos preparamos para el colegio\u00bb &nbsp;&nbsp; &nbsp; &nbsp; &nbsp; &nbsp; &nbsp; &nbsp; &nbsp; &nbsp; &nbsp; &nbsp; &nbsp; &nbsp; &nbsp; &nbsp; PULSA PARA DESCARGAR &nbsp; &nbsp; Documento de apoyo &hellip; <\/p>\n<p class=\"link-more\"><a href=\"https:\/\/blogsaverroes.juntadeandalucia.es\/eoevejerdelafrontera\/?page_id=333\" class=\"more-link\">Continuar leyendo<span class=\"screen-reader-text\"> \u00abDocumentos acci\u00f3n tutorial y tr\u00e1nsito de etapas\u00bb<\/span><\/a><\/p>\n","protected":false},"author":17049,"featured_media":0,"parent":0,"menu_order":0,"comment_status":"closed","ping_status":"closed","template":"","meta":{"ngg_post_thumbnail":0,"footnotes":""},"aioseo_notices":[],"_links":{"self":[{"href":"https:\/\/blogsaverroes.juntadeandalucia.es\/eoevejerdelafrontera\/index.php?rest_route=\/wp\/v2\/pages\/333"}],"collection":[{"href":"https:\/\/blogsaverroes.juntadeandalucia.es\/eoevejerdelafrontera\/index.php?rest_route=\/wp\/v2\/pages"}],"about":[{"href":"https:\/\/blogsaverroes.juntadeandalucia.es\/eoevejerdelafrontera\/index.php?rest_route=\/wp\/v2\/types\/page"}],"author":[{"embeddable":true,"href":"https:\/\/blogsaverroes.juntadeandalucia.es\/eoevejerdelafrontera\/index.php?rest_route=\/wp\/v2\/users\/17049"}],"replies":[{"embeddable":true,"href":"https:\/\/blogsaverroes.juntadeandalucia.es\/eoevejerdelafrontera\/index.php?rest_route=%2Fwp%2Fv2%2Fcomments&post=333"}],"version-history":[{"count":1,"href":"https:\/\/blogsaverroes.juntadeandalucia.es\/eoevejerdelafrontera\/index.php?rest_route=\/wp\/v2\/pages\/333\/revisions"}],"predecessor-version":[{"id":335,"href":"https:\/\/blogsaverroes.juntadeandalucia.es\/eoevejerdelafrontera\/index.php?rest_route=\/wp\/v2\/pages\/333\/revisions\/335"}],"wp:attachment":[{"href":"https:\/\/blogsaverroes.juntadeandalucia.es\/eoevejerdelafrontera\/index.php?rest_route=%2Fwp%2Fv2%2Fmedia&parent=333"}],"curies":[{"name":"wp","href":"https:\/\/api.w.org\/{rel}","templated":true}]}}