{"id":60,"date":"2023-05-19T11:43:33","date_gmt":"2023-05-19T11:43:33","guid":{"rendered":"https:\/\/blogsaverroes.juntadeandalucia.es\/eoevejerdelafrontera\/?page_id=60"},"modified":"2023-05-24T11:37:18","modified_gmt":"2023-05-24T11:37:18","slug":"alumnado-nueva-escolarizacion","status":"publish","type":"page","link":"https:\/\/blogsaverroes.juntadeandalucia.es\/eoevejerdelafrontera\/?page_id=60","title":{"rendered":"ASESORAMIENTO Y ACTUACIONES POR \u00c1REAS"},"content":{"rendered":"<p style=\"text-align: justify\">En este espacio ofreceremos <strong>asesoramiento al profesorado<\/strong> de nuestros centros, en relaci\u00f3n a las l\u00edneas de actuaci\u00f3n por \u00e1reas que contemplamos en nuestro Plan Anual de Actuaci\u00f3n:<\/p>\n<p style=\"text-align: justify\">A) \u00c1rea de Apoyo a la Funci\u00f3n Tutorial y mejora de la Convivencia Escolar.<\/p>\n<p style=\"text-align: justify\">B) \u00c1rea de Orientaci\u00f3n Vocacional y Profesional.<\/p>\n<p style=\"text-align: justify\">C) \u00c1rea de Compensaci\u00f3n Educativa.<\/p>\n<p style=\"text-align: justify\">D) \u00c1rea de Necesidades Educativas Especiales.<\/p>\n<p style=\"text-align: justify\">E) \u00c1rea de Recursos T\u00e9cnicos<\/p>\n<p style=\"text-align: justify\">&nbsp;<\/p>\n<p style=\"text-align: justify\">&nbsp;<\/p>\n","protected":false},"excerpt":{"rendered":"<p>En este espacio ofreceremos asesoramiento al profesorado de nuestros centros, en relaci\u00f3n a las l\u00edneas de actuaci\u00f3n por \u00e1reas que contemplamos en nuestro Plan Anual de Actuaci\u00f3n: A) \u00c1rea de Apoyo a la Funci\u00f3n Tutorial y mejora de la Convivencia Escolar. B) \u00c1rea de Orientaci\u00f3n Vocacional y Profesional. C) \u00c1rea de Compensaci\u00f3n Educativa. D) \u00c1rea &hellip; <\/p>\n<p class=\"link-more\"><a href=\"https:\/\/blogsaverroes.juntadeandalucia.es\/eoevejerdelafrontera\/?page_id=60\" class=\"more-link\">Continuar leyendo<span class=\"screen-reader-text\"> \u00abASESORAMIENTO Y ACTUACIONES POR \u00c1REAS\u00bb<\/span><\/a><\/p>\n","protected":false},"author":17049,"featured_media":0,"parent":0,"menu_order":0,"comment_status":"closed","ping_status":"closed","template":"","meta":{"ngg_post_thumbnail":0,"footnotes":""},"aioseo_notices":[],"_links":{"self":[{"href":"https:\/\/blogsaverroes.juntadeandalucia.es\/eoevejerdelafrontera\/index.php?rest_route=\/wp\/v2\/pages\/60"}],"collection":[{"href":"https:\/\/blogsaverroes.juntadeandalucia.es\/eoevejerdelafrontera\/index.php?rest_route=\/wp\/v2\/pages"}],"about":[{"href":"https:\/\/blogsaverroes.juntadeandalucia.es\/eoevejerdelafrontera\/index.php?rest_route=\/wp\/v2\/types\/page"}],"author":[{"embeddable":true,"href":"https:\/\/blogsaverroes.juntadeandalucia.es\/eoevejerdelafrontera\/index.php?rest_route=\/wp\/v2\/users\/17049"}],"replies":[{"embeddable":true,"href":"https:\/\/blogsaverroes.juntadeandalucia.es\/eoevejerdelafrontera\/index.php?rest_route=%2Fwp%2Fv2%2Fcomments&post=60"}],"version-history":[{"count":8,"href":"https:\/\/blogsaverroes.juntadeandalucia.es\/eoevejerdelafrontera\/index.php?rest_route=\/wp\/v2\/pages\/60\/revisions"}],"predecessor-version":[{"id":269,"href":"https:\/\/blogsaverroes.juntadeandalucia.es\/eoevejerdelafrontera\/index.php?rest_route=\/wp\/v2\/pages\/60\/revisions\/269"}],"wp:attachment":[{"href":"https:\/\/blogsaverroes.juntadeandalucia.es\/eoevejerdelafrontera\/index.php?rest_route=%2Fwp%2Fv2%2Fmedia&parent=60"}],"curies":[{"name":"wp","href":"https:\/\/api.w.org\/{rel}","templated":true}]}}