{"id":62,"date":"2023-05-19T11:43:33","date_gmt":"2023-05-19T11:43:33","guid":{"rendered":"https:\/\/blogsaverroes.juntadeandalucia.es\/eoevejerdelafrontera\/?page_id=62"},"modified":"2023-05-23T16:42:01","modified_gmt":"2023-05-23T16:42:01","slug":"quienes-somos","status":"publish","type":"page","link":"https:\/\/blogsaverroes.juntadeandalucia.es\/eoevejerdelafrontera\/","title":{"rendered":"QUI\u00c9NES SOMOS"},"content":{"rendered":"<p style=\"text-align: justify\">Somos el <strong>Equipo de Orientaci\u00f3n Educativa (EOE) de Vejer de la Frontera.<\/strong>&nbsp;<\/p>\n<p style=\"text-align: justify\">La Red Profesional de Orientaci\u00f3n Educativa de C\u00e1diz se distribuye en diferentes zonas compuestas por, al menos, un&nbsp;<strong>EOE<\/strong> y los Institutos de Educaci\u00f3n Secundaria (IES) adscritos a los Centros de Educaci\u00f3n Infantil y Primaria (CEIP) de la <strong>zona EOE<\/strong> correspondiente.<\/p>\n<p style=\"text-align: justify\">En total, en la provincia de C\u00e1diz hay 19 EOEs de \u00e1mbito zonal.<\/p>\n<p style=\"text-align: justify\">Nuestro EOE est\u00e1 <strong>compuesto<\/strong> por distintos profesionales que trabajan seg\u00fan sus competencias y siguiendo un Plan Anual de Actuaci\u00f3n. Concretamente, nuestro equipo est\u00e1 compuesto por seis orientadores\/as educativos, una m\u00e9dico y una maestra especialista en Audici\u00f3n y Lenguaje (A.L.).&nbsp;<\/p>\n<p style=\"text-align: justify\">Cada centro educativo CEIP tiene un orientador\/a de referencia, que desempe\u00f1a sus funciones en varios centros de la misma zona EOE y adem\u00e1s, es atendido por el resto de especialistas a demanda.<\/p>\n<p style=\"text-align: justify\">En el EOE de Vejer atendemos a todos los&nbsp; CEIP de Vejer, Las Lomas, Barbate, Zahara de los Atunes, Tarifa, Facinas y Tahivilla, adem\u00e1s de coordinarnos con&nbsp; los IES y con los centros concertados de estas localidades.&nbsp;<\/p>\n<p>&nbsp;<\/p>\n","protected":false},"excerpt":{"rendered":"<p>Somos el Equipo de Orientaci\u00f3n Educativa (EOE) de Vejer de la Frontera.&nbsp; La Red Profesional de Orientaci\u00f3n Educativa de C\u00e1diz se distribuye en diferentes zonas compuestas por, al menos, un&nbsp;EOE y los Institutos de Educaci\u00f3n Secundaria (IES) adscritos a los Centros de Educaci\u00f3n Infantil y Primaria (CEIP) de la zona EOE correspondiente. En total, en &hellip; <\/p>\n<p class=\"link-more\"><a href=\"https:\/\/blogsaverroes.juntadeandalucia.es\/eoevejerdelafrontera\/\" class=\"more-link\">Continuar leyendo<span class=\"screen-reader-text\"> \u00abQUI\u00c9NES SOMOS\u00bb<\/span><\/a><\/p>\n","protected":false},"author":17049,"featured_media":0,"parent":60,"menu_order":0,"comment_status":"closed","ping_status":"closed","template":"","meta":{"ngg_post_thumbnail":0,"footnotes":""},"aioseo_notices":[],"_links":{"self":[{"href":"https:\/\/blogsaverroes.juntadeandalucia.es\/eoevejerdelafrontera\/index.php?rest_route=\/wp\/v2\/pages\/62"}],"collection":[{"href":"https:\/\/blogsaverroes.juntadeandalucia.es\/eoevejerdelafrontera\/index.php?rest_route=\/wp\/v2\/pages"}],"about":[{"href":"https:\/\/blogsaverroes.juntadeandalucia.es\/eoevejerdelafrontera\/index.php?rest_route=\/wp\/v2\/types\/page"}],"author":[{"embeddable":true,"href":"https:\/\/blogsaverroes.juntadeandalucia.es\/eoevejerdelafrontera\/index.php?rest_route=\/wp\/v2\/users\/17049"}],"replies":[{"embeddable":true,"href":"https:\/\/blogsaverroes.juntadeandalucia.es\/eoevejerdelafrontera\/index.php?rest_route=%2Fwp%2Fv2%2Fcomments&post=62"}],"version-history":[{"count":3,"href":"https:\/\/blogsaverroes.juntadeandalucia.es\/eoevejerdelafrontera\/index.php?rest_route=\/wp\/v2\/pages\/62\/revisions"}],"predecessor-version":[{"id":230,"href":"https:\/\/blogsaverroes.juntadeandalucia.es\/eoevejerdelafrontera\/index.php?rest_route=\/wp\/v2\/pages\/62\/revisions\/230"}],"up":[{"embeddable":true,"href":"https:\/\/blogsaverroes.juntadeandalucia.es\/eoevejerdelafrontera\/index.php?rest_route=\/wp\/v2\/pages\/60"}],"wp:attachment":[{"href":"https:\/\/blogsaverroes.juntadeandalucia.es\/eoevejerdelafrontera\/index.php?rest_route=%2Fwp%2Fv2%2Fmedia&parent=62"}],"curies":[{"name":"wp","href":"https:\/\/api.w.org\/{rel}","templated":true}]}}