{"id":11,"date":"2022-12-07T10:00:35","date_gmt":"2022-12-07T10:00:35","guid":{"rendered":"https:\/\/blogsaverroes.juntadeandalucia.es\/eradigital\/?page_id=11"},"modified":"2022-12-07T10:00:35","modified_gmt":"2022-12-07T10:00:35","slug":"quien-soy","status":"publish","type":"page","link":"https:\/\/blogsaverroes.juntadeandalucia.es\/eradigital\/quien-soy\/","title":{"rendered":"\u00bfQui\u00e9n soy?"},"content":{"rendered":"<p>\u00a1Bienvenidos!<\/p>\n<p>Soy Pedro Delgado, profesor de Educaci\u00f3n Secundaria Obligatoria de la especialidad de Tecnolog\u00eda.<\/p>\n<p>A lo largo de mi vida profesional he estudiado Ingenier\u00eda T\u00e9cnica Industrial en Qu\u00edmica Industrial, diplomatura, e Ingenier\u00eda Industrial, licenciatura.<\/p>\n<p>Adem\u00e1s, decid\u00ed seguir form\u00e1ndome con estudios superiores: M\u00e1ster de Energ\u00edas Renovables, M\u00e1ster en Matem\u00e1ticas,&nbsp; M\u00e1ster de Prevenci\u00f3n de Riesgos Laborales y M\u00e1ster en Mediaci\u00f3n y Resoluci\u00f3n de Conflictos.<\/p>\n<p>Al cabo del tiempo, decid\u00ed dedicarme a la ense\u00f1anza y realice el M\u00e1ster Universitario en Profesorado de Educaci\u00f3n Secundaria Obligatoria y Bachillerato, Formaci\u00f3n Profesional y Ense\u00f1anza de Idiomas.<\/p>\n<p>A nivel profesional, he trabajado en el negocio familiar de mis padres: atracciones de feria.<br \/>\nTeniendo claro que no era mi objetivo, me dedique a estudiar y he realizado pr\u00e1cticas de empresa en estudios de arquitectura, refiner\u00eda de CEPSA, control agroalimentario, ingeniero medioambiental, operario de Red El\u00e9ctrica de Espa\u00f1a (REE), pero mi vocaci\u00f3n ha sido la educaci\u00f3n y decid\u00ed dar el paso para ser profesor.<\/p>\n<p>Saludos.<\/p>\n","protected":false},"excerpt":{"rendered":"<p>\u00a1Bienvenidos! Soy Pedro Delgado, profesor de Educaci\u00f3n Secundaria Obligatoria de la especialidad de Tecnolog\u00eda. A lo largo de mi vida profesional he estudiado Ingenier\u00eda T\u00e9cnica Industrial en Qu\u00edmica Industrial, diplomatura, e Ingenier\u00eda Industrial, licenciatura.&#46;&#46;&#46;<\/p>\n","protected":false},"author":16895,"featured_media":0,"parent":0,"menu_order":0,"comment_status":"closed","ping_status":"closed","template":"","meta":{"ngg_post_thumbnail":0,"footnotes":""},"aioseo_notices":[],"_links":{"self":[{"href":"https:\/\/blogsaverroes.juntadeandalucia.es\/eradigital\/wp-json\/wp\/v2\/pages\/11"}],"collection":[{"href":"https:\/\/blogsaverroes.juntadeandalucia.es\/eradigital\/wp-json\/wp\/v2\/pages"}],"about":[{"href":"https:\/\/blogsaverroes.juntadeandalucia.es\/eradigital\/wp-json\/wp\/v2\/types\/page"}],"author":[{"embeddable":true,"href":"https:\/\/blogsaverroes.juntadeandalucia.es\/eradigital\/wp-json\/wp\/v2\/users\/16895"}],"replies":[{"embeddable":true,"href":"https:\/\/blogsaverroes.juntadeandalucia.es\/eradigital\/wp-json\/wp\/v2\/comments?post=11"}],"version-history":[{"count":1,"href":"https:\/\/blogsaverroes.juntadeandalucia.es\/eradigital\/wp-json\/wp\/v2\/pages\/11\/revisions"}],"predecessor-version":[{"id":12,"href":"https:\/\/blogsaverroes.juntadeandalucia.es\/eradigital\/wp-json\/wp\/v2\/pages\/11\/revisions\/12"}],"wp:attachment":[{"href":"https:\/\/blogsaverroes.juntadeandalucia.es\/eradigital\/wp-json\/wp\/v2\/media?parent=11"}],"curies":[{"name":"wp","href":"https:\/\/api.w.org\/{rel}","templated":true}]}}