{"id":18,"date":"2022-12-07T13:58:36","date_gmt":"2022-12-07T13:58:36","guid":{"rendered":"https:\/\/blogsaverroes.juntadeandalucia.es\/eradigital\/?page_id=18"},"modified":"2022-12-07T23:54:02","modified_gmt":"2022-12-07T23:54:02","slug":"donde-estamos","status":"publish","type":"page","link":"https:\/\/blogsaverroes.juntadeandalucia.es\/eradigital\/donde-estamos\/","title":{"rendered":"Donde estamos"},"content":{"rendered":"<p>Actualmente estoy en el IES Valle del Andarax, Canj\u00e1yar, Almer\u00eda.<br \/>\nDirecci\u00f3n: <span class=\"LrzXr\">C. Olivares, 20, 04450 Canj\u00e1yar, Almer\u00eda.<br \/>\nTel\u00e9fono:950 51 59 05<\/span><\/p>\n<p><iframe loading=\"lazy\" src=\"https:\/\/www.google.com\/maps\/embed?pb=!1m18!1m12!1m3!1d3186.118474940319!2d-2.7402767852141063!3d37.00696986373355!2m3!1f0!2f0!3f0!3m2!1i1024!2i768!4f13.1!3m3!1m2!1s0xd7015d51338b943%3A0x6754e6b2d5b73220!2sInstituto%20de%20Educaci%C3%B3n%20Secundaria%20Ies%20Valle%20de%20Andarax!5e0!3m2!1ses!2ses!4v1670457016050!5m2!1ses!2ses\" width=\"600\" height=\"450\"><\/iframe><\/p>\n<p>Cualquier consulta que tenga, cumplimente el siguiente formulario:<\/p>\n<p>[bestwebsoft_contact_form]<\/p>\n","protected":false},"excerpt":{"rendered":"<p>Actualmente estoy en el IES Valle del Andarax, Canj\u00e1yar, Almer\u00eda. Direcci\u00f3n: C. Olivares, 20, 04450 Canj\u00e1yar, Almer\u00eda. Tel\u00e9fono:950 51 59 05 Cualquier consulta que tenga, cumplimente el siguiente formulario: [bestwebsoft_contact_form]<\/p>\n","protected":false},"author":16895,"featured_media":0,"parent":0,"menu_order":0,"comment_status":"closed","ping_status":"closed","template":"","meta":{"ngg_post_thumbnail":0,"footnotes":""},"aioseo_notices":[],"_links":{"self":[{"href":"https:\/\/blogsaverroes.juntadeandalucia.es\/eradigital\/wp-json\/wp\/v2\/pages\/18"}],"collection":[{"href":"https:\/\/blogsaverroes.juntadeandalucia.es\/eradigital\/wp-json\/wp\/v2\/pages"}],"about":[{"href":"https:\/\/blogsaverroes.juntadeandalucia.es\/eradigital\/wp-json\/wp\/v2\/types\/page"}],"author":[{"embeddable":true,"href":"https:\/\/blogsaverroes.juntadeandalucia.es\/eradigital\/wp-json\/wp\/v2\/users\/16895"}],"replies":[{"embeddable":true,"href":"https:\/\/blogsaverroes.juntadeandalucia.es\/eradigital\/wp-json\/wp\/v2\/comments?post=18"}],"version-history":[{"count":4,"href":"https:\/\/blogsaverroes.juntadeandalucia.es\/eradigital\/wp-json\/wp\/v2\/pages\/18\/revisions"}],"predecessor-version":[{"id":50,"href":"https:\/\/blogsaverroes.juntadeandalucia.es\/eradigital\/wp-json\/wp\/v2\/pages\/18\/revisions\/50"}],"wp:attachment":[{"href":"https:\/\/blogsaverroes.juntadeandalucia.es\/eradigital\/wp-json\/wp\/v2\/media?parent=18"}],"curies":[{"name":"wp","href":"https:\/\/api.w.org\/{rel}","templated":true}]}}