{"id":14,"date":"2022-10-13T07:40:18","date_gmt":"2022-10-13T07:40:18","guid":{"rendered":"https:\/\/blogsaverroes.juntadeandalucia.es\/erasmuscanjayar\/about-us\/"},"modified":"2022-10-20T07:41:39","modified_gmt":"2022-10-20T07:41:39","slug":"about-us","status":"publish","type":"page","link":"https:\/\/blogsaverroes.juntadeandalucia.es\/erasmuscanjayar\/about-us\/","title":{"rendered":"Programa ERASMUS+"},"content":{"rendered":"<div class=\"CjVfdc\"><span class=\" jW0mOd\"><strong>OBJETIVO<\/strong><\/span><\/div>\n<p class=\"CDt4Ke zfr3Q\" dir=\"ltr\">Promocionar la&nbsp;<strong>movilidad educativa<\/strong>&nbsp;de las personas, tanto del alumnado como del profesorado, as\u00ed como la&nbsp;<strong>cooperaci\u00f3n<\/strong>, la calidad, la inclusi\u00f3n y la equidad, la excelencia, la creatividad y la innovaci\u00f3n a nivel de las organizaciones y las pol\u00edticas a trav\u00e9s del aprendizaje permanente, el desarrollo educativo, profesional y personal de las personas en los \u00e1mbitos de la educaci\u00f3n y la formaci\u00f3n, la juventud y el deporte, dentro de Europa y fuera de su territorio, contribuyendo as\u00ed al crecimiento sostenible, al empleo de calidad y a la cohesi\u00f3n social, adem\u00e1s de a impulsar la innovaci\u00f3n y&nbsp;<strong>fortalecer la identidad europea, la ciudadan\u00eda activa y la participaci\u00f3n en la vida democr\u00e1tica<\/strong>.<\/p>\n<p dir=\"ltr\" style=\"text-align: center\"><img loading=\"lazy\" decoding=\"async\" class=\"wp-image-135 aligncenter\" src=\"https:\/\/blogsaverroes.juntadeandalucia.es\/erasmuscanjayar\/files\/2022\/10\/Untitled-300x99.jpg\" alt=\"\" width=\"909\" height=\"300\" srcset=\"https:\/\/blogsaverroes.juntadeandalucia.es\/erasmuscanjayar\/files\/2022\/10\/Untitled-300x99.jpg 300w, https:\/\/blogsaverroes.juntadeandalucia.es\/erasmuscanjayar\/files\/2022\/10\/Untitled-1024x338.jpg 1024w, https:\/\/blogsaverroes.juntadeandalucia.es\/erasmuscanjayar\/files\/2022\/10\/Untitled-768x253.jpg 768w, https:\/\/blogsaverroes.juntadeandalucia.es\/erasmuscanjayar\/files\/2022\/10\/Untitled.jpg 1280w\" sizes=\"(max-width: 909px) 100vw, 909px\" \/><\/p>\n","protected":false},"excerpt":{"rendered":"<p>OBJETIVO Promocionar la&nbsp;movilidad educativa&nbsp;de las personas, tanto del alumnado como del profesorado, as\u00ed como la&nbsp;cooperaci\u00f3n, la calidad, la inclusi\u00f3n y la equidad, la excelencia, la&hellip;<\/p>\n","protected":false},"author":1,"featured_media":0,"parent":0,"menu_order":0,"comment_status":"closed","ping_status":"closed","template":"","meta":{"ngg_post_thumbnail":0,"footnotes":""},"aioseo_notices":[],"_links":{"self":[{"href":"https:\/\/blogsaverroes.juntadeandalucia.es\/erasmuscanjayar\/wp-json\/wp\/v2\/pages\/14"}],"collection":[{"href":"https:\/\/blogsaverroes.juntadeandalucia.es\/erasmuscanjayar\/wp-json\/wp\/v2\/pages"}],"about":[{"href":"https:\/\/blogsaverroes.juntadeandalucia.es\/erasmuscanjayar\/wp-json\/wp\/v2\/types\/page"}],"author":[{"embeddable":true,"href":"https:\/\/blogsaverroes.juntadeandalucia.es\/erasmuscanjayar\/wp-json\/wp\/v2\/users\/1"}],"replies":[{"embeddable":true,"href":"https:\/\/blogsaverroes.juntadeandalucia.es\/erasmuscanjayar\/wp-json\/wp\/v2\/comments?post=14"}],"version-history":[{"count":9,"href":"https:\/\/blogsaverroes.juntadeandalucia.es\/erasmuscanjayar\/wp-json\/wp\/v2\/pages\/14\/revisions"}],"predecessor-version":[{"id":136,"href":"https:\/\/blogsaverroes.juntadeandalucia.es\/erasmuscanjayar\/wp-json\/wp\/v2\/pages\/14\/revisions\/136"}],"wp:attachment":[{"href":"https:\/\/blogsaverroes.juntadeandalucia.es\/erasmuscanjayar\/wp-json\/wp\/v2\/media?parent=14"}],"curies":[{"name":"wp","href":"https:\/\/api.w.org\/{rel}","templated":true}]}}