{"id":32,"date":"2022-03-25T11:48:31","date_gmt":"2022-03-25T11:48:31","guid":{"rendered":"https:\/\/blogsaverroes.juntadeandalucia.es\/erasmuscepcordoba\/?page_id=32"},"modified":"2022-05-13T11:22:31","modified_gmt":"2022-05-13T11:22:31","slug":"erasmus-1","status":"publish","type":"page","link":"https:\/\/blogsaverroes.juntadeandalucia.es\/erasmuscepcordoba\/erasmus-1\/","title":{"rendered":"Erasmus+ \u00abConstruyendo nuestro CEuroPe\u00bb"},"content":{"rendered":"<p style=\"text-align: center\"><span style=\"font-size: 18pt\"><strong><img loading=\"lazy\" decoding=\"async\" class=\" wp-image-436 alignleft\" src=\"https:\/\/blogsaverroes.juntadeandalucia.es\/erasmuscepcordoba\/files\/2022\/05\/logo-erasmus-cepeurope_2-288x300.png\" alt=\"\" width=\"183\" height=\"191\" srcset=\"https:\/\/blogsaverroes.juntadeandalucia.es\/erasmuscepcordoba\/files\/2022\/05\/logo-erasmus-cepeurope_2-288x300.png 288w, https:\/\/blogsaverroes.juntadeandalucia.es\/erasmuscepcordoba\/files\/2022\/05\/logo-erasmus-cepeurope_2.png 479w\" sizes=\"(max-width: 183px) 100vw, 183px\" \/><\/strong><\/span><\/p>\n<p style=\"text-align: justify\">Nos hemos centrado en el aprendizaje sobre la formulaci\u00f3n, redacci\u00f3n y elementos de calidad de un proyecto Erasmus (KA122), especialmente sobre un Centro del Profesorado. Hemos establecido contacto con otros formadores y profesores europeos interesados en desarrollo del programa Erasmus+, eTwinning y difusi\u00f3n europea de la educaci\u00f3n. de cara a compartir muestras y ejemplos de buenas pr\u00e1cticas sobre innovaci\u00f3n, modernizaci\u00f3n e internacionalizaci\u00f3n del proceso educativo, formador y de ense\u00f1anza\/ aprendizaje. A trav\u00e9s del aprendizaje de las actividades realizadas en el curso (Erasmus Learning Academy) seremos capaces de llevar a nuestro CEP formaci\u00f3n sobre la dimensi\u00f3n europea de la educaci\u00f3n, proyectos eTwinning y redacci\u00f3n de programas Erasmus+ adecuados al contexto de la situaci\u00f3n de cada centro.<\/p>\n<p style=\"text-align: justify\">Aprenderemos, o mejoraremos nuestras habilidades como asesores a la hora de abordar las formaciones en centros y grupos de trabajo, de c\u00f3mo incluir como l\u00ednea estrat\u00e9gica de nuestros centros la europeizaci\u00f3n. Haremos del CEP C\u00f3rdoba un centro referencial sobre buenas pr\u00e1cticas, difusi\u00f3n y calidad en proyectos europeos.<\/p>\n<p style=\"text-align: justify\">K122. Lugar de realizaci\u00f3n: Bolonia<\/p>\n<p style=\"text-align: justify\">Enlazamos a continuaci\u00f3n la formaci\u00f3n vinculada a la tem\u00e1tica del proyecto<\/p>\n<div class=\"pt-cv-wrapper\"><div class=\"pt-cv-view pt-cv-grid pt-cv-colsys\" id=\"pt-cv-view-b26aff3sai\"><div data-id=\"pt-cv-page-1\" class=\"pt-cv-page\" data-cvc=\"2\"><div class=\"col-md-6 col-sm-6 col-xs-12 pt-cv-content-item pt-cv-1-col\" ><div class='pt-cv-ifield'><a href=\"https:\/\/blogsaverroes.juntadeandalucia.es\/erasmuscepcordoba\/2022\/09\/20\/acreditacion-erasmus-en-el-ambito-de-la-educacion-escolar-y-permanente-convocatoria-2022\/\" class=\"_self pt-cv-href-thumbnail pt-cv-thumb-default\" target=\"_self\" ><img loading=\"lazy\" decoding=\"async\" width=\"300\" height=\"142\" src=\"https:\/\/blogsaverroes.juntadeandalucia.es\/erasmuscepcordoba\/files\/2022\/02\/acreditacion-300x142.png\" class=\"pt-cv-thumbnail\" alt=\"\" srcset=\"https:\/\/blogsaverroes.juntadeandalucia.es\/erasmuscepcordoba\/files\/2022\/02\/acreditacion-300x142.png 300w, https:\/\/blogsaverroes.juntadeandalucia.es\/erasmuscepcordoba\/files\/2022\/02\/acreditacion-520x245.png 520w, https:\/\/blogsaverroes.juntadeandalucia.es\/erasmuscepcordoba\/files\/2022\/02\/acreditacion.png 720w\" sizes=\"(max-width: 300px) 100vw, 300px\" \/><\/a>\n<h4 class=\"pt-cv-title\"><a href=\"https:\/\/blogsaverroes.juntadeandalucia.es\/erasmuscepcordoba\/2022\/09\/20\/acreditacion-erasmus-en-el-ambito-de-la-educacion-escolar-y-permanente-convocatoria-2022\/\" class=\"_self\" target=\"_self\" >Acreditaci\u00f3n Erasmus en el \u00e1mbito de la Educaci\u00f3n Escolar y Permanente. Convocatoria 2022<\/a><\/h4>\n<div class=\"pt-cv-content\">Se ha abierto el plazo para el curso a nivel regional y provincial sobre ACREDITACI\u00d3N ERASMUS+ 2021-2027 ( C\u00d3DIGO 231408KPI003) ...<br \/><div class=\"pt-cv-rmwrap\"><a href=\"https:\/\/blogsaverroes.juntadeandalucia.es\/erasmuscepcordoba\/2022\/09\/20\/acreditacion-erasmus-en-el-ambito-de-la-educacion-escolar-y-permanente-convocatoria-2022\/\" class=\"_self pt-cv-readmore btn btn-success\" target=\"_self\">Leer M\u00e1s<\/a><\/div><\/div><\/div><\/div>\n<div class=\"col-md-6 col-sm-6 col-xs-12 pt-cv-content-item pt-cv-1-col\" ><div class='pt-cv-ifield'><a href=\"https:\/\/blogsaverroes.juntadeandalucia.es\/erasmuscepcordoba\/2022\/09\/10\/difusion-en-nuestro-cep-del-erasmus-construyendo-nuestro-ceurope\/\" class=\"_self pt-cv-href-thumbnail pt-cv-thumb-default\" target=\"_self\" ><img loading=\"lazy\" decoding=\"async\" width=\"300\" height=\"169\" src=\"https:\/\/blogsaverroes.juntadeandalucia.es\/erasmuscepcordoba\/files\/2022\/09\/20220909_110458-300x169.jpg\" class=\"pt-cv-thumbnail\" alt=\"\" srcset=\"https:\/\/blogsaverroes.juntadeandalucia.es\/erasmuscepcordoba\/files\/2022\/09\/20220909_110458-300x169.jpg 300w, https:\/\/blogsaverroes.juntadeandalucia.es\/erasmuscepcordoba\/files\/2022\/09\/20220909_110458-1024x576.jpg 1024w, https:\/\/blogsaverroes.juntadeandalucia.es\/erasmuscepcordoba\/files\/2022\/09\/20220909_110458-768x432.jpg 768w, https:\/\/blogsaverroes.juntadeandalucia.es\/erasmuscepcordoba\/files\/2022\/09\/20220909_110458-1536x864.jpg 1536w, https:\/\/blogsaverroes.juntadeandalucia.es\/erasmuscepcordoba\/files\/2022\/09\/20220909_110458-2048x1152.jpg 2048w\" sizes=\"(max-width: 300px) 100vw, 300px\" \/><\/a>\n<h4 class=\"pt-cv-title\"><a href=\"https:\/\/blogsaverroes.juntadeandalucia.es\/erasmuscepcordoba\/2022\/09\/10\/difusion-en-nuestro-cep-del-erasmus-construyendo-nuestro-ceurope\/\" class=\"_self\" target=\"_self\" >Difusi\u00f3n en nuestro CEP del Erasmus+ \u00abConstruyendo nuestro CEuroPe\u00bb<\/a><\/h4>\n<div class=\"pt-cv-content\">Durante la ma\u00f1ana del viernes 9 de septiembre hemos dedicado una reuni\u00f3n de Equipo T\u00e9cnico de Formaci\u00f3n a compartir con ...<br \/><div class=\"pt-cv-rmwrap\"><a href=\"https:\/\/blogsaverroes.juntadeandalucia.es\/erasmuscepcordoba\/2022\/09\/10\/difusion-en-nuestro-cep-del-erasmus-construyendo-nuestro-ceurope\/\" class=\"_self pt-cv-readmore btn btn-success\" target=\"_self\">Leer M\u00e1s<\/a><\/div><\/div><\/div><\/div>\n<div class=\"col-md-6 col-sm-6 col-xs-12 pt-cv-content-item pt-cv-1-col\" ><div class='pt-cv-ifield'><a href=\"https:\/\/blogsaverroes.juntadeandalucia.es\/erasmuscepcordoba\/2022\/09\/04\/finalizado-el-curso-european-project-management-and-desing-for-teachers-headmaster-and-educators-en-bolonia\/\" class=\"_self pt-cv-href-thumbnail pt-cv-thumb-default\" target=\"_self\" ><img loading=\"lazy\" decoding=\"async\" width=\"300\" height=\"225\" src=\"https:\/\/blogsaverroes.juntadeandalucia.es\/erasmuscepcordoba\/files\/2022\/09\/IMG_20220830_172633-300x225.jpg\" class=\"pt-cv-thumbnail\" alt=\"\" srcset=\"https:\/\/blogsaverroes.juntadeandalucia.es\/erasmuscepcordoba\/files\/2022\/09\/IMG_20220830_172633-300x225.jpg 300w, https:\/\/blogsaverroes.juntadeandalucia.es\/erasmuscepcordoba\/files\/2022\/09\/IMG_20220830_172633-1024x769.jpg 1024w, https:\/\/blogsaverroes.juntadeandalucia.es\/erasmuscepcordoba\/files\/2022\/09\/IMG_20220830_172633-768x577.jpg 768w, https:\/\/blogsaverroes.juntadeandalucia.es\/erasmuscepcordoba\/files\/2022\/09\/IMG_20220830_172633-1536x1153.jpg 1536w, https:\/\/blogsaverroes.juntadeandalucia.es\/erasmuscepcordoba\/files\/2022\/09\/IMG_20220830_172633-2048x1538.jpg 2048w\" sizes=\"(max-width: 300px) 100vw, 300px\" \/><\/a>\n<h4 class=\"pt-cv-title\"><a href=\"https:\/\/blogsaverroes.juntadeandalucia.es\/erasmuscepcordoba\/2022\/09\/04\/finalizado-el-curso-european-project-management-and-desing-for-teachers-headmaster-and-educators-en-bolonia\/\" class=\"_self\" target=\"_self\" >Finalizado el curso \u00abEuropean Project Management and Design for Teachers, Headmaster and Educators\u00bb en Bolonia<\/a><\/h4>\n<div class=\"pt-cv-content\">Acabamos de volver del nuestro curso realizado en Bolonia del 27 de agosto al 3 de septiembre \"European Project Management ...<br \/><div class=\"pt-cv-rmwrap\"><a href=\"https:\/\/blogsaverroes.juntadeandalucia.es\/erasmuscepcordoba\/2022\/09\/04\/finalizado-el-curso-european-project-management-and-desing-for-teachers-headmaster-and-educators-en-bolonia\/\" class=\"_self pt-cv-readmore btn btn-success\" target=\"_self\">Leer M\u00e1s<\/a><\/div><\/div><\/div><\/div>\n<div class=\"col-md-6 col-sm-6 col-xs-12 pt-cv-content-item pt-cv-1-col\" ><div class='pt-cv-ifield'><a href=\"https:\/\/blogsaverroes.juntadeandalucia.es\/erasmuscepcordoba\/2022\/08\/29\/european-project-management-and-desing-for-teachers-headmaster-and-educators-en-bolonia\/\" class=\"_self pt-cv-href-thumbnail pt-cv-thumb-default\" target=\"_self\" ><img loading=\"lazy\" decoding=\"async\" width=\"300\" height=\"144\" src=\"https:\/\/blogsaverroes.juntadeandalucia.es\/erasmuscepcordoba\/files\/2022\/08\/IMG_20220827_200111-PANO-300x144.jpg\" class=\"pt-cv-thumbnail\" alt=\"\" srcset=\"https:\/\/blogsaverroes.juntadeandalucia.es\/erasmuscepcordoba\/files\/2022\/08\/IMG_20220827_200111-PANO-300x144.jpg 300w, https:\/\/blogsaverroes.juntadeandalucia.es\/erasmuscepcordoba\/files\/2022\/08\/IMG_20220827_200111-PANO-1024x492.jpg 1024w, https:\/\/blogsaverroes.juntadeandalucia.es\/erasmuscepcordoba\/files\/2022\/08\/IMG_20220827_200111-PANO-768x369.jpg 768w, https:\/\/blogsaverroes.juntadeandalucia.es\/erasmuscepcordoba\/files\/2022\/08\/IMG_20220827_200111-PANO-1536x738.jpg 1536w, https:\/\/blogsaverroes.juntadeandalucia.es\/erasmuscepcordoba\/files\/2022\/08\/IMG_20220827_200111-PANO-2048x983.jpg 2048w\" sizes=\"(max-width: 300px) 100vw, 300px\" \/><\/a>\n<h4 class=\"pt-cv-title\"><a href=\"https:\/\/blogsaverroes.juntadeandalucia.es\/erasmuscepcordoba\/2022\/08\/29\/european-project-management-and-desing-for-teachers-headmaster-and-educators-en-bolonia\/\" class=\"_self\" target=\"_self\" >\u00abEuropean Project Management and Desing for Teachers, Headmaster and Educators\u00bb en Bolonia<\/a><\/h4>\n<div class=\"pt-cv-content\">Empezamos nuestro curso en Bolonia (Italia), European Project Management and Desing for Teachers, Headmaster and Educators, vinculado a nuestro proyecto ...<br \/><div class=\"pt-cv-rmwrap\"><a href=\"https:\/\/blogsaverroes.juntadeandalucia.es\/erasmuscepcordoba\/2022\/08\/29\/european-project-management-and-desing-for-teachers-headmaster-and-educators-en-bolonia\/\" class=\"_self pt-cv-readmore btn btn-success\" target=\"_self\">Leer M\u00e1s<\/a><\/div><\/div><\/div><\/div>\n<div class=\"col-md-6 col-sm-6 col-xs-12 pt-cv-content-item pt-cv-1-col\" ><div class='pt-cv-ifield'><a href=\"https:\/\/blogsaverroes.juntadeandalucia.es\/erasmuscepcordoba\/2022\/02\/25\/388\/\" class=\"_self pt-cv-href-thumbnail pt-cv-thumb-default\" target=\"_self\" ><\/a>\n<h4 class=\"pt-cv-title\"><a href=\"https:\/\/blogsaverroes.juntadeandalucia.es\/erasmuscepcordoba\/2022\/02\/25\/388\/\" class=\"_self\" target=\"_self\" >Elaboraci\u00f3n de proyectos de calidad ERASMUS 2022<\/a><\/h4>\n<div class=\"pt-cv-content\">Tras los excelentes resultados obtenidos en cuanto a proyectos Erasmus+ durante las \u00faltimas convocatorias, la Red de Formaci\u00f3n del Profesorado ...<br \/><div class=\"pt-cv-rmwrap\"><a href=\"https:\/\/blogsaverroes.juntadeandalucia.es\/erasmuscepcordoba\/2022\/02\/25\/388\/\" class=\"_self pt-cv-readmore btn btn-success\" target=\"_self\">Leer M\u00e1s<\/a><\/div><\/div><\/div><\/div>\n<div class=\"col-md-6 col-sm-6 col-xs-12 pt-cv-content-item pt-cv-1-col\" ><div class='pt-cv-ifield'><a href=\"https:\/\/blogsaverroes.juntadeandalucia.es\/erasmuscepcordoba\/2022\/01\/22\/presentacion-de-la-convocatoria-erasmus-2022\/\" class=\"_self pt-cv-href-thumbnail pt-cv-thumb-default\" target=\"_self\" ><img loading=\"lazy\" decoding=\"async\" width=\"300\" height=\"150\" src=\"https:\/\/blogsaverroes.juntadeandalucia.es\/erasmuscepcordoba\/files\/2022\/03\/images2-300x150.png\" class=\"pt-cv-thumbnail\" alt=\"\" srcset=\"https:\/\/blogsaverroes.juntadeandalucia.es\/erasmuscepcordoba\/files\/2022\/03\/images2-300x150.png 300w, https:\/\/blogsaverroes.juntadeandalucia.es\/erasmuscepcordoba\/files\/2022\/03\/images2.png 318w\" sizes=\"(max-width: 300px) 100vw, 300px\" \/><\/a>\n<h4 class=\"pt-cv-title\"><a href=\"https:\/\/blogsaverroes.juntadeandalucia.es\/erasmuscepcordoba\/2022\/01\/22\/presentacion-de-la-convocatoria-erasmus-2022\/\" class=\"_self\" target=\"_self\" >Presentaci\u00f3n de la convocatoria ERASMUS+ 2022<\/a><\/h4>\n<div class=\"pt-cv-content\">Tras los excelentes resultados obtenidos en cuanto a proyectos Erasmus+ durante las \u00faltimas convocatorias, la Red de Formaci\u00f3n del Profesorado ...<br \/><div class=\"pt-cv-rmwrap\"><a href=\"https:\/\/blogsaverroes.juntadeandalucia.es\/erasmuscepcordoba\/2022\/01\/22\/presentacion-de-la-convocatoria-erasmus-2022\/\" class=\"_self pt-cv-readmore btn btn-success\" target=\"_self\">Leer M\u00e1s<\/a><\/div><\/div><\/div><\/div>\n<div class=\"col-md-6 col-sm-6 col-xs-12 pt-cv-content-item pt-cv-1-col\" ><div class='pt-cv-ifield'><a href=\"https:\/\/blogsaverroes.juntadeandalucia.es\/erasmuscepcordoba\/2021\/12\/29\/jornada-provincial-iniciacion-a-etwinning-atrevete-a-ser-etwinner\/\" class=\"_self pt-cv-href-thumbnail pt-cv-thumb-default\" target=\"_self\" ><img loading=\"lazy\" decoding=\"async\" width=\"300\" height=\"94\" src=\"https:\/\/blogsaverroes.juntadeandalucia.es\/erasmuscepcordoba\/files\/2022\/03\/etwinning-300x94.jpeg\" class=\"pt-cv-thumbnail\" alt=\"\" srcset=\"https:\/\/blogsaverroes.juntadeandalucia.es\/erasmuscepcordoba\/files\/2022\/03\/etwinning-300x94.jpeg 300w, https:\/\/blogsaverroes.juntadeandalucia.es\/erasmuscepcordoba\/files\/2022\/03\/etwinning.jpeg 380w\" sizes=\"(max-width: 300px) 100vw, 300px\" \/><\/a>\n<h4 class=\"pt-cv-title\"><a href=\"https:\/\/blogsaverroes.juntadeandalucia.es\/erasmuscepcordoba\/2021\/12\/29\/jornada-provincial-iniciacion-a-etwinning-atrevete-a-ser-etwinner\/\" class=\"_self\" target=\"_self\" >Jornada provincial  &#8211; Iniciaci\u00f3n a  Etwinning \u00bbAtr\u00e9vete a ser  Etwinner\u00bb<\/a><\/h4>\n<div class=\"pt-cv-content\">La actividad ha dado a conocer eTwinning, la comunidad de centros escolares de Europa que ofrece una plataforma a profesorado ...<br \/><div class=\"pt-cv-rmwrap\"><a href=\"https:\/\/blogsaverroes.juntadeandalucia.es\/erasmuscepcordoba\/2021\/12\/29\/jornada-provincial-iniciacion-a-etwinning-atrevete-a-ser-etwinner\/\" class=\"_self pt-cv-readmore btn btn-success\" target=\"_self\">Leer M\u00e1s<\/a><\/div><\/div><\/div><\/div>\n<div class=\"col-md-6 col-sm-6 col-xs-12 pt-cv-content-item pt-cv-1-col\" ><div class='pt-cv-ifield'><a href=\"https:\/\/blogsaverroes.juntadeandalucia.es\/erasmuscepcordoba\/2021\/12\/01\/gestion-economica-de-proyectos-erasmus\/\" class=\"_self pt-cv-href-thumbnail pt-cv-thumb-default\" target=\"_self\" ><img loading=\"lazy\" decoding=\"async\" width=\"300\" height=\"199\" src=\"https:\/\/blogsaverroes.juntadeandalucia.es\/erasmuscepcordoba\/files\/2021\/12\/gestioneconomica-300x199.jpg\" class=\"pt-cv-thumbnail\" alt=\"\" srcset=\"https:\/\/blogsaverroes.juntadeandalucia.es\/erasmuscepcordoba\/files\/2021\/12\/gestioneconomica-300x199.jpg 300w, https:\/\/blogsaverroes.juntadeandalucia.es\/erasmuscepcordoba\/files\/2021\/12\/gestioneconomica.jpg 350w\" sizes=\"(max-width: 300px) 100vw, 300px\" \/><\/a>\n<h4 class=\"pt-cv-title\"><a href=\"https:\/\/blogsaverroes.juntadeandalucia.es\/erasmuscepcordoba\/2021\/12\/01\/gestion-economica-de-proyectos-erasmus\/\" class=\"_self\" target=\"_self\" >Gesti\u00f3n econ\u00f3mica de proyectos Erasmus+<\/a><\/h4>\n<div class=\"pt-cv-content\">Los proyectos Erasmus son parte fundamental de la vida de los Centros educativos. Cada a\u00f1o se reciben m\u00e1s fondos europeos ...<br \/><div class=\"pt-cv-rmwrap\"><a href=\"https:\/\/blogsaverroes.juntadeandalucia.es\/erasmuscepcordoba\/2021\/12\/01\/gestion-economica-de-proyectos-erasmus\/\" class=\"_self pt-cv-readmore btn btn-success\" target=\"_self\">Leer M\u00e1s<\/a><\/div><\/div><\/div><\/div>\n<div class=\"col-md-6 col-sm-6 col-xs-12 pt-cv-content-item pt-cv-1-col\" ><div class='pt-cv-ifield'><a href=\"https:\/\/blogsaverroes.juntadeandalucia.es\/erasmuscepcordoba\/2021\/11\/04\/acreditacion-erasmus-en-el-ambito-de-la-educacion-escolar-y-permanente-convocatoria-2021\/\" class=\"_self pt-cv-href-thumbnail pt-cv-thumb-default\" target=\"_self\" ><img loading=\"lazy\" decoding=\"async\" width=\"300\" height=\"142\" src=\"https:\/\/blogsaverroes.juntadeandalucia.es\/erasmuscepcordoba\/files\/2022\/02\/acreditacion-300x142.png\" class=\"pt-cv-thumbnail\" alt=\"\" srcset=\"https:\/\/blogsaverroes.juntadeandalucia.es\/erasmuscepcordoba\/files\/2022\/02\/acreditacion-300x142.png 300w, https:\/\/blogsaverroes.juntadeandalucia.es\/erasmuscepcordoba\/files\/2022\/02\/acreditacion-520x245.png 520w, https:\/\/blogsaverroes.juntadeandalucia.es\/erasmuscepcordoba\/files\/2022\/02\/acreditacion.png 720w\" sizes=\"(max-width: 300px) 100vw, 300px\" \/><\/a>\n<h4 class=\"pt-cv-title\"><a href=\"https:\/\/blogsaverroes.juntadeandalucia.es\/erasmuscepcordoba\/2021\/11\/04\/acreditacion-erasmus-en-el-ambito-de-la-educacion-escolar-y-permanente-convocatoria-2021\/\" class=\"_self\" target=\"_self\" >Acreditaci\u00f3n  Erasmus en el \u00e1mbito de la Educaci\u00f3n Escolar y Permanente. Convocatoria 2021<\/a><\/h4>\n<div class=\"pt-cv-content\">Durante el mes de octubre se realiz\u00f3 este curso de \u00e1mbito regional y provincial para ayudar a los participantes a ...<br \/><div class=\"pt-cv-rmwrap\"><a href=\"https:\/\/blogsaverroes.juntadeandalucia.es\/erasmuscepcordoba\/2021\/11\/04\/acreditacion-erasmus-en-el-ambito-de-la-educacion-escolar-y-permanente-convocatoria-2021\/\" class=\"_self pt-cv-readmore btn btn-success\" target=\"_self\">Leer M\u00e1s<\/a><\/div><\/div><\/div><\/div><\/div><\/div><\/div>\n","protected":false},"excerpt":{"rendered":"<p>Nos hemos centrado en el aprendizaje sobre la formulaci\u00f3n, redacci\u00f3n y elementos de calidad de un proyecto Erasmus (KA122), especialmente sobre un Centro del Profesorado. Hemos establecido contacto con otros formadores y profesores europeos&#46;&#46;&#46;<\/p>\n","protected":false},"author":510,"featured_media":0,"parent":0,"menu_order":0,"comment_status":"closed","ping_status":"closed","template":"","meta":{"ngg_post_thumbnail":0,"footnotes":""},"aioseo_notices":[],"_links":{"self":[{"href":"https:\/\/blogsaverroes.juntadeandalucia.es\/erasmuscepcordoba\/wp-json\/wp\/v2\/pages\/32"}],"collection":[{"href":"https:\/\/blogsaverroes.juntadeandalucia.es\/erasmuscepcordoba\/wp-json\/wp\/v2\/pages"}],"about":[{"href":"https:\/\/blogsaverroes.juntadeandalucia.es\/erasmuscepcordoba\/wp-json\/wp\/v2\/types\/page"}],"author":[{"embeddable":true,"href":"https:\/\/blogsaverroes.juntadeandalucia.es\/erasmuscepcordoba\/wp-json\/wp\/v2\/users\/510"}],"replies":[{"embeddable":true,"href":"https:\/\/blogsaverroes.juntadeandalucia.es\/erasmuscepcordoba\/wp-json\/wp\/v2\/comments?post=32"}],"version-history":[{"count":19,"href":"https:\/\/blogsaverroes.juntadeandalucia.es\/erasmuscepcordoba\/wp-json\/wp\/v2\/pages\/32\/revisions"}],"predecessor-version":[{"id":437,"href":"https:\/\/blogsaverroes.juntadeandalucia.es\/erasmuscepcordoba\/wp-json\/wp\/v2\/pages\/32\/revisions\/437"}],"wp:attachment":[{"href":"https:\/\/blogsaverroes.juntadeandalucia.es\/erasmuscepcordoba\/wp-json\/wp\/v2\/media?parent=32"}],"curies":[{"name":"wp","href":"https:\/\/api.w.org\/{rel}","templated":true}]}}