{"id":35,"date":"2022-03-25T11:48:31","date_gmt":"2022-03-25T11:48:31","guid":{"rendered":"https:\/\/blogsaverroes.juntadeandalucia.es\/erasmuscepcordoba\/?page_id=35"},"modified":"2022-04-04T08:12:02","modified_gmt":"2022-04-04T08:12:02","slug":"erasmus-3","status":"publish","type":"page","link":"https:\/\/blogsaverroes.juntadeandalucia.es\/erasmuscepcordoba\/erasmus-3\/","title":{"rendered":"Erasmus+ \u00abADIBE: CLIL FOR ALL\u00bb"},"content":{"rendered":"<p style=\"text-align: justify\"><img loading=\"lazy\" decoding=\"async\" class=\"size-medium wp-image-93 alignleft\" src=\"https:\/\/blogsaverroes.juntadeandalucia.es\/erasmuscepcordoba\/files\/2022\/03\/logo_adibe-3-300x113.png\" alt=\"\" width=\"300\" height=\"113\" srcset=\"https:\/\/blogsaverroes.juntadeandalucia.es\/erasmuscepcordoba\/files\/2022\/03\/logo_adibe-3-300x113.png 300w, https:\/\/blogsaverroes.juntadeandalucia.es\/erasmuscepcordoba\/files\/2022\/03\/logo_adibe-3.png 400w\" sizes=\"(max-width: 300px) 100vw, 300px\" \/>The ADiBE project brings together key figures with ample experience in the field of Content and Language Integrated Learning (CLIL) from six countries (Spain, Austria, Finland, Germany, Italy, and the UK). It aims to fill a much-needed niche affecting catering to diversity within CLIL programs across Europe and to work towards an inclusive, innovative, and reflective society by offering research-based evidence and concrete resources to improve language learning and make bilingual education a more inclusive reality for all. Its objective is three-pronged: to identify difficulties and best practices in catering to diversity in intercultural and content integrated language learning and teaching; to produce and implement project -, task-, and ICT-based activities to make CLIL accessible to all types of achievers; and to design and pilot teacher training modules to empower practitioners to step up to this important challenge. The ultimate aim is to contribute to the integration of all students, regardless of their socioeconomic status, educational background, or achievement level and to making CLIL accessible to all.<\/p>\n<p style=\"text-align: justify\">El proyecto ADiBE re\u00fane figuras clave con amplia experiencia en el campo del Aprendizaje Integrado de Contenidos y Lenguas Extranjeras (AICLE) de seis pa\u00edses (Espa\u00f1a, Austria, Finlandia, Alemania, Italia y Reino Unido). Su objetivo es llenar un nicho muy necesario que afecta a la atenci\u00f3n a la diversidad dentro de los programas CLIL en toda Europa y trabajar hacia una sociedad inclusiva, innovadora y reflexiva al ofrecer evidencias basadas en la investigaci\u00f3n y recursos concretos para mejorar el aprendizaje de idiomas y hacer que la educaci\u00f3n biling\u00fce sea m\u00e1s inclusiva. Su objetivo es triple: identificar las dificultades y las mejores pr\u00e1cticas para atender a la diversidad en el aprendizaje y la ense\u00f1anza interculturales y de contenidos integrados de idiomas; producir e implementar actividades basadas en proyectos, tareas y TIC para hacer que AICLE sea accesible; y dise\u00f1ar y poner a prueba modalidades de formaci\u00f3n de docentes destinadas a&nbsp; empoderar a los profesionales para que est\u00e9n a la altura de este importante desaf\u00edo. El objetivo final es contribuir a la integraci\u00f3n de todos los estudiantes, independientemente de su estatus socioecon\u00f3mico, formaci\u00f3n acad\u00e9mica o nivel de rendimiento, y hacer que AICLE sea accesible para todos.<\/p>\n<p>M\u00c1S INFORMACI\u00d3N<\/p>\n<p style=\"text-align: left\"><a href=\"https:\/\/adibeproject.com\/\" target=\"_blank\" rel=\"noopener noreferrer\">ADiBE CLIL FOR ALL: ATTENTION TO DIVERSITY UN BILINGUAL EDUCATION<\/a><\/p>\n<p><a href=\"http:\/\/revistaeco.cepcordoba.es\/wp-content\/uploads\/2020\/04\/Jerez.pdf\" target=\"_blank\" rel=\"noopener noreferrer\">Art\u00edculo en la revista eCo sobre ADIBE<\/a><\/p>\n<p><a href=\"https:\/\/youtu.be\/MWS5qgiiap0\" target=\"_blank\" rel=\"noopener noreferrer\">V\u00eddeo de YouTube con la presentaci\u00f3n del proyecto (en ingl\u00e9s)<\/a><\/p>\n<p><a href=\"https:\/\/drive.google.com\/file\/d\/1JdaVTCEx3QpSBWh4LU6jKKIdd8Skd6Fp\/view?usp=sharing\" target=\"_blank\" rel=\"noopener noreferrer\">Tr\u00edptico informativo sobre ADIBE (en ingl\u00e9s)<\/a><\/p>\n<p><a href=\"https:\/\/view.genial.ly\/61b2efd60d5f280ddbedbd37\" target=\"_blank\" rel=\"noopener noreferrer\">Genially CEP dise\u00f1o del O3 Teacher Training Course<\/a><\/p>\n<div class=\"pt-cv-wrapper\"><div class=\"pt-cv-view pt-cv-grid pt-cv-colsys\" id=\"pt-cv-view-81b52aet6p\"><div data-id=\"pt-cv-page-1\" class=\"pt-cv-page\" data-cvc=\"2\"><div class=\"col-md-6 col-sm-6 col-xs-12 pt-cv-content-item pt-cv-1-col\" ><div class='pt-cv-ifield'><a href=\"https:\/\/blogsaverroes.juntadeandalucia.es\/erasmuscepcordoba\/2022\/03\/29\/curso-clil-for-all-attention-to-diversity-in-bilingual-education\/\" class=\"_self pt-cv-href-thumbnail pt-cv-thumb-default\" target=\"_self\" ><img loading=\"lazy\" decoding=\"async\" width=\"300\" height=\"113\" src=\"https:\/\/blogsaverroes.juntadeandalucia.es\/erasmuscepcordoba\/files\/2022\/03\/logo_adibe-3-300x113.png\" class=\"pt-cv-thumbnail\" alt=\"\" srcset=\"https:\/\/blogsaverroes.juntadeandalucia.es\/erasmuscepcordoba\/files\/2022\/03\/logo_adibe-3-300x113.png 300w, https:\/\/blogsaverroes.juntadeandalucia.es\/erasmuscepcordoba\/files\/2022\/03\/logo_adibe-3.png 400w\" sizes=\"(max-width: 300px) 100vw, 300px\" \/><\/a>\n<h4 class=\"pt-cv-title\"><a href=\"https:\/\/blogsaverroes.juntadeandalucia.es\/erasmuscepcordoba\/2022\/03\/29\/curso-clil-for-all-attention-to-diversity-in-bilingual-education\/\" class=\"_self\" target=\"_self\" >Curso CLIL FOR ALL: Attention to Diversity in Bilingual Education<\/a><\/h4>\n<div class=\"pt-cv-content\">This course is an intellectual output of ADiBE project (www.adibeproject.com) which brings together key figures with ample experience in the ...<br \/><div class=\"pt-cv-rmwrap\"><a href=\"https:\/\/blogsaverroes.juntadeandalucia.es\/erasmuscepcordoba\/2022\/03\/29\/curso-clil-for-all-attention-to-diversity-in-bilingual-education\/\" class=\"_self pt-cv-readmore btn btn-success\" target=\"_self\">Leer M\u00e1s<\/a><\/div><\/div><\/div><\/div><\/div><\/div><\/div>\n","protected":false},"excerpt":{"rendered":"<p>The ADiBE project brings together key figures with ample experience in the field of Content and Language Integrated Learning (CLIL) from six countries (Spain, Austria, Finland, Germany, Italy, and the UK). It aims to&#46;&#46;&#46;<\/p>\n","protected":false},"author":510,"featured_media":0,"parent":0,"menu_order":0,"comment_status":"closed","ping_status":"closed","template":"","meta":{"ngg_post_thumbnail":0,"footnotes":""},"aioseo_notices":[],"_links":{"self":[{"href":"https:\/\/blogsaverroes.juntadeandalucia.es\/erasmuscepcordoba\/wp-json\/wp\/v2\/pages\/35"}],"collection":[{"href":"https:\/\/blogsaverroes.juntadeandalucia.es\/erasmuscepcordoba\/wp-json\/wp\/v2\/pages"}],"about":[{"href":"https:\/\/blogsaverroes.juntadeandalucia.es\/erasmuscepcordoba\/wp-json\/wp\/v2\/types\/page"}],"author":[{"embeddable":true,"href":"https:\/\/blogsaverroes.juntadeandalucia.es\/erasmuscepcordoba\/wp-json\/wp\/v2\/users\/510"}],"replies":[{"embeddable":true,"href":"https:\/\/blogsaverroes.juntadeandalucia.es\/erasmuscepcordoba\/wp-json\/wp\/v2\/comments?post=35"}],"version-history":[{"count":18,"href":"https:\/\/blogsaverroes.juntadeandalucia.es\/erasmuscepcordoba\/wp-json\/wp\/v2\/pages\/35\/revisions"}],"predecessor-version":[{"id":363,"href":"https:\/\/blogsaverroes.juntadeandalucia.es\/erasmuscepcordoba\/wp-json\/wp\/v2\/pages\/35\/revisions\/363"}],"wp:attachment":[{"href":"https:\/\/blogsaverroes.juntadeandalucia.es\/erasmuscepcordoba\/wp-json\/wp\/v2\/media?parent=35"}],"curies":[{"name":"wp","href":"https:\/\/api.w.org\/{rel}","templated":true}]}}