{"id":68,"date":"2022-09-22T17:14:09","date_gmt":"2022-09-22T15:14:09","guid":{"rendered":"https:\/\/blogsaverroes.juntadeandalucia.es\/erasmusceperpedrodeescavias\/?page_id=68"},"modified":"2025-04-29T17:21:14","modified_gmt":"2025-04-29T15:21:14","slug":"objetivos","status":"publish","type":"page","link":"https:\/\/blogsaverroes.juntadeandalucia.es\/erasmusceperpedrodeescavias\/objetivos\/","title":{"rendered":"Objetivos"},"content":{"rendered":"<p class=\"x_gmail-TableParagraph\" data-olk-copy-source=\"MessageBody\">El proyecto Erasmus+\u00a0 de nuestro centro pretende alcanzar los siguientes objetivos:<\/p>\n<ul style=\"list-style-type: disc\">\n<li class=\"x_gmail-TableParagraph\">\u00a0Desarrollar y afianzar la competencia ling\u00fc\u00edstica del ingl\u00e9s como primera lengua extranjera.<\/li>\n<li class=\"x_gmail-TableParagraph\">\u00a0Estimular el inter\u00e9s por conocer otras culturas europeas y compartir experiencias enriquecedoras con los miembros participantes de otros pa\u00edses.<\/li>\n<li class=\"x_gmail-TableParagraph\">Reducir la brecha digital en el alumnado de educaci\u00f3n permanente a fin de facilitar su inclusi\u00f3n en la era digital.<\/li>\n<li class=\"x_gmail-TableParagraph\">Formar al profesorado a trav\u00e9s del intercambio de experiencias docentes entre culturas europeas dentro y fuera del aula.<\/li>\n<\/ul>\n","protected":false},"excerpt":{"rendered":"<p>El proyecto Erasmus+\u00a0 de nuestro centro pretende alcanzar los siguientes objetivos: \u00a0Desarrollar y afianzar la competencia ling\u00fc\u00edstica del ingl\u00e9s como primera lengua extranjera. \u00a0Estimular el inter\u00e9s por conocer otras culturas europeas y compartir experiencias&#46;&#46;&#46;<\/p>\n","protected":false},"author":8160,"featured_media":0,"parent":0,"menu_order":0,"comment_status":"closed","ping_status":"closed","template":"","meta":{"footnotes":""},"aioseo_notices":[],"_links":{"self":[{"href":"https:\/\/blogsaverroes.juntadeandalucia.es\/erasmusceperpedrodeescavias\/wp-json\/wp\/v2\/pages\/68"}],"collection":[{"href":"https:\/\/blogsaverroes.juntadeandalucia.es\/erasmusceperpedrodeescavias\/wp-json\/wp\/v2\/pages"}],"about":[{"href":"https:\/\/blogsaverroes.juntadeandalucia.es\/erasmusceperpedrodeescavias\/wp-json\/wp\/v2\/types\/page"}],"author":[{"embeddable":true,"href":"https:\/\/blogsaverroes.juntadeandalucia.es\/erasmusceperpedrodeescavias\/wp-json\/wp\/v2\/users\/8160"}],"replies":[{"embeddable":true,"href":"https:\/\/blogsaverroes.juntadeandalucia.es\/erasmusceperpedrodeescavias\/wp-json\/wp\/v2\/comments?post=68"}],"version-history":[{"count":2,"href":"https:\/\/blogsaverroes.juntadeandalucia.es\/erasmusceperpedrodeescavias\/wp-json\/wp\/v2\/pages\/68\/revisions"}],"predecessor-version":[{"id":72,"href":"https:\/\/blogsaverroes.juntadeandalucia.es\/erasmusceperpedrodeescavias\/wp-json\/wp\/v2\/pages\/68\/revisions\/72"}],"wp:attachment":[{"href":"https:\/\/blogsaverroes.juntadeandalucia.es\/erasmusceperpedrodeescavias\/wp-json\/wp\/v2\/media?parent=68"}],"curies":[{"name":"wp","href":"https:\/\/api.w.org\/{rel}","templated":true}]}}