{"id":77,"date":"2022-09-29T18:24:27","date_gmt":"2022-09-29T16:24:27","guid":{"rendered":"https:\/\/blogsaverroes.juntadeandalucia.es\/erasmusceperpedrodeescavias\/?page_id=77"},"modified":"2025-04-29T18:40:05","modified_gmt":"2025-04-29T16:40:05","slug":"enlaces","status":"publish","type":"page","link":"https:\/\/blogsaverroes.juntadeandalucia.es\/erasmusceperpedrodeescavias\/enlaces\/","title":{"rendered":"ENLACES"},"content":{"rendered":"<ul>\n<li>BLOG CEPER PEDRO DE ESCAVIAS:\u00a0<a href=\"https:\/\/blogsaverroes.juntadeandalucia.es\/ceperpedrodeescavias\/\">https:\/\/blogsaverroes.juntadeandalucia.es\/ceperpedrodeescavias\/<\/a><\/li>\n<li>FACEBOOK CEPER PEDRO DE ESCAVIAS:\u00a0<a href=\"https:\/\/www.facebook.com\/profile.php?id=100057187911420\">https:\/\/www.facebook.com\/profile.php?id=100057187911420<\/a><\/li>\n<li>PORTAL NACIONAL ERASMUS+:\u00a0<a href=\"http:\/\/www.erasmusplus.gob.es\/\">http:\/\/www.erasmusplus.gob.es\/<\/a><\/li>\n<li>PORTAL ERAMUS+ CONSEJER\u00cdA DE EDUCACI\u00d3N JUNTA DE ANDALUC\u00cdA:\u00a0<a href=\"https:\/\/portals.ced.junta-andalucia.es\/educacion\/portals\/web\/formacion-profesional-andaluza\/estudiante\/formarme-extranjero\/erasmus-plus\">https:\/\/portals.ced.junta-andalucia.es\/educacion\/portals\/web\/formacion-profesional-andaluza\/estudiante\/formarme-extranjero\/erasmus-plus<\/a><\/li>\n<li>SOLICITUD DE TARJETA SANITARIA EUROPEA (TSE):\u00a0<a href=\"https:\/\/www.seg-social.es\/wps\/portal\/wss\/internet\/Trabajadores\/PrestacionesPensionesTrabajadores\/10938\/11566\/1761\">https:\/\/www.seg-social.es\/wps\/portal\/wss\/internet\/Trabajadores\/PrestacionesPensionesTrabajadores\/10938\/11566\/1761<\/a><\/li>\n<li>\n<article class=\"text-token-text-primary w-full\" dir=\"auto\" data-testid=\"conversation-turn-2\" data-scroll-anchor=\"true\">\n<div class=\"text-base my-auto mx-auto py-5 [--thread-content-margin:--spacing(4)] @[37rem]:[--thread-content-margin:--spacing(6)] @[70rem]:[--thread-content-margin:--spacing(12)] px-(--thread-content-margin)\">\n<div class=\"[--thread-content-max-width:32rem] @[34rem]:[--thread-content-max-width:40rem] @[64rem]:[--thread-content-max-width:48rem] mx-auto flex max-w-(--thread-content-max-width) flex-1 text-base gap-4 md:gap-5 lg:gap-6 group\/turn-messages focus-visible:outline-hidden\">\n<div class=\"group\/conversation-turn relative flex w-full min-w-0 flex-col agent-turn\">\n<div class=\"relative flex-col gap-1 md:gap-3\">\n<div class=\"flex max-w-full flex-col grow\">\n<div class=\"min-h-8 text-message relative flex w-full flex-col items-end gap-2 text-start break-words whitespace-normal [.text-message+&amp;]:mt-5\" dir=\"auto\" data-message-author-role=\"assistant\" data-message-id=\"00ae2049-7c8b-481b-88af-76cea15da1ce\" data-message-model-slug=\"gpt-4o\">\n<div class=\"flex w-full flex-col gap-1 empty:hidden first:pt-[3px]\">\n<div class=\"markdown prose dark:prose-invert w-full break-words light\">\n<p class=\"\" data-start=\"0\" data-end=\"69\">SERVICIO ESPA\u00d1OL PARA LA INTERNACIONALIZACI\u00d3N DE LA EDUCACI\u00d3N (SEPIE):\u00a0<a href=\"http:\/\/sepie.es\/\">http:\/\/sepie.es\/<\/a><\/p>\n<\/div>\n<\/div>\n<\/div>\n<\/div>\n<div class=\"flex justify-start\">\n<div class=\"touch:-me-2 touch:-ms-3.5 -ms-2.5 -me-1 flex items-center p-1 select-none -mt-1 duration-[1.5s] focus-within:transition-none hover:transition-none pointer-events-none [mask-image:linear-gradient(to_right,black_33%,transparent_66%)] [mask-position:100%_0%] [mask-size:300%_100%] motion-safe:transition-[mask-position] group-hover\/turn-messages:pointer-events-auto group-hover\/turn-messages:[mask-position:0_0] group-focus-within\/turn-messages:pointer-events-auto group-focus-within\/turn-messages:[mask-position:0_0] has-data-[state=open]:pointer-events-auto has-data-[state=open]:[mask-position:0_0]\"><\/div>\n<\/div>\n<\/div>\n<div class=\"absolute\">\n<div class=\"flex items-center justify-center\"><\/div>\n<\/div>\n<\/div>\n<\/div>\n<\/div>\n<\/article>\n<div class=\"pointer-events-none h-px w-px\" aria-hidden=\"true\" data-edge=\"true\"><\/div>\n<\/li>\n<\/ul>\n","protected":false},"excerpt":{"rendered":"<p>BLOG CEPER PEDRO DE ESCAVIAS:\u00a0https:\/\/blogsaverroes.juntadeandalucia.es\/ceperpedrodeescavias\/ FACEBOOK CEPER PEDRO DE ESCAVIAS:\u00a0https:\/\/www.facebook.com\/profile.php?id=100057187911420 PORTAL NACIONAL ERASMUS+:\u00a0http:\/\/www.erasmusplus.gob.es\/ PORTAL ERAMUS+ CONSEJER\u00cdA DE EDUCACI\u00d3N JUNTA DE ANDALUC\u00cdA:\u00a0https:\/\/portals.ced.junta-andalucia.es\/educacion\/portals\/web\/formacion-profesional-andaluza\/estudiante\/formarme-extranjero\/erasmus-plus SOLICITUD DE TARJETA SANITARIA EUROPEA (TSE):\u00a0https:\/\/www.seg-social.es\/wps\/portal\/wss\/internet\/Trabajadores\/PrestacionesPensionesTrabajadores\/10938\/11566\/1761 SERVICIO ESPA\u00d1OL PARA LA INTERNACIONALIZACI\u00d3N DE LA&#46;&#46;&#46;<\/p>\n","protected":false},"author":8160,"featured_media":0,"parent":0,"menu_order":0,"comment_status":"closed","ping_status":"closed","template":"","meta":{"footnotes":""},"aioseo_notices":[],"_links":{"self":[{"href":"https:\/\/blogsaverroes.juntadeandalucia.es\/erasmusceperpedrodeescavias\/wp-json\/wp\/v2\/pages\/77"}],"collection":[{"href":"https:\/\/blogsaverroes.juntadeandalucia.es\/erasmusceperpedrodeescavias\/wp-json\/wp\/v2\/pages"}],"about":[{"href":"https:\/\/blogsaverroes.juntadeandalucia.es\/erasmusceperpedrodeescavias\/wp-json\/wp\/v2\/types\/page"}],"author":[{"embeddable":true,"href":"https:\/\/blogsaverroes.juntadeandalucia.es\/erasmusceperpedrodeescavias\/wp-json\/wp\/v2\/users\/8160"}],"replies":[{"embeddable":true,"href":"https:\/\/blogsaverroes.juntadeandalucia.es\/erasmusceperpedrodeescavias\/wp-json\/wp\/v2\/comments?post=77"}],"version-history":[{"count":3,"href":"https:\/\/blogsaverroes.juntadeandalucia.es\/erasmusceperpedrodeescavias\/wp-json\/wp\/v2\/pages\/77\/revisions"}],"predecessor-version":[{"id":84,"href":"https:\/\/blogsaverroes.juntadeandalucia.es\/erasmusceperpedrodeescavias\/wp-json\/wp\/v2\/pages\/77\/revisions\/84"}],"wp:attachment":[{"href":"https:\/\/blogsaverroes.juntadeandalucia.es\/erasmusceperpedrodeescavias\/wp-json\/wp\/v2\/media?parent=77"}],"curies":[{"name":"wp","href":"https:\/\/api.w.org\/{rel}","templated":true}]}}