{"id":201,"date":"2022-10-05T11:04:08","date_gmt":"2022-10-05T11:04:08","guid":{"rendered":"https:\/\/blogsaverroes.juntadeandalucia.es\/erasmuscepsevilla\/?page_id=201"},"modified":"2022-10-05T13:08:15","modified_gmt":"2022-10-05T13:08:15","slug":"contacto","status":"publish","type":"page","link":"https:\/\/blogsaverroes.juntadeandalucia.es\/erasmuscepsevilla\/contacto\/","title":{"rendered":"CONTACTO"},"content":{"rendered":"<div class=\"hJDwNd-AhqUyc-OwsYgb Ft7HRd-AhqUyc-OwsYgb purZT-AhqUyc-II5mzb ZcASvf-AhqUyc-II5mzb pSzOP-AhqUyc-qWD73c Ktthjf-AhqUyc-qWD73c JNdkSc SQVYQc\">\n<div class=\"JNdkSc-SmKAyb LkDMRd\">\n<div class=\"\">\n<div class=\"oKdM2c ZZyype Kzv0Me\">\n<div id=\"h.78c3a9ef3db871b2_55\" class=\"hJDwNd-AhqUyc-OwsYgb Ft7HRd-AhqUyc-OwsYgb jXK9ad D2fZ2 zu5uec OjCsFc dmUFtb wHaque g5GTcb GNzUNc\">\n<div class=\"jXK9ad-SmKAyb\">\n<div class=\"tyJCtd mGzaTb Depvyb baZpAe\">\n<p dir=\"ltr\">Internacionalizaci\u00f3n del CEP de Sevilla &#8211; 41200017.internacional[a]g.educaand.es<\/p>\n<hr>\n<p class=\"CDt4Ke zfr3Q\" dir=\"ltr\">Marga Valle Rodr\u00edguez <span class=\" aw5Odc\">&#8211; mvalrod441[a]g.educaand.es<\/span><\/p>\n<\/div>\n<p dir=\"ltr\">Juan Manuel Est\u00e9vez Maraver &#8211; jestmar247[a]g.educaand.es<\/p>\n<p dir=\"ltr\">Mariano Real P\u00e9rez &#8211; mreaper646[a]g.educaand.es<\/p>\n<p dir=\"ltr\">Javier Campa\u00f1a Herv\u00e1s &#8211; fcamher892[a]g.educaand.es<\/p>\n<div class=\"tyJCtd mGzaTb Depvyb baZpAe\">\n<hr>\n<p dir=\"ltr\"><a href=\"https:\/\/twitter.com\/erasmuscepsevi\" target=\"_blank\" rel=\"noopener noreferrer\">Twitter de Internacionalizaci\u00f3n del CEP de Sevilla<\/a><\/p>\n<p class=\"CDt4Ke zfr3Q\" dir=\"ltr\"><a href=\"https:\/\/www.juntadeandalucia.es\/educacion\/portals\/web\/cep-sevilla\" target=\"_blank\" rel=\"noopener noreferrer\">Web del CEP de Sevilla<\/a><\/p>\n<p class=\"CDt4Ke zfr3Q\" dir=\"ltr\"><a href=\"https:\/\/twitter.com\/CEPdeSevilla\" target=\"_blank\" rel=\"noopener noreferrer\">Twitter del CEP de Sevilla<\/a><\/p>\n<\/div>\n<\/div>\n<\/div>\n<\/div>\n<\/div>\n<\/div>\n<\/div>\n","protected":false},"excerpt":{"rendered":"<p>Internacionalizaci\u00f3n del CEP de Sevilla &#8211; 41200017.internacional[a]g.educaand.es Marga Valle Rodr\u00edguez &#8211; mvalrod441[a]g.educaand.es Juan Manuel Est\u00e9vez Maraver &#8211; jestmar247[a]g.educaand.es Mariano Real P\u00e9rez &#8211; mreaper646[a]g.educaand.es Javier Campa\u00f1a Herv\u00e1s &#8211; fcamher892[a]g.educaand.es Twitter de Internacionalizaci\u00f3n del CEP de&#46;&#46;&#46;<\/p>\n","protected":false},"author":15474,"featured_media":0,"parent":0,"menu_order":0,"comment_status":"closed","ping_status":"closed","template":"","meta":{"ngg_post_thumbnail":0,"footnotes":""},"aioseo_notices":[],"_links":{"self":[{"href":"https:\/\/blogsaverroes.juntadeandalucia.es\/erasmuscepsevilla\/wp-json\/wp\/v2\/pages\/201"}],"collection":[{"href":"https:\/\/blogsaverroes.juntadeandalucia.es\/erasmuscepsevilla\/wp-json\/wp\/v2\/pages"}],"about":[{"href":"https:\/\/blogsaverroes.juntadeandalucia.es\/erasmuscepsevilla\/wp-json\/wp\/v2\/types\/page"}],"author":[{"embeddable":true,"href":"https:\/\/blogsaverroes.juntadeandalucia.es\/erasmuscepsevilla\/wp-json\/wp\/v2\/users\/15474"}],"replies":[{"embeddable":true,"href":"https:\/\/blogsaverroes.juntadeandalucia.es\/erasmuscepsevilla\/wp-json\/wp\/v2\/comments?post=201"}],"version-history":[{"count":3,"href":"https:\/\/blogsaverroes.juntadeandalucia.es\/erasmuscepsevilla\/wp-json\/wp\/v2\/pages\/201\/revisions"}],"predecessor-version":[{"id":210,"href":"https:\/\/blogsaverroes.juntadeandalucia.es\/erasmuscepsevilla\/wp-json\/wp\/v2\/pages\/201\/revisions\/210"}],"wp:attachment":[{"href":"https:\/\/blogsaverroes.juntadeandalucia.es\/erasmuscepsevilla\/wp-json\/wp\/v2\/media?parent=201"}],"curies":[{"name":"wp","href":"https:\/\/api.w.org\/{rel}","templated":true}]}}