{"id":69,"date":"2022-09-20T11:02:06","date_gmt":"2022-09-20T11:02:06","guid":{"rendered":"https:\/\/blogsaverroes.juntadeandalucia.es\/erasmuscepsevilla\/?page_id=69"},"modified":"2022-10-04T11:30:31","modified_gmt":"2022-10-04T11:30:31","slug":"recursos","status":"publish","type":"page","link":"https:\/\/blogsaverroes.juntadeandalucia.es\/erasmuscepsevilla\/recursos\/","title":{"rendered":"Recursos"},"content":{"rendered":"<p>Instrucciones sobre c\u00f3mo solicitar el OID<\/p>\n<p>C\u00f3mo elaborar un Proyecto Erasmus de corta duraci\u00f3n<\/p>\n<p>C\u00f3mo solicitar la Acreditaci\u00f3n<\/p>\n<p>Gesti\u00f3n Econ\u00f3mica del Proyecto<\/p>\n<p>Gesti\u00f3n y log\u00edstica de Movilidades<\/p>\n<p>Justificaci\u00f3n econ\u00f3mica y administraci\u00f3n en S\u00e9neca<\/p>\n<p>Justificaci\u00f3n de proyectos y Kit de comunicaci\u00f3n<\/p>\n","protected":false},"excerpt":{"rendered":"<p>Instrucciones sobre c\u00f3mo solicitar el OID C\u00f3mo elaborar un Proyecto Erasmus de corta duraci\u00f3n C\u00f3mo solicitar la Acreditaci\u00f3n Gesti\u00f3n Econ\u00f3mica del Proyecto Gesti\u00f3n y log\u00edstica de Movilidades Justificaci\u00f3n econ\u00f3mica y administraci\u00f3n en S\u00e9neca Justificaci\u00f3n&#46;&#46;&#46;<\/p>\n","protected":false},"author":15474,"featured_media":0,"parent":0,"menu_order":0,"comment_status":"closed","ping_status":"closed","template":"","meta":{"ngg_post_thumbnail":0,"footnotes":""},"aioseo_notices":[],"_links":{"self":[{"href":"https:\/\/blogsaverroes.juntadeandalucia.es\/erasmuscepsevilla\/wp-json\/wp\/v2\/pages\/69"}],"collection":[{"href":"https:\/\/blogsaverroes.juntadeandalucia.es\/erasmuscepsevilla\/wp-json\/wp\/v2\/pages"}],"about":[{"href":"https:\/\/blogsaverroes.juntadeandalucia.es\/erasmuscepsevilla\/wp-json\/wp\/v2\/types\/page"}],"author":[{"embeddable":true,"href":"https:\/\/blogsaverroes.juntadeandalucia.es\/erasmuscepsevilla\/wp-json\/wp\/v2\/users\/15474"}],"replies":[{"embeddable":true,"href":"https:\/\/blogsaverroes.juntadeandalucia.es\/erasmuscepsevilla\/wp-json\/wp\/v2\/comments?post=69"}],"version-history":[{"count":3,"href":"https:\/\/blogsaverroes.juntadeandalucia.es\/erasmuscepsevilla\/wp-json\/wp\/v2\/pages\/69\/revisions"}],"predecessor-version":[{"id":193,"href":"https:\/\/blogsaverroes.juntadeandalucia.es\/erasmuscepsevilla\/wp-json\/wp\/v2\/pages\/69\/revisions\/193"}],"wp:attachment":[{"href":"https:\/\/blogsaverroes.juntadeandalucia.es\/erasmuscepsevilla\/wp-json\/wp\/v2\/media?parent=69"}],"curies":[{"name":"wp","href":"https:\/\/api.w.org\/{rel}","templated":true}]}}