{"id":2,"date":"2024-04-24T11:25:31","date_gmt":"2024-04-24T09:25:31","guid":{"rendered":"https:\/\/blogsaverroes.juntadeandalucia.es\/erasmuscomares\/?page_id=2"},"modified":"2024-09-02T15:20:16","modified_gmt":"2024-09-02T13:20:16","slug":"pagina-ejemplo","status":"publish","type":"page","link":"https:\/\/blogsaverroes.juntadeandalucia.es\/erasmuscomares\/","title":{"rendered":"Inicio"},"content":{"rendered":"<div class=\"wp-container-2 wp-block-group\">\n<div class=\"wp-block-group__inner-container\">\n<div class=\"wp-container-1 wp-block-group\">\n<div class=\"wp-block-group__inner-container\">\n<div class=\"wp-container-2 wp-block-group\">\n<div class=\"wp-block-group__inner-container\">\n<div class=\"wp-container-1 wp-block-group\">\n<div class=\"wp-block-group__inner-container\">\n<p>Bienvenidos a la web del <strong>Plan de Acreditaci\u00f3n Erasmus+ en el \u00e1mbito escolar del IES Marqu\u00e9s de Comares<\/strong> (2023-1-ES01-KA120-SCH-000193925). Aqu\u00ed podr\u00e1s acceder a toda la informaci\u00f3n relativa al proyecto de acreditaci\u00f3n Erasmus+ que estamos desarrollando en el centro, as\u00ed como a los proyectos de movilidad KA121 que se lleven a cabo.&nbsp;<\/p>\n<\/div>\n<\/div>\n<\/div>\n<\/div>\n<\/div>\n<\/div>\n<\/div>\n<\/div>\n<p style=\"text-align: left\">En la siguiente presentaci\u00f3n encontrar\u00e9is un resumen de nuestro Plan Erasmus+ para el <strong>periodo de acreditaci\u00f3n 2024-2027<\/strong>. Para conocer todas las dem\u00e1s publicaciones, accede a la p\u00e1gina NOVEDADES. En las dem\u00e1s p\u00e1ginas, encontrar\u00e1s m\u00e1s informaci\u00f3n del Plan.<\/p>\n<p style=\"text-align: center\">&nbsp;<\/p>\n<div style=\"width: 100%\">\n<div style=\"position: relative;padding-bottom: 56.25%;padding-top: 0px;height: 0px;text-align: center\"><iframe loading=\"lazy\" src=\"https:\/\/view.genially.com\/667b07d78f12210014efc165\" width=\"1000\" height=\"545\" frameborder=\"0\" scrolling=\"yes\"><\/iframe><\/div>\n<\/div>\n","protected":false},"excerpt":{"rendered":"<p>Bienvenidos a la web del Plan de Acreditaci\u00f3n Erasmus+ en el \u00e1mbito escolar del IES Marqu\u00e9s de Comares (2023-1-ES01-KA120-SCH-000193925). Aqu\u00ed podr\u00e1s acceder a toda la informaci\u00f3n relativa al proyecto de acreditaci\u00f3n Erasmus+ que estamos&#46;&#46;&#46;<\/p>\n","protected":false},"author":8171,"featured_media":0,"parent":0,"menu_order":0,"comment_status":"closed","ping_status":"open","template":"","meta":{"ngg_post_thumbnail":0,"footnotes":""},"aioseo_notices":[],"_links":{"self":[{"href":"https:\/\/blogsaverroes.juntadeandalucia.es\/erasmuscomares\/wp-json\/wp\/v2\/pages\/2"}],"collection":[{"href":"https:\/\/blogsaverroes.juntadeandalucia.es\/erasmuscomares\/wp-json\/wp\/v2\/pages"}],"about":[{"href":"https:\/\/blogsaverroes.juntadeandalucia.es\/erasmuscomares\/wp-json\/wp\/v2\/types\/page"}],"author":[{"embeddable":true,"href":"https:\/\/blogsaverroes.juntadeandalucia.es\/erasmuscomares\/wp-json\/wp\/v2\/users\/8171"}],"replies":[{"embeddable":true,"href":"https:\/\/blogsaverroes.juntadeandalucia.es\/erasmuscomares\/wp-json\/wp\/v2\/comments?post=2"}],"version-history":[{"count":30,"href":"https:\/\/blogsaverroes.juntadeandalucia.es\/erasmuscomares\/wp-json\/wp\/v2\/pages\/2\/revisions"}],"predecessor-version":[{"id":268,"href":"https:\/\/blogsaverroes.juntadeandalucia.es\/erasmuscomares\/wp-json\/wp\/v2\/pages\/2\/revisions\/268"}],"wp:attachment":[{"href":"https:\/\/blogsaverroes.juntadeandalucia.es\/erasmuscomares\/wp-json\/wp\/v2\/media?parent=2"}],"curies":[{"name":"wp","href":"https:\/\/api.w.org\/{rel}","templated":true}]}}