{"id":264,"date":"2024-08-30T16:45:27","date_gmt":"2024-08-30T14:45:27","guid":{"rendered":"https:\/\/blogsaverroes.juntadeandalucia.es\/erasmuscomares\/?page_id=264"},"modified":"2026-01-14T13:50:54","modified_gmt":"2026-01-14T12:50:54","slug":"movilidades","status":"publish","type":"page","link":"https:\/\/blogsaverroes.juntadeandalucia.es\/erasmuscomares\/movilidades\/","title":{"rendered":"Movilidades"},"content":{"rendered":"<p>Una de las acciones que contempla el programa Erasmus+ es la <strong>Acci\u00f3n Clave 1: Movilidad para el Aprendizaje de Personas <\/strong>con la que se espera obtener efectos positivos y duraderos en nuestros participantes y en nuestro centro. El tener una acreditaci\u00f3n implica que podremos disfrutar de proyectos de movilidad los a\u00f1os de disfrute del Plan Erasmus+.<\/p>\n<p>&nbsp;<\/p>\n<table style=\"border-collapse: collapse;width: 100%\">\n<tbody>\n<tr>\n<td style=\"width: 24.3986%\"><img loading=\"lazy\" decoding=\"async\" class=\"aligncenter size-medium wp-image-271\" src=\"https:\/\/blogsaverroes.juntadeandalucia.es\/erasmuscomares\/files\/2024\/09\/skills-3371153_1280-300x146.jpg\" alt=\"\" width=\"300\" height=\"146\" srcset=\"https:\/\/blogsaverroes.juntadeandalucia.es\/erasmuscomares\/files\/2024\/09\/skills-3371153_1280-300x146.jpg 300w, https:\/\/blogsaverroes.juntadeandalucia.es\/erasmuscomares\/files\/2024\/09\/skills-3371153_1280-1024x500.jpg 1024w, https:\/\/blogsaverroes.juntadeandalucia.es\/erasmuscomares\/files\/2024\/09\/skills-3371153_1280-768x375.jpg 768w, https:\/\/blogsaverroes.juntadeandalucia.es\/erasmuscomares\/files\/2024\/09\/skills-3371153_1280.jpg 1280w\" sizes=\"(max-width: 300px) 100vw, 300px\" \/><\/td>\n<td style=\"width: 75.6014%\" rowspan=\"2\"><span style=\"font-size: 18pt\"><strong>\u00bfQu\u00e9 pretenden las movilidades?<\/strong><\/span><\/p>\n<p style=\"text-align: left\">Las actividades de movilidad que se planifiquen tendr\u00e1n alguno de los resultados siguientes en nuestros participantes:<\/p>\n<ul>\n<li style=\"text-align: left\">Mejora de los resultados del aprendizaje.<\/li>\n<li style=\"text-align: left\">Mayor sentido de la iniciativa y esp\u00edritu emprendedor.<\/li>\n<li style=\"text-align: left\">Mejora de la autocapacitaci\u00f3n y de la autoestima.<\/li>\n<li style=\"text-align: left\">Mejora del conocimiento de lenguas extranjeras y de las competencias digitales.<\/li>\n<li style=\"text-align: left\">Mayor sensibilizaci\u00f3n intercultural.<\/li>\n<li style=\"text-align: left\">Participaci\u00f3n m\u00e1s activa en la sociedad.<\/li>\n<li style=\"text-align: left\">Mejora de las interacciones positivas con personas de distintos or\u00edgenes.<\/li>\n<li style=\"text-align: left\">Mayor sensibilizaci\u00f3n ante el proyecto europeo y los valores de la UE.<\/li>\n<\/ul>\n<\/td>\n<\/tr>\n<tr>\n<td style=\"width: 24.3986%;text-align: center\"><strong>Objetivo de las movilidades<\/strong><\/td>\n<\/tr>\n<\/tbody>\n<\/table>\n<p>&nbsp;<\/p>\n<table style=\"border-collapse: collapse;width: 100%;height: 310px\">\n<tbody>\n<tr style=\"height: 284px\">\n<td style=\"width: 24.4844%;height: 286px\"><img loading=\"lazy\" decoding=\"async\" class=\"aligncenter wp-image-272\" src=\"https:\/\/blogsaverroes.juntadeandalucia.es\/erasmuscomares\/files\/2024\/09\/movilidad-300x300.jpg\" alt=\"\" width=\"273\" height=\"273\"><\/td>\n<td style=\"width: 75.5156%;text-align: left;height: 310px\" rowspan=\"2\"><span style=\"font-size: 18pt\"><strong>Curso 2024-25<\/strong><\/span><\/p>\n<p>Tenemos aprobado el <strong>Proyecto Movilidad Erasmus+ 2024-ES01-KA121-SCH-000221615 <\/strong>con fondos para realizar<strong> 8 movilidades para formaci\u00f3n del profesorado <\/strong>en otros centros europeos. Para su finalizaci\u00f3n, se nos ha concedido una pr\u00f3rroga de 6 meses para poder realizar todas la movilidades antes de fin de curso 2025\/26.&nbsp;<\/p>\n<p>Hasta ahora, el profesorado solicitante de nuestro centro ha realizado los siguientes cursos de formaci\u00f3n relacionados con los objetivos del Plan de acreditaci\u00f3n Erasmus+:<\/p>\n<ul>\n<li><a href=\"https:\/\/blogsaverroes.juntadeandalucia.es\/erasmuscomares\/2025\/06\/10\/de-lucena-a-austria-zero-waste\/\"><strong>\u00abZero waste school\u00bb<\/strong><\/a> (Junio 2025. Viena, Austria).<\/li>\n<li><a href=\"https:\/\/blogsaverroes.juntadeandalucia.es\/erasmuscomares\/2025\/07\/12\/aprendizaje-activo-en-azores\/\"><b>\u00abOutdoor Education activities and Environmental awareness\u00bb <\/b><\/a>(Julio 2025. Azores, Portugal).<\/li>\n<li><a href=\"https:\/\/blogsaverroes.juntadeandalucia.es\/erasmuscomares\/2025\/08\/03\/726\/\"><strong>\u00abYoga and meditation for Educators: Be a Great Teacher, Be Your Best Self\u201d<\/strong><\/a> (Julio 2025. Trapani, Italia).<\/li>\n<li><strong><a href=\"https:\/\/blogsaverroes.juntadeandalucia.es\/erasmuscomares\/2025\/10\/24\/greener-schools-en-reikiavik\/\">\u00abGreener school for a sustainable future: climate change education\u00bb<\/a>&nbsp;<\/strong>(Octubre 2025.Reykjavik, Islandia).<\/li>\n<li><strong>\u00ab<span lang=\"EN-IE\">Inclusive Teaching with Artificial Intelligence\u00bb <\/span><\/strong><span lang=\"EN-IE\">(Marzo, 2026. Florencia, Italia)<\/span><\/li>\n<\/ul>\n<\/td>\n<\/tr>\n<tr style=\"height: 24px\">\n<td style=\"width: 24.4844%;text-align: center;height: 24px\"><strong>Proyectos de Movilidad<\/strong><\/td>\n<\/tr>\n<\/tbody>\n<\/table>\n<p>&nbsp;<\/p>\n<table style=\"border-collapse: collapse;width: 100%;height: 226px\">\n<tbody>\n<tr style=\"height: 202px\">\n<td style=\"width: 24.3986%;height: 202px\"><img loading=\"lazy\" decoding=\"async\" class=\"aligncenter wp-image-688 size-medium\" src=\"https:\/\/blogsaverroes.juntadeandalucia.es\/erasmuscomares\/files\/2025\/08\/652._Erasmus_Plus.0-300x216.jpg\" alt=\"\" width=\"300\" height=\"216\" srcset=\"https:\/\/blogsaverroes.juntadeandalucia.es\/erasmuscomares\/files\/2025\/08\/652._Erasmus_Plus.0-300x216.jpg 300w, https:\/\/blogsaverroes.juntadeandalucia.es\/erasmuscomares\/files\/2025\/08\/652._Erasmus_Plus.0-1024x737.jpg 1024w, https:\/\/blogsaverroes.juntadeandalucia.es\/erasmuscomares\/files\/2025\/08\/652._Erasmus_Plus.0-768x553.jpg 768w, https:\/\/blogsaverroes.juntadeandalucia.es\/erasmuscomares\/files\/2025\/08\/652._Erasmus_Plus.0.jpg 1250w\" sizes=\"(max-width: 300px) 100vw, 300px\" \/><\/td>\n<td style=\"width: 75.6014%;text-align: left;height: 226px\" rowspan=\"2\"><span style=\"font-size: 18pt\"><strong>Curso 2025-26<\/strong><\/span><\/p>\n<p>Para el presente curso escolar 2025-26 tenemos aprobado un <strong>Proyecto Movilidad Erasmus+ 2025 KA121-SCH-20E0C904&nbsp;<\/strong>que contempla la realizaci\u00f3n de entre 23 y 37 movilidades para alumnado y profesorado para la realizaci\u00f3n de proyectos de aprendizaje relacionados con los objetivos del plan de acreditaci\u00f3n Erasmus+de nuestro centro.&nbsp;<\/td>\n<\/tr>\n<tr style=\"height: 24px\">\n<td style=\"width: 24.3986%;text-align: center;height: 24px\"><strong>Proyectos de Movilidad<\/strong><\/td>\n<\/tr>\n<\/tbody>\n<\/table>\n<p>&nbsp;<\/p>\n<table style=\"border-collapse: collapse;width: 100%;height: 180px\">\n<tbody>\n<tr style=\"height: 28px\">\n<td style=\"width: 17.5129%;text-align: center;height: 28px\">&nbsp;<\/td>\n<td style=\"width: 29.1766%;text-align: center;height: 28px\"><span style=\"font-size: 14pt\"><strong>Movilidades 4\u00ba ESO<\/strong><\/span><\/td>\n<td style=\"width: 10.909%;text-align: center;height: 28px\">&nbsp;<\/td>\n<td style=\"width: 28.7479%;text-align: center;height: 28px\"><span style=\"font-size: 14pt\"><strong>Movilidades 2\u00ba ESO<\/strong><\/span><\/td>\n<td style=\"width: 13.6535%;height: 28px\">&nbsp;<\/td>\n<\/tr>\n<tr style=\"height: 24px\">\n<td style=\"width: 17.5129%;height: 24px\">&nbsp;<\/td>\n<td style=\"width: 29.1766%;height: 24px\"><img loading=\"lazy\" decoding=\"async\" class=\"aligncenter size-medium wp-image-832\" src=\"https:\/\/blogsaverroes.juntadeandalucia.es\/erasmuscomares\/files\/2026\/01\/MOVILIDADES-ERASMUS-4o-ESO-202526-212x300.png\" alt=\"\" width=\"212\" height=\"300\" srcset=\"https:\/\/blogsaverroes.juntadeandalucia.es\/erasmuscomares\/files\/2026\/01\/MOVILIDADES-ERASMUS-4o-ESO-202526-212x300.png 212w, https:\/\/blogsaverroes.juntadeandalucia.es\/erasmuscomares\/files\/2026\/01\/MOVILIDADES-ERASMUS-4o-ESO-202526-724x1024.png 724w, https:\/\/blogsaverroes.juntadeandalucia.es\/erasmuscomares\/files\/2026\/01\/MOVILIDADES-ERASMUS-4o-ESO-202526-768x1086.png 768w, https:\/\/blogsaverroes.juntadeandalucia.es\/erasmuscomares\/files\/2026\/01\/MOVILIDADES-ERASMUS-4o-ESO-202526-1086x1536.png 1086w, https:\/\/blogsaverroes.juntadeandalucia.es\/erasmuscomares\/files\/2026\/01\/MOVILIDADES-ERASMUS-4o-ESO-202526.png 1414w\" sizes=\"(max-width: 212px) 100vw, 212px\" \/><\/td>\n<td style=\"width: 10.909%;height: 24px\">&nbsp;<\/td>\n<td style=\"width: 28.7479%;height: 24px\"><img loading=\"lazy\" decoding=\"async\" class=\"aligncenter size-medium wp-image-833\" src=\"https:\/\/blogsaverroes.juntadeandalucia.es\/erasmuscomares\/files\/2026\/01\/MOVILIDAD-ERASMUS-2o-ESO-202526-212x300.png\" alt=\"\" width=\"212\" height=\"300\" srcset=\"https:\/\/blogsaverroes.juntadeandalucia.es\/erasmuscomares\/files\/2026\/01\/MOVILIDAD-ERASMUS-2o-ESO-202526-212x300.png 212w, https:\/\/blogsaverroes.juntadeandalucia.es\/erasmuscomares\/files\/2026\/01\/MOVILIDAD-ERASMUS-2o-ESO-202526-724x1024.png 724w, https:\/\/blogsaverroes.juntadeandalucia.es\/erasmuscomares\/files\/2026\/01\/MOVILIDAD-ERASMUS-2o-ESO-202526-768x1086.png 768w, https:\/\/blogsaverroes.juntadeandalucia.es\/erasmuscomares\/files\/2026\/01\/MOVILIDAD-ERASMUS-2o-ESO-202526-1086x1536.png 1086w, https:\/\/blogsaverroes.juntadeandalucia.es\/erasmuscomares\/files\/2026\/01\/MOVILIDAD-ERASMUS-2o-ESO-202526.png 1414w\" sizes=\"(max-width: 212px) 100vw, 212px\" \/><\/td>\n<td style=\"width: 13.6535%;height: 24px\">&nbsp;<\/td>\n<\/tr>\n<tr style=\"height: 128px\">\n<td style=\"width: 17.5129%;height: 128px\">&nbsp;<\/td>\n<td style=\"width: 29.1766%;height: 128px\">\n<ul>\n<li><a href=\"https:\/\/drive.google.com\/file\/d\/1NKr5VjATwUMdaMmoWvl0f0WFQoBOIJRr\/view?usp=sharing\">Resumen de las movilidades<\/a><\/li>\n<li><a href=\"https:\/\/drive.google.com\/file\/d\/13hBq6xHazEBx9STwPkXGMpqTo8_10zvH\/view?usp=sharing\">Convocatoria Movilidad 4\u00ba ESO<\/a>&nbsp;<\/li>\n<li><a href=\"https:\/\/docs.google.com\/forms\/d\/e\/1FAIpQLSfaDpf5lYZs7XbCz-Q-n6SG3B2ORwf5tJtXho5PH_fSo1LNVA\/viewform?usp=sharing&amp;ouid=116475525717560601071\">Formulario de inscripci\u00f3n<\/a><span style=\"font-size: 10pt\">&nbsp;<\/span><\/li>\n<\/ul>\n<\/td>\n<td style=\"width: 10.909%;height: 128px\">&nbsp;<\/td>\n<td style=\"width: 28.7479%;height: 128px\">\n<ul>\n<li><a href=\"https:\/\/drive.google.com\/file\/d\/1NEWpqI0jpjb_ADXTsn5KS5oCCeqRQOQ4\/view?usp=sharing\">Resumen de la movilidad<\/a><\/li>\n<li><a href=\"https:\/\/drive.google.com\/file\/d\/1NEWpqI0jpjb_ADXTsn5KS5oCCeqRQOQ4\/view?usp=sharing\">Convocatoria Movilidad 2\u00ba ESO<\/a><\/li>\n<li><a href=\"https:\/\/drive.google.com\/file\/d\/1NEWpqI0jpjb_ADXTsn5KS5oCCeqRQOQ4\/view?usp=sharing\">Formulario de inscripci\u00f3n<\/a><span style=\"font-size: 10pt\">&nbsp;<\/span><\/li>\n<\/ul>\n<\/td>\n<td style=\"width: 13.6535%;height: 128px\">&nbsp;<\/td>\n<\/tr>\n<\/tbody>\n<\/table>\n","protected":false},"excerpt":{"rendered":"<p>Una de las acciones que contempla el programa Erasmus+ es la Acci\u00f3n Clave 1: Movilidad para el Aprendizaje de Personas con la que se espera obtener efectos positivos y duraderos en nuestros participantes y&#46;&#46;&#46;<\/p>\n","protected":false},"author":356,"featured_media":0,"parent":0,"menu_order":0,"comment_status":"closed","ping_status":"closed","template":"","meta":{"ngg_post_thumbnail":0,"footnotes":""},"aioseo_notices":[],"_links":{"self":[{"href":"https:\/\/blogsaverroes.juntadeandalucia.es\/erasmuscomares\/wp-json\/wp\/v2\/pages\/264"}],"collection":[{"href":"https:\/\/blogsaverroes.juntadeandalucia.es\/erasmuscomares\/wp-json\/wp\/v2\/pages"}],"about":[{"href":"https:\/\/blogsaverroes.juntadeandalucia.es\/erasmuscomares\/wp-json\/wp\/v2\/types\/page"}],"author":[{"embeddable":true,"href":"https:\/\/blogsaverroes.juntadeandalucia.es\/erasmuscomares\/wp-json\/wp\/v2\/users\/356"}],"replies":[{"embeddable":true,"href":"https:\/\/blogsaverroes.juntadeandalucia.es\/erasmuscomares\/wp-json\/wp\/v2\/comments?post=264"}],"version-history":[{"count":17,"href":"https:\/\/blogsaverroes.juntadeandalucia.es\/erasmuscomares\/wp-json\/wp\/v2\/pages\/264\/revisions"}],"predecessor-version":[{"id":844,"href":"https:\/\/blogsaverroes.juntadeandalucia.es\/erasmuscomares\/wp-json\/wp\/v2\/pages\/264\/revisions\/844"}],"wp:attachment":[{"href":"https:\/\/blogsaverroes.juntadeandalucia.es\/erasmuscomares\/wp-json\/wp\/v2\/media?parent=264"}],"curies":[{"name":"wp","href":"https:\/\/api.w.org\/{rel}","templated":true}]}}