{"id":75,"date":"2024-04-30T19:47:30","date_gmt":"2024-04-30T17:47:30","guid":{"rendered":"https:\/\/blogsaverroes.juntadeandalucia.es\/erasmuscomares\/?page_id=75"},"modified":"2024-08-26T17:16:18","modified_gmt":"2024-08-26T15:16:18","slug":"organizacion","status":"publish","type":"page","link":"https:\/\/blogsaverroes.juntadeandalucia.es\/erasmuscomares\/organizacion\/","title":{"rendered":"Normas de calidad"},"content":{"rendered":"<p>La participaci\u00f3n de nuestro centro en el Programa Erasmus+ y, por consiguiente la ejecuci\u00f3n de actividades de movilidad, supone la aceptaci\u00f3n de una serie de normas de calidad Erasmus+. Estas <a href=\"http:\/\/www.sepie.es\/doc\/convocatoria\/2024\/EE\/b_erasmus_quality_standards_mobility_nov_2020_es.pdf\"><strong>normas<\/strong><\/a> existen para garantizar a todos los participantes una buena experiencia de movilidad y resultados de aprendizaje, y para asegurarse de que est\u00e1n contribuyendo a los objetivos del programa.&nbsp;<\/p>\n<p><strong><span style=\"font-size: 14pt\">1. Principios b\u00e1sicos<\/span>.&nbsp;<\/strong><\/p>\n<p>Los principios b\u00e1sicos en los que se fundamentan estas normas de calidad son los siguientes:<\/p>\n<ul>\n<li><strong>Inclusi\u00f3n y diversidad. <\/strong>Se respetar\u00e1n los principios de inclusi\u00f3n y diversidad en todos los aspectos de sus actividades. Se deben garantizar unas condiciones justas y equitativas para todos los participantes. Siempre que sea posible, se intentar\u00e1 hacer participar activamente e involucrar en sus actividades a participantes con menos oportunidades.&nbsp;<\/li>\n<li><strong>Sostenibilidad y responsabilidad medioambientales. <\/strong>Se promover\u00e1 entre los participantes un comportamiento responsable y sostenible desde el punto de vista medioambiental. Para ello se intentar\u00e1 aprovechar al m\u00e1ximo la financiaci\u00f3n proporcionada por el programa para apoyar los medios de viaje sostenibles.<\/li>\n<li><strong>Educaci\u00f3n digital, incluidas la cooperaci\u00f3n virtual, la movilidad virtual y la <\/strong><strong>movilidad combinada. <\/strong>Se utilizar\u00e1n herramientas digitales y m\u00e9todos de aprendizaje para complementar sus actividades de movilidad f\u00edsica y mejorar la cooperaci\u00f3n con las organizaciones asociadas. Para ello deben aprovechar al m\u00e1ximo las herramientas digitales, las plataformas en l\u00ednea y otras oportunidades que ofrece el programa para este fin.<\/li>\n<li><strong>Participaci\u00f3n activa en la red de organizaciones Erasmus.<\/strong> Uno de los objetivos del programa es apoyar el desarrollo del Espacio Europeo de Educaci\u00f3n. Para ello, trataremos de convertirnos en miembros activos de la red Erasmus, por ejemplo, alojando a participantes de otros pa\u00edses o participando en intercambios de buenas pr\u00e1cticas y otras actividades de contacto organizadas por las agencias nacionales u otras organizaciones.&nbsp;<\/li>\n<\/ul>\n<p>&nbsp;<\/p>\n<p><span style=\"font-size: 14pt\"><strong>2. Buena gesti\u00f3n de las actividades de movilidad<\/strong><\/span><\/p>\n<ul>\n<li><strong>Mantenimiento de la titularidad de las tareas fundamentales:<\/strong> el centro mantendr\u00e1 la titularidad de las tareas fundamentales de ejecuci\u00f3n sin externalizarlas a otras organizaciones. Las tareas fundamentales incluyen la gesti\u00f3n financiera de los fondos del programa, el contacto con la agencia nacional, la presentaci\u00f3n de informes sobre las actividades realizadas, as\u00ed como todas las decisiones que afecten directamente al contenido, la calidad y los resultados de las actividades ejecutadas (como la elecci\u00f3n del tipo de actividad, la duraci\u00f3n y la organizaci\u00f3n de acogida, la definici\u00f3n y la evaluaci\u00f3n de los resultados del aprendizaje, etc.).<\/li>\n<li><strong>Organizaciones de apoyo, transparencia y responsabilidad:<\/strong> en los aspectos pr\u00e1cticos de la ejecuci\u00f3n del proyecto, el centro podr\u00e1 recibir asesoramiento, asistencia o servicios de otras organizaciones, pero siempre manteniendo el control sobre el contenido, la calidad y los resultados de las actividades ejecutadas.<\/li>\n<\/ul>\n<p style=\"padding-left: 40px\">En el caso en el que el centro use parte de los fondos del programa para pagar a otras organizaciones para que lleven a cabo tareas de ejecuci\u00f3n espec\u00edficas, las obligaciones de estas organizaciones se definir\u00e1n formalmente para garantizar el cumplimiento de las normas de calidad Erasmus y la protecci\u00f3n de los fondos de la Uni\u00f3n. En ese caso,&nbsp; el acuerdo formal entre nuestro centro y el prestador del servicio incluir\u00eda:<\/p>\n<ul>\n<li style=\"list-style-type: none\">\n<ul>\n<li>Las tareas que deben llevarse a cabo.<\/li>\n<li>Los mecanismos de control de la calidad.<\/li>\n<li>Las consecuencias en caso de ausencia de resultados o resultados insatisfactorios.<\/li>\n<li>Mecanismos de flexibilidad en caso de cancelaci\u00f3n o reprogramaci\u00f3n de los servicios acordados que garanticen una distribuci\u00f3n justa y equilibrada de los riesgos en caso de acontecimientos imprevistos.<\/li>\n<\/ul>\n<\/li>\n<\/ul>\n<p style=\"padding-left: 40px\">La documentaci\u00f3n que defina estas obligaciones estar\u00e1 disponible para su revisi\u00f3n por la Agencia Nacional. Las organizaciones que nos asistieran, de manera remunerada o voluntaria, mediante la ejecuci\u00f3n de tareas espec\u00edficas, ser\u00e1n consideradas organizaciones de apoyo y deber\u00e1n estar registradas en las herramientas oficiales de elaboraci\u00f3n de informes. La participaci\u00f3n de las organizaciones de apoyo debe aportar beneficios claros al desarrollo organizativo de la organizaci\u00f3n beneficiaria y a la calidad de las actividades de movilidad. En todos los casos, la organizaci\u00f3n beneficiaria seguir\u00e1 siendo responsable de los resultados y la calidad de las actividades realizadas, independientemente de la participaci\u00f3n de otras organizaciones.<\/p>\n<ul>\n<li><strong>Contribuciones abonadas por los participantes:<\/strong> como forma de cofinanciaci\u00f3n, el centro podr\u00e1 pedir contribuciones a los participantes de las actividades de movilidad para pagar los bienes y servicios necesarios para la realizaci\u00f3n de dichas actividades. Las contribuciones de los participantes ser\u00e1n proporcionales a la subvenci\u00f3n concedida para la ejecuci\u00f3n de la actividad, se justificar\u00e1n claramente,&nbsp; se cobrar\u00e1n sin \u00e1nimo de lucro y no supondr\u00e1n obst\u00e1culos injustos a la participaci\u00f3n (especialmente en lo que se refiere a los participantes con menos oportunidades). Las organizaciones de apoyo u otros proveedores de servicios seleccionados por el centro no podr\u00e1n cobrar tasas adicionales u otras contribuciones a los participantes.<\/li>\n<li><strong>Integraci\u00f3n de los resultados de las actividades de movilidad en la organizaci\u00f3n:<\/strong> el centro integrar\u00e1 los resultados de las actividades de movilidad aplicadas (por ejemplo, los conocimientos adquiridos por el personal en el desarrollo profesional) en su trabajo habitual, a fin de beneficiar a la organizaci\u00f3n en su conjunto, a su personal y a sus alumnos.<\/li>\n<li><strong>Desarrollo de capacidades:<\/strong> el centro utilizar\u00e1 los fondos del programa (y, en particular, el apoyo organizativo) de manera que aumente gradualmente su capacidad para trabajar a escala internacional sobre una base sostenible a largo plazo.&nbsp;<\/li>\n<li><strong>Actualizaciones peri\u00f3dicas:<\/strong> el centro codificar\u00e1 peri\u00f3dicamente la informaci\u00f3n sobre las actividades de movilidad previstas y terminadas en los instrumentos proporcionados a tal efecto por la Comisi\u00f3n Europea.<\/li>\n<li><strong>Recopilaci\u00f3n y uso de las opiniones de los participantes:<\/strong> lel centro se asegurar\u00e1 de que los participantes completan el informe tipo sobre sus actividades, facilitado por la Comisi\u00f3n Europea. Las organizaciones beneficiarias deben utilizar las opiniones facilitadas por los participantes para mejorar sus actividades futuras.&nbsp;<\/li>\n<\/ul>\n<p>&nbsp;<\/p>\n<p><span style=\"font-size: 14pt\"><strong>3. Calidad y apoyo a los participantes<\/strong><\/span><\/p>\n<ul>\n<li><strong>Medidas pr\u00e1cticas<\/strong>: el centro garantizar\u00e1 la calidad de las medidas pr\u00e1cticas y log\u00edsticas (viaje, alojamiento, solicitudes de visado, seguridad social, etc.). Si estas tareas se delegasen en el participante o en un proveedor de servicios, el centro seguir\u00e1 siendo responsable en \u00faltima instancia de verificar su suministro y calidad.<\/li>\n<li><strong>Salud, seguridad y respeto de la normativa aplicable<\/strong>: todas las actividades se organizar\u00e1n con un alto nivel de seguridad y protecci\u00f3n para los participantes implicados y respetar\u00e1n toda la normativa aplicable (por ejemplo, en relaci\u00f3n con el consentimiento parental, la edad m\u00ednima de los participantes, etc.). El centro se asegurar\u00e1 de que sus participantes dispongan de la cobertura de seguro adecuada, tal como se define en las normas generales del programa y en el Reglamento aplicable.<\/li>\n<li><strong>Selecci\u00f3n de los participantes<\/strong>: los participantes ser\u00e1n seleccionados mediante un procedimiento de selecci\u00f3n transparente, justo e integrador, establecido por la Comisi\u00f3n Erasmus+.<\/li>\n<li><strong>Preparaci\u00f3n<\/strong>: los participantes recibir\u00e1n una preparaci\u00f3n adecuada desde el punto de vista pr\u00e1ctico, profesional y cultural de su estancia en el pa\u00eds de acogida. La preparaci\u00f3n se organizar\u00e1 en colaboraci\u00f3n con el centro de acogida (y, si procede, las familias anfitrionas).<\/li>\n<li><strong>Supervisi\u00f3n y tutorizaci\u00f3n<\/strong>: cuando proceda, sobre la base del formato de la actividad, las organizaciones de env\u00edo y de acogida deber\u00e1n seleccionar a un tutor o persona a cargo similar que har\u00e1 un seguimiento del participante durante su estancia en la organizaci\u00f3n de acogida y le ayudar\u00e1 a alcanzar los resultados del aprendizaje deseados. Debe prestarse especial atenci\u00f3n a la presentaci\u00f3n y la integraci\u00f3n de los participantes en la organizaci\u00f3n de acogida, as\u00ed como a la supervisi\u00f3n del proceso de aprendizaje.<\/li>\n<li><strong>Apoyo durante el desarrollo de la actividad:<\/strong> los participantes poder solicitar y recibir apoyo de sus organizaciones de acogida y env\u00edo en cualquier momento durante su actividad de movilidad. Las personas de contacto en ambas organizaciones, los medios de comunicaci\u00f3n y los protocolos en caso de circunstancias excepcionales deben definirse antes de que tenga lugar la actividad de movilidad. Todos los participantes deben ser informados de estos acuerdos.<\/li>\n<li><strong>Apoyo ling\u00fc\u00edstico<\/strong>: el centro garantizar\u00e1 una formaci\u00f3n ling\u00fc\u00edstica adecuada, adaptada a las necesidades personales y profesionales de los participantes. En su caso, se utilizar\u00e1n al m\u00e1ximo los instrumentos y fondos espec\u00edficos aportados por el programa para este fin.<\/li>\n<li><strong>Definici\u00f3n de los resultados de aprendizaje<\/strong>: los resultados de aprendizaje previstos para el per\u00edodo de movilidad se acordar\u00e1n para cada participante o grupo de participantes. Los resultados de aprendizaje se acordar\u00e1n entre las organizaciones de env\u00edo y de acogida, as\u00ed como con el participante (en el caso de actividades individuales). La forma del acuerdo depender\u00e1 del tipo de actividad.<\/li>\n<li><strong>Evaluaci\u00f3n de los resultados del aprendizaje<\/strong>: los resultados de aprendizaje y otras ventajas para los participantes se evaluar\u00e1n sistem\u00e1ticamente. Los resultados de la evaluaci\u00f3n se analizar\u00e1n y utilizar\u00e1n para mejorar las actividades futuras.<\/li>\n<li><strong>Reconocimiento de los resultados de aprendizaje:<\/strong> los resultados del aprendizaje formal, informal y no formal y otros resultados alcanzados por los participantes en las actividades de movilidad ser\u00e1n debidamente reconocidos por nuestro centro. Siempre que sea posible, deben utilizarse los instrumentos europeos y nacionales disponibles para el reconocimiento.<\/li>\n<\/ul>\n<p>&nbsp;<\/p>\n<p><span style=\"font-size: 14pt\"><strong>4. Compartir los resultados y los conocimientos sobre el programa<\/strong><\/span><\/p>\n<ul>\n<li><strong>Compartir los resultados dentro la organizaci\u00f3n:<\/strong> las organizaciones beneficiarias deben hacer que su participaci\u00f3n en el programa sea ampliamente conocida en la organizaci\u00f3n y crear oportunidades para que los participantes compartan sus experiencias de movilidad con sus hom\u00f3logos. En el caso de los consorcios de movilidad, el intercambio debe producirse en todo el consorcio.<\/li>\n<li><strong>Compartir los resultados con otras organizaciones y con el p\u00fablico:<\/strong> las organizaciones beneficiarias deben compartir los resultados de sus actividades con otras organizaciones y con el p\u00fablico.<\/li>\n<li><strong>Dar a conocer p\u00fablicamente la financiaci\u00f3n por parte de la Uni\u00f3n Europea:<\/strong> las organizaciones beneficiarias deben dar a conocer su participaci\u00f3n en el programa en su comunidad y entre el p\u00fablico en general. La organizaci\u00f3n beneficiaria tambi\u00e9n debe informar a todos los participantes sobre la fuente de su subvenci\u00f3n.<\/li>\n<\/ul>\n<p>&nbsp;<\/p>\n","protected":false},"excerpt":{"rendered":"<p>La participaci\u00f3n de nuestro centro en el Programa Erasmus+ y, por consiguiente la ejecuci\u00f3n de actividades de movilidad, supone la aceptaci\u00f3n de una serie de normas de calidad Erasmus+. Estas normas existen para garantizar&#46;&#46;&#46;<\/p>\n","protected":false},"author":111,"featured_media":0,"parent":0,"menu_order":0,"comment_status":"closed","ping_status":"closed","template":"","meta":{"ngg_post_thumbnail":0,"footnotes":""},"aioseo_notices":[],"_links":{"self":[{"href":"https:\/\/blogsaverroes.juntadeandalucia.es\/erasmuscomares\/wp-json\/wp\/v2\/pages\/75"}],"collection":[{"href":"https:\/\/blogsaverroes.juntadeandalucia.es\/erasmuscomares\/wp-json\/wp\/v2\/pages"}],"about":[{"href":"https:\/\/blogsaverroes.juntadeandalucia.es\/erasmuscomares\/wp-json\/wp\/v2\/types\/page"}],"author":[{"embeddable":true,"href":"https:\/\/blogsaverroes.juntadeandalucia.es\/erasmuscomares\/wp-json\/wp\/v2\/users\/111"}],"replies":[{"embeddable":true,"href":"https:\/\/blogsaverroes.juntadeandalucia.es\/erasmuscomares\/wp-json\/wp\/v2\/comments?post=75"}],"version-history":[{"count":10,"href":"https:\/\/blogsaverroes.juntadeandalucia.es\/erasmuscomares\/wp-json\/wp\/v2\/pages\/75\/revisions"}],"predecessor-version":[{"id":263,"href":"https:\/\/blogsaverroes.juntadeandalucia.es\/erasmuscomares\/wp-json\/wp\/v2\/pages\/75\/revisions\/263"}],"wp:attachment":[{"href":"https:\/\/blogsaverroes.juntadeandalucia.es\/erasmuscomares\/wp-json\/wp\/v2\/media?parent=75"}],"curies":[{"name":"wp","href":"https:\/\/api.w.org\/{rel}","templated":true}]}}