{"id":17,"date":"2021-12-20T15:30:54","date_gmt":"2021-12-20T15:30:54","guid":{"rendered":"https:\/\/blogsaverroes.juntadeandalucia.es\/erasmuscsmmanuelcastillo\/?page_id=17"},"modified":"2025-12-11T16:34:18","modified_gmt":"2025-12-11T16:34:18","slug":"alumnado-del-centro-erasmus-saliente","status":"publish","type":"page","link":"https:\/\/blogsaverroes.juntadeandalucia.es\/erasmuscsmmanuelcastillo\/alumnado-del-centro-erasmus-saliente\/","title":{"rendered":"ALUMNADO DEL CENTRO -ERASMUS SALIENTE"},"content":{"rendered":"<header class=\"entry-header\">\n<h1 class=\"entry-title\">&nbsp;<\/h1>\n<\/header>\n<div class=\"entry-content\">\n<p>Existen dos tipos de movilidades:&nbsp;<strong>Estudios (SMP)<\/strong>&nbsp;y&nbsp;<strong>Pr\u00e1cticas para reci\u00e9n titulados (STT)<\/strong>.<\/p>\n<p>&nbsp;<\/p>\n<h4><strong>Movilidades de estudiantes para estudios (SMP)<\/strong><\/h4>\n<p>Consiste en la realizaci\u00f3n de un per\u00edodo de estudios en una instituci\u00f3n de educaci\u00f3n superior de otro pa\u00eds europeo. Al final del mismo la instituci\u00f3n de origen del estudiante reconocer\u00e1 acad\u00e9micamente los estudios realizados. Durante este periodo, el estudiante estar\u00e1 exento de pagar tasas acad\u00e9micas en la instituci\u00f3n de acogida. Podr\u00e1n participar los estudiantes de instituciones de educaci\u00f3n superior que posean una Carta Universitaria Erasmus. El estudiante deber\u00e1 recibir un acuerdo de estudios por escrito relativo al programa de estudios que seguir\u00e1 en el pa\u00eds de acogida. Al t\u00e9rmino de la estancia en el extranjero, la instituci\u00f3n de acogida deber\u00e1 remitir al estudiante Erasmus y a su instituci\u00f3n de origen un certificado de que ha completado el programa acordado y un informe de sus resultados. Las ayudas a los estudiantes Erasmus son compatibles con cualquier otra ayuda o pr\u00e9stamo nacional.<\/p>\n<p>En primer lugar se lleva a cabo un Proceso de preselecci\u00f3n interno a nivel de centro, del cual resulta un listado de participantes preseleccionados en funci\u00f3n de la puntuaci\u00f3n obtenida, y que servir\u00e1 para establecer la prelaci\u00f3n en el orden de adjudicaci\u00f3n de las ayudas o becas europeas, en caso de ser admitido por alguna instituci\u00f3n socia.<\/p>\n<p>BAREMO:<\/p>\n<p>&#8211; Expediente acad\u00e9mico: 80% de la nota final<\/p>\n<p>&#8211; Conocimiento de idiomas : No es imprescindible,pero punt\u00faa seg\u00fan se acredite el nivel<\/p>\n<p>\u25cf &nbsp;A2=0,5 puntos \u25cf &nbsp;B1=1 punto\u25cf &nbsp;B2=1,5 puntos\u25cf &nbsp;C1 o superior = 2 puntos<\/p>\n<p>De forma paralela al proceso de preselecci\u00f3n, tendr\u00e1 lugar el proceso de selecci\u00f3n especifico que realizan los centros de destino solicitados por los estudiantes preseleccionados por el Conservatorio Superior de M\u00fasica \u201cManuel Castillo\u201d para la realizaci\u00f3n de las movilidades.<\/p>\n<p>Cada instituci\u00f3n de destino tiene unos plazos propios de recepci\u00f3n de solicitude, as\u00ed una documentaci\u00f3n diferente a la expuesta<span class=\"Apple-converted-space\">&nbsp; <\/span>m\u00e1s<span class=\"Apple-converted-space\">&nbsp; <\/span>abajo,<span class=\"Apple-converted-space\">&nbsp; <\/span>por lo que el solicitante se responsabiliza de cumplir con las exigencias de cada instituci\u00f3n europea solicitada. Por ello, se recomienda encarecidamente visitar la p\u00e1gina web de los centros de destino solicitados para comprobar la forma de env\u00edo de las solicitudes, la documentaci\u00f3n requerida as\u00ed como plazos de presentaci\u00f3n de las mismas en cada uno de los centros solicitados.<\/p>\n<\/div>\n<div class=\"entry-content\">\n<p>&nbsp;<\/p>\n<p><a href=\"https:\/\/blogsaverroes.juntadeandalucia.es\/erasmuscsmmanuelcastillo\/files\/2025\/12\/Convocatoria-alumando-Eramus-2025-26-Movilidad-estudios-.docx.pdf\"><strong>TEXTO COMPLETO DE LA CONVOCATORIA para el curso 2026-27<\/strong><\/a><\/p>\n<p><a href=\"https:\/\/forms.gle\/UxfTssg2XUJVeULY9\"><strong>FORMULARIO DE SOLICITUD&nbsp;<\/strong><\/a><\/p>\n<p><strong>Per\u00edodo de solicitud: del 11 de diciembre de 2025 &nbsp;al 20 de Enero de 2026.&nbsp;<\/strong><\/p>\n<p>&nbsp;<\/p>\n<h4><strong>Movilidades de estudiantes reci\u00e9n titulados para realizaci\u00f3n de pr\u00e1cticas (STT)&nbsp;<\/strong><\/h4>\n<p>Tienen como objetivo realizar estancias de pr\u00e1cticas en empresas o instituciones europeas para el alumnado reci\u00e9n titulado durante el curso 2026\/2027.<\/p>\n<p>Este tipo de movilidad del programa Erasmus+ establece que las movilidades se realizar\u00e1n en el curso siguiente a la finalizaci\u00f3n de los estudios correspondientes y tendr\u00e1n una duraci\u00f3n m\u00e1xima financiada de tres meses, aunque la duraci\u00f3n de la estancia puede ser superior.<\/p>\n<p><strong><a href=\"https:\/\/blogsaverroes.juntadeandalucia.es\/erasmuscsmmanuelcastillo\/files\/2024\/01\/Convocatoria-Eramus-2024-25-CSM-Sevilla-Movilidad-alumnos-pr\u00e1cticas.pdf\" target=\"_blank\" rel=\"noopener noreferrer\">TEXTO COMPLETO DE LA CONVOCATORIA<\/a><\/strong><\/p>\n<p><a href=\"https:\/\/forms.gle\/RyAeP7zaSrMj6bW89\"><strong>FORMULARIO DE SOLICITUD<\/strong><\/a><\/p>\n<p><strong>Per\u00edodo de solicitud: del 15 de Enero al 6 de Febrero de 2025.&nbsp;<\/strong><\/p>\n<\/div>\n","protected":false},"excerpt":{"rendered":"<p>&nbsp; Existen dos tipos de movilidades:&nbsp;Estudios (SMP)&nbsp;y&nbsp;Pr\u00e1cticas para reci\u00e9n titulados (STT). &nbsp; Movilidades de estudiantes para estudios (SMP) Consiste en la realizaci\u00f3n de un per\u00edodo de estudios en una instituci\u00f3n de educaci\u00f3n superior de otro pa\u00eds europeo. Al final del mismo la instituci\u00f3n de origen del estudiante reconocer\u00e1 acad\u00e9micamente los estudios realizados. Durante este periodo, &hellip; <a href=\"https:\/\/blogsaverroes.juntadeandalucia.es\/erasmuscsmmanuelcastillo\/alumnado-del-centro-erasmus-saliente\/\" class=\"more-link\">Sigue leyendo <span class=\"screen-reader-text\">ALUMNADO DEL CENTRO -ERASMUS SALIENTE<\/span><\/a><\/p>\n","protected":false},"author":14218,"featured_media":0,"parent":0,"menu_order":0,"comment_status":"closed","ping_status":"closed","template":"","meta":{"ngg_post_thumbnail":0,"footnotes":""},"aioseo_notices":[],"_links":{"self":[{"href":"https:\/\/blogsaverroes.juntadeandalucia.es\/erasmuscsmmanuelcastillo\/wp-json\/wp\/v2\/pages\/17"}],"collection":[{"href":"https:\/\/blogsaverroes.juntadeandalucia.es\/erasmuscsmmanuelcastillo\/wp-json\/wp\/v2\/pages"}],"about":[{"href":"https:\/\/blogsaverroes.juntadeandalucia.es\/erasmuscsmmanuelcastillo\/wp-json\/wp\/v2\/types\/page"}],"author":[{"embeddable":true,"href":"https:\/\/blogsaverroes.juntadeandalucia.es\/erasmuscsmmanuelcastillo\/wp-json\/wp\/v2\/users\/14218"}],"replies":[{"embeddable":true,"href":"https:\/\/blogsaverroes.juntadeandalucia.es\/erasmuscsmmanuelcastillo\/wp-json\/wp\/v2\/comments?post=17"}],"version-history":[{"count":26,"href":"https:\/\/blogsaverroes.juntadeandalucia.es\/erasmuscsmmanuelcastillo\/wp-json\/wp\/v2\/pages\/17\/revisions"}],"predecessor-version":[{"id":227,"href":"https:\/\/blogsaverroes.juntadeandalucia.es\/erasmuscsmmanuelcastillo\/wp-json\/wp\/v2\/pages\/17\/revisions\/227"}],"wp:attachment":[{"href":"https:\/\/blogsaverroes.juntadeandalucia.es\/erasmuscsmmanuelcastillo\/wp-json\/wp\/v2\/media?parent=17"}],"curies":[{"name":"wp","href":"https:\/\/api.w.org\/{rel}","templated":true}]}}