{"id":469,"date":"2022-05-26T21:44:55","date_gmt":"2022-05-26T19:44:55","guid":{"rendered":"https:\/\/blogsaverroes.juntadeandalucia.es\/erasmusescolariesramonycajal\/?page_id=469"},"modified":"2022-07-02T20:22:32","modified_gmt":"2022-07-02T18:22:32","slug":"manuel-gomez","status":"publish","type":"page","link":"https:\/\/blogsaverroes.juntadeandalucia.es\/erasmusescolariesramonycajal\/equipo\/manuel-gomez\/","title":{"rendered":"Manuel G\u00f3mez"},"content":{"rendered":"<table width=\"829\">\n<tbody>\n<tr>\n<td><img loading=\"lazy\" decoding=\"async\" class=\"alignnone size-large wp-image-525\" src=\"https:\/\/blogsaverroes.juntadeandalucia.es\/erasmusescolariesramonycajal\/files\/2022\/07\/WhatsApp-Image-2022-06-15-at-12.18.43-PM-733x1024.jpeg\" alt=\"\" width=\"733\" height=\"1024\" srcset=\"https:\/\/blogsaverroes.juntadeandalucia.es\/erasmusescolariesramonycajal\/files\/2022\/07\/WhatsApp-Image-2022-06-15-at-12.18.43-PM-733x1024.jpeg 733w, https:\/\/blogsaverroes.juntadeandalucia.es\/erasmusescolariesramonycajal\/files\/2022\/07\/WhatsApp-Image-2022-06-15-at-12.18.43-PM-215x300.jpeg 215w, https:\/\/blogsaverroes.juntadeandalucia.es\/erasmusescolariesramonycajal\/files\/2022\/07\/WhatsApp-Image-2022-06-15-at-12.18.43-PM-768x1072.jpeg 768w, https:\/\/blogsaverroes.juntadeandalucia.es\/erasmusescolariesramonycajal\/files\/2022\/07\/WhatsApp-Image-2022-06-15-at-12.18.43-PM-1100x1536.jpeg 1100w, https:\/\/blogsaverroes.juntadeandalucia.es\/erasmusescolariesramonycajal\/files\/2022\/07\/WhatsApp-Image-2022-06-15-at-12.18.43-PM.jpeg 1146w\" sizes=\"(max-width: 733px) 100vw, 733px\" \/><\/td>\n<td rowspan=\"2\">Manuel G\u00f3mez Rodr\u00edguez, profesor y jefe del Departamento de Dibujo en el IES Santiago Ram\u00f3n y Cajal en Fuengirola (M\u00e1laga) . Secretario del IES Santiago Ram\u00f3n y Cajal desde 2018 hasta 2022.<\/p>\n<p>Licenciado en Bellas Artes en la especialidad de Escultura por la Universidad de Sevilla. Diplomado en Dise\u00f1o Publicitario por la Escuela de Artes y Oficios de Sevilla. Funcionario del cuerpo de profesores de Ense\u00f1anza Secundaria desde 1996.<\/p>\n<p>Ha participado en distintos proyectos de investigaci\u00f3n e innovaci\u00f3n obteniendo el tercer premio en la V edici\u00f3n del Premio ROSA REGAS, en 2011, segundo premio en la XXV edici\u00f3n del Premio ANTONIO DOMINGUEZ ORTIZ 2013, segundo premio XXV edici\u00f3n premio JOAQUIN GUICHOT 2013, primer premio XXVI edici\u00f3n premio JOAQUIN GUICHOT 2014 y primer premio nacional II CONCURSO EUSTORY 2009.<\/p>\n<p>Titulado B1 por la EOI en ingl\u00e9s. Interesado en nuevas metodolog\u00edas aplicadas a las ense\u00f1anzas tanto art\u00edsticas como did\u00e1cticas.<\/p>\n<p>&nbsp;<\/td>\n<\/tr>\n<tr>\n<td>\n<p style=\"text-align: center\"><strong>MANUEL G\u00d3MEZ<\/strong><\/p>\n<p style=\"text-align: center\"><strong>Jefe del Departamento de Dibujo<\/strong><\/p>\n<\/td>\n<\/tr>\n<\/tbody>\n<\/table>\n<p>&nbsp;<\/p>\n","protected":false},"excerpt":{"rendered":"<p>Manuel G\u00f3mez Rodr\u00edguez, profesor y jefe del Departamento de Dibujo en el IES Santiago Ram\u00f3n y Cajal en Fuengirola (M\u00e1laga) . Secretario del IES Santiago Ram\u00f3n y Cajal desde 2018 hasta 2022. Licenciado en&#46;&#46;&#46;<\/p>\n","protected":false},"author":2391,"featured_media":0,"parent":28,"menu_order":8,"comment_status":"closed","ping_status":"closed","template":"","meta":{"ngg_post_thumbnail":0,"footnotes":""},"aioseo_notices":[],"_links":{"self":[{"href":"https:\/\/blogsaverroes.juntadeandalucia.es\/erasmusescolariesramonycajal\/wp-json\/wp\/v2\/pages\/469"}],"collection":[{"href":"https:\/\/blogsaverroes.juntadeandalucia.es\/erasmusescolariesramonycajal\/wp-json\/wp\/v2\/pages"}],"about":[{"href":"https:\/\/blogsaverroes.juntadeandalucia.es\/erasmusescolariesramonycajal\/wp-json\/wp\/v2\/types\/page"}],"author":[{"embeddable":true,"href":"https:\/\/blogsaverroes.juntadeandalucia.es\/erasmusescolariesramonycajal\/wp-json\/wp\/v2\/users\/2391"}],"replies":[{"embeddable":true,"href":"https:\/\/blogsaverroes.juntadeandalucia.es\/erasmusescolariesramonycajal\/wp-json\/wp\/v2\/comments?post=469"}],"version-history":[{"count":6,"href":"https:\/\/blogsaverroes.juntadeandalucia.es\/erasmusescolariesramonycajal\/wp-json\/wp\/v2\/pages\/469\/revisions"}],"predecessor-version":[{"id":533,"href":"https:\/\/blogsaverroes.juntadeandalucia.es\/erasmusescolariesramonycajal\/wp-json\/wp\/v2\/pages\/469\/revisions\/533"}],"up":[{"embeddable":true,"href":"https:\/\/blogsaverroes.juntadeandalucia.es\/erasmusescolariesramonycajal\/wp-json\/wp\/v2\/pages\/28"}],"wp:attachment":[{"href":"https:\/\/blogsaverroes.juntadeandalucia.es\/erasmusescolariesramonycajal\/wp-json\/wp\/v2\/media?parent=469"}],"curies":[{"name":"wp","href":"https:\/\/api.w.org\/{rel}","templated":true}]}}