{"id":138,"date":"2023-10-08T16:54:54","date_gmt":"2023-10-08T15:54:54","guid":{"rendered":"https:\/\/blogsaverroes.juntadeandalucia.es\/erasmusfploscolegiales\/?page_id=138"},"modified":"2025-10-10T08:14:34","modified_gmt":"2025-10-10T07:14:34","slug":"solicitudes-25-26","status":"publish","type":"page","link":"https:\/\/blogsaverroes.juntadeandalucia.es\/erasmusfploscolegiales\/solicitudes-25-26\/","title":{"rendered":"Solicitudes Erasmus+FP 2025\/2026"},"content":{"rendered":"<p>El IES Los Colegiales participa en el proyecto Erasmus+ 2025-1-ES01-KA121-VET-000332512, cofinanciado por la Uni\u00f3n Europea.<\/p>\n<p>Para este curso 2025-2026 se convocan las siguientes movilidades:<\/p>\n<ul>\n<li>12 movilidades SHORT de 2 semanas para alumnado (Sicilia\/Italia), siendo la fecha m\u00e1s probable Semana Blanca y la semana siguiente o anterior.<\/li>\n<li>2 movilidades de 7 d\u00edas para profesorado, acompa\u00f1amiento SHORT. Coincide con la primera semana del alumnado.<\/li>\n<li>2 movilidades de 7 d\u00edas de Job Shadowing para profesorado. Destino Italia, fechas y destino definitivo por determinar.<\/li>\n<li>2 movilidades de 7 d\u00edas de Job Shadowing para profesorado. Destino Portugal, fechas y destino definitivo por determinar.<\/li>\n<li>1 movilidad VPP de 3 d\u00edas de duraci\u00f3n para profesorado.<\/li>\n<\/ul>\n<p>Para las movilidades de 2 semanas tendr\u00e1 prioridad el alumnado de primer curso de grado medio, distribuy\u00e9ndose entre las tres familias profesionales del centro en funci\u00f3n del n\u00famero de grupos.<\/p>\n<p>En las pr\u00f3ximas semanas el coordinador Erasmus+ pasar\u00e1 por tu aula para informar del proyecto. Si quieres participar, tienes que enviar la siguiente documentaci\u00f3n a la direcci\u00f3n <a href=\"mailto:29012052.erasmusfp@g.educaand.es\">29012052.erasmusfp@g.educaand.es<\/a> o entregarla en papel en Conserjer\u00eda siguiendo las instrucciones que os dar\u00e1 el coordinador Erasmus+ cuando pase por vuestro aula:<\/p>\n<ul>\n<li><a href=\"https:\/\/blogsaverroes.juntadeandalucia.es\/iesloscolegiales\/files\/2023\/10\/Solicitud-del-Participante-RELLENABLE.pdf\">Solicitud del Participante<\/a>.<\/li>\n<li><a href=\"https:\/\/blogsaverroes.juntadeandalucia.es\/iesloscolegiales\/files\/2023\/10\/LOS-COLEGIALES-Informaci\u00f3n-y-aceptaci\u00f3n-de-programa.pdf\">Informaci\u00f3n y aceptaci\u00f3n de programa <\/a>(tiene que estar firmado, por lo que hay que imprimir, rellenar y firmar a mano y escanear todas las p\u00e1ginas. En el caso de menores tambi\u00e9n debe firmarlo su padre\/madre\/tutor legal haciendo constar su nombre y DNI).<\/li>\n<li>DNI escaneado por ambas caras.<\/li>\n<li>Fotograf\u00eda tama\u00f1o carnet escaneada.<\/li>\n<li><a href=\"https:\/\/europa.eu\/europass\/es\/create-europass-cv\">Curr\u00edculum Vitae <strong>obligatoriamente<\/strong> en formato Europass<\/a>.<\/li>\n<li>Fotocopia de cartilla bancaria o certificado de titularidad de la cuenta bancaria.<\/li>\n<\/ul>\n<p>Para la selecci\u00f3n de los participantes se tendr\u00e1n en cuenta los siguientes aspectos:<\/p>\n<ul>\n<li>Informe del profesorado y expediente acad\u00e9mico.<\/li>\n<li>Valoraci\u00f3n de madurez y soft skills en base al cuestionario de la solicitud de participaci\u00f3n.<\/li>\n<li>Valoraci\u00f3n del equipo docente de la viabilidad de cursar la FCT en este curso superando todos los m\u00f3dulos profesionales (para las movilidades de FCT).<\/li>\n<\/ul>\n<p><strong>El plazo de presentaci\u00f3n de solicitudes finaliza el viernes 4 de noviembre a las 15:00 horas.<\/strong><\/p>\n<p><strong>No ser\u00e1n v\u00e1lidas las solicitudes que no incluyan toda la documentaci\u00f3n requerida.<\/strong><\/p>\n<section id=\"h.6d7ce5143657fd7_3\" class=\"yaqOZd\">\n<div class=\"mYVXT\">\n<div class=\"LS81yb VICjCf\">\n<div class=\"hJDwNd-AhqUyc-uQSCkd purZT-AhqUyc-II5mzb pSzOP-AhqUyc-qWD73c JNdkSc\">\n<div class=\"JNdkSc-SmKAyb\">\n<div class=\"\">\n<div class=\"oKdM2c Kzv0Me\">\n<div id=\"h.6d7ce5143657fd7_0\" class=\"hJDwNd-AhqUyc-uQSCkd jXK9ad D2fZ2 OjCsFc wHaque GNzUNc\">\n<div class=\"jXK9ad-SmKAyb\">\n<div class=\"tyJCtd mGzaTb baZpAe\">\n<p class=\"CDt4Ke zfr3Q\" dir=\"ltr\" style=\"text-align: center\"><span style=\"font-size: 24pt;color: #008000\"><strong>BASES DE LA CONVOCATORIA<\/strong><\/span><\/p>\n<ol class=\"n8H08c BKnRcf\">\n<li class=\"TYR86d wXCUfe zfr3Q\">\n<p class=\"CDt4Ke zfr3Q\" dir=\"ltr\"><strong>OBJETO DE LA CONVOCATORIA<\/strong><\/p>\n<\/li>\n<\/ol>\n<p class=\"CDt4Ke zfr3Q\" dir=\"ltr\">En esta convocatoria se convocan las siguientes movilidades dentro del proyecto Erasmus+ FP \u00ab2025-1-ES01-KA121-VET-000332512\u00bb cofinanciado por la Uni\u00f3n Europea<\/p>\n<ul>\n<li>12 movilidades SHORT de 2 semanas para alumnado (Sicilia\/Italia), siendo la fecha m\u00e1s probable Semana Blanca y la semana siguiente o anterior.<\/li>\n<li>2 movilidades de 7 d\u00edas para profesorado, acompa\u00f1amiento SHORT. Coincide con la primera semana del alumnado.<\/li>\n<li>2 movilidades de 7 d\u00edas de Job Shadowing para profesorado. Destino Italia, fechas y destino definitivo por determinar.<\/li>\n<li>2 movilidades de 7 d\u00edas de Job Shadowing para profesorado. Destino Portugal, fechas y destino definitivo por determinar.<\/li>\n<li>1 movilidad VPP de 3 d\u00edas de duraci\u00f3n para profesorado.<\/li>\n<\/ul>\n<p class=\"CDt4Ke zfr3Q\" dir=\"ltr\">Las movilidades anteriores se podr\u00e1n realizar en Italia\/Portugal en funci\u00f3n de la disponibilidad de plazas y de las restricciones sanitarias. Las fechas de realizaci\u00f3n para las movilidades ser\u00e1 a partir de febrero para las movilidades SHORT. <strong>Las movilidades de dos semanas pueden abarcar la \u00abSemana Blanca\u00bb, lo que debe tenerse en cuenta a la hora de realizar la solicitud\u00bb, siendo la fecha m\u00e1s probable Semana Blanca y la semana siguiente o semana anterior.<\/strong><\/p>\n<\/div>\n<p dir=\"ltr\">Esta relaci\u00f3n de movilidades puede alterarse en funci\u00f3n de la disponibilidad presupuestaria, pudiendo eliminarse o cambiarse el tipo de alguna\/s de ellas.<\/p>\n<div class=\"tyJCtd mGzaTb baZpAe\">\n<ol class=\"n8H08c BKnRcf\" start=\"2\">\n<li class=\"TYR86d wXCUfe zfr3Q\">\n<p class=\"CDt4Ke zfr3Q\" dir=\"ltr\"><strong>DESTINATARIOS<\/strong><\/p>\n<\/li>\n<\/ol>\n<ul class=\"n8H08c UVNKR\">\n<li>Movilidades cortas dos semanas: alumnado de 1\u00ba y 2\u00ba Grado Medio y B\u00e1sico, con prioridad para los alumnos de primer curso.<\/li>\n<li>Movilidades Job Shadowing: profesorado en el \u00e1mbito de la FP.<\/li>\n<\/ul>\n<ol class=\"n8H08c BKnRcf\" start=\"3\">\n<li class=\"TYR86d wXCUfe zfr3Q\">\n<p class=\"CDt4Ke zfr3Q\" dir=\"ltr\"><strong>PLAZO Y PRESENTACI\u00d3N DE SOLICITUDES<\/strong><\/p>\n<\/li>\n<\/ol>\n<p class=\"CDt4Ke zfr3Q\" dir=\"ltr\">Las solicitudes de participaci\u00f3n deber\u00e1n entregarse al coordinador Erasmus mediante correo electr\u00f3nico (firmadas a mano y escaneadas correctamente) a la direcci\u00f3n de e-mail <span class=\" aw5Odc\"><a class=\"XqQF9c\" href=\"29012052.erasmusfp@g.educaand.es\" target=\"_blank\" rel=\"noopener noreferrer\">29012052.erasmusfp@g.educaand.es<\/a><\/span> <strong>antes de las 15:00h del 4 de noviembre de 2025.<\/strong><\/p>\n<\/div>\n<\/div>\n<\/div>\n<\/div>\n<\/div>\n<\/div>\n<\/div>\n<\/div>\n<\/div>\n<\/section>\n<section id=\"h.a41dc56366b15d4_38\" class=\"yaqOZd\">\n<div class=\"IFuOkc\" style=\"text-align: justify\">&nbsp;<\/div>\n<div class=\"mYVXT\">\n<div class=\"LS81yb VICjCf\">\n<div class=\"hJDwNd-AhqUyc-uQSCkd purZT-AhqUyc-II5mzb pSzOP-AhqUyc-qWD73c JNdkSc\">\n<div class=\"JNdkSc-SmKAyb\">\n<div class=\"\">\n<div class=\"oKdM2c Kzv0Me\">\n<div id=\"h.a41dc56366b15d4_35\" class=\"hJDwNd-AhqUyc-uQSCkd jXK9ad D2fZ2 OjCsFc wHaque GNzUNc\">\n<div class=\"jXK9ad-SmKAyb\" style=\"text-align: justify\">\n<div class=\"tyJCtd mGzaTb baZpAe\">\n<p><strong>4. M\u00c9TODO DE SELECCI\u00d3N<\/strong><\/p>\n<p class=\"CDt4Ke zfr3Q\" dir=\"ltr\">El m\u00e9todo de selecci\u00f3n que utilizaremos responder\u00e1 a los siguientes criterios:<\/p>\n<p dir=\"ltr\"><span style=\"text-decoration: underline\"><strong>Movilidades cortas dos semanas:<\/strong><\/span><\/p>\n<p dir=\"ltr\">Para favorecer el impacto positivo del proyecto Erasmus+ en el centro y aumentar su alcance, se ha decidido que las 12 plazas se distribuir\u00e1n entre las 3 familias profesionales existentes en el centro (Electricidad y Electr\u00f3nica, Instalaci\u00f3n y Mantenimiento, Sanidad) teniendo en cuenta el n\u00famero de grupos de primer curso de cada una de ellas. En caso de que no se cubran alguna de las plazas correspondientes a alguna de las familias, esa plaza se destinar\u00e1 a la familia profesional que haya presentado mayor n\u00famero de solicitudes. Ya que los alumnos de primer curso no pueden optar al resto de movilidades, tendr\u00e1n prioridad en esta modalidad.<\/p>\n<\/div>\n<p class=\"CDt4Ke zfr3Q\" dir=\"ltr\">&#8211; Alumnos que presenten situaciones de desventaja social (nivel de renta, familias desestructuradas, riesgo de exclusi\u00f3n). Deber\u00e1 presentarse documentaci\u00f3n justificativa de la circunstancia alegada.<\/p>\n<p class=\"CDt4Ke zfr3Q\" dir=\"ltr\">&#8211; Valoraci\u00f3n del cuestionario entregado con la solicitud y, en caso de considerarse necesario, entrevista personal con los responsables del Programa Erasmus+ (madurez, responsabilidad, comportamiento, motivaci\u00f3n).<\/p>\n<p dir=\"ltr\">&#8211; Asistencia a clase e informe de los docentes.<\/p>\n<p dir=\"ltr\">&nbsp;<\/p>\n<p class=\"CDt4Ke zfr3Q\" dir=\"ltr\">Los partes de incidencia grave podr\u00e1n ser motivo de exclusi\u00f3n. Estas movilidades pueden abarcar completa o parcialmente la \u00abSemana Blanca\u00bb.<\/p>\n<\/div>\n<p dir=\"ltr\" style=\"text-align: justify\"><span style=\"text-decoration: underline\"><strong>Movilidades job-shadowing para profesorado:<\/strong><\/span><\/p>\n<p dir=\"ltr\" style=\"text-align: justify\">&#8211; Conocimiento acreditado B1 ingl\u00e9s\/Portugu\u00e9s\/Italiano: 4 puntos.<br \/>\n&#8211; Tener plaza fija en el centro: 2 puntos.<br \/>\n&#8211; No haber participado nunca en Erasmus+: 1 punto.<\/p>\n<p dir=\"ltr\">-Afinidad con las familias profesionales de FP: 1 punto.<\/p>\n<p dir=\"ltr\">En caso de empate en la baremaci\u00f3n, se resolver\u00e1 mediante sorteo p\u00fablico.<\/p>\n<div class=\"jXK9ad-SmKAyb\">\n<p dir=\"ltr\" style=\"text-align: justify\"><strong>5. OBLIGACIONES DE LOS\/AS&nbsp; BENEFICIARIOS\/AS<\/strong><\/p>\n<p dir=\"ltr\" style=\"text-align: justify\">Los\/as beneficiarios\/as seleccionados\/as estar\u00e1n obligados a:<\/p>\n<p dir=\"ltr\" style=\"text-align: justify\">a.- Aportar en plazo y forma toda la documentaci\u00f3n requerida por la entidad coordinadora para la puesta en funcionamiento de la beca.<br \/>\nb.- De forma previa al inicio de las estancias, deber\u00e1n firmar el Documento de Aceptaci\u00f3n de la Beca, en el que se compromete a participar en las estancias y a asumir los costes devengados en caso en que renunciara a participar. Estos gastos incluyen aqu\u00e9llos asociados a la preparaci\u00f3n de movilidad y todos aquellos en los que haya incurrido la entidad coordinadora, debiendo abonarlos en un plazo m\u00e1ximo de treinta d\u00edas naturales desde la fecha de renuncia.<br \/>\nc.- As\u00ed mismo, de forma previa a la movilidad, el participante firmar\u00e1 el \u201cProtocolo de Seguridad COVID-19\u201d, si fuese necesario. Dicho protocolo podr\u00e1 sufrir variaciones en base a la evoluci\u00f3n de la situaci\u00f3n sanitaria en el pa\u00eds de destino, existiendo un compromiso expreso por parte del participante de cumplir todas aquellas normas que se estipulen en virtud a la evoluci\u00f3n de la situaci\u00f3n sanitaria.<br \/>\nd.- Firmar el Contrato de Estancias ERASMUS+, que vincula a todas las partes implicadas en el proyecto y en el que se describen detalladamente sus derechos y obligaciones.<br \/>\ne.- Participar en cuantas actividades de preparaci\u00f3n pedag\u00f3gica y cultural se organicen para la estancia en el extranjero.<br \/>\nf.- Estar sometidos a las actuaciones de comprobaci\u00f3n y control financiero, a efectuar por la entidad coordinadora o por los \u00f3rganos de control competentes, tanto nacionales como comunitarios, aportando cuanta informaci\u00f3n le sea requerida.<br \/>\ng.- Mantener actualizados su correo electr\u00f3nico y tel\u00e9fono, as\u00ed como todos aquellos cambios de domicilio, a efectos de notificaciones, durante el per\u00edodo en el que la beca sea reglamentariamente susceptible de control (5 a\u00f1os).<br \/>\nh.- Respetar la disciplina de la empresa y\/o centro de formaci\u00f3n donde se realicen las estancias pr\u00e1cticas formativas y de observaci\u00f3n, sus horarios de trabajo, los reglamentos en vigor y las disposiciones legales relativas al secreto profesional. Muy espec\u00edficamente, respetar los protocolos de Seguridad e Higiene definidas por las entidades de acogida, en el \u00e1mbito general y en el espec\u00edfico relativo al COVID-19.<br \/>\ni.- Asumir las directrices y condiciones establecidas por la tutorizaci\u00f3n de la entidad intermediaria colaboradora, con respecto a normas de alojamiento y de asunci\u00f3n de responsabilidades para el desempe\u00f1o de la beca.<br \/>\nj.- Informar a la mayor brevedad posible de toda circunstancia que afecte al \u00f3ptimo desarrollo de la estancia.<br \/>\nk.- Participar activamente en las actuaciones de evaluaci\u00f3n y control de la estancia llevadas a cabo por los tutores de movilidad.<br \/>\nl.- Entregar, durante el mes posterior al regreso, toda aquella documentaci\u00f3n que sea requerida por la entidad coordinadora del Consorcio para la justificaci\u00f3n del proyecto.<br \/>\nm.- Colaborar en las acciones de Divulgaci\u00f3n del Proyecto, aportando material gr\u00e1fico sobre la estancia, as\u00ed como v\u00eddeos o presentaciones representativas de la experiencia vivida.<\/p>\n<\/div>\n<\/div>\n<\/div>\n<\/div>\n<\/div>\n<\/div>\n<\/div>\n<\/div>\n<\/section>\n","protected":false},"excerpt":{"rendered":"<p>El IES Los Colegiales participa en el proyecto Erasmus+ 2025-1-ES01-KA121-VET-000332512, cofinanciado por la Uni\u00f3n Europea. Para este curso 2025-2026 se convocan las siguientes movilidades: 12 movilidades SHORT de 2 semanas para alumnado (Sicilia\/Italia), siendo&#46;&#46;&#46;<\/p>\n","protected":false},"author":508,"featured_media":0,"parent":0,"menu_order":0,"comment_status":"closed","ping_status":"closed","template":"","meta":{"ngg_post_thumbnail":0,"footnotes":""},"aioseo_notices":[],"_links":{"self":[{"href":"https:\/\/blogsaverroes.juntadeandalucia.es\/erasmusfploscolegiales\/wp-json\/wp\/v2\/pages\/138"}],"collection":[{"href":"https:\/\/blogsaverroes.juntadeandalucia.es\/erasmusfploscolegiales\/wp-json\/wp\/v2\/pages"}],"about":[{"href":"https:\/\/blogsaverroes.juntadeandalucia.es\/erasmusfploscolegiales\/wp-json\/wp\/v2\/types\/page"}],"author":[{"embeddable":true,"href":"https:\/\/blogsaverroes.juntadeandalucia.es\/erasmusfploscolegiales\/wp-json\/wp\/v2\/users\/508"}],"replies":[{"embeddable":true,"href":"https:\/\/blogsaverroes.juntadeandalucia.es\/erasmusfploscolegiales\/wp-json\/wp\/v2\/comments?post=138"}],"version-history":[{"count":5,"href":"https:\/\/blogsaverroes.juntadeandalucia.es\/erasmusfploscolegiales\/wp-json\/wp\/v2\/pages\/138\/revisions"}],"predecessor-version":[{"id":168,"href":"https:\/\/blogsaverroes.juntadeandalucia.es\/erasmusfploscolegiales\/wp-json\/wp\/v2\/pages\/138\/revisions\/168"}],"wp:attachment":[{"href":"https:\/\/blogsaverroes.juntadeandalucia.es\/erasmusfploscolegiales\/wp-json\/wp\/v2\/media?parent=138"}],"curies":[{"name":"wp","href":"https:\/\/api.w.org\/{rel}","templated":true}]}}