{"id":60,"date":"2022-01-19T13:03:44","date_gmt":"2022-01-19T12:03:44","guid":{"rendered":"https:\/\/blogsaverroes.juntadeandalucia.es\/erasmusfploscolegiales\/?page_id=60"},"modified":"2022-01-19T13:40:31","modified_gmt":"2022-01-19T12:40:31","slug":"enlaces","status":"publish","type":"page","link":"https:\/\/blogsaverroes.juntadeandalucia.es\/erasmusfploscolegiales\/enlaces\/","title":{"rendered":"Enlaces"},"content":{"rendered":"<p class=\"CDt4Ke zfr3Q\" dir=\"ltr\"><span class=\" aw5Odc\"><a class=\"XqQF9c\" href=\"http:\/\/www.google.com\/url?q=http%3A%2F%2Fsepie.es%2F&amp;sa=D&amp;sntz=1&amp;usg=AFQjCNH8D5ZixB4P9coFTq5t7cOAYjklKg\" target=\"_blank\" rel=\"noopener noreferrer\">Servicio Espa\u00f1ol para la Internacionalizaci\u00f3n de la Educaci\u00f3n (SEPIE).<\/a><\/span><\/p>\n<p dir=\"ltr\"><a href=\"http:\/\/www.sepie.es\"><img loading=\"lazy\" decoding=\"async\" class=\"aligncenter  wp-image-72\" src=\"https:\/\/blogsaverroes.juntadeandalucia.es\/erasmusfploscolegiales\/files\/2022\/01\/SEPIE_erasmus_plus-1.gif\" alt=\"\" width=\"224\" height=\"83\"><\/a><\/p>\n<p class=\"CDt4Ke zfr3Q\" dir=\"ltr\"><span class=\" aw5Odc\"><a class=\"XqQF9c\" href=\"http:\/\/www.google.com\/url?q=http%3A%2F%2Fwww.erasmusplus.gob.es%2F&amp;sa=D&amp;sntz=1&amp;usg=AFQjCNEwYUmgwfkjOUCX5zWaun5po0ZXUQ\" target=\"_blank\" rel=\"noopener noreferrer\">Portal nacional Erasmus+<\/a><\/span><\/p>\n<p class=\"CDt4Ke zfr3Q\" dir=\"ltr\"><span class=\" aw5Odc\"><a class=\"XqQF9c\" href=\"https:\/\/www.google.com\/url?q=https%3A%2F%2Fwww.juntadeandalucia.es%2Feducacion%2Fportals%2Fweb%2Fformacion-profesional-andaluza%2Festudiante%2Fformarme-extranjero%2Ferasmus-plus&amp;sa=D&amp;sntz=1&amp;usg=AFQjCNFGNlP1W7R2afnlEByhxR1qVBzr6w\" target=\"_blank\" rel=\"noopener noreferrer\">Portal Erasmus+ Consejer\u00eda de Educaci\u00f3n Junta de Andaluc\u00eda<\/a><\/span><\/p>\n<p dir=\"ltr\"><a href=\"https:\/\/erasmusplusols.eu\/es\/\">Plataforma de apoyo ling\u00fc\u00edstico (OLS)<\/a><\/p>\n<p><a href=\"https:\/\/europa.eu\/europass\/es\/create-europass-cv\">Crea tu CV Europass<\/a><\/p>\n<p><a href=\"https:\/\/www.seg-social.es\/wps\/portal\/wss\/internet\/Trabajadores\/PrestacionesPensionesTrabajadores\/10938\/11566\/1761\">Solicitud de Tarjeta Sanitaria Europea (TSE)<\/a><\/p>\n<p>&nbsp;<\/p>\n","protected":false},"excerpt":{"rendered":"<p>Servicio Espa\u00f1ol para la Internacionalizaci\u00f3n de la Educaci\u00f3n (SEPIE). Portal nacional Erasmus+ Portal Erasmus+ Consejer\u00eda de Educaci\u00f3n Junta de Andaluc\u00eda Plataforma de apoyo ling\u00fc\u00edstico (OLS) Crea tu CV Europass Solicitud de Tarjeta Sanitaria Europea&#46;&#46;&#46;<\/p>\n","protected":false},"author":508,"featured_media":0,"parent":0,"menu_order":0,"comment_status":"closed","ping_status":"closed","template":"","meta":{"ngg_post_thumbnail":0,"footnotes":""},"aioseo_notices":[],"_links":{"self":[{"href":"https:\/\/blogsaverroes.juntadeandalucia.es\/erasmusfploscolegiales\/wp-json\/wp\/v2\/pages\/60"}],"collection":[{"href":"https:\/\/blogsaverroes.juntadeandalucia.es\/erasmusfploscolegiales\/wp-json\/wp\/v2\/pages"}],"about":[{"href":"https:\/\/blogsaverroes.juntadeandalucia.es\/erasmusfploscolegiales\/wp-json\/wp\/v2\/types\/page"}],"author":[{"embeddable":true,"href":"https:\/\/blogsaverroes.juntadeandalucia.es\/erasmusfploscolegiales\/wp-json\/wp\/v2\/users\/508"}],"replies":[{"embeddable":true,"href":"https:\/\/blogsaverroes.juntadeandalucia.es\/erasmusfploscolegiales\/wp-json\/wp\/v2\/comments?post=60"}],"version-history":[{"count":7,"href":"https:\/\/blogsaverroes.juntadeandalucia.es\/erasmusfploscolegiales\/wp-json\/wp\/v2\/pages\/60\/revisions"}],"predecessor-version":[{"id":73,"href":"https:\/\/blogsaverroes.juntadeandalucia.es\/erasmusfploscolegiales\/wp-json\/wp\/v2\/pages\/60\/revisions\/73"}],"wp:attachment":[{"href":"https:\/\/blogsaverroes.juntadeandalucia.es\/erasmusfploscolegiales\/wp-json\/wp\/v2\/media?parent=60"}],"curies":[{"name":"wp","href":"https:\/\/api.w.org\/{rel}","templated":true}]}}