{"id":94,"date":"2022-10-10T19:19:15","date_gmt":"2022-10-10T18:19:15","guid":{"rendered":"https:\/\/blogsaverroes.juntadeandalucia.es\/erasmusfploscolegiales\/?page_id=94"},"modified":"2022-10-12T21:41:50","modified_gmt":"2022-10-12T20:41:50","slug":"solicitud-22-23","status":"publish","type":"page","link":"https:\/\/blogsaverroes.juntadeandalucia.es\/erasmusfploscolegiales\/solicitud-22-23\/","title":{"rendered":"Solicitud 22-23"},"content":{"rendered":"<section id=\"h.a41dc56366b15d4_59\" class=\"yaqOZd\">\n<div class=\"mYVXT\">\n<div class=\"LS81yb VICjCf\">\n<div class=\"hJDwNd-AhqUyc-uQSCkd purZT-AhqUyc-II5mzb pSzOP-AhqUyc-qWD73c JNdkSc\">\n<div class=\"JNdkSc-SmKAyb\">\n<div class=\"\">\n<div class=\"oKdM2c Kzv0Me\">\n<div id=\"h.a41dc56366b15d4_56\" class=\"hJDwNd-AhqUyc-uQSCkd jXK9ad D2fZ2 OjCsFc wHaque GNzUNc\">\n<div class=\"jXK9ad-SmKAyb\">\n<div class=\"tyJCtd mGzaTb baZpAe\">\n<p dir=\"ltr\" style=\"text-align: justify\">&nbsp;<\/p>\n<p class=\"CDt4Ke zfr3Q\" dir=\"ltr\" style=\"text-align: justify\">Para solicitar tu plaza en el programa Erasmus+ debes entregar cumplimentados y firmados los siguientes documentos:<\/p>\n<p class=\"CDt4Ke zfr3Q\" dir=\"ltr\" style=\"text-align: justify\">&#8211; <a href=\"https:\/\/blogsaverroes.juntadeandalucia.es\/erasmusfploscolegiales\/files\/2022\/01\/Ficha_solicitud.pdf\">Solicitud + cuestionario del participante.<\/a> (Debe ir firmado a mano en la \u00faltima p\u00e1gina y entregarla en papel en conserjer\u00eda o escanearla y env\u00eda copia \u00edntegra del documento)<\/p>\n<p class=\"CDt4Ke zfr3Q\" dir=\"ltr\" style=\"text-align: justify\">&#8211; <a href=\"https:\/\/blogsaverroes.juntadeandalucia.es\/erasmusfploscolegiales\/files\/2022\/01\/Consentimiento_proteccion_datos.pdf\">Consentimiento de Protecci\u00f3n de Datos.<\/a> (Debe igualmente firmarse a mano y entregarse en conserjer\u00eda o enviarse a escaneado).<\/p>\n<p class=\"CDt4Ke zfr3Q\" dir=\"ltr\" style=\"text-align: justify\">&#8211; <a href=\"https:\/\/blogsaverroes.juntadeandalucia.es\/erasmusfploscolegiales\/files\/2022\/01\/Declaracion_responsable_COVID.pdf\">Declaraci\u00f3n Responsable movilidad en Situaci\u00f3n Covid.<\/a> (Aunque en la mayor\u00eda de pa\u00edses se han levantado gran parte de las restricciones, por precauci\u00f3n debe igualmente firmarse a mano y entregarla en papel en conserjer\u00eda o escanearla y enviar por correo electr\u00f3nico). Cada participante deber conocer las pruebas Covid necesarias para entrar en destino as\u00ed como las requeridas por las Autoridades Espa\u00f1olas a su regreso a Espa\u00f1a.<\/p>\n<p dir=\"ltr\" style=\"text-align: justify\">&#8211; <a href=\"https:\/\/blogsaverroes.juntadeandalucia.es\/erasmusfploscolegiales\/files\/2022\/10\/Informaci\u00f3n_y_aceptacion_programa.pdf\">Documento informativo y de aceptaci\u00f3n de condiciones<\/a> sobre el programa. (Debe ir firmado a mano en la \u00faltima p\u00e1gina y entregarla en papel en conserjer\u00eda o escanearla y env\u00eda copia \u00edntegra del documento)<\/p>\n<p class=\"CDt4Ke zfr3Q\" dir=\"ltr\" style=\"text-align: justify\">En caso de enviar los documentos por correo electr\u00f3nico, debes hacerlo a la direcci\u00f3n: <a href=\"mailto:29012052.erasmusfp@g.educaand.es\"><span class=\" aw5Odc\">29012052.erasmusfp@g.educaand.es<\/span><\/a>.<\/p>\n<\/div>\n<\/div>\n<\/div>\n<\/div>\n<\/div>\n<\/div>\n<\/div>\n<\/div>\n<\/div>\n<\/section>\n<section id=\"h.6d7ce5143657fd7_3\" class=\"yaqOZd\">\n<div class=\"IFuOkc\"><strong>En el caso de menores de edad los documentos tendr\u00e1n que estar firmados tanto por el alumno\/a como por uno de sus tutores legales.<\/strong><\/div>\n<div>Igualmente se recuerda que los menores de edad necesitar\u00e1n obligatoriamente para poder viajar al extranjero un permiso emitido en la Guardia Civil o Polic\u00eda Nacional con la comparecencia de los tutores legales.<\/div>\n<\/section>\n<div style=\"text-align: justify\">&nbsp;<\/div>\n<div style=\"text-align: justify\">En caso de ser seleccionado\/a, tendr\u00e1s que aportar r\u00e1pidamente la siguiente documentaci\u00f3n, por lo que es conveniente que la tengas preparada:<\/div>\n<div style=\"text-align: justify\">&nbsp;<\/div>\n<div style=\"text-align: justify\">&#8211; DNI, NIE o Pasaporte escaneado por ambas caras. Imprescindible que no caduque antes del 30\/06\/2023.<\/div>\n<div style=\"text-align: justify\">&#8211; Fotograf\u00eda tipo DNI escaneada.<\/div>\n<div style=\"text-align: justify\">&#8211; Tarjeta Sanitaria Europea.<\/div>\n<div style=\"text-align: justify\">&#8211; Curr\u00edculum vitae en formato <a href=\"https:\/\/europa.eu\/europass\/es\">Europass<\/a>.<\/div>\n<div style=\"text-align: justify\">&#8211; Certificado de vacunaci\u00f3n COVID-19.<\/div>\n<div style=\"text-align: justify\">&#8211; Libreta bancaria o certificado de titularidad en el que aparezca el IBAN. El alumno debe ser titular de la cuenta.<\/div>\n<section id=\"h.6d7ce5143657fd7_3\" class=\"yaqOZd\">\n<div class=\"mYVXT\">\n<div class=\"LS81yb VICjCf\">\n<div class=\"hJDwNd-AhqUyc-uQSCkd purZT-AhqUyc-II5mzb pSzOP-AhqUyc-qWD73c JNdkSc\">\n<div class=\"JNdkSc-SmKAyb\">\n<div class=\"\">\n<div class=\"oKdM2c Kzv0Me\">\n<div id=\"h.6d7ce5143657fd7_0\" class=\"hJDwNd-AhqUyc-uQSCkd jXK9ad D2fZ2 OjCsFc wHaque GNzUNc\">\n<div class=\"jXK9ad-SmKAyb\">\n<div class=\"tyJCtd mGzaTb baZpAe\">\n<p class=\"CDt4Ke zfr3Q\" dir=\"ltr\" style=\"text-align: center\"><span style=\"font-size: 24pt;color: #008000\"><strong>BASES DE LA CONVOCATORIA<\/strong><\/span><\/p>\n<ol class=\"n8H08c BKnRcf\">\n<li class=\"TYR86d wXCUfe zfr3Q\">\n<p class=\"CDt4Ke zfr3Q\" dir=\"ltr\"><strong>OBJETO DE LA CONVOCATORIA<\/strong><\/p>\n<\/li>\n<\/ol>\n<p class=\"CDt4Ke zfr3Q\" dir=\"ltr\">En esta convocatoria se convocan las siguientes movilidades dentro del proyecto Erasmus+ FP \u00ab2021-1-ES01-KA122-VET-000017092: Creando un nuevo curr\u00edculum con Erasmus+\u00bb:<\/p>\n<ul class=\"n8H08c UVNKR\">\n<li class=\"TYR86d wXCUfe zfr3Q\">\n<p class=\"CDt4Ke zfr3Q\" dir=\"ltr\">2 movilidades de 90 d\u00edas para la realizaci\u00f3n del m\u00f3dulo profesional de Formaci\u00f3n en Centros de Trabajo.<\/p>\n<\/li>\n<li class=\"TYR86d wXCUfe zfr3Q\">\n<p class=\"CDt4Ke zfr3Q\" dir=\"ltr\">1 movilidad de 30 d\u00edas para alumnado reci\u00e9n titulado.<\/p>\n<\/li>\n<li>6 movilidades de 12 d\u00edas para alumnado.<\/li>\n<li>2 movilidades de 5 d\u00edas de job-shadowing para profesorado.<\/li>\n<\/ul>\n<p class=\"CDt4Ke zfr3Q\" dir=\"ltr\">Las movilidades anteriores se podr\u00e1n realizar en Portugal (o Italia en caso de necesidad organizativa) en funci\u00f3n de la disponibilidad de plazas y de las restricciones sanitarias. Las fechas de realizaci\u00f3n para las movilidades ser\u00e1 a partir de marzo para las movilidades de FCT y de reci\u00e9n titulados, coincidiendo con el inicio del periodo ordinario del m\u00f3dulo de FCT en los ciclos de 2000 horas. Las movilidades cortas de 12 d\u00edas y las de profesorado podr\u00e1n realizarse en el segundo o tercer trimestre seg\u00fan disponibilidad. <strong>Las movilidades de 12 d\u00edas pueden abarcar la \u00abSemana Blanca\u00bb, lo que debe tenerse en cuenta a la hora de realizar la solicitud\u00bb.<\/strong><\/p>\n<\/div>\n<p dir=\"ltr\">Esta relaci\u00f3n de movilidades puede alterarse en funci\u00f3n de la disponibilidad presupuestaria, pudiendo eliminarse o cambiarse el tipo de alguna\/s de ellas.<\/p>\n<div class=\"tyJCtd mGzaTb baZpAe\">\n<ol class=\"n8H08c BKnRcf\" start=\"2\">\n<li class=\"TYR86d wXCUfe zfr3Q\">\n<p class=\"CDt4Ke zfr3Q\" dir=\"ltr\"><strong>DESTINATARIOS<\/strong><\/p>\n<\/li>\n<\/ol>\n<ul class=\"n8H08c UVNKR\">\n<li class=\"TYR86d wXCUfe zfr3Q\">\n<p class=\"CDt4Ke zfr3Q\" dir=\"ltr\">Movilidades FCT: Alumnos\/as de 2\u00ba curso de FPB y Grado Medio que cumplan los requisitos para la realizaci\u00f3n del m\u00f3dulo de FCT en el periodo comprendido entre marzo-junio de 2023.<\/p>\n<\/li>\n<li class=\"TYR86d wXCUfe zfr3Q\">\n<p class=\"CDt4Ke zfr3Q\" dir=\"ltr\">Movilidad reci\u00e9n titulados: Alumnos\/as reci\u00e9n titulados (\u00faltimos 18 meses contados desde marzo 2023) o que vayan a titular en diciembre 2022, que no est\u00e9n cursando grado superior.<\/p>\n<\/li>\n<li>Movilidades cortas 12 d\u00edas: alumnado de 1\u00ba y 2\u00ba de FPB y Grado Medio, con prioridad para los alumnos de primer curso.<\/li>\n<\/ul>\n<ol class=\"n8H08c BKnRcf\" start=\"3\">\n<li class=\"TYR86d wXCUfe zfr3Q\">\n<p class=\"CDt4Ke zfr3Q\" dir=\"ltr\"><strong>PLAZO Y PRESENTACI\u00d3N DE SOLICITUDES<\/strong><\/p>\n<\/li>\n<\/ol>\n<p class=\"CDt4Ke zfr3Q\" dir=\"ltr\">Las solicitudes de participaci\u00f3n deber\u00e1n presentarse en papel en Conserjer\u00eda del centro, entregarse al coordinador Erasmus o por correo electr\u00f3nico (firmadas a mano y escaneadas correctamente) a la direcci\u00f3n de e-mail <span class=\" aw5Odc\"><a class=\"XqQF9c\" href=\"29012052.erasmusfp@g.educaand.es\" target=\"_blank\" rel=\"noopener noreferrer\">29012052.erasmusfp@g.educaand.es<\/a><\/span> <strong>antes de las 15:00h del 28 de octubre de 2022.<\/strong><\/p>\n<\/div>\n<\/div>\n<\/div>\n<\/div>\n<\/div>\n<\/div>\n<\/div>\n<\/div>\n<\/div>\n<\/section>\n<section id=\"h.a41dc56366b15d4_38\" class=\"yaqOZd\">\n<div class=\"IFuOkc\" style=\"text-align: justify\">&nbsp;<\/div>\n<div class=\"mYVXT\">\n<div class=\"LS81yb VICjCf\">\n<div class=\"hJDwNd-AhqUyc-uQSCkd purZT-AhqUyc-II5mzb pSzOP-AhqUyc-qWD73c JNdkSc\">\n<div class=\"JNdkSc-SmKAyb\">\n<div class=\"\">\n<div class=\"oKdM2c Kzv0Me\">\n<div id=\"h.a41dc56366b15d4_35\" class=\"hJDwNd-AhqUyc-uQSCkd jXK9ad D2fZ2 OjCsFc wHaque GNzUNc\">\n<div class=\"jXK9ad-SmKAyb\" style=\"text-align: justify\">\n<div class=\"tyJCtd mGzaTb baZpAe\">\n<p><strong>4. M\u00c9TODO DE SELECCI\u00d3N<\/strong><\/p>\n<p class=\"CDt4Ke zfr3Q\" dir=\"ltr\">El m\u00e9todo de selecci\u00f3n que utilizaremos responder\u00e1 a la siguiente baremaci\u00f3n:<\/p>\n<p dir=\"ltr\"><span style=\"text-decoration: underline\"><strong>Movilidades FCT y reci\u00e9n titulados:<\/strong><\/span><\/p>\n<p class=\"CDt4Ke zfr3Q\" dir=\"ltr\">&#8211; 4 puntos: alumnos que presenten situaciones de desventaja social (nivel de renta, familias desestructuradas, riesgo de exclusi\u00f3n). Deber\u00e1 presentarse documentaci\u00f3n justificativa de la circunstancia alegada.<\/p>\n<p class=\"CDt4Ke zfr3Q\" dir=\"ltr\">&#8211; 3 puntos: valoraci\u00f3n del cuestionario entregado con la solicitud y, en caso de considerarse necesario, entrevista personal con los responsables del Programa Erasmus+ (madurez, responsabilidad, comportamiento, motivaci\u00f3n).<\/p>\n<p dir=\"ltr\">&#8211; 2 puntos: asistencia a clase e informe de los docentes.<\/p>\n<p class=\"CDt4Ke zfr3Q\" dir=\"ltr\">&#8211; 1 punto: estudiantes de 2\u00ba curso, reci\u00e9n titulado.<\/p>\n<p class=\"CDt4Ke zfr3Q\" dir=\"ltr\">En el caso de movilidades para FCT ser\u00e1 imprescindible el visto bueno del equipo docente, tanto para el seguimiento como para analizar la viabilidad de superaci\u00f3n del curso.<\/p>\n<p dir=\"ltr\"><span style=\"text-decoration: underline\"><strong>Movilidades cortas 12 d\u00edas:<\/strong><\/span><\/p>\n<p dir=\"ltr\">Para favorecer el impacto positivo del proyecto Erasmus+ en el centro y aumentar su alcance, se ha decidido que las 6 plazas se distribuir\u00e1n entre las 3 familias profesionales existentes en el centro (Electricidad y Electr\u00f3nica, Instalaci\u00f3n y Mantenimiento, Sanidad), otorgando 2 plazas a cada una de ellas. En caso de que no se cubran alguna de las plazas correspondientes a alguna de las familias, esa plaza se destinar\u00e1 a la familia profesional que haya presentado mayor n\u00famero de solicitudes. Ya que los alumnos de primer curso no pueden optar al resto de movilidades, tendr\u00e1n prioridad en esta modalidad.<\/p>\n<\/div>\n<p class=\"CDt4Ke zfr3Q\" dir=\"ltr\">&#8211; 4 puntos: alumnos que presenten situaciones de desventaja social (nivel de renta, familias desestructuradas, riesgo de exclusi\u00f3n). Deber\u00e1 presentarse documentaci\u00f3n justificativa de la circunstancia alegada.<\/p>\n<p class=\"CDt4Ke zfr3Q\" dir=\"ltr\">&#8211; 3 puntos: valoraci\u00f3n del cuestionario entregado con la solicitud y, en caso de considerarse necesario, entrevista personal con los responsables del Programa Erasmus+ (madurez, responsabilidad, comportamiento, motivaci\u00f3n).<\/p>\n<p dir=\"ltr\">&#8211; 2 puntos: asistencia a clase e informe de los docentes.<\/p>\n<p class=\"CDt4Ke zfr3Q\" dir=\"ltr\">&#8211; 1 punto: estudiantes de 1\u00ba curso.<\/p>\n<p class=\"CDt4Ke zfr3Q\" dir=\"ltr\">Los partes de incidencia grave podr\u00e1n ser motivo de exclusi\u00f3n. Estas movilidades pueden abarcar completa o parcialmente la \u00abSemana Blanca\u00bb.<\/p>\n<\/div>\n<p dir=\"ltr\" style=\"text-align: justify\"><span style=\"text-decoration: underline\"><strong>Movilidades job-shadowing para profesorado:<\/strong><\/span><\/p>\n<p dir=\"ltr\" style=\"text-align: justify\">&#8211; Conocimiento acreditado B1 ingl\u00e9s\/Portugu\u00e9s: 4 puntos.<br \/>\n&#8211; Haber organizado actividades extraescolares de formaci\u00f3n medioambiental: 3 puntos.<br \/>\n&#8211; Uso cotidiano de herramientas y plataformas digitales en el aula: 3 puntos<br \/>\n&#8211; Tener plaza fija en el centro: 2 puntos.<br \/>\n&#8211; No haber participado nunca en Erasmus+: 1 punto.<\/p>\n<p dir=\"ltr\">En caso de empate en la baremaci\u00f3n, se resolver\u00e1 mediante sorteo p\u00fablico.<\/p>\n<div class=\"jXK9ad-SmKAyb\">\n<p dir=\"ltr\" style=\"text-align: justify\"><strong>5. OBLIGACIONES DE LOS\/AS&nbsp; BENEFICIARIOS\/AS<\/strong><\/p>\n<p dir=\"ltr\" style=\"text-align: justify\">Los\/as beneficiarios\/as seleccionados\/as estar\u00e1n obligados a:<\/p>\n<p dir=\"ltr\" style=\"text-align: justify\">a.- Aportar en plazo y forma toda la documentaci\u00f3n requerida por la entidad coordinadora para la puesta en funcionamiento de la beca.<br \/>\nb.- De forma previa al inicio de las estancias, deber\u00e1n firmar el Documento de Aceptaci\u00f3n de la Beca, en el que se compromete a participar en las estancias y a asumir los costes devengados en caso en que renunciara a participar. Estos gastos incluyen aqu\u00e9llos asociados a la preparaci\u00f3n de movilidad y todos aquellos en los que haya incurrido la entidad coordinadora, debiendo abonarlos en un plazo m\u00e1ximo de treinta d\u00edas naturales desde la fecha de renuncia.<br \/>\nc.- As\u00ed mismo, de forma previa a la movilidad, el participante firmar\u00e1 el \u201cProtocolo de Seguridad COVID-19\u201d. Dicho protocolo podr\u00e1 sufrir variaciones en base a la evoluci\u00f3n de la situaci\u00f3n sanitaria en el pa\u00eds de destino, existiendo un compromiso expreso por parte del participante de cumplir todas aquellas normas que se estipulen en virtud a la evoluci\u00f3n de la situaci\u00f3n sanitaria.<br \/>\nd.- Firmar el Contrato de Estancias ERASMUS+, que vincula a todas las partes implicadas en el proyecto y en el que se describen detalladamente sus derechos y obligaciones.<br \/>\ne.- Participar en cuantas actividades de preparaci\u00f3n pedag\u00f3gica y cultural se organicen para la estancia en el extranjero.<br \/>\nf.- Estar sometidos a las actuaciones de comprobaci\u00f3n y control financiero, a efectuar por la entidad coordinadora o por los \u00f3rganos de control competentes, tanto nacionales como comunitarios, aportando cuanta informaci\u00f3n le sea requerida.<br \/>\ng.- Mantener actualizados su correo electr\u00f3nico y tel\u00e9fono, as\u00ed como todos aquellos cambios de domicilio, a efectos de notificaciones, durante el per\u00edodo en el que la beca sea reglamentariamente susceptible de control (5 a\u00f1os).<br \/>\nh.- Respetar la disciplina de la empresa y\/o centro de formaci\u00f3n donde se realicen las estancias pr\u00e1cticas formativas y de observaci\u00f3n, sus horarios de trabajo, los reglamentos en vigor y las disposiciones legales relativas al secreto profesional. Muy espec\u00edficamente, respetar los protocolos de Seguridad e Higiene definidas por las entidades de acogida, en el \u00e1mbito general y en el espec\u00edfico relativo al COVID-19.<br \/>\ni.- Asumir las directrices y condiciones establecidas por la tutorizaci\u00f3n de la entidad intermediaria colaboradora, con respecto a normas de alojamiento y de asunci\u00f3n de responsabilidades para el desempe\u00f1o de la beca.<br \/>\nj.- Informar a la mayor brevedad posible de toda circunstancia que afecte al \u00f3ptimo desarrollo de la estancia.<br \/>\nk.- Participar activamente en las actuaciones de evaluaci\u00f3n y control de la estancia llevadas a cabo por los tutores de movilidad.<br \/>\nl.- Entregar, durante el mes posterior al regreso, toda aquella documentaci\u00f3n que sea requerida por la entidad coordinadora del Consorcio para la justificaci\u00f3n del proyecto.<br \/>\nm.- Colaborar en las acciones de Divulgaci\u00f3n del Proyecto, aportando material gr\u00e1fico sobre la estancia, as\u00ed como v\u00eddeos o presentaciones representativas de la experiencia vivida.<\/p>\n<p style=\"text-align: justify\">&nbsp;<\/p>\n<\/div>\n<\/div>\n<\/div>\n<\/div>\n<\/div>\n<\/div>\n<\/div>\n<\/div>\n<\/section>\n","protected":false},"excerpt":{"rendered":"<p>&nbsp; Para solicitar tu plaza en el programa Erasmus+ debes entregar cumplimentados y firmados los siguientes documentos: &#8211; Solicitud + cuestionario del participante. (Debe ir firmado a mano en la \u00faltima p\u00e1gina y entregarla&#46;&#46;&#46;<\/p>\n","protected":false},"author":508,"featured_media":0,"parent":0,"menu_order":0,"comment_status":"closed","ping_status":"closed","template":"","meta":{"ngg_post_thumbnail":0,"footnotes":""},"aioseo_notices":[],"_links":{"self":[{"href":"https:\/\/blogsaverroes.juntadeandalucia.es\/erasmusfploscolegiales\/wp-json\/wp\/v2\/pages\/94"}],"collection":[{"href":"https:\/\/blogsaverroes.juntadeandalucia.es\/erasmusfploscolegiales\/wp-json\/wp\/v2\/pages"}],"about":[{"href":"https:\/\/blogsaverroes.juntadeandalucia.es\/erasmusfploscolegiales\/wp-json\/wp\/v2\/types\/page"}],"author":[{"embeddable":true,"href":"https:\/\/blogsaverroes.juntadeandalucia.es\/erasmusfploscolegiales\/wp-json\/wp\/v2\/users\/508"}],"replies":[{"embeddable":true,"href":"https:\/\/blogsaverroes.juntadeandalucia.es\/erasmusfploscolegiales\/wp-json\/wp\/v2\/comments?post=94"}],"version-history":[{"count":15,"href":"https:\/\/blogsaverroes.juntadeandalucia.es\/erasmusfploscolegiales\/wp-json\/wp\/v2\/pages\/94\/revisions"}],"predecessor-version":[{"id":117,"href":"https:\/\/blogsaverroes.juntadeandalucia.es\/erasmusfploscolegiales\/wp-json\/wp\/v2\/pages\/94\/revisions\/117"}],"wp:attachment":[{"href":"https:\/\/blogsaverroes.juntadeandalucia.es\/erasmusfploscolegiales\/wp-json\/wp\/v2\/media?parent=94"}],"curies":[{"name":"wp","href":"https:\/\/api.w.org\/{rel}","templated":true}]}}