{"id":2541,"date":"2018-11-20T11:17:06","date_gmt":"2018-11-20T11:17:06","guid":{"rendered":"https:\/\/blogsaverroes.juntadeandalucia.es\/erasmuslarosaleda\/?page_id=2541"},"modified":"2021-10-17T10:49:01","modified_gmt":"2021-10-17T10:49:01","slug":"european-menu","status":"publish","type":"page","link":"https:\/\/blogsaverroes.juntadeandalucia.es\/erasmuslarosaleda\/terminados\/european-menu\/","title":{"rendered":"European Menu"},"content":{"rendered":"<p>Blog del Proyecto (<a href=\"https:\/\/sites.google.com\/view\/europeanmenuproject\/home\" target=\"_blank\" rel=\"noopener noreferrer\">enlace<\/a>).<\/p>\n<p>Convocatorias del proyecto (<a href=\"https:\/\/drive.google.com\/open?id=1KiX_jiiGeHKaq8PLNjQXXx1gV_MDTLGh\" target=\"_blank\" rel=\"noopener noreferrer\">enlace<\/a>).<\/p>\n<p>Posts del proyecto en este blog (<a href=\"https:\/\/blogsaverroes.juntadeandalucia.es\/erasmuslarosaleda\/category\/ka-229\/european-menu\/\" target=\"_blank\" rel=\"noopener noreferrer\">enlace<\/a>).<\/p>\n<p><strong>Objetivos: <\/strong><\/p>\n<ul>\n<li><strong><a href=\"https:\/\/blogsaverroes.juntadeandalucia.es\/erasmuslarosaleda\/files\/2018\/11\/spaghetti-3547078_1920.jpg\"><img loading=\"lazy\" decoding=\"async\" class=\"alignright wp-image-2544\" src=\"https:\/\/blogsaverroes.juntadeandalucia.es\/erasmuslarosaleda\/files\/2018\/11\/spaghetti-3547078_1920-300x163.jpg\" alt=\"\" width=\"450\" height=\"245\" srcset=\"https:\/\/blogsaverroes.juntadeandalucia.es\/erasmuslarosaleda\/files\/2018\/11\/spaghetti-3547078_1920-300x163.jpg 300w, https:\/\/blogsaverroes.juntadeandalucia.es\/erasmuslarosaleda\/files\/2018\/11\/spaghetti-3547078_1920-1024x557.jpg 1024w, https:\/\/blogsaverroes.juntadeandalucia.es\/erasmuslarosaleda\/files\/2018\/11\/spaghetti-3547078_1920-24x13.jpg 24w, https:\/\/blogsaverroes.juntadeandalucia.es\/erasmuslarosaleda\/files\/2018\/11\/spaghetti-3547078_1920-36x20.jpg 36w, https:\/\/blogsaverroes.juntadeandalucia.es\/erasmuslarosaleda\/files\/2018\/11\/spaghetti-3547078_1920-48x26.jpg 48w, https:\/\/blogsaverroes.juntadeandalucia.es\/erasmuslarosaleda\/files\/2018\/11\/spaghetti-3547078_1920.jpg 1600w\" sizes=\"(max-width: 450px) 100vw, 450px\" \/><\/a><\/strong>Desarrollo de habilidades y competencias relevantes y de alta calidad en hosteler\u00eda<\/li>\n<li>Desarrollar asociaciones institucionales que apoyen la creaci\u00f3n e implementaci\u00f3n de un estrategia de internacionalizaci\u00f3n de aprendices de FP de hosteler\u00eda y turismo.<\/li>\n<\/ul>\n<p><strong>&nbsp;<\/strong><strong>Resultados del proyecto:<\/strong><\/p>\n<ul>\n<li>Permitir a los estudiantes y profesores descubrir y aprender nuevas estrategias de ense\u00f1anza \/ aprendizaje;<\/li>\n<li>Tener la oportunidad de experimentar nuevos m\u00e9todos y t\u00e9cnicas profesionales relacionadas con la gastronom\u00eda y industria del turismo;<\/li>\n<li>Mejorar y promover los activos de la zona;<\/li>\n<li>Fortalecer las habilidades transversales de acuerdo con su campo de estudio;<\/li>\n<li>Mejorar sus habilidades interculturales y ling\u00fc\u00edsticas, ya que el ingl\u00e9s ser\u00e1 el idioma vehicular del proyecto;<\/li>\n<li>Alentar a los estudiantes a continuar sus estudios en el extranjero, realizar una formaci\u00f3n altamente especializada, encontrar un trabajo que cumpla con el perfil profesional espec\u00edfico o emprenda su propia actividad emprendedora \/ directiva;<\/li>\n<li>Mejorar la inclusi\u00f3n social, ofreciendo igualdad de oportunidades para la movilidad.<\/li>\n<li>La asociaci\u00f3n ofrece un entorno nuevo y estimulante en el que los estudiantes pondr\u00e1n sus habilidades y conocimientos en pr\u00e1ctica en un entorno diferente y ser\u00e1 capaz de analizar las similitudes y diferencias entre los italianos industria del turismo y pa\u00edses socios.<\/li>\n<\/ul>\n<p><strong>Temas tratados por su proyecto.<\/strong><\/p>\n<ul>\n<li>M\u00e9todos y t\u00e9cnicas en gastronom\u00eda y enolog\u00eda.<\/li>\n<li>Educaci\u00f3n intercultural gastron\u00f3mica.<\/li>\n<li>Ense\u00f1anza y aprendizaje de lenguas extranjeras y t\u00e9cnolog\u00eda de la informaci\u00f3n y comunicaci\u00f3n..<\/li>\n<\/ul>\n<p><strong>Actividades:<\/strong><\/p>\n<ul>\n<li>Visitar algunas empresas locales de alimentos y vinos (bodegas, empresas de alimentos &#8230;);<\/li>\n<li>Taller en la escuela para aprender a preparar las recetas t\u00edpicas de platos locales;<\/li>\n<li>Visitar y descubrir la regi\u00f3n de cada pa\u00eds;<\/li>\n<li>Organizando y realizando el Food Festival en la ciudad medieval Erice (pa\u00eds coordinador) para descubrir todo lo cultural y patrimonio culinario de los pa\u00edses involucrados en el proyecto.<\/li>\n<li>Los socios se comunicar\u00e1n por correo electr\u00f3nico, p\u00e1gina de Facebook, Skype y los mensajes r\u00e1pidos m\u00e1s comunes aplicaciones (whatsapp, messenger &#8230;.) para una comunicaci\u00f3n m\u00e1s r\u00e1pida y f\u00e1cil y a trav\u00e9s de e-Twinning a comunicar, colaborar, compartir materiales durante las diferentes fases de preparaci\u00f3n, implementaci\u00f3n y seguimiento de nuestro proyecto Las redes sociales tambi\u00e9n se usar\u00e1n para compartir y hacer que los resultados de nuestro proyecto visible como sea posible.<\/li>\n<li>El proyecto tendr\u00e1 un impacto en diferentes niveles (local, regional, nacional e internacional) que traiga cambios dentro de las diferentes escuelas que participan en el proyecto. Gracias a un plan de difusi\u00f3n cualificado,los beneficios se extender\u00e1n a largo plazo, despu\u00e9s del final del proyecto.<\/li>\n<\/ul>\n<p><a href=\"https:\/\/blogsaverroes.juntadeandalucia.es\/erasmuslarosaleda\/files\/2018\/11\/pancakes-2291908_960_720.jpg\"><img loading=\"lazy\" decoding=\"async\" class=\"aligncenter wp-image-2548 size-full\" src=\"https:\/\/blogsaverroes.juntadeandalucia.es\/erasmuslarosaleda\/files\/2018\/11\/pancakes-2291908_960_720.jpg\" alt=\"\" width=\"960\" height=\"604\" srcset=\"https:\/\/blogsaverroes.juntadeandalucia.es\/erasmuslarosaleda\/files\/2018\/11\/pancakes-2291908_960_720.jpg 960w, https:\/\/blogsaverroes.juntadeandalucia.es\/erasmuslarosaleda\/files\/2018\/11\/pancakes-2291908_960_720-300x189.jpg 300w, https:\/\/blogsaverroes.juntadeandalucia.es\/erasmuslarosaleda\/files\/2018\/11\/pancakes-2291908_960_720-24x15.jpg 24w, https:\/\/blogsaverroes.juntadeandalucia.es\/erasmuslarosaleda\/files\/2018\/11\/pancakes-2291908_960_720-36x23.jpg 36w, https:\/\/blogsaverroes.juntadeandalucia.es\/erasmuslarosaleda\/files\/2018\/11\/pancakes-2291908_960_720-48x30.jpg 48w\" sizes=\"(max-width: 960px) 100vw, 960px\" \/><\/a><\/p>\n<p><strong>Pa\u00edses Participantes: <\/strong><\/p>\n<p>Las escuelas involucradas son todas Institutos profesionales de hosteler\u00eda.<\/p>\n<ul>\n<li>Instituto Profesional para la Alimentaci\u00f3n y el Vino y hosteler\u00eda. Erice -Trapani ( Italia). Rol coordinador<\/li>\n<li>Instituto Turisticko-ugostiteljska skola Antona Stifanica en Porec ( Croacia). Rol socio.<\/li>\n<li>Instituto Ense\u00f1anza Secundaria La Rosaleda. M\u00e1laga (Espa\u00f1a)<\/li>\n<\/ul>\n<p><strong>Alumnos y profesores&nbsp; del IES Rosaleda implicados en el proyecto: <\/strong><\/p>\n<p><strong>Participantes:<\/strong><\/p>\n<ul>\n<li>Todos los alumnos de los grupos 1\u00ba y 2\u00ba Ciclo Direcci\u00f3n de cocina (tarde)<\/li>\n<li>Todos los alumnos de los grupos 1\u00ba y 2\u00ba Direcci\u00f3n de Servicios.<\/li>\n<li>Todos los alumnos del grupo AVS.<\/li>\n<\/ul>\n<p><strong>Acompa\u00f1antes:<\/strong><\/p>\n<ul>\n<li>Juan Jos\u00e9 L\u00f3pez Urbaneja. Departamento franc\u00e9s.<\/li>\n<li>Adela Garc\u00eda Valenciano. Departamento hosteler\u00eda y turismo.<\/li>\n<li>Mar\u00eda Sierra Ruz Ruiz. Departamento hosteler\u00eda y turismo.<\/li>\n<li>Paloma L\u00f3pez Godoy.Departamento hosteler\u00eda y turismo.<\/li>\n<li>In\u00e9s Hurtado Ruiz. Departamento hosteler\u00eda y turismo.<\/li>\n<li>Huberto Garc\u00eda Pe\u00f1a.&nbsp; Departamento Biolog\u00eda.<\/li>\n<li>Salvador Arcas S\u00e1nchez. Departamento Biolog\u00eda.<\/li>\n<li>Juan Jos\u00e9 Fern\u00e1ndez Serrador. Departamento comercio y marketing<\/li>\n<\/ul>\n","protected":false},"excerpt":{"rendered":"<p>Blog del Proyecto (enlace). Convocatorias del proyecto (enlace). Posts del proyecto en este blog (enlace). Objetivos: Desarrollo de habilidades y competencias relevantes y de alta calidad en hosteler\u00eda Desarrollar asociaciones institucionales que apoyen la creaci\u00f3n e implementaci\u00f3n de un estrategia de internacionalizaci\u00f3n de aprendices de FP de hosteler\u00eda y turismo. &nbsp;Resultados del proyecto: Permitir a&#46;&#46;&#46;<\/p>\n","protected":false},"author":6500,"featured_media":0,"parent":3840,"menu_order":0,"comment_status":"closed","ping_status":"closed","template":"","meta":{"_exactmetrics_skip_tracking":false,"_exactmetrics_sitenote_active":false,"_exactmetrics_sitenote_note":"","_exactmetrics_sitenote_category":0,"footnotes":"","_mc_calendar":[]},"aioseo_notices":[],"_links":{"self":[{"href":"https:\/\/blogsaverroes.juntadeandalucia.es\/erasmuslarosaleda\/wp-json\/wp\/v2\/pages\/2541"}],"collection":[{"href":"https:\/\/blogsaverroes.juntadeandalucia.es\/erasmuslarosaleda\/wp-json\/wp\/v2\/pages"}],"about":[{"href":"https:\/\/blogsaverroes.juntadeandalucia.es\/erasmuslarosaleda\/wp-json\/wp\/v2\/types\/page"}],"author":[{"embeddable":true,"href":"https:\/\/blogsaverroes.juntadeandalucia.es\/erasmuslarosaleda\/wp-json\/wp\/v2\/users\/6500"}],"replies":[{"embeddable":true,"href":"https:\/\/blogsaverroes.juntadeandalucia.es\/erasmuslarosaleda\/wp-json\/wp\/v2\/comments?post=2541"}],"version-history":[{"count":4,"href":"https:\/\/blogsaverroes.juntadeandalucia.es\/erasmuslarosaleda\/wp-json\/wp\/v2\/pages\/2541\/revisions"}],"predecessor-version":[{"id":3002,"href":"https:\/\/blogsaverroes.juntadeandalucia.es\/erasmuslarosaleda\/wp-json\/wp\/v2\/pages\/2541\/revisions\/3002"}],"up":[{"embeddable":true,"href":"https:\/\/blogsaverroes.juntadeandalucia.es\/erasmuslarosaleda\/wp-json\/wp\/v2\/pages\/3840"}],"wp:attachment":[{"href":"https:\/\/blogsaverroes.juntadeandalucia.es\/erasmuslarosaleda\/wp-json\/wp\/v2\/media?parent=2541"}],"curies":[{"name":"wp","href":"https:\/\/api.w.org\/{rel}","templated":true}]}}