{"id":3076,"date":"2020-01-08T21:07:49","date_gmt":"2020-01-08T21:07:49","guid":{"rendered":"https:\/\/blogsaverroes.juntadeandalucia.es\/erasmuslarosaleda\/?page_id=3076"},"modified":"2025-01-08T10:37:36","modified_gmt":"2025-01-08T10:37:36","slug":"dimension-europea","status":"publish","type":"page","link":"https:\/\/blogsaverroes.juntadeandalucia.es\/erasmuslarosaleda\/dimension-europea\/","title":{"rendered":"Dimensi\u00f3n europea"},"content":{"rendered":"<h2>Educaci\u00f3n Superior<\/h2>\n<p>Carta Erasmus+ (<a href=\"https:\/\/drive.google.com\/open?id=18qcpdLThxaRpBhOfpCsej9FawKfN3vI_\">enlace<\/a>).<\/p>\n<p>Declaraci\u00f3n de pol\u00edtica Erasmus+ (<a href=\"https:\/\/docs.google.com\/document\/d\/1hxLsBM-yvnIDW1inMh6lrixo80mnamHwETCLkRm2rRs\/edit?usp=sharing\">enlace<\/a>).<\/p>\n<h2>Formaci\u00f3n Profesional<\/h2>\n<p>Acreditaci\u00f3n Erasmus en Formaci\u00f3n Profesional (<a href=\"https:\/\/drive.google.com\/file\/d\/1lJ8Muump7BWx-yfux7cWguGDHMeNDyea\/view?usp=sharing\" target=\"_blank\" rel=\"noopener noreferrer\">enlace<\/a>).<\/p>\n<p>Plan de desarrollo europeo (<a href=\"https:\/\/docs.google.com\/document\/d\/1AlOtP8_T2BxROcQtk8mfecukAA_rajGQIPDeXnLysME\/edit?usp=sharing\" target=\"_blank\" rel=\"noopener noreferrer\">enlace<\/a>)<\/p>\n<p>Plan Erasmus+ (<a href=\"https:\/\/docs.google.com\/document\/d\/1n_a95u6J2Y6bZiyzPGypQwaJRL7sEujSqzg_yYZJ5vU\/edit?usp=sharing\" target=\"_blank\" rel=\"noopener noreferrer\">enlace<\/a>)<\/p>\n<p>&nbsp;<\/p>\n<p>\u00abLos proyectos Erasmus+ propios de nuestro centro est\u00e1n cofinanciados por la Uni\u00f3n Europea. Las opiniones y puntos de vista expresados en esta p\u00e1gina web s\u00f3lo comprometen a I.E.S. La Rosaleda y no reflejan necesariamente los de la Uni\u00f3n Europea ni los del Servicio Espa\u00f1ol para la Internacionalizaci\u00f3n de la Educaci\u00f3n (SEPIE). Ni la Uni\u00f3n Europea ni la Agencia Nacional SEPIE pueden ser considerados responsables de ellos.\u00bb<\/p>\n<p><a href=\"https:\/\/blogsaverroes.juntadeandalucia.es\/erasmuslarosaleda\/files\/2025\/01\/es_cofinanciado_por_la_union_europea_pos.png\"><img loading=\"lazy\" decoding=\"async\" class=\"size-medium wp-image-6290 aligncenter\" src=\"https:\/\/blogsaverroes.juntadeandalucia.es\/erasmuslarosaleda\/files\/2025\/01\/es_cofinanciado_por_la_union_europea_pos-300x63.png\" alt=\"\" width=\"300\" height=\"63\" srcset=\"https:\/\/blogsaverroes.juntadeandalucia.es\/erasmuslarosaleda\/files\/2025\/01\/es_cofinanciado_por_la_union_europea_pos-300x63.png 300w, https:\/\/blogsaverroes.juntadeandalucia.es\/erasmuslarosaleda\/files\/2025\/01\/es_cofinanciado_por_la_union_europea_pos-1024x215.png 1024w, https:\/\/blogsaverroes.juntadeandalucia.es\/erasmuslarosaleda\/files\/2025\/01\/es_cofinanciado_por_la_union_europea_pos-768x161.png 768w, https:\/\/blogsaverroes.juntadeandalucia.es\/erasmuslarosaleda\/files\/2025\/01\/es_cofinanciado_por_la_union_europea_pos-1536x322.png 1536w, https:\/\/blogsaverroes.juntadeandalucia.es\/erasmuslarosaleda\/files\/2025\/01\/es_cofinanciado_por_la_union_europea_pos-2048x429.png 2048w, https:\/\/blogsaverroes.juntadeandalucia.es\/erasmuslarosaleda\/files\/2025\/01\/es_cofinanciado_por_la_union_europea_pos.png 1600w\" sizes=\"(max-width: 300px) 100vw, 300px\" \/><\/a><\/p>\n<p>Para cualquier duda o consulta, puede ponerse en contacto con nosotros a trav\u00e9s del email erasmus@ieslarosaleda.com. Estaremos encantados de atenderle.<\/p>\n","protected":false},"excerpt":{"rendered":"<p>Educaci\u00f3n Superior Carta Erasmus+ (enlace). Declaraci\u00f3n de pol\u00edtica Erasmus+ (enlace). Formaci\u00f3n Profesional Acreditaci\u00f3n Erasmus en Formaci\u00f3n Profesional (enlace). Plan de desarrollo europeo (enlace) Plan Erasmus+ (enlace) &nbsp; \u00abLos proyectos Erasmus+ propios de nuestro centro est\u00e1n cofinanciados por la Uni\u00f3n Europea. Las opiniones y puntos de vista expresados en esta p\u00e1gina web s\u00f3lo comprometen a I.E.S.&#46;&#46;&#46;<\/p>\n","protected":false},"author":6372,"featured_media":0,"parent":0,"menu_order":0,"comment_status":"closed","ping_status":"closed","template":"","meta":{"_exactmetrics_skip_tracking":false,"_exactmetrics_sitenote_active":false,"_exactmetrics_sitenote_note":"","_exactmetrics_sitenote_category":0,"footnotes":"","_mc_calendar":[]},"aioseo_notices":[],"_links":{"self":[{"href":"https:\/\/blogsaverroes.juntadeandalucia.es\/erasmuslarosaleda\/wp-json\/wp\/v2\/pages\/3076"}],"collection":[{"href":"https:\/\/blogsaverroes.juntadeandalucia.es\/erasmuslarosaleda\/wp-json\/wp\/v2\/pages"}],"about":[{"href":"https:\/\/blogsaverroes.juntadeandalucia.es\/erasmuslarosaleda\/wp-json\/wp\/v2\/types\/page"}],"author":[{"embeddable":true,"href":"https:\/\/blogsaverroes.juntadeandalucia.es\/erasmuslarosaleda\/wp-json\/wp\/v2\/users\/6372"}],"replies":[{"embeddable":true,"href":"https:\/\/blogsaverroes.juntadeandalucia.es\/erasmuslarosaleda\/wp-json\/wp\/v2\/comments?post=3076"}],"version-history":[{"count":12,"href":"https:\/\/blogsaverroes.juntadeandalucia.es\/erasmuslarosaleda\/wp-json\/wp\/v2\/pages\/3076\/revisions"}],"predecessor-version":[{"id":6296,"href":"https:\/\/blogsaverroes.juntadeandalucia.es\/erasmuslarosaleda\/wp-json\/wp\/v2\/pages\/3076\/revisions\/6296"}],"wp:attachment":[{"href":"https:\/\/blogsaverroes.juntadeandalucia.es\/erasmuslarosaleda\/wp-json\/wp\/v2\/media?parent=3076"}],"curies":[{"name":"wp","href":"https:\/\/api.w.org\/{rel}","templated":true}]}}