{"id":3079,"date":"2020-01-08T21:08:46","date_gmt":"2020-01-08T21:08:46","guid":{"rendered":"https:\/\/blogsaverroes.juntadeandalucia.es\/erasmuslarosaleda\/?page_id=3079"},"modified":"2021-02-11T14:17:00","modified_gmt":"2021-02-11T14:17:00","slug":"info-packs","status":"publish","type":"page","link":"https:\/\/blogsaverroes.juntadeandalucia.es\/erasmuslarosaleda\/info-packs\/","title":{"rendered":"Info packs"},"content":{"rendered":"<p>Aqu\u00ed encontrar\u00e1s la informaci\u00f3n sobre los distintos destinos de pr\u00e1cticas.<\/p>\n<p>Cracovia: [<a href=\"https:\/\/docs.google.com\/document\/d\/1lRfNKTk26qgbIZcwPREQf8WsjiUPIFEoE3M5BpFVKt8\/edit?usp=sharing\" target=\"_blank\" rel=\"noopener noreferrer\">InfoCracovia<\/a>]<\/p>\n<p>Elvas: [<a href=\"https:\/\/docs.google.com\/document\/d\/1FOdtPSGlTfH7_qegKIJiHWbS2x4028TosOcUKkLp7kQ\/edit?usp=sharing\" target=\"_blank\" rel=\"noopener noreferrer\">InfoElvas<\/a>]<\/p>\n<p>N\u00f6rrkoping: [<a href=\"https:\/\/docs.google.com\/document\/d\/14ZNSb0s85uRZB64xurqc-idS8la-GocdQMKWaBenEkY\/edit?usp=sharing\" target=\"_blank\" rel=\"noopener noreferrer\">InfoN\u00f6rrkoping<\/a>]<\/p>\n<p>Bautzen: [<a href=\"https:\/\/docs.google.com\/document\/d\/1MVja_aBLB1zWtYCUOb-85krRkENGpuHl8AG-fo_aNEs\/edit?usp=sharing\" target=\"_blank\" rel=\"noopener noreferrer\">InfoBautzen<\/a>]<\/p>\n<p>Cork: <a href=\"https:\/\/docs.google.com\/document\/d\/1k4F66uTUcz-2FAN72qKAvOpT1XqcpNnmU-VZtEfaR2M\/edit?usp=sharing\">[InfoCork]<\/a><\/p>\n<p>Ostrava: <a href=\"https:\/\/docs.google.com\/document\/d\/19g8v14Cfqcg4ELSLtJ2dRVdAC6qwZdsYKjUurx9fWjs\/edit?usp=sharing\">[InfoOstrava]<\/a><\/p>\n<p>Dubl\u00edn: <a href=\"https:\/\/docs.google.com\/document\/d\/1RclNOEj06BaIM8c9dBTm8v5NGPp-eM9w_Oabqjo1mHQ\/edit?usp=sharing\">[InfoDublin]<\/a><\/p>\n<p>Connelles: <a href=\"https:\/\/docs.google.com\/document\/d\/1WFKBnFx7yWVHuTyip2R-CFn8PvX--D-vh4ELR_H89aQ\/edit?usp=sharing\">[InfoConnelles]<\/a><\/p>\n","protected":false},"excerpt":{"rendered":"<p>Aqu\u00ed encontrar\u00e1s la informaci\u00f3n sobre los distintos destinos de pr\u00e1cticas. Cracovia: [InfoCracovia] Elvas: [InfoElvas] N\u00f6rrkoping: [InfoN\u00f6rrkoping] Bautzen: [InfoBautzen] Cork: [InfoCork] Ostrava: [InfoOstrava] Dubl\u00edn: [InfoDublin] Connelles: [InfoConnelles]<\/p>\n","protected":false},"author":6372,"featured_media":0,"parent":0,"menu_order":0,"comment_status":"closed","ping_status":"closed","template":"","meta":{"_exactmetrics_skip_tracking":false,"_exactmetrics_sitenote_active":false,"_exactmetrics_sitenote_note":"","_exactmetrics_sitenote_category":0,"footnotes":"","_mc_calendar":[]},"aioseo_notices":[],"_links":{"self":[{"href":"https:\/\/blogsaverroes.juntadeandalucia.es\/erasmuslarosaleda\/wp-json\/wp\/v2\/pages\/3079"}],"collection":[{"href":"https:\/\/blogsaverroes.juntadeandalucia.es\/erasmuslarosaleda\/wp-json\/wp\/v2\/pages"}],"about":[{"href":"https:\/\/blogsaverroes.juntadeandalucia.es\/erasmuslarosaleda\/wp-json\/wp\/v2\/types\/page"}],"author":[{"embeddable":true,"href":"https:\/\/blogsaverroes.juntadeandalucia.es\/erasmuslarosaleda\/wp-json\/wp\/v2\/users\/6372"}],"replies":[{"embeddable":true,"href":"https:\/\/blogsaverroes.juntadeandalucia.es\/erasmuslarosaleda\/wp-json\/wp\/v2\/comments?post=3079"}],"version-history":[{"count":6,"href":"https:\/\/blogsaverroes.juntadeandalucia.es\/erasmuslarosaleda\/wp-json\/wp\/v2\/pages\/3079\/revisions"}],"predecessor-version":[{"id":3428,"href":"https:\/\/blogsaverroes.juntadeandalucia.es\/erasmuslarosaleda\/wp-json\/wp\/v2\/pages\/3079\/revisions\/3428"}],"wp:attachment":[{"href":"https:\/\/blogsaverroes.juntadeandalucia.es\/erasmuslarosaleda\/wp-json\/wp\/v2\/media?parent=3079"}],"curies":[{"name":"wp","href":"https:\/\/api.w.org\/{rel}","templated":true}]}}