{"id":3328,"date":"2020-12-02T08:27:09","date_gmt":"2020-12-02T08:27:09","guid":{"rendered":"https:\/\/blogsaverroes.juntadeandalucia.es\/erasmuslarosaleda\/?page_id=3328"},"modified":"2023-02-26T20:39:39","modified_gmt":"2023-02-26T20:39:39","slug":"sinpapeles","status":"publish","type":"page","link":"https:\/\/blogsaverroes.juntadeandalucia.es\/erasmuslarosaleda\/sinpapeles\/","title":{"rendered":"Erasmus sin papeles"},"content":{"rendered":"<p>Nuestro compromiso ambiental es una parte central de nuestro plan Erasmus+, por ello, intentamos -y estamos cerca de conseguir- eliminar el papel en todo la documentaci\u00f3n que lleva consigo el programa Erasmus+.<\/p>\n<p>Para ello necesitamos tu ayuda. Aqu\u00ed podr\u00e1s ver los pasos que tienes que dar para firmar digitalmente cualquier de los documentos de gesti\u00f3n del proyecto Erasmus+ en caso de que hayas sido seleccionado.<\/p>\n<h3>Firmar un documento Erasmus+<\/h3>\n<p>Para firmar el documento debes dirigirte a la <a href=\"https:\/\/www.juntadeandalucia.es\/educacion\/secretariavirtual\/accesoTramite\/462\/\" target=\"_blank\" rel=\"noopener noreferrer\">Secretar\u00eda Virtual de los Centros Educativos<\/a>. A continuaci\u00f3n:<\/p>\n<ol>\n<li>Pulsa \u00abAcceda al tr\u00e1mite usando el usuario y contrase\u00f1a de S\u00e9neca o PASEN\u00bb<\/li>\n<li>Introduce tu usuario y contrase\u00f1a.<\/li>\n<\/ol>\n<p>Si todo es correcto, estar\u00e1s en Presentaci\u00f3n Electr\u00f3nica General en Centros Educativos. Ahora los pasos son:<\/p>\n<ol>\n<li>Pulsa \u00abSiguiente\u00bb.<\/li>\n<li>Revisa y completa datos y pulsa \u00abSiguiente\u00bb.<\/li>\n<li>Ahora tienes que rellenar la solicitud\n<ul>\n<li>Toca en \u00abC\u00f3digo\u00bb, escribe 29005916, dale a \u00abbuscar\u00bb y selecciona nuestro centro.<\/li>\n<li>En <em>Expone<\/em> escribe: \u00abEntrega de documentaci\u00f3n Erasmus firmada\u00bb.<\/li>\n<li>En <em>Por lo que solicita<\/em> escribe: \u00abConsidere entregada y firmada la documentaci\u00f3n adjunta\u00bb.<\/li>\n<li>En <em>Seleccione el tipo de remitente de la solicitud<\/em> selecciona <strong>Alumnado<\/strong>.<\/li>\n<\/ul>\n<\/li>\n<li>En <em>Seleccione el tipo de documentaci\u00f3n<\/em>, indica <strong>Otra documentaci\u00f3n<\/strong>.<\/li>\n<li>En <em>Indique los motivos subida de otros documentos<\/em>, escribe \u00abEntrega de documentaci\u00f3n Erasmus firmada\u00bb.<\/li>\n<li>Pulsa en \u00abA\u00f1adir Fichero\u00bb y selecciona el .pdf que quieres subir.<\/li>\n<li>Si quieres subir m\u00e1s de un .pdf, repite los pasos 4, 5 y 6.<\/li>\n<li>Pulsa en \u00abFirmar y presentar la solicitud SMS\u00bb, escribe tu n\u00famero de tel\u00e9fono m\u00f3vil, introduce la clave que te ha llegado por SMS y pulsa en \u00abFirmar\u00bb.<\/li>\n<\/ol>\n<p>Te parecen muchos pasos \u00bfverdad? No te preocupes, le hemos preguntado al Planeta y le parecen muchos m\u00e1s las hojas de papel que gastamos in\u00fatilmente.<\/p>\n<p>Adem\u00e1s, tendr\u00e1s que hacer esto varias veces si ha sido seleccionado y terminar\u00e1s aprendi\u00e9ndotelo.<\/p>\n<h3>Registrase en Cl@ve PIN<\/h3>\n<p>Para el caso que necesites acceder con Cl@ve PIN, que no ser\u00e1 lo normal, te dejamos las instrucciones.<\/p>\n<p>Cl@ve PIN es una forma de realizar tr\u00e1mites por Internet con una validez limitada en el tiempo y que se puede renovar cada vez que necesitemos.<\/p>\n<p>Debes registrarte <a href=\"https:\/\/www.agenciatributaria.gob.es\/AEAT.sede\/procedimientoini\/GC27.shtml\" target=\"_blank\" rel=\"noopener noreferrer\">aqu\u00ed<\/a>, utilizando el primer enlace o el segundo.&nbsp;<\/p>\n<p>Recibir\u00e1s en tu domicilio fiscal una carta con un c\u00f3digo seguro de verificaci\u00f3n. Ya puedes pasar al siguiente paso.&nbsp;<\/p>\n<h3>Obtenci\u00f3n de Cl@ve PIN<\/h3>\n<p>La app <em>Cl@ve PIN<\/em> est\u00e1 disponible para su descarga gratuita en <a href=\"https:\/\/apps.apple.com\/es\/app\/pin24h\/id842624380\" target=\"_blank\" rel=\"noopener noreferrer\">APP Store<\/a> y <a href=\"https:\/\/play.google.com\/store\/apps\/details?id=es.aeat.pin24h&amp;hl=es\" target=\"_blank\" rel=\"noopener noreferrer\">Google Play<\/a>. Para activar la app, debes seguir los siguientes pasos:<\/p>\n<ol>\n<li>Indica tu DNI o NIE.<\/li>\n<li>Selecciona \u00abUtilizar la App Cl@ve PIN para obtener el PIN (recomendado)\u00bb.<\/li>\n<li>En la siguiente ventana, es imprescindible indicar el dato de contraste en funci\u00f3n del tipo de documento:\n<ul>\n<li>Fecha de validez, para DNI;<\/li>\n<li>N\u00famero de soporte, si es un NIE.<\/li>\n<\/ul>\n<\/li>\n<li>A continuaci\u00f3n, puedes pulsar directamente en el bot\u00f3n \u00abObtener PIN\u00bb<\/li>\n<\/ol>\n<p>&nbsp;<\/p>\n","protected":false},"excerpt":{"rendered":"<p>Nuestro compromiso ambiental es una parte central de nuestro plan Erasmus+, por ello, intentamos -y estamos cerca de conseguir- eliminar el papel en todo la documentaci\u00f3n que lleva consigo el programa Erasmus+. Para ello necesitamos tu ayuda. Aqu\u00ed podr\u00e1s ver los pasos que tienes que dar para firmar digitalmente cualquier de los documentos de gesti\u00f3n&#46;&#46;&#46;<\/p>\n","protected":false},"author":6255,"featured_media":0,"parent":0,"menu_order":0,"comment_status":"closed","ping_status":"closed","template":"","meta":{"_exactmetrics_skip_tracking":false,"_exactmetrics_sitenote_active":false,"_exactmetrics_sitenote_note":"","_exactmetrics_sitenote_category":0,"footnotes":"","_mc_calendar":[]},"aioseo_notices":[],"_links":{"self":[{"href":"https:\/\/blogsaverroes.juntadeandalucia.es\/erasmuslarosaleda\/wp-json\/wp\/v2\/pages\/3328"}],"collection":[{"href":"https:\/\/blogsaverroes.juntadeandalucia.es\/erasmuslarosaleda\/wp-json\/wp\/v2\/pages"}],"about":[{"href":"https:\/\/blogsaverroes.juntadeandalucia.es\/erasmuslarosaleda\/wp-json\/wp\/v2\/types\/page"}],"author":[{"embeddable":true,"href":"https:\/\/blogsaverroes.juntadeandalucia.es\/erasmuslarosaleda\/wp-json\/wp\/v2\/users\/6255"}],"replies":[{"embeddable":true,"href":"https:\/\/blogsaverroes.juntadeandalucia.es\/erasmuslarosaleda\/wp-json\/wp\/v2\/comments?post=3328"}],"version-history":[{"count":6,"href":"https:\/\/blogsaverroes.juntadeandalucia.es\/erasmuslarosaleda\/wp-json\/wp\/v2\/pages\/3328\/revisions"}],"predecessor-version":[{"id":4920,"href":"https:\/\/blogsaverroes.juntadeandalucia.es\/erasmuslarosaleda\/wp-json\/wp\/v2\/pages\/3328\/revisions\/4920"}],"wp:attachment":[{"href":"https:\/\/blogsaverroes.juntadeandalucia.es\/erasmuslarosaleda\/wp-json\/wp\/v2\/media?parent=3328"}],"curies":[{"name":"wp","href":"https:\/\/api.w.org\/{rel}","templated":true}]}}