{"id":3498,"date":"2021-04-18T11:21:50","date_gmt":"2021-04-18T11:21:50","guid":{"rendered":"https:\/\/blogsaverroes.juntadeandalucia.es\/erasmuslarosaleda\/?page_id=3498"},"modified":"2021-04-27T10:16:50","modified_gmt":"2021-04-27T10:16:50","slug":"eugreenweek21","status":"publish","type":"page","link":"https:\/\/blogsaverroes.juntadeandalucia.es\/erasmuslarosaleda\/eugreenweek21\/","title":{"rendered":"#EUGreenWeek"},"content":{"rendered":"<p>Participamos en la <a href=\"https:\/\/www.eugreenweek.eu\/es\" target=\"_blank\" rel=\"noopener noreferrer\">European Green Week 2021<\/a> con cuatro acciones:<\/p>\n<ul>\n<li>Creaci\u00f3n de un <a href=\"https:\/\/youtu.be\/3rktSxD_2fA\" target=\"_blank\" rel=\"noopener noreferrer\">v\u00eddeo<\/a> en el que contamos c\u00f3mo contribuimos en el centro a la contaminaci\u00f3n zero. Hemos hecho un trailer de lo que pretendemos. Si te animas con tu alumnado o con tu profe ponte en contacto con Gabriella.<\/li>\n<li><a href=\"https:\/\/blogsaverroes.juntadeandalucia.es\/erasmuslarosaleda\/2021\/04\/20\/eugreenweek-concurso-de-fotografia\/\" target=\"_blank\" rel=\"noopener noreferrer\">Concurso fotogr\u00e1fico<\/a>.<\/li>\n<li>Organizando un <a href=\"https:\/\/blogsaverroes.juntadeandalucia.es\/erasmuslarosaleda\/2021\/04\/19\/actividades\/\" target=\"_blank\" rel=\"noopener noreferrer\">conjunto de actividades<\/a> en el centro entre el 4 y el 14 de mayo.<\/li>\n<li>Pintando en uno de los patios del centro un <a href=\"https:\/\/blogsaverroes.juntadeandalucia.es\/erasmuslarosaleda\/2021\/04\/18\/oca\/\" target=\"_blank\" rel=\"noopener noreferrer\">juego de la oca<\/a> al que daremos un contenido ambiental. El juego quedar\u00e1 a disposici\u00f3n de otros planes y proyectos del centro para que le de la tem\u00e1tica que deseen. La idea es acceder mediante un c\u00f3digo QR a las distintas ocas seg\u00fan los temas.<\/li>\n<li>Realizando una <a href=\"https:\/\/blogsaverroes.juntadeandalucia.es\/erasmuslarosaleda\/2021\/04\/18\/encuesta\/\" target=\"_blank\" rel=\"noopener noreferrer\">encuesta de conciencia medioambiental<\/a>.<\/li>\n<\/ul>\n<p>Esperamos que disfrut\u00e9is.<\/p>\n","protected":false},"excerpt":{"rendered":"<p>Participamos en la European Green Week 2021 con cuatro acciones: Creaci\u00f3n de un v\u00eddeo en el que contamos c\u00f3mo contribuimos en el centro a la contaminaci\u00f3n zero. Hemos hecho un trailer de lo que pretendemos. Si te animas con tu alumnado o con tu profe ponte en contacto con Gabriella. Concurso fotogr\u00e1fico. Organizando un conjunto&#46;&#46;&#46;<\/p>\n","protected":false},"author":11152,"featured_media":3495,"parent":0,"menu_order":0,"comment_status":"closed","ping_status":"closed","template":"","meta":{"_exactmetrics_skip_tracking":false,"_exactmetrics_sitenote_active":false,"_exactmetrics_sitenote_note":"","_exactmetrics_sitenote_category":0,"footnotes":"","_mc_calendar":[]},"aioseo_notices":[],"_links":{"self":[{"href":"https:\/\/blogsaverroes.juntadeandalucia.es\/erasmuslarosaleda\/wp-json\/wp\/v2\/pages\/3498"}],"collection":[{"href":"https:\/\/blogsaverroes.juntadeandalucia.es\/erasmuslarosaleda\/wp-json\/wp\/v2\/pages"}],"about":[{"href":"https:\/\/blogsaverroes.juntadeandalucia.es\/erasmuslarosaleda\/wp-json\/wp\/v2\/types\/page"}],"author":[{"embeddable":true,"href":"https:\/\/blogsaverroes.juntadeandalucia.es\/erasmuslarosaleda\/wp-json\/wp\/v2\/users\/11152"}],"replies":[{"embeddable":true,"href":"https:\/\/blogsaverroes.juntadeandalucia.es\/erasmuslarosaleda\/wp-json\/wp\/v2\/comments?post=3498"}],"version-history":[{"count":9,"href":"https:\/\/blogsaverroes.juntadeandalucia.es\/erasmuslarosaleda\/wp-json\/wp\/v2\/pages\/3498\/revisions"}],"predecessor-version":[{"id":3578,"href":"https:\/\/blogsaverroes.juntadeandalucia.es\/erasmuslarosaleda\/wp-json\/wp\/v2\/pages\/3498\/revisions\/3578"}],"wp:featuredmedia":[{"embeddable":true,"href":"https:\/\/blogsaverroes.juntadeandalucia.es\/erasmuslarosaleda\/wp-json\/wp\/v2\/media\/3495"}],"wp:attachment":[{"href":"https:\/\/blogsaverroes.juntadeandalucia.es\/erasmuslarosaleda\/wp-json\/wp\/v2\/media?parent=3498"}],"curies":[{"name":"wp","href":"https:\/\/api.w.org\/{rel}","templated":true}]}}