{"id":6209,"date":"2024-09-24T11:19:41","date_gmt":"2024-09-24T11:19:41","guid":{"rendered":"https:\/\/blogsaverroes.juntadeandalucia.es\/erasmuslarosaleda\/?page_id=6209"},"modified":"2025-10-09T11:21:36","modified_gmt":"2025-10-09T11:21:36","slug":"personal-seleccion","status":"publish","type":"page","link":"https:\/\/blogsaverroes.juntadeandalucia.es\/erasmuslarosaleda\/personal-seleccion\/","title":{"rendered":"Personal"},"content":{"rendered":"<p>Os informamos del calendario de actuaciones previsto para la selecci\u00f3n de participantes en los proyectos Acci\u00f3n Clave 1 de este curso acad\u00e9mico. Es decir, la selecci\u00f3n de profesorado y personal para realizar estancias formativas en pa\u00edses de la Uni\u00f3n Europea.<\/p>\n<h2><strong>Fases del proceso de selecci\u00f3n Erasmus+:<br \/>\n<\/strong><\/h2>\n<ul>\n<li>Presentaci\u00f3n de solicitudes: 6 de octubre &#8211; 30 de octubre. <a href=\"https:\/\/docs.google.com\/forms\/d\/e\/1FAIpQLSeMR8sg7_zJmyJtYiiDVABWJu807dyvGQK4uzvyH3aBMapg9g\/viewform?usp=sharing&amp;ouid=105798665155660752525\" target=\"_blank\" rel=\"noopener noreferrer\">Solicitud personal<\/a>.<\/li>\n<li>Se atender\u00e1 al personal para cualquier duda durante la presentaci\u00f3n de las solicitudes en el correo erasmus@ieslarosaleda.com.<\/li>\n<li>Publicaci\u00f3n provisional de candidaturas seleccionadas, excluidas y reservas: noviembre.<\/li>\n<li>Periodo de alegaciones: se habilitar\u00e1 una semana de plazo para atender a alegaciones.<\/li>\n<li>Publicaci\u00f3n definitiva de candidaturas seleccionadas, excluidas y reservas: se publicar\u00e1 la resoluci\u00f3n definitiva tras el estudio de las alegaciones.<\/li>\n<li>Tramites previos a la movilidad:\n<ul>\n<li>Explicaci\u00f3n de la plataforma Online Language Support para la realizaci\u00f3n de cursos de idioma Erasmus+ App.<\/li>\n<li>Preparaci\u00f3n de la documentaci\u00f3n y obligaciones.<\/li>\n<li>Informaci\u00f3n sobre la Tarjeta Sanitaria Europea y seguro.<\/li>\n<li>Contrataci\u00f3n de seguro.<\/li>\n<\/ul>\n<\/li>\n<\/ul>\n<h2><strong>\u00bfQu\u00e9 tipo de movilidades puedo hacer?<\/strong><\/h2>\n<p>Existen 2 diferentes tipos de movilidades disponibles, periodos de observaci\u00f3n en empresas o centros hom\u00f3logos, o realizaci\u00f3n de cursos:<\/p>\n<ul>\n<li>Aprendizaje por observaci\u00f3n o <em>job shadowing<\/em>: un per\u00edodo de formaci\u00f3n en el extranjero en una instituci\u00f3n de educaci\u00f3n, una empresa o cualquier otro lugar de trabajo pertinente, con el objetivo de aprender nuevas pr\u00e1cticas y recopilar nuevas ideas mediante la observaci\u00f3n y la interacci\u00f3n con hom\u00f3logos, expertos u otros profesionales en su trabajo diario en la organizaci\u00f3n de acogida.<\/li>\n<li>Cursos y formaci\u00f3n (solo para participantes de Grado Medio o Formaci\u00f3n B\u00e1sica): realizaci\u00f3n de un curso estructurado o de un tipo similar de formaci\u00f3n impartida por profesionales cualificados y basada en un programa de aprendizaje predefinido y en los resultados del aprendizaje. La formaci\u00f3n debe contar con participantes de al menos dos pa\u00edses diferentes y permitirles interactuar con otros aprendientes y con los formadores. Las actividades totalmente pasivas, como la asistencia a ponencias, discursos o conferencias masivas no reciben apoyo. Tampoco se financian los cursos de idiomas.<\/li>\n<\/ul>\n<h2><strong>Movilidades de personal ofertadas<\/strong><\/h2>\n<ul>\n<li>1 movilidad del tipo aprendizaje por observaci\u00f3n para profesorado que imparta docencia en grados medio y formaci\u00f3n b\u00e1sica.<\/li>\n<li>1 movilidad del tipo aprendizaje por observaci\u00f3n para profesorado que imparta docencia en el presente curso escolar en grado superior.<\/li>\n<li>1 movilidad para cursos de formaci\u00f3n (nos se financiar\u00e1n cursos impartidos en espa\u00f1ol, actividades pasivas como conferencias, asistencia a ferias o cursos de idiomas).<\/li>\n<\/ul>\n<p>Las movilidades ser\u00e1n de 5 d\u00edas de estancia m\u00e1s 2 de viaje, aunque esto depender\u00e1 de las combinaciones posibles en cuanto a transporte y la duraci\u00f3n del trayecto al destino.<\/p>\n<p>Se ordenar\u00e1n las candidaturas presentadas, con el fin de considerarlas en caso de que surgiera la oportunidad de ofertar m\u00e1s movilidades, dependiendo del presupuesto remanente a la finalizaci\u00f3n del proyecto.<\/p>\n<p>Entidades con buenas referencias que organizan cursos:<\/p>\n<ul>\n<li><a href=\"https:\/\/www.learning-together.eu\/\">Learning Together Oporto<\/a> (se tienen referencias solo de los cursos en la localizaci\u00f3n de Oporto)<\/li>\n<li><a href=\"https:\/\/www.teacheracademy.eu\/\">Europass Teacher Academy<\/a><\/li>\n<li><a href=\"https:\/\/www.itc-international.eu\/\">ITC Internacional<\/a><\/li>\n<li><a href=\"https:\/\/erasmuslearningacademy.weebly.com\/\">Erasmus Learning Academy<\/a><\/li>\n<\/ul>\n<h2>Difusi\u00f3n<\/h2>\n<p>Una de los objetivos principales de las movilidades de personal es que toda la comunidad educativa se pueda beneficiar de ellas. Para facilitar esta difusi\u00f3n se planificar\u00e1n las siguientes acciones, por favor abstenerse candidaturas sin un compromiso serio por su realizaci\u00f3n:<\/p>\n<ul>\n<li>Entrada en este blog sobre la experiencia.<\/li>\n<li>Charla T\u00e9cnica sobre lo aprendido en Aula Magna o ATECA (o espacio similar) dirigida a cualquier miembro de la comunidad educativa con inter\u00e9s en la tem\u00e1tica. Dependiendo del nivel de especializaci\u00f3n, esta charla puede ser dirigida solo a los compa\u00f1eros de especialidad o departamento.<\/li>\n<li>Compartir todo el material posible. Pueden ser los contenidos del curso o la presentaci\u00f3n que se elabore para la charla. Este material se compartir\u00e1 en el blog Erasmus para que est\u00e9 disponible no solo en nuestra comunidad educativa, sino para cualquier persona interesada.<\/li>\n<\/ul>\n<h2><strong>\u00bfCu\u00e1nto es la beca Erasmus+?<\/strong><\/h2>\n<p>Se calcula a partir de unas tablas que aparecen en cada convocatoria. Los pa\u00edses est\u00e1n clasificados en grupos seg\u00fan el coste de la vida. Existe una ayuda diaria seg\u00fan el grupo del pa\u00eds y una ayuda para viaje seg\u00fan la distancia al destino en l\u00ednea recta. Habitualmente se cubren los costes del viaje holgadamente, aunque si es cierto que en algunos pa\u00edses como Irlanda o los pa\u00edses n\u00f3rdicos est\u00e1 m\u00e1s ajustada la ayuda.<\/p>\n<p>Para los cursos tambi\u00e9n existe una cuant\u00eda asignada por d\u00eda.<\/p>\n<ul>\n<li><a href=\"http:\/\/sepie.es\/doc\/convocatoria\/2025\/HE\/anexo_3_ka1_2025_sepie_hed.pdf\">Tarifas aplicables a Grado Superior.<\/a><\/li>\n<li><a href=\"http:\/\/sepie.es\/doc\/convocatoria\/2025\/FP\/Anexo_3_VET_KA121_y_KA122_2025_tarifas_aplicables.pdf\">Tarifas aplicables a Grados Medio y B\u00e1sico.<\/a><\/li>\n<\/ul>\n<p>Debemos tener en cuenta que la financiaci\u00f3n se ingresar\u00e1 en la cuenta del profesor o personal en concepto de dietas, por lo que nos debemos regir por la normativa vigente y sus particularidades. Se recomienda leer el <a href=\"https:\/\/blogsaverroes.juntadeandalucia.es\/erasmuslarosaleda\/pasos-en-la-movilidad-de-personal-erasmus\/\">post de este enlace<\/a> para conocer m\u00e1s sobre este aspecto.<\/p>\n<h2><strong>\u00bfPor qu\u00e9 se nos piden tantas cosas y realizar un proyecto?<\/strong><\/h2>\n<p>Los datos que se piden en la selecci\u00f3n son los que necesitamos para realizar toda la documentaci\u00f3n. El proyecto de trabajo es un documento obligatorio que se adjunta al convenio de subvenci\u00f3n, un modelo de la Comisi\u00f3n Europea. No pedimos nada m\u00e1s que lo obligatorio para que nuestro centro pueda recibir la subvenci\u00f3n. Si necesitas ayuda con alg\u00fan documento estamos encantados de atenderte en el horario indicado<strong>.<\/strong><\/p>\n<p>Debes tener en cuenta que si cumplimentas la solicitud adecuadamente, nosotros realizaremos toda la documentaci\u00f3n necesaria autom\u00e1ticamente, solo deber\u00e1s estampar tu firma si eres seleccionado.<\/p>\n<h2><strong>\u00bfPodemos ir dos compa\u00f1eros juntos?<\/strong><\/h2>\n<p>Se puede ir m\u00e1s de una persona, pero deber\u00e1n presentar la solicitud individualmente y deben tener proyectos de trabajo independientes con sus objetivos y actividades.<\/p>\n<p>Si se presentan 2 solicitudes con los mismos objetivos y al mismo destino, se penalizar\u00e1 la \u00faltima presentada.<\/p>\n<h2><strong>\u00bfCu\u00e1ndo me puedo ir?<\/strong><\/h2>\n<p>Durante el periodo de duraci\u00f3n del proyecto. Se puede programar una movilidad para el presente curso escolar o incluso el pr\u00f3ximo curso, aunque preferentemente se realizar\u00e1n en este curso acad\u00e9mico.<\/p>\n<p>Tambi\u00e9n se pueden utilizar periodos de vacaciones si se prefiere por conciliaci\u00f3n familiar o cualquier otro motivo, por lo que no debemos descartar julio y agosto, u otros periodos durante el curso.<\/p>\n<h2 style=\"text-align: center\"><a href=\"https:\/\/docs.google.com\/forms\/d\/e\/1FAIpQLSeMR8sg7_zJmyJtYiiDVABWJu807dyvGQK4uzvyH3aBMapg9g\/viewform\">SOLICITUD ERASMUS+<\/a><\/h2>\n<h2 style=\"text-align: center\"><a href=\"https:\/\/docs.google.com\/document\/d\/1y1_yfmU5A3tghKNXfvWsAuOz7tbWjKVcA4iK4lVLBWA\/edit?usp=sharing\">BAREMO DE SELECCI\u00d3N<\/a><\/h2>\n<h2 style=\"text-align: center\"><a href=\"https:\/\/blogsaverroes.juntadeandalucia.es\/erasmuslarosaleda\/pasos-en-la-movilidad-de-personal-erasmus\/\">PASOS A SEGUIR UNA VEZ SELECCIONADO PARA UNA MOVILIDAD DE PERSONAL<\/a><\/h2>\n<p style=\"text-align: center\">M\u00e1s info en erasmus@ieslarosaleda.com<\/p>\n","protected":false},"excerpt":{"rendered":"<p>Os informamos del calendario de actuaciones previsto para la selecci\u00f3n de participantes en los proyectos Acci\u00f3n Clave 1 de este curso acad\u00e9mico. Es decir, la selecci\u00f3n de profesorado y personal para realizar estancias formativas en pa\u00edses de la Uni\u00f3n Europea. Fases del proceso de selecci\u00f3n Erasmus+: Presentaci\u00f3n de solicitudes: 6 de octubre &#8211; 30 de&#46;&#46;&#46;<\/p>\n","protected":false},"author":15626,"featured_media":6196,"parent":0,"menu_order":0,"comment_status":"closed","ping_status":"closed","template":"","meta":{"_exactmetrics_skip_tracking":false,"_exactmetrics_sitenote_active":false,"_exactmetrics_sitenote_note":"","_exactmetrics_sitenote_category":0,"footnotes":"","_mc_calendar":[]},"aioseo_notices":[],"_links":{"self":[{"href":"https:\/\/blogsaverroes.juntadeandalucia.es\/erasmuslarosaleda\/wp-json\/wp\/v2\/pages\/6209"}],"collection":[{"href":"https:\/\/blogsaverroes.juntadeandalucia.es\/erasmuslarosaleda\/wp-json\/wp\/v2\/pages"}],"about":[{"href":"https:\/\/blogsaverroes.juntadeandalucia.es\/erasmuslarosaleda\/wp-json\/wp\/v2\/types\/page"}],"author":[{"embeddable":true,"href":"https:\/\/blogsaverroes.juntadeandalucia.es\/erasmuslarosaleda\/wp-json\/wp\/v2\/users\/15626"}],"replies":[{"embeddable":true,"href":"https:\/\/blogsaverroes.juntadeandalucia.es\/erasmuslarosaleda\/wp-json\/wp\/v2\/comments?post=6209"}],"version-history":[{"count":9,"href":"https:\/\/blogsaverroes.juntadeandalucia.es\/erasmuslarosaleda\/wp-json\/wp\/v2\/pages\/6209\/revisions"}],"predecessor-version":[{"id":6951,"href":"https:\/\/blogsaverroes.juntadeandalucia.es\/erasmuslarosaleda\/wp-json\/wp\/v2\/pages\/6209\/revisions\/6951"}],"wp:featuredmedia":[{"embeddable":true,"href":"https:\/\/blogsaverroes.juntadeandalucia.es\/erasmuslarosaleda\/wp-json\/wp\/v2\/media\/6196"}],"wp:attachment":[{"href":"https:\/\/blogsaverroes.juntadeandalucia.es\/erasmuslarosaleda\/wp-json\/wp\/v2\/media?parent=6209"}],"curies":[{"name":"wp","href":"https:\/\/api.w.org\/{rel}","templated":true}]}}