{"id":6223,"date":"2024-10-01T15:30:39","date_gmt":"2024-10-01T15:30:39","guid":{"rendered":"https:\/\/blogsaverroes.juntadeandalucia.es\/erasmuslarosaleda\/?page_id=6223"},"modified":"2025-10-06T12:00:25","modified_gmt":"2025-10-06T12:00:25","slug":"alumnado-seleccion","status":"publish","type":"page","link":"https:\/\/blogsaverroes.juntadeandalucia.es\/erasmuslarosaleda\/alumnado-seleccion\/","title":{"rendered":"Alumnado"},"content":{"rendered":"<p><span style=\"color: #000000\">Os informamos del calendario de actuaciones previsto para la selecci\u00f3n de alumnado para hacer las Pr\u00e1cticas en Empresa en el extranjero fuera del programa Erasmus+.<\/span><\/p>\n<h2><span style=\"color: #000000\"><strong>Calendario solicitud y selecci\u00f3n para participaci\u00f3n en el programa Erasmus+<br \/>\n<\/strong><\/span><\/h2>\n<ul>\n<li><span style=\"color: #000000\">Jornada Informativa para el alumnado interesado en pr\u00e1cticas en el extranjero (podr\u00e1n asistir indistintamente a cualquiera de las dos reuniones programadas, se expondr\u00e1 la misma informaci\u00f3n):<\/span>\n<ul>\n<li><span style=\"color: #000000\">Lunes d\u00eda 6 de octubre a las 18:30 horas en el Sal\u00f3n de Actos.<\/span><\/li>\n<li><span style=\"color: #000000\">Martes d\u00eda 7 de octubre a las 10:00 horas en el Sal\u00f3n de Actos<\/span><\/li>\n<\/ul>\n<\/li>\n<li><span style=\"color: #000000\">Presentaci\u00f3n de candidaturas alumnado: del 6 al 30 de octubre. <a style=\"color: #000000\" href=\"https:\/\/docs.google.com\/forms\/d\/e\/1FAIpQLSePmyM-RmSIfF7rBCvgNihLx68gCzLOfREZ6q93cst4uUvBLw\/viewform?usp=sf_link\" target=\"_blank\" rel=\"noopener noreferrer\">Solicitud alumnado<\/a> (ver aclaraciones abajo).<\/span><\/li>\n<li><span style=\"color: #000000\">Inicio clases de conversaci\u00f3n d\u00eda 15 de octubre. Todos los lunes y mi\u00e9rcoles lectivos de 14:30 a 15:30 en Sala Erasmus. Necesario <a style=\"color: #000000\" href=\"https:\/\/docs.google.com\/forms\/d\/e\/1FAIpQLSeho-atBjEDF2FRYIZjpBHzWshna6PWuyodk2R0REopDqzX1w\/viewform?usp=sharing&amp;ouid=105798665155660752525\">rellenar este formulario<\/a>.<\/span><\/li>\n<li><span style=\"color: #000000\"><a href=\"https:\/\/docs.google.com\/forms\/d\/e\/1FAIpQLScvNNBRWF2sdRGxX9TBHZ9h4k7yAcDFk8PSxxueDlEVWHdHvQ\/viewform?usp=sf_link\">Cuestionario de afrontamiento<\/a>: se citar\u00e1 a las personas que hayan realizado la solicitud en tiempo y forma.<\/span><\/li>\n<li><span style=\"color: #000000\">Entrevista en ingl\u00e9s. primera quincena de noviembre.<\/span><\/li>\n<li><span style=\"color: #000000\">Publicaci\u00f3n provisional de candidaturas seleccionadas, excluidas y reservas, atendiendo al <a style=\"color: #000000\" href=\"https:\/\/docs.google.com\/document\/d\/1JOCmLoYkmAUYcPJPkSRypgCvR0wPniuXoJqOdbxYDTI\/edit?usp=sharing\">baremo<\/a> de selecci\u00f3n: finales de diciembre.<\/span><\/li>\n<li><span style=\"color: #000000\">Periodo de alegaciones: una semana a partir de la publicaci\u00f3n.<\/span><\/li>\n<li><span style=\"color: #000000\">Publicaci\u00f3n definitiva de candidaturas seleccionadas, excluidas y reservas: tras el periodo de alegaciones.<\/span><\/li>\n<li><span style=\"color: #000000\">Reuniones preparatorias: desde enero hasta el inicio de las pr\u00e1cticas. Tendr\u00e1n lugar las siguientes actuaciones:<\/span>\n<ul>\n<li><span style=\"color: #000000\">Explicaci\u00f3n de la plataforma Online Language Support para la realizaci\u00f3n de cursos de idiomas.<\/span><\/li>\n<li><span style=\"color: #000000\">Erasmus+ App.<\/span><\/li>\n<li><span style=\"color: #000000\">Registro de Viajeros App.<\/span><\/li>\n<li><span style=\"color: #000000\">Preparaci\u00f3n de la documentaci\u00f3n.<\/span><\/li>\n<li><span style=\"color: #000000\">Clases de conversaci\u00f3n.<\/span><\/li>\n<li><span style=\"color: #000000\">Informaci\u00f3n sobre la Tarjeta Sanitaria Europea y seguro.<\/span><\/li>\n<li><span style=\"color: #000000\">Informaci\u00f3n sobre destinos y otros tr\u00e1mites.<\/span><\/li>\n<\/ul>\n<\/li>\n<\/ul>\n<h2><span style=\"color: #000000\"><strong>Movilidades de alumnado ofertadas<\/strong><\/span><\/h2>\n<ul>\n<li><span style=\"color: #000000\">Grado superior: unas 10-12 becas.<\/span><\/li>\n<li><span style=\"color: #000000\">Grados medio y b\u00e1sico: 10-12 becas.<\/span><\/li>\n<\/ul>\n<p><span style=\"color: #000000\">Para este curso acad\u00e9mico no se publicar\u00e1 un n\u00famero de movilidades determinado, ya que existen muchas ense\u00f1anzas en nuestro centro con calendarios muy dispares, y las cantidades econ\u00f3micas asignadas a cada beca son tambi\u00e9n muy variables.<\/span><\/p>\n<p><span style=\"color: #000000\">Se intentar\u00e1 de asignar movilidades de hasta 90 d\u00edas, si el calendario escolar lo permite.<\/span><\/p>\n<p><span style=\"color: #000000\">Se elaborar\u00e1 un listado ordenado y en caso de que hayan m\u00e1s oportunidades o alguna persona de los seleccionados rechace, se recurrir\u00e1 a ese listado para incluir al siguiente candidato. A tener en cuenta que siempre entran varios alumnos del listado de reservas.<\/span><\/p>\n<h2><span style=\"color: #000000\"><strong>\u00bfCu\u00e1nto es la beca Erasmus+?<\/strong><\/span><\/h2>\n<p><span style=\"color: #000000\">Esta es una pregunta que, l\u00f3gicamente, todos sol\u00e9is tener y que se calcula a partir de unas tablas que aparecen en la convocatoria. Los pa\u00edses est\u00e1n clasificados en grupos seg\u00fan el coste de la vida y la ayuda para cada grupo es diferente. En Grado Superior tambi\u00e9n existe un incremento de la beca para alumnado que es considerado con menores recursos, y deber\u00e1 justificarlo presentando la beca del Ministerio del pasado o presente curso escolar.<\/span><\/p>\n<p><span style=\"color: #000000\">Ejemplos curso 2024-2025.<\/span><\/p>\n<ul>\n<li><span style=\"color: #000000\">Grado superior:<\/span>\n<ul>\n<li><span style=\"color: #000000\">Alumno con menos oportunidades (becario del Ministerio) que realiza una movilidad a Alemania durante 85 d\u00edas: 2520\u20ac de beca del instituto + 1017,67\u20ac de beca de la Junta de Andaluc\u00eda.<\/span><\/li>\n<li><span style=\"color: #000000\">Alumna que realiza una movilidad a Portugal de 90 d\u00edas: 1711\u20ac de beca del instituto + 622,53\u20ac de beca de la Junta de Andaluc\u00eda.<\/span><\/li>\n<li><span style=\"color: #000000\">Aunque actualmente encontramos la versi\u00f3n de 2024-2025, en <a style=\"color: #000000\" href=\"https:\/\/www.esnupo.org\/calculadoraBeca\">este enlace<\/a> pod\u00e9is encontrar una calculadora de becas.<\/span><\/li>\n<\/ul>\n<\/li>\n<li><span style=\"color: #000000\">Grados medio y b\u00e1sico.<\/span>\n<ul>\n<li><span style=\"color: #000000\">Alumna que realiza una movilidad a Francia de 82 d\u00edas: 4621\u20ac.<\/span><\/li>\n<li><span style=\"color: #000000\">Alumno que realiza una movilidad a Alemania de 92 d\u00edas: 5197\u20ac.<\/span><\/li>\n<\/ul>\n<\/li>\n<\/ul>\n<p><span style=\"color: #000000\">Nota: para la ayuda adicional de la Junta de Andaluc\u00eda, el alumnado de Formaci\u00f3n Superior no deber\u00e1 realizar ninguna solicitud diferente a la de esta convocatoria. Si la movilidad se realiza antes de junio, esta ayuda se recibe aproximadamente en octubre o noviembre del mismo a\u00f1o.<\/span><\/p>\n<h2><span style=\"color: #000000\"><strong>Aclaraciones para rellenar el formulario de solicitud<\/strong><\/span><\/h2>\n<p><span style=\"color: #000000\">ANTES de comenzar a responder debes preparar:<\/span><\/p>\n<ol>\n<li><span style=\"color: #000000\">Un archivo .pdf con tu CV Europass o enlace de la p\u00e1gina de Europass donde se puede visualizar correctamente el curr\u00edculum (CV).<\/span><\/li>\n<li><span style=\"color: #000000\">DNI escaneado por ambas caras o en su defecto tarjeta de residencia y pasaporte (DNI).<\/span><\/li>\n<li><span style=\"color: #000000\">Documento acreditativo de la cuenta bancaria. Debe verse el nombre de la cuenta y del titular (IBAN).<\/span><\/li>\n<li><span style=\"color: #000000\">Documento acreditativo del nivel de idioma, en caso de tenerlo (ID).<\/span><\/li>\n<li><span style=\"color: #000000\">Documento acreditativo de haber recibido la beca del Ministerio el curso pasado, en caso de ser beneficiario (BECA).<\/span><\/li>\n<li><span style=\"color: #000000\">Un v\u00eddeo-presentaci\u00f3n.<\/span><\/li>\n<\/ol>\n<p><span style=\"color: #000000\">El <strong>v\u00eddeo-presentaci\u00f3n<\/strong> deber\u00e1 durar en torno a 100 segundos e incluir una breve descripci\u00f3n sobre ti misma\/o, tu motivaci\u00f3n para realizar las pr\u00e1cticas en Europa y cu\u00e1les son los beneficios que esperas obtener de las mismas. El video deber\u00e1 ser en ingl\u00e9s o en idioma del pa\u00eds de destino siempre que sea franc\u00e9s, italiano o alem\u00e1n. Si lo presentas en espa\u00f1ol la puntuaci\u00f3n m\u00e1xima de este apartado ser\u00e1 de 5 puntos sobre 10 posibles. Por \u00faltimo, recuerda que debes subir el v\u00eddeo a Youtube, ponerlo como OCULTO (no privado) y copiar el enlace en el formulario de solicitud. Para comprobar que lo has hecho bien intenta abrir el enlace desde otro ordenador o un navegador que no utilices normalmente y en el que no est\u00e9s logueado en tu cuenta de Gmail.<\/span><\/p>\n<p><span style=\"color: #000000\"><strong>Alumnado egresado o postitulado<\/strong>. El alumnado que por voluntad propia o por las caracter\u00edsticas de sus ense\u00f1anzas realice las pr\u00e1cticas en Espa\u00f1a y consiga su titulaci\u00f3n en junio, tambi\u00e9n podr\u00e1 participar en el programa Erasmus+ para realzar las pr\u00e1cticas a partir de septiembre. Teniendo en cuenta que se dar\u00e1 prioridad a las pr\u00e1cticas curriculares.<\/span><\/p>\n<h2 style=\"text-align: center\"><span style=\"color: #000000\"><a style=\"color: #000000\" href=\"https:\/\/docs.google.com\/forms\/d\/e\/1FAIpQLSePmyM-RmSIfF7rBCvgNihLx68gCzLOfREZ6q93cst4uUvBLw\/viewform?usp=sf_link\">SOLICITUD<\/a><\/span><\/h2>\n<h2 style=\"text-align: center\"><span style=\"color: #000000\"><a style=\"color: #000000\" href=\"https:\/\/docs.google.com\/document\/d\/1OvNMaPBjZXz1Y0fNECkCBXVUQaMGj8QKqrgK2ovQyLY\/edit?tab=t.0#heading=h.4oxz8k6yc9i0\">BAREMO DE SELECCI\u00d3N<\/a><\/span><\/h2>\n<h2 style=\"text-align: center\"><a href=\"https:\/\/docs.google.com\/forms\/d\/e\/1FAIpQLScvNNBRWF2sdRGxX9TBHZ9h4k7yAcDFk8PSxxueDlEVWHdHvQ\/viewform?usp=sf_link\"><span style=\"color: #000000\">CUESTIONARIO DE AFRONTAMIENTO SOCIAL (debe rellenarse cuando te citen)<\/span><\/a><\/h2>\n<p style=\"text-align: center\"><span style=\"color: #000000\">M\u00e1s info en erasmus@ieslarosaleda.com.<\/span><\/p>\n","protected":false},"excerpt":{"rendered":"<p>Os informamos del calendario de actuaciones previsto para la selecci\u00f3n de alumnado para hacer las Pr\u00e1cticas en Empresa en el extranjero fuera del programa Erasmus+. Calendario solicitud y selecci\u00f3n para participaci\u00f3n en el programa Erasmus+ Jornada Informativa para el alumnado interesado en pr\u00e1cticas en el extranjero (podr\u00e1n asistir indistintamente a cualquiera de las dos reuniones&#46;&#46;&#46;<\/p>\n","protected":false},"author":15626,"featured_media":6127,"parent":0,"menu_order":0,"comment_status":"closed","ping_status":"closed","template":"","meta":{"_exactmetrics_skip_tracking":false,"_exactmetrics_sitenote_active":false,"_exactmetrics_sitenote_note":"","_exactmetrics_sitenote_category":0,"footnotes":"","_mc_calendar":[]},"aioseo_notices":[],"_links":{"self":[{"href":"https:\/\/blogsaverroes.juntadeandalucia.es\/erasmuslarosaleda\/wp-json\/wp\/v2\/pages\/6223"}],"collection":[{"href":"https:\/\/blogsaverroes.juntadeandalucia.es\/erasmuslarosaleda\/wp-json\/wp\/v2\/pages"}],"about":[{"href":"https:\/\/blogsaverroes.juntadeandalucia.es\/erasmuslarosaleda\/wp-json\/wp\/v2\/types\/page"}],"author":[{"embeddable":true,"href":"https:\/\/blogsaverroes.juntadeandalucia.es\/erasmuslarosaleda\/wp-json\/wp\/v2\/users\/15626"}],"replies":[{"embeddable":true,"href":"https:\/\/blogsaverroes.juntadeandalucia.es\/erasmuslarosaleda\/wp-json\/wp\/v2\/comments?post=6223"}],"version-history":[{"count":8,"href":"https:\/\/blogsaverroes.juntadeandalucia.es\/erasmuslarosaleda\/wp-json\/wp\/v2\/pages\/6223\/revisions"}],"predecessor-version":[{"id":6949,"href":"https:\/\/blogsaverroes.juntadeandalucia.es\/erasmuslarosaleda\/wp-json\/wp\/v2\/pages\/6223\/revisions\/6949"}],"wp:featuredmedia":[{"embeddable":true,"href":"https:\/\/blogsaverroes.juntadeandalucia.es\/erasmuslarosaleda\/wp-json\/wp\/v2\/media\/6127"}],"wp:attachment":[{"href":"https:\/\/blogsaverroes.juntadeandalucia.es\/erasmuslarosaleda\/wp-json\/wp\/v2\/media?parent=6223"}],"curies":[{"name":"wp","href":"https:\/\/api.w.org\/{rel}","templated":true}]}}