{"id":6252,"date":"2024-11-18T19:57:12","date_gmt":"2024-11-18T19:57:12","guid":{"rendered":"https:\/\/blogsaverroes.juntadeandalucia.es\/erasmuslarosaleda\/?page_id=6252"},"modified":"2025-01-13T08:55:48","modified_gmt":"2025-01-13T08:55:48","slug":"skills-fp-24-25","status":"publish","type":"page","link":"https:\/\/blogsaverroes.juntadeandalucia.es\/erasmuslarosaleda\/skills-fp-24-25\/","title":{"rendered":"Skills FP 24-25"},"content":{"rendered":"<h2>Movilidades para Competiciones Skills Formaci\u00f3n Profesional<\/h2>\n<p>Una de las grandes novedades del programa Erasmus de los \u00faltimos a\u00f1os es la posibilidad de asistir con alumnado a competiciones de Formaci\u00f3n Profesional (Grados Medio y B\u00e1sico). En estas movilidades el profesor prepara a uno o varios alumnos\/as, y va como tutor acompa\u00f1ante. La competici\u00f3n debe buscarla el profesor en su red de contactos, por internet directamente, grupos de Facebook, LinkedIn, Grupos de Telegram o Whatsapp, etc. No se trata de las conocidas Skills integradas dentro de las WorldSkills. A estas competiciones se asiste a trav\u00e9s de la Consejer\u00eda de Educaci\u00f3n y con otro procedimiento bien diferente, no es viable realizarlo con el programa Erasmus+. Se trata de competiciones organizadas por escuelas u otras entidades activas en el \u00e1mbito de Erasmus, con un formato similar a las que conocemos, pero suelen ser a peque\u00f1a escala.<\/p>\n<p>Se establecer\u00e1 una selecci\u00f3n simplificada en la que se tendr\u00e1n en cuenta los siguientes aspectos:<\/p>\n<ul>\n<li>N\u00famero de participaciones en las competiciones AndaluciaSkills, SpainSkills, WorldSkills, o similares, como tutor de alumnos\/as, jurado o experto. Hasta 10 puntos. 2 puntos por cada participaci\u00f3n.<\/li>\n<li>Antig\u00fcedad en IES La Rosaleda. Hasta 10 puntos. 2 puntos por cada curso escolar.<\/li>\n<li>Posesi\u00f3n de destino definitivo en IES La Rosaleda. 2 puntos extra.<\/li>\n<li>Nivel idioma ingl\u00e9s o del pa\u00eds de la competici\u00f3n. M\u00ednimo exigido B1. 4 puntos por B2 o superior. En estas movilidades el nivel de idioma del acompa\u00f1ante es de suma importancia, ya que deber\u00e1 poder comunicarse con el jurado y poder interpretar toda la documentaci\u00f3n relativa a la competici\u00f3n.<\/li>\n<\/ul>\n<p>Los interesados en presentar alumnado deber\u00e1n rellenar el siguiente formulario, uno por cada alumnado participante y uno en su nombre. Dado que es necesario buscar la competici\u00f3n y el compromiso del alumno\/a, se establece un plazo hasta el d\u00eda 17 de enero de 2025 para su realizaci\u00f3n.<\/p>\n<h2 style=\"text-align: center\"><a href=\"https:\/\/forms.gle\/tfYJzAbtdgp7TTLM6\">Enlace a la solicitud<\/a><\/h2>\n<p>&nbsp;<\/p>\n","protected":false},"excerpt":{"rendered":"<p>Movilidades para Competiciones Skills Formaci\u00f3n Profesional Una de las grandes novedades del programa Erasmus de los \u00faltimos a\u00f1os es la posibilidad de asistir con alumnado a competiciones de Formaci\u00f3n Profesional (Grados Medio y B\u00e1sico). En estas movilidades el profesor prepara a uno o varios alumnos\/as, y va como tutor acompa\u00f1ante. La competici\u00f3n debe buscarla el&#46;&#46;&#46;<\/p>\n","protected":false},"author":15626,"featured_media":5723,"parent":0,"menu_order":0,"comment_status":"closed","ping_status":"closed","template":"","meta":{"_exactmetrics_skip_tracking":false,"_exactmetrics_sitenote_active":false,"_exactmetrics_sitenote_note":"","_exactmetrics_sitenote_category":0,"footnotes":"","_mc_calendar":[]},"aioseo_notices":[],"_links":{"self":[{"href":"https:\/\/blogsaverroes.juntadeandalucia.es\/erasmuslarosaleda\/wp-json\/wp\/v2\/pages\/6252"}],"collection":[{"href":"https:\/\/blogsaverroes.juntadeandalucia.es\/erasmuslarosaleda\/wp-json\/wp\/v2\/pages"}],"about":[{"href":"https:\/\/blogsaverroes.juntadeandalucia.es\/erasmuslarosaleda\/wp-json\/wp\/v2\/types\/page"}],"author":[{"embeddable":true,"href":"https:\/\/blogsaverroes.juntadeandalucia.es\/erasmuslarosaleda\/wp-json\/wp\/v2\/users\/15626"}],"replies":[{"embeddable":true,"href":"https:\/\/blogsaverroes.juntadeandalucia.es\/erasmuslarosaleda\/wp-json\/wp\/v2\/comments?post=6252"}],"version-history":[{"count":6,"href":"https:\/\/blogsaverroes.juntadeandalucia.es\/erasmuslarosaleda\/wp-json\/wp\/v2\/pages\/6252\/revisions"}],"predecessor-version":[{"id":6300,"href":"https:\/\/blogsaverroes.juntadeandalucia.es\/erasmuslarosaleda\/wp-json\/wp\/v2\/pages\/6252\/revisions\/6300"}],"wp:featuredmedia":[{"embeddable":true,"href":"https:\/\/blogsaverroes.juntadeandalucia.es\/erasmuslarosaleda\/wp-json\/wp\/v2\/media\/5723"}],"wp:attachment":[{"href":"https:\/\/blogsaverroes.juntadeandalucia.es\/erasmuslarosaleda\/wp-json\/wp\/v2\/media?parent=6252"}],"curies":[{"name":"wp","href":"https:\/\/api.w.org\/{rel}","templated":true}]}}