{"id":6316,"date":"2025-02-06T16:19:19","date_gmt":"2025-02-06T16:19:19","guid":{"rendered":"https:\/\/blogsaverroes.juntadeandalucia.es\/erasmuslarosaleda\/?page_id=6316"},"modified":"2025-02-06T16:27:41","modified_gmt":"2025-02-06T16:27:41","slug":"greencomp","status":"publish","type":"page","link":"https:\/\/blogsaverroes.juntadeandalucia.es\/erasmuslarosaleda\/en-curso\/greencomp\/","title":{"rendered":"GreenComp"},"content":{"rendered":"<p><a href=\"https:\/\/blogsaverroes.juntadeandalucia.es\/erasmuslarosaleda\/files\/2025\/02\/GreenComp-Logo-JPG.jpg\"><img loading=\"lazy\" decoding=\"async\" class=\"size-medium wp-image-6317 alignright\" src=\"https:\/\/blogsaverroes.juntadeandalucia.es\/erasmuslarosaleda\/files\/2025\/02\/GreenComp-Logo-JPG-300x134.jpg\" alt=\"\" width=\"300\" height=\"134\" srcset=\"https:\/\/blogsaverroes.juntadeandalucia.es\/erasmuslarosaleda\/files\/2025\/02\/GreenComp-Logo-JPG-300x134.jpg 300w, https:\/\/blogsaverroes.juntadeandalucia.es\/erasmuslarosaleda\/files\/2025\/02\/GreenComp-Logo-JPG.jpg 586w\" sizes=\"(max-width: 300px) 100vw, 300px\" \/><\/a><\/p>\n<p>Mantente actualizado sobre este proyecto en su <a href=\"https:\/\/blogsaverroes.juntadeandalucia.es\/erasmuslarosaleda\/category\/ka-210-vet\/greencomp\/\" target=\"_blank\" rel=\"noopener\">categor\u00eda<\/a>.<\/p>\n<h2>GreenComp imbedded to SDG VET school curriculum<\/h2>\n<h3>Objetivos<\/h3>\n<p>El objetivo principal del proyecto es desarrollar un nuevo curr\u00edculo educativo sobre los Objetivos de Desarrollo Sostenible (ODS) en la Formaci\u00f3n Profesional (VET), incorporando el enfoque GreenComp. Este modelo busca aumentar la empat\u00eda y la conexi\u00f3n con la naturaleza en la educaci\u00f3n sobre los ODS, haci\u00e9ndola m\u00e1s atractiva y efectiva para los estudiantes.<\/p>\n<p>Se pretende:<\/p>\n<ul>\n<li>Comparar y mejorar los curr\u00edculos de ODS en los pa\u00edses participantes.<\/li>\n<li>Incluir metodolog\u00edas innovadoras basadas en GreenComp.<\/li>\n<li>Involucrar a empresas en la elaboraci\u00f3n del curr\u00edculo.<\/li>\n<li>Aumentar la motivaci\u00f3n y el inter\u00e9s del alumnado en temas de sostenibilidad.<\/li>\n<li>Evaluar el impacto del proyecto a trav\u00e9s de encuestas antes y despu\u00e9s de su implementaci\u00f3n.<\/li>\n<li>Organizar un evento final en M\u00e1laga para compartir los resultados.<\/li>\n<\/ul>\n<h3>Socios del Proyecto y sus roles<\/h3>\n<p>Coordinador: Lounais-H\u00e4meen koulutuskuntayhtym\u00e4 (LHKK) &#8211; Finlandia<\/p>\n<ul>\n<li>Responsable de la gesti\u00f3n general del proyecto.<\/li>\n<li>Organizaci\u00f3n de sesiones online y actividades formativas.<\/li>\n<li>Dise\u00f1o de materiales y gr\u00e1ficos.<\/li>\n<li>Organizaci\u00f3n del evento en Finlandia.<\/li>\n<li>Gesti\u00f3n de redes sociales y plataformas Erasmus+.<\/li>\n<\/ul>\n<p>Socios:<\/p>\n<p>Stichting Albeda &#8211; Pa\u00edses Bajos<\/p>\n<ul>\n<li>Responsable del segundo encuentro de estudiantes en R\u00f3terdam.<\/li>\n<li>Identificaci\u00f3n de empresas innovadoras en ODS para visitas.<\/li>\n<li>Producci\u00f3n de material audiovisual sobre las innovaciones en el evento final.<\/li>\n<\/ul>\n<p>Instituto de Educaci\u00f3n Secundaria La Rosaleda &#8211; Espa\u00f1a<\/p>\n<ul>\n<li>Responsable del evento final en M\u00e1laga.<\/li>\n<li>Organizaci\u00f3n de visitas a empresas locales relacionadas con los ODS.<\/li>\n<li>Publicaci\u00f3n de resultados en plataformas educativas.<\/li>\n<\/ul>\n<h3>Principales actividades<\/h3>\n<p>El proyecto tendr\u00e1 una duraci\u00f3n de 12 meses (del 1 de septiembre de 2024 al 31 de agosto de 2025) y contar\u00e1 con un presupuesto de 60.000 \u20ac.<\/p>\n<p>Sesiones online (noviembre 2024):<\/p>\n<ul>\n<li>Introducci\u00f3n a los curr\u00edculos actuales sobre ODS en cada pa\u00eds.<\/li>\n<li>Formaci\u00f3n sobre la ideolog\u00eda GreenComp con expertos invitados.<\/li>\n<li>Encuestas a los estudiantes sobre sus conocimientos e inter\u00e9s en los ODS.<\/li>\n<\/ul>\n<p>Primer encuentro de estudiantes en Finlandia (noviembre 2024):<\/p>\n<ul>\n<li>Selecci\u00f3n de las mejores empresas con iniciativas en ODS.<\/li>\n<li>Visitas a empresas para conocer sus innovaciones.<\/li>\n<li>Evaluaci\u00f3n de ejercicios y din\u00e1micas sobre sostenibilidad.<\/li>\n<\/ul>\n<p>Segundo encuentro de estudiantes en R\u00f3terdam (febrero 2025):<\/p>\n<ul>\n<li>Visitas a empresas innovadoras en ODS de la regi\u00f3n de R\u00f3terdam.<\/li>\n<li>Implementaci\u00f3n de metodolog\u00edas GreenComp en el curr\u00edculo.<\/li>\n<\/ul>\n<p>Evento final en M\u00e1laga (abril 2025):<\/p>\n<ul>\n<li>Presentaci\u00f3n de las actividades curriculares desarrolladas en el marco del GreenComp.<\/li>\n<li>Feria con representantes de empresas y estudiantes.<\/li>\n<li>Evaluaci\u00f3n final con encuestas a los participantes.<\/li>\n<\/ul>\n<p>Diseminaci\u00f3n de resultados (mayo-agosto 2025):<\/p>\n<ul>\n<li>Publicaci\u00f3n de materiales en plataformas Erasmus+ y redes sociales.<\/li>\n<li>Difusi\u00f3n de buenas pr\u00e1cticas en escuelas de toda Europa.<\/li>\n<\/ul>\n<p>Impacto esperado<\/p>\n<ul>\n<li>Desarrollo de un curr\u00edculo innovador en ODS adaptado a los intereses del alumnado.<\/li>\n<li>Mayor conciencia y empat\u00eda hacia la sostenibilidad entre los estudiantes.<\/li>\n<li>Participaci\u00f3n activa de empresas en la formaci\u00f3n en sostenibilidad.<\/li>\n<li>Creaci\u00f3n de una red de cooperaci\u00f3n entre centros educativos y empresas.<\/li>\n<\/ul>\n","protected":false},"excerpt":{"rendered":"<p>Mantente actualizado sobre este proyecto en su categor\u00eda. GreenComp imbedded to SDG VET school curriculum Objetivos El objetivo principal del proyecto es desarrollar un nuevo curr\u00edculo educativo sobre los Objetivos de Desarrollo Sostenible (ODS) en la Formaci\u00f3n Profesional (VET), incorporando el enfoque GreenComp. Este modelo busca aumentar la empat\u00eda y la conexi\u00f3n con la naturaleza&#46;&#46;&#46;<\/p>\n","protected":false},"author":6255,"featured_media":6317,"parent":2384,"menu_order":0,"comment_status":"closed","ping_status":"closed","template":"","meta":{"_exactmetrics_skip_tracking":false,"_exactmetrics_sitenote_active":false,"_exactmetrics_sitenote_note":"","_exactmetrics_sitenote_category":0,"footnotes":"","_mc_calendar":[]},"aioseo_notices":[],"_links":{"self":[{"href":"https:\/\/blogsaverroes.juntadeandalucia.es\/erasmuslarosaleda\/wp-json\/wp\/v2\/pages\/6316"}],"collection":[{"href":"https:\/\/blogsaverroes.juntadeandalucia.es\/erasmuslarosaleda\/wp-json\/wp\/v2\/pages"}],"about":[{"href":"https:\/\/blogsaverroes.juntadeandalucia.es\/erasmuslarosaleda\/wp-json\/wp\/v2\/types\/page"}],"author":[{"embeddable":true,"href":"https:\/\/blogsaverroes.juntadeandalucia.es\/erasmuslarosaleda\/wp-json\/wp\/v2\/users\/6255"}],"replies":[{"embeddable":true,"href":"https:\/\/blogsaverroes.juntadeandalucia.es\/erasmuslarosaleda\/wp-json\/wp\/v2\/comments?post=6316"}],"version-history":[{"count":4,"href":"https:\/\/blogsaverroes.juntadeandalucia.es\/erasmuslarosaleda\/wp-json\/wp\/v2\/pages\/6316\/revisions"}],"predecessor-version":[{"id":6321,"href":"https:\/\/blogsaverroes.juntadeandalucia.es\/erasmuslarosaleda\/wp-json\/wp\/v2\/pages\/6316\/revisions\/6321"}],"up":[{"embeddable":true,"href":"https:\/\/blogsaverroes.juntadeandalucia.es\/erasmuslarosaleda\/wp-json\/wp\/v2\/pages\/2384"}],"wp:featuredmedia":[{"embeddable":true,"href":"https:\/\/blogsaverroes.juntadeandalucia.es\/erasmuslarosaleda\/wp-json\/wp\/v2\/media\/6317"}],"wp:attachment":[{"href":"https:\/\/blogsaverroes.juntadeandalucia.es\/erasmuslarosaleda\/wp-json\/wp\/v2\/media?parent=6316"}],"curies":[{"name":"wp","href":"https:\/\/api.w.org\/{rel}","templated":true}]}}