{"id":7032,"date":"2026-02-11T22:47:10","date_gmt":"2026-02-11T22:47:10","guid":{"rendered":"https:\/\/blogsaverroes.juntadeandalucia.es\/erasmuslarosaleda\/?page_id=7032"},"modified":"2026-02-11T23:05:27","modified_gmt":"2026-02-11T23:05:27","slug":"reconocimiento-a-la-calidad-erasmus-2025","status":"publish","type":"page","link":"https:\/\/blogsaverroes.juntadeandalucia.es\/erasmuslarosaleda\/reconocimiento-a-la-calidad-erasmus-2025\/","title":{"rendered":"Reconocimiento a la Calidad Erasmus+ 2025"},"content":{"rendered":"<h1>El I.E.S. La Rosaleda, premiado a la Excelencia por su gesti\u00f3n de proyectos Erasmus+<\/h1>\n<h2>Reconocimiento nacional a la calidad en Formaci\u00f3n Profesional<\/h2>\n<p><strong>I.E.S. La Rosaleda de M\u00e1laga<\/strong>, ha estado presente en la Jornada Anual Erasmus+ 2025 en la que se han entregado los Reconocimientos a la Calidad 2025. Nuestro centro ha sido galardonado a nivel nacional en el sector de Formaci\u00f3n Profesional, por el Servicio Espa\u00f1ol para la Internacionalizaci\u00f3n de la Educaci\u00f3n (<a href=\"http:\/\/sepie.es\/\">SEPIE<\/a>).<\/p>\n<p>En estas jornadas, se entregan los premios en los sectores de Adultos, Educaci\u00f3n Escolar, Educaci\u00f3n Superior y Formaci\u00f3n Profesional.<\/p>\n<p>Los galardonados en Formaci\u00f3n Profesional han sido:<\/p>\n<ul>\n<li><strong>Centros:<\/strong> IES La Rosaleda, M\u00e1laga, y IES Andr\u00e9s de Vandelvira, Albacete.<\/li>\n<li><strong>Estudiantes:<\/strong> Haritz Bisquert Guti\u00e9rrez, Ikaslan mobility O\u00f1ati BHI, Jer\u00f3nimo Costa Andreu, CIFP Hesp\u00e9rides, Cartagena (Murcia), y Mar\u00eda del Pilar Rom\u00e1n Alav\u00e9s, Colegios FEC San Jos\u00e9 Virgen de la Palma, Algeciras (C\u00e1diz).<\/li>\n<\/ul>\n<h2>Un premio a la gesti\u00f3n, el impacto y la satisfacci\u00f3n<\/h2>\n<p>Seg\u00fan las palabras del SEPIE, este reconocimiento es un\u00a0<em><strong>premio institucional por la excelente gesti\u00f3n de los proyectos Erasmus+<\/strong> KA121 en las convocatorias 2021 y 2022. Destaca por su elevado grado de ejecuci\u00f3n presupuestaria, la diversidad de movilidades realizadas y el alto nivel de satisfacci\u00f3n de los participantes, reflejo de una planificaci\u00f3n eficaz y de calidad.<\/em><\/p>\n<h2>Nuestro compromiso: internacionalizaci\u00f3n e inclusi\u00f3n<\/h2>\n<p>Este galard\u00f3n refuerza nuestra apuesta decidida por la internacionalizaci\u00f3n y nos impulsa a seguir <b data-path-to-node=\"2,0\" data-index-in-node=\"100\">&#8216;abriendo mentes y cambiando vidas&#8217;<\/b>. Con m\u00e1s de 60 movilidades alcanzadas en 2025, seguimos ampliando horizontes, asegurando siempre <b data-path-to-node=\"2,0\" data-index-in-node=\"233\">una participaci\u00f3n inclusiva y diversa<\/b> que ofrezca nuevas oportunidades a todo nuestro alumnado y personal. Somos un centro vivo, comprometido con la equidad, fuente de nuevas ideas y proyectos listos para despegar.<\/p>\n<p style=\"text-align: center\">\u00abErasmus+ en La Rosaleda: una puerta abierta a Europa para todos.\u00bb<\/p>\n<p>&nbsp;<\/p>\n<p>Nota de prensa Jornada Anual Erasmus+ 2025. <a href=\"https:\/\/blogsaverroes.juntadeandalucia.es\/erasmuslarosaleda\/files\/2026\/02\/NdP_jornadas_TR.pdf\">NdP_jornadas_TR<\/a><\/p>\n<p>Newsletter N\u00ba Especial Jornada Anual de Difusi\u00f3n Erasmus+ 2025. <a href=\"https:\/\/blogsaverroes.juntadeandalucia.es\/erasmuslarosaleda\/files\/2026\/02\/reconocimientos_2025.pdf\">Reconocimientos_2025<\/a><\/p>\n<p>&nbsp;<\/p>\n<div style=\"text-align: center\"><iframe loading=\"lazy\" src=\"https:\/\/www.youtube.com\/embed\/7OinprjIbrk?si=6cqf3XT9fliJ41pl\" width=\"560\" height=\"315\" frameborder=\"0\"><\/iframe><\/div>\n<p>&nbsp;<\/p>\n\n\t\t<style>\n\t\t\t#gallery-1 {\n\t\t\t\tmargin: auto;\n\t\t\t}\n\t\t\t#gallery-1 .gallery-item {\n\t\t\t\tfloat: left;\n\t\t\t\tmargin-top: 10px;\n\t\t\t\ttext-align: center;\n\t\t\t\twidth: 33%;\n\t\t\t}\n\t\t\t#gallery-1 img {\n\t\t\t\tborder: 2px solid #cfcfcf;\n\t\t\t}\n\t\t\t#gallery-1 .gallery-caption {\n\t\t\t\tmargin-left: 0;\n\t\t\t}\n\t\t\t\/* see gallery_shortcode() in wp-includes\/media.php *\/\n\t\t<\/style>\n\t\t<div id='gallery-1' class='gallery galleryid-7032 gallery-columns-3 gallery-size-thumbnail'><dl class='gallery-item'>\n\t\t\t<dt class='gallery-icon landscape'>\n\t\t\t\t<a href='https:\/\/blogsaverroes.juntadeandalucia.es\/erasmuslarosaleda\/reconocimiento-a-la-calidad-erasmus-2025\/actuacion-ceremonia-reconocimiento\/'><img loading=\"lazy\" decoding=\"async\" width=\"150\" height=\"150\" src=\"https:\/\/blogsaverroes.juntadeandalucia.es\/erasmuslarosaleda\/files\/2026\/02\/Actuacion-ceremonia-reconocimiento-150x150.jpg\" class=\"attachment-thumbnail size-thumbnail\" alt=\"\" srcset=\"https:\/\/blogsaverroes.juntadeandalucia.es\/erasmuslarosaleda\/files\/2026\/02\/Actuacion-ceremonia-reconocimiento-150x150.jpg 150w, https:\/\/blogsaverroes.juntadeandalucia.es\/erasmuslarosaleda\/files\/2026\/02\/Actuacion-ceremonia-reconocimiento-80x80.jpg 80w, https:\/\/blogsaverroes.juntadeandalucia.es\/erasmuslarosaleda\/files\/2026\/02\/Actuacion-ceremonia-reconocimiento-320x320.jpg 320w\" sizes=\"(max-width: 150px) 100vw, 150px\" \/><\/a>\n\t\t\t<\/dt><\/dl><dl class='gallery-item'>\n\t\t\t<dt class='gallery-icon landscape'>\n\t\t\t\t<a href='https:\/\/blogsaverroes.juntadeandalucia.es\/erasmuslarosaleda\/reconocimiento-a-la-calidad-erasmus-2025\/foto-arbol\/'><img loading=\"lazy\" decoding=\"async\" width=\"150\" height=\"150\" src=\"https:\/\/blogsaverroes.juntadeandalucia.es\/erasmuslarosaleda\/files\/2026\/02\/Foto-arbol-150x150.jpg\" class=\"attachment-thumbnail size-thumbnail\" alt=\"\" srcset=\"https:\/\/blogsaverroes.juntadeandalucia.es\/erasmuslarosaleda\/files\/2026\/02\/Foto-arbol-150x150.jpg 150w, https:\/\/blogsaverroes.juntadeandalucia.es\/erasmuslarosaleda\/files\/2026\/02\/Foto-arbol-80x80.jpg 80w, https:\/\/blogsaverroes.juntadeandalucia.es\/erasmuslarosaleda\/files\/2026\/02\/Foto-arbol-320x320.jpg 320w\" sizes=\"(max-width: 150px) 100vw, 150px\" \/><\/a>\n\t\t\t<\/dt><\/dl><dl class='gallery-item'>\n\t\t\t<dt class='gallery-icon landscape'>\n\t\t\t\t<a href='https:\/\/blogsaverroes.juntadeandalucia.es\/erasmuslarosaleda\/reconocimiento-a-la-calidad-erasmus-2025\/photocall\/'><img loading=\"lazy\" decoding=\"async\" width=\"150\" height=\"150\" src=\"https:\/\/blogsaverroes.juntadeandalucia.es\/erasmuslarosaleda\/files\/2026\/02\/photocall-150x150.jpg\" class=\"attachment-thumbnail size-thumbnail\" alt=\"\" srcset=\"https:\/\/blogsaverroes.juntadeandalucia.es\/erasmuslarosaleda\/files\/2026\/02\/photocall-150x150.jpg 150w, https:\/\/blogsaverroes.juntadeandalucia.es\/erasmuslarosaleda\/files\/2026\/02\/photocall-80x80.jpg 80w, https:\/\/blogsaverroes.juntadeandalucia.es\/erasmuslarosaleda\/files\/2026\/02\/photocall-320x320.jpg 320w\" sizes=\"(max-width: 150px) 100vw, 150px\" \/><\/a>\n\t\t\t<\/dt><\/dl><br style=\"clear: both\" \/><dl class='gallery-item'>\n\t\t\t<dt class='gallery-icon landscape'>\n\t\t\t\t<a href='https:\/\/blogsaverroes.juntadeandalucia.es\/erasmuslarosaleda\/reconocimiento-a-la-calidad-erasmus-2025\/foto-recogida-premio\/'><img loading=\"lazy\" decoding=\"async\" width=\"150\" height=\"150\" src=\"https:\/\/blogsaverroes.juntadeandalucia.es\/erasmuslarosaleda\/files\/2026\/02\/Foto-recogida-premio-150x150.jpg\" class=\"attachment-thumbnail size-thumbnail\" alt=\"\" srcset=\"https:\/\/blogsaverroes.juntadeandalucia.es\/erasmuslarosaleda\/files\/2026\/02\/Foto-recogida-premio-150x150.jpg 150w, https:\/\/blogsaverroes.juntadeandalucia.es\/erasmuslarosaleda\/files\/2026\/02\/Foto-recogida-premio-80x80.jpg 80w, https:\/\/blogsaverroes.juntadeandalucia.es\/erasmuslarosaleda\/files\/2026\/02\/Foto-recogida-premio-320x320.jpg 320w\" sizes=\"(max-width: 150px) 100vw, 150px\" \/><\/a>\n\t\t\t<\/dt><\/dl><dl class='gallery-item'>\n\t\t\t<dt class='gallery-icon landscape'>\n\t\t\t\t<a href='https:\/\/blogsaverroes.juntadeandalucia.es\/erasmuslarosaleda\/reconocimiento-a-la-calidad-erasmus-2025\/foto-grupo-premio\/'><img loading=\"lazy\" decoding=\"async\" width=\"150\" height=\"150\" src=\"https:\/\/blogsaverroes.juntadeandalucia.es\/erasmuslarosaleda\/files\/2026\/02\/Foto-grupo-premio-150x150.jpg\" class=\"attachment-thumbnail size-thumbnail\" alt=\"\" srcset=\"https:\/\/blogsaverroes.juntadeandalucia.es\/erasmuslarosaleda\/files\/2026\/02\/Foto-grupo-premio-150x150.jpg 150w, https:\/\/blogsaverroes.juntadeandalucia.es\/erasmuslarosaleda\/files\/2026\/02\/Foto-grupo-premio-80x80.jpg 80w, https:\/\/blogsaverroes.juntadeandalucia.es\/erasmuslarosaleda\/files\/2026\/02\/Foto-grupo-premio-320x320.jpg 320w\" sizes=\"(max-width: 150px) 100vw, 150px\" \/><\/a>\n\t\t\t<\/dt><\/dl><dl class='gallery-item'>\n\t\t\t<dt class='gallery-icon landscape'>\n\t\t\t\t<a href='https:\/\/blogsaverroes.juntadeandalucia.es\/erasmuslarosaleda\/reconocimiento-a-la-calidad-erasmus-2025\/muchas-gracias\/'><img loading=\"lazy\" decoding=\"async\" width=\"150\" height=\"150\" src=\"https:\/\/blogsaverroes.juntadeandalucia.es\/erasmuslarosaleda\/files\/2026\/02\/Muchas-gracias-150x150.jpg\" class=\"attachment-thumbnail size-thumbnail\" alt=\"\" srcset=\"https:\/\/blogsaverroes.juntadeandalucia.es\/erasmuslarosaleda\/files\/2026\/02\/Muchas-gracias-150x150.jpg 150w, https:\/\/blogsaverroes.juntadeandalucia.es\/erasmuslarosaleda\/files\/2026\/02\/Muchas-gracias-80x80.jpg 80w, https:\/\/blogsaverroes.juntadeandalucia.es\/erasmuslarosaleda\/files\/2026\/02\/Muchas-gracias-320x320.jpg 320w\" sizes=\"(max-width: 150px) 100vw, 150px\" \/><\/a>\n\t\t\t<\/dt><\/dl><br style=\"clear: both\" \/><dl class='gallery-item'>\n\t\t\t<dt class='gallery-icon landscape'>\n\t\t\t\t<a href='https:\/\/blogsaverroes.juntadeandalucia.es\/erasmuslarosaleda\/reconocimiento-a-la-calidad-erasmus-2025\/foto-en-primera-fila\/'><img loading=\"lazy\" decoding=\"async\" width=\"150\" height=\"150\" src=\"https:\/\/blogsaverroes.juntadeandalucia.es\/erasmuslarosaleda\/files\/2026\/02\/Foto-en-primera-fila-150x150.jpg\" class=\"attachment-thumbnail size-thumbnail\" alt=\"\" srcset=\"https:\/\/blogsaverroes.juntadeandalucia.es\/erasmuslarosaleda\/files\/2026\/02\/Foto-en-primera-fila-150x150.jpg 150w, https:\/\/blogsaverroes.juntadeandalucia.es\/erasmuslarosaleda\/files\/2026\/02\/Foto-en-primera-fila-80x80.jpg 80w, https:\/\/blogsaverroes.juntadeandalucia.es\/erasmuslarosaleda\/files\/2026\/02\/Foto-en-primera-fila-320x320.jpg 320w\" sizes=\"(max-width: 150px) 100vw, 150px\" \/><\/a>\n\t\t\t<\/dt><\/dl>\n\t\t\t<br style='clear: both' \/>\n\t\t<\/div>\n\n","protected":false},"excerpt":{"rendered":"<p>El I.E.S. La Rosaleda, premiado a la Excelencia por su gesti\u00f3n de proyectos Erasmus+ Reconocimiento nacional a la calidad en Formaci\u00f3n Profesional I.E.S. La Rosaleda de M\u00e1laga, ha estado presente en la Jornada Anual Erasmus+ 2025 en la que se han entregado los Reconocimientos a la Calidad 2025. Nuestro centro ha sido galardonado a nivel&#46;&#46;&#46;<\/p>\n","protected":false},"author":15626,"featured_media":7033,"parent":0,"menu_order":0,"comment_status":"closed","ping_status":"closed","template":"","meta":{"_exactmetrics_skip_tracking":false,"_exactmetrics_sitenote_active":false,"_exactmetrics_sitenote_note":"","_exactmetrics_sitenote_category":0,"footnotes":"","_mc_calendar":[]},"aioseo_notices":[],"_links":{"self":[{"href":"https:\/\/blogsaverroes.juntadeandalucia.es\/erasmuslarosaleda\/wp-json\/wp\/v2\/pages\/7032"}],"collection":[{"href":"https:\/\/blogsaverroes.juntadeandalucia.es\/erasmuslarosaleda\/wp-json\/wp\/v2\/pages"}],"about":[{"href":"https:\/\/blogsaverroes.juntadeandalucia.es\/erasmuslarosaleda\/wp-json\/wp\/v2\/types\/page"}],"author":[{"embeddable":true,"href":"https:\/\/blogsaverroes.juntadeandalucia.es\/erasmuslarosaleda\/wp-json\/wp\/v2\/users\/15626"}],"replies":[{"embeddable":true,"href":"https:\/\/blogsaverroes.juntadeandalucia.es\/erasmuslarosaleda\/wp-json\/wp\/v2\/comments?post=7032"}],"version-history":[{"count":6,"href":"https:\/\/blogsaverroes.juntadeandalucia.es\/erasmuslarosaleda\/wp-json\/wp\/v2\/pages\/7032\/revisions"}],"predecessor-version":[{"id":7048,"href":"https:\/\/blogsaverroes.juntadeandalucia.es\/erasmuslarosaleda\/wp-json\/wp\/v2\/pages\/7032\/revisions\/7048"}],"wp:featuredmedia":[{"embeddable":true,"href":"https:\/\/blogsaverroes.juntadeandalucia.es\/erasmuslarosaleda\/wp-json\/wp\/v2\/media\/7033"}],"wp:attachment":[{"href":"https:\/\/blogsaverroes.juntadeandalucia.es\/erasmuslarosaleda\/wp-json\/wp\/v2\/media?parent=7032"}],"curies":[{"name":"wp","href":"https:\/\/api.w.org\/{rel}","templated":true}]}}