{"id":323,"date":"2025-04-22T10:09:49","date_gmt":"2025-04-22T10:09:49","guid":{"rendered":"https:\/\/blogsaverroes.juntadeandalucia.es\/erasmusvicente\/?page_id=323"},"modified":"2025-04-29T11:35:33","modified_gmt":"2025-04-29T11:35:33","slug":"2023-ka122-4us4all","status":"publish","type":"page","link":"https:\/\/blogsaverroes.juntadeandalucia.es\/erasmusvicente\/2023-ka122-4us4all\/","title":{"rendered":"2023 KA122 4us4all"},"content":{"rendered":"<p>&nbsp;<\/p>\n<h3><img loading=\"lazy\" decoding=\"async\" class=\"size-medium wp-image-319 aligncenter\" src=\"https:\/\/blogsaverroes.juntadeandalucia.es\/erasmusvicente\/files\/2025\/04\/Logo-Proyecto-Erasmus-KA122-29.7-\u00d7-21-cm-300x212.png\" alt=\"\" width=\"300\" height=\"212\" srcset=\"https:\/\/blogsaverroes.juntadeandalucia.es\/erasmusvicente\/files\/2025\/04\/Logo-Proyecto-Erasmus-KA122-29.7-\u00d7-21-cm-300x212.png 300w, https:\/\/blogsaverroes.juntadeandalucia.es\/erasmusvicente\/files\/2025\/04\/Logo-Proyecto-Erasmus-KA122-29.7-\u00d7-21-cm-1024x724.png 1024w, https:\/\/blogsaverroes.juntadeandalucia.es\/erasmusvicente\/files\/2025\/04\/Logo-Proyecto-Erasmus-KA122-29.7-\u00d7-21-cm-768x543.png 768w, https:\/\/blogsaverroes.juntadeandalucia.es\/erasmusvicente\/files\/2025\/04\/Logo-Proyecto-Erasmus-KA122-29.7-\u00d7-21-cm-1536x1086.png 1536w, https:\/\/blogsaverroes.juntadeandalucia.es\/erasmusvicente\/files\/2025\/04\/Logo-Proyecto-Erasmus-KA122-29.7-\u00d7-21-cm.png 2000w\" sizes=\"(max-width: 300px) 100vw, 300px\" \/><\/h3>\n<p style=\"text-align: center\"><a href=\"https:\/\/blogsaverroes.juntadeandalucia.es\/erasmusvicente\/2025\/04\/22\/solicitud\/\"><span style=\"font-size: 18pt\"><strong>Solicitud<\/strong><\/span><\/a><\/p>\n<p style=\"text-align: center\"><a href=\"https:\/\/blogsaverroes.juntadeandalucia.es\/erasmusvicente\/2025\/04\/22\/proceso-de-seleccion-4us4all\/\"><strong><span style=\"font-size: 18pt\">Proceso de selecci\u00f3n<\/span><\/strong><\/a><\/p>\n<p style=\"text-align: center\"><strong><span style=\"font-size: 18pt\">Material de difusi\u00f3n<\/span><\/strong><\/p>\n<p style=\"text-align: center\"><a href=\"https:\/\/blogsaverroes.juntadeandalucia.es\/erasmusvicente\/2025\/04\/11\/presentacion-del-proyecto-4us4all\/\">Presentaci\u00f3n del Proyecto<\/a><\/p>\n<p style=\"text-align: center\"><a href=\"https:\/\/blogsaverroes.juntadeandalucia.es\/erasmusvicente\/2025\/04\/25\/radio-dia-de-europa-en-la-puerta-abierta\/\">La Puerta Abierta de Neo FM<\/a><\/p>\n<p style=\"text-align: center\"><a href=\"https:\/\/blogsaverroes.juntadeandalucia.es\/erasmusvicente\/\">Erasmus+ Time on Radio Vicente<\/a><\/p>\n<p style=\"text-align: center\"><strong><span style=\"font-size: 18pt\">Experiencias<\/span><\/strong><\/p>\n<p style=\"text-align: center\"><a href=\"https:\/\/blogsaverroes.juntadeandalucia.es\/erasmusvicente\/2025\/04\/29\/movilidades-del-alumnado-a-italia-y-francia\/\">Movilidad en grupo de alumnado de 4\u00baEP a Italia y Francia<\/a>&nbsp;<\/p>\n<p style=\"text-align: center\"><a href=\"https:\/\/blogsaverroes.juntadeandalucia.es\/erasmusvicente\/2025\/04\/29\/movilidades-del-alumnado-a-italia-y-francia\/\">Aprendizaje por observaci\u00f3n en Italia<\/a><\/p>\n<p style=\"text-align: center\"><a href=\"https:\/\/blogsaverroes.juntadeandalucia.es\/erasmusvicente\/2025\/04\/29\/docentes-en-serbia\/\">Aprendizaje por observaci\u00f3n en Serbia<\/a><\/p>\n<p style=\"text-align: center\"><a href=\"https:\/\/blogsaverroes.juntadeandalucia.es\/erasmusvicente\/2025\/04\/29\/teacher-luna-in-serbia\/\">Aprendizaje por observaci\u00f3n en Rep\u00fablica Checa<\/a><\/p>\n<p style=\"text-align: center\"><a href=\"https:\/\/blogsaverroes.juntadeandalucia.es\/erasmusvicente\/2025\/04\/29\/docentes-en-alemania\/\">Aprendizaje por observaci\u00f3n en Alemania<\/a><\/p>\n<p style=\"text-align: center\"><a href=\"https:\/\/blogsaverroes.juntadeandalucia.es\/erasmusvicente\/2025\/04\/29\/informe-final\/\"><strong><span style=\"font-size: 18pt\">Informe final<\/span><\/strong><\/a><\/p>\n","protected":false},"excerpt":{"rendered":"<p>&nbsp; Solicitud Proceso de selecci\u00f3n Material de difusi\u00f3n Presentaci\u00f3n del Proyecto La Puerta Abierta de Neo FM Erasmus+ Time on Radio Vicente Experiencias Movilidad en&hellip;<\/p>\n","protected":false},"author":13585,"featured_media":0,"parent":0,"menu_order":0,"comment_status":"closed","ping_status":"closed","template":"","meta":{"ngg_post_thumbnail":0,"footnotes":""},"aioseo_notices":[],"_links":{"self":[{"href":"https:\/\/blogsaverroes.juntadeandalucia.es\/erasmusvicente\/wp-json\/wp\/v2\/pages\/323"}],"collection":[{"href":"https:\/\/blogsaverroes.juntadeandalucia.es\/erasmusvicente\/wp-json\/wp\/v2\/pages"}],"about":[{"href":"https:\/\/blogsaverroes.juntadeandalucia.es\/erasmusvicente\/wp-json\/wp\/v2\/types\/page"}],"author":[{"embeddable":true,"href":"https:\/\/blogsaverroes.juntadeandalucia.es\/erasmusvicente\/wp-json\/wp\/v2\/users\/13585"}],"replies":[{"embeddable":true,"href":"https:\/\/blogsaverroes.juntadeandalucia.es\/erasmusvicente\/wp-json\/wp\/v2\/comments?post=323"}],"version-history":[{"count":8,"href":"https:\/\/blogsaverroes.juntadeandalucia.es\/erasmusvicente\/wp-json\/wp\/v2\/pages\/323\/revisions"}],"predecessor-version":[{"id":391,"href":"https:\/\/blogsaverroes.juntadeandalucia.es\/erasmusvicente\/wp-json\/wp\/v2\/pages\/323\/revisions\/391"}],"wp:attachment":[{"href":"https:\/\/blogsaverroes.juntadeandalucia.es\/erasmusvicente\/wp-json\/wp\/v2\/media?parent=323"}],"curies":[{"name":"wp","href":"https:\/\/api.w.org\/{rel}","templated":true}]}}