{"id":1194,"date":"2021-06-29T11:26:54","date_gmt":"2021-06-29T09:26:54","guid":{"rendered":"https:\/\/blogsaverroes.juntadeandalucia.es\/escuelaemma\/?page_id=1194"},"modified":"2021-11-02T19:30:44","modified_gmt":"2021-11-02T18:30:44","slug":"conocenos","status":"publish","type":"page","link":"https:\/\/blogsaverroes.juntadeandalucia.es\/escuelaemma\/conocenos\/","title":{"rendered":"Con\u00f3cenos"},"content":{"rendered":"<p>[et_pb_section fb_built=&#8221;1&#8243; _builder_version=&#8221;4.5.0&#8243; _module_preset=&#8221;default&#8221;][et_pb_row _builder_version=&#8221;4.5.0&#8243; _module_preset=&#8221;default&#8221;][et_pb_column type=&#8221;4_4&#8243; _builder_version=&#8221;4.5.0&#8243; _module_preset=&#8221;default&#8221;][et_pb_accordion open_toggle_background_color=&#8221;#ffffff&#8221; closed_toggle_background_color=&#8221;#ffffff&#8221; icon_color=&#8221;#ffffff&#8221; _builder_version=&#8221;4.5.0&#8243; _module_preset=&#8221;default&#8221; animation_style=&#8221;fade&#8221; border_radii=&#8221;on|8px|8px|8px|8px&#8221; border_width_bottom=&#8221;4px&#8221; border_color_bottom=&#8221;#e09900&#8243;][et_pb_accordion_item title=&#8221;Nuestros  profesores&#8221; open=&#8221;on&#8221; open_toggle_text_color=&#8221;#003254&#8243; _builder_version=&#8221;4.5.0&#8243; _module_preset=&#8221;default&#8221; custom_margin=&#8221;-29px||||false|false&#8221; border_radii=&#8221;on|3px|3px|3px|3px&#8221; border_style_top=&#8221;none&#8221; border_style_right=&#8221;none&#8221; border_width_bottom=&#8221;4px&#8221; border_color_bottom=&#8221;#e09900&#8243; border_style_left=&#8221;none&#8221; toggle_font_size=&#8221;41px&#8221;][\/et_pb_accordion_item][\/et_pb_accordion][et_pb_team_member name=&#8221;Carmelo Lorenzo Cano&#8221; position=&#8221;Profesor de piano y percusi\u00f3n&#8221; image_url=&#8221;https:\/\/blogsaverroes.juntadeandalucia.es\/escuelaemma\/files\/2021\/07\/c.jpg&#8221; _builder_version=&#8221;4.5.0&#8243; _module_preset=&#8221;default&#8221; header_font_size=&#8221;30px&#8221; position_text_color=&#8221;#a5a5a5&#8243; position_font_size=&#8221;19px&#8221; position_line_height=&#8221;2.1em&#8221; custom_margin=&#8221;||6px||false|false&#8221;]<\/p>\n<p>Profesor de piano y segundo instrumento percusi\u00f3n, lleva una larga trayectoria de m\u00e1s de 10 a\u00f1os como profesor en nuestra escuela en todos los niveles y edades as\u00ed como de composici\u00f3n y armon\u00eda tanto moderna,(jazz), como cl\u00e1sica.<\/p>\n<p>Con gran experiencia tambi\u00e9n c\u00f3mo m\u00fasico de directo y estudio de grabaciones, con muchas formaciones de diferentes estilos ha tocado teclados y bater\u00eda dependiendo de la necesidad, tendiendo en \u00e9ste \u00faltimo instrumento un gran vagaje como instrumentista y profesor.<\/p>\n<p>[\/et_pb_team_member][et_pb_team_member name=&#8221;Maribel Salas Rodr\u00edguez&#8221; position=&#8221;Profesora de clarinete y formaci\u00f3n musical.&#8221; image_url=&#8221;https:\/\/blogsaverroes.juntadeandalucia.es\/escuelaemma\/files\/2021\/07\/DSC_0475.jpg&#8221; _builder_version=&#8221;4.5.0&#8243; _module_preset=&#8221;default&#8221; header_font_size=&#8221;30px&#8221; body_line_height=&#8221;1.1em&#8221; position_font_size=&#8221;19px&#8221; position_line_height=&#8221;1.9em&#8221;]<\/p>\n<p>Maestra de m\u00fasica y profesora de clarinete, compagin\u00f3 los estudios del conservatorio con la carrera de magisterio. Imparte las clases de formaci\u00f3n musical: m\u00fasica y movimiento y lenguaje musical, y las clases de clarinete.<\/p>\n<p>Con mas de 10 a\u00f1os de antig\u00fcedad en nuestra escuela, es nuestra especialista en la ense\u00f1anza de toda la formaci\u00f3n musical, adem\u00e1s, es especialista en estimulaci\u00f3n musical con los ni\u00f1os mas peque\u00f1os y ni\u00f1os con necesidades especiales.<\/p>\n<p>Tiene amplia experiencia en ense\u00f1anza\u00a0 del instrumento del clarinete en todos los niveles y edades, desarrolla una gran actividad de conciertos y m\u00fasica en directo con su inseparable instrumento y ha grabado numerosos discos.<\/p>\n<p>&nbsp;<\/p>\n<p>[\/et_pb_team_member][et_pb_team_member name=&#8221;Antonio M\u00e1rquez Pozo&#8221; position=&#8221;Profesor de guitarra&#8221; image_url=&#8221;https:\/\/blogsaverroes.juntadeandalucia.es\/escuelaemma\/files\/2021\/07\/IMG-20210701-WA0055.jpg&#8221; _builder_version=&#8221;4.5.0&#8243; _module_preset=&#8221;default&#8221; header_font_size=&#8221;30px&#8221; header_line_height=&#8221;1.5em&#8221; body_line_height=&#8221;1.2em&#8221; position_font_size=&#8221;19px&#8221; position_line_height=&#8221;1.9em&#8221; background_color=&#8221;#ffffff&#8221;]<\/p>\n<p><span>Profesor de guitarra en nuestra escuela desde hace m\u00e1s de 10 a\u00f1o. Cuenta con una gran experiencia como docente en todos los \u00e1mbitos de la ense\u00f1anza, abarcando alumnos de todas las edades y niveles.<\/span><\/p>\n<p><span>Imparte clases de guitarra cl\u00e1sica, guitarra el\u00e9ctrica, guitarra flamenca y Ukelele.<\/span><\/p>\n<p><span>Se ha formado con profesores de alto nivel a lo largo de su carrera musical y ha participado en numerosos conciertos, como solista y formando parte de grandes agrupaciones. Tambi\u00e9n cuenta en su poder con numerosas grabaciones de discos.<\/span><\/p>\n<p>[\/et_pb_team_member][et_pb_team_member name=&#8221;Natanael Rebollo D\u00edaz&#8221; position=&#8221;Profesor de viol\u00edn&#8221; image_url=&#8221;https:\/\/blogsaverroes.juntadeandalucia.es\/escuelaemma\/files\/2021\/10\/WhatsApp-Image-2021-10-26-at-11.18.06.jpeg&#8221; _builder_version=&#8221;4.5.0&#8243; _module_preset=&#8221;default&#8221; header_font_size=&#8221;30px&#8221; header_line_height=&#8221;1.5em&#8221; body_line_height=&#8221;1.2em&#8221; position_font_size=&#8221;19px&#8221; position_line_height=&#8221;1.9em&#8221; background_color=&#8221;#ffffff&#8221;]<\/p>\n<p>Nuestro profe de viol\u00edn, formado en el conservatorio de Sevilla, ampli\u00f3 sus estudios en el Trinity College of Music de Londres con un M\u00e1ster en Interpretaci\u00f3n de Viol\u00edn. Ha trabajado como profesor de viol\u00edn en Espa\u00f1a, Reino Unido y Om\u00e1n, donde ha participado en un ambicioso proyecto para crear una orquesta de ciudadanos de dicho pa\u00eds desde cero.<\/p>\n<p>Adem\u00e1s de su experiencia docente con alumnos de todas las edades, ha desarrollado su actividad interpretativa en orquestas, grupos de c\u00e1mara y otras formaciones en diferentes auditorios, teatros y salas de conciertos. Tambi\u00e9n ha trabajado como violinista en espect\u00e1culos de m\u00fasica moderna y folk, tanto en cruceros como en festivales urbanos.<\/p>\n<p>[\/et_pb_team_member][et_pb_team_member name=&#8221;Akiko Kuroda&#8221; position=&#8221;Profesora de Canto&#8221; image_url=&#8221;https:\/\/blogsaverroes.juntadeandalucia.es\/escuelaemma\/files\/2021\/10\/WhatsApp-Image-2021-10-25-at-12.36.01.jpeg&#8221; _builder_version=&#8221;4.5.0&#8243; _module_preset=&#8221;default&#8221; header_font_size=&#8221;30px&#8221; header_line_height=&#8221;1.5em&#8221; position_font_size=&#8221;19px&#8221; position_line_height=&#8221;1.9em&#8221; background_color=&#8221;#ffffff&#8221;]<\/p>\n<p class=\"a\"><span lang=\"ES-TRAD\">Cantante nacida en Kanagawa (Jap\u00f3n) con una excelente formaci\u00f3n musical en Tokyo y Barcelona. <\/span><\/p>\n<p class=\"a\"><span lang=\"ES-TRAD\">Es nuestra profe mas internacional, porque como profesora de canto t<\/span><span lang=\"ES-TRAD\">iene experiencia en la ense\u00f1anza musical en Jap\u00f3n, Mozambique y Espa\u00f1a en todos los niveles, con ni\u00f1os y adultos. <\/span><\/p>\n<p class=\"a\"><span lang=\"ES-TRAD\">Su objeto siempre ha sido disfrutar del canto. Ense\u00f1a a sus alumnos a cantar con su voz natural.<\/span><\/p>\n<p>[\/et_pb_team_member][et_pb_team_member name=&#8221;Carmen Hiniesta Mu\u00f1oz&#8221; position=&#8221;Profesora de danza&#8221; image_url=&#8221;https:\/\/blogsaverroes.juntadeandalucia.es\/escuelaemma\/files\/2021\/11\/Carmen_Iniesta-retrato1.jpg&#8221; _builder_version=&#8221;4.5.0&#8243; _module_preset=&#8221;default&#8221; header_font_size=&#8221;30px&#8221; position_text_color=&#8221;#a5a5a5&#8243; position_font_size=&#8221;19px&#8221; position_line_height=&#8221;2.1em&#8221; custom_margin=&#8221;||6px||false|false&#8221; hover_enabled=&#8221;0&#8243; title_text=&#8221;Carmen_Iniesta-retrato%911%93&#8243; header_line_height=&#8221;1.1em&#8221;]<\/p>\n<p>Profesora de Danza en nuestra escuela, con una excelente formaci\u00f3n musical en el conservatorio de Sevilla y especializada en coreograf\u00eda en M\u00e1laga, posee una amplia experiencia art\u00edstica, ha trabajado en los m\u00e1s prestigiosos tablaos y en 2009 cre\u00f3 su propia Compa\u00f1\u00eda de Danza, actuando en grandes eventos tanto a nivel nacional como internacional.<\/p>\n<p>Su experiencia con los ni\u00f1os se remonta hace casi m\u00e1s de 20 a\u00f1os y ha trabajado con ni\u00f1os y adultos de todas las edades.<\/p>\n<p>Resaltamos de ella que convierte la danza en juego y es una gra motivadora del aprendizaje.<\/p>\n<p>[\/et_pb_team_member][et_pb_team_member _builder_version=&#8221;4.5.0&#8243; _module_preset=&#8221;default&#8221;][\/et_pb_team_member][\/et_pb_column][\/et_pb_row][\/et_pb_section][et_pb_section fb_built=&#8221;1&#8243; _builder_version=&#8221;4.5.0&#8243; _module_preset=&#8221;default&#8221;][\/et_pb_section]<\/p>\n","protected":false},"excerpt":{"rendered":"<p>Profesor de piano y segundo instrumento percusi\u00f3n, lleva una larga trayectoria de m\u00e1s de 10 a\u00f1os como profesor en nuestra escuela en todos los niveles y edades as\u00ed como de composici\u00f3n y armon\u00eda tanto moderna,(jazz), como cl\u00e1sica. Con gran experiencia tambi\u00e9n c\u00f3mo m\u00fasico de directo y estudio de grabaciones, con muchas formaciones de diferentes estilos [&hellip;]<\/p>\n","protected":false},"author":13213,"featured_media":0,"parent":0,"menu_order":0,"comment_status":"closed","ping_status":"closed","template":"","meta":{"_et_pb_use_builder":"on","_et_pb_old_content":"","_et_gb_content_width":"","ngg_post_thumbnail":0,"footnotes":""},"aioseo_notices":[],"_links":{"self":[{"href":"https:\/\/blogsaverroes.juntadeandalucia.es\/escuelaemma\/wp-json\/wp\/v2\/pages\/1194"}],"collection":[{"href":"https:\/\/blogsaverroes.juntadeandalucia.es\/escuelaemma\/wp-json\/wp\/v2\/pages"}],"about":[{"href":"https:\/\/blogsaverroes.juntadeandalucia.es\/escuelaemma\/wp-json\/wp\/v2\/types\/page"}],"author":[{"embeddable":true,"href":"https:\/\/blogsaverroes.juntadeandalucia.es\/escuelaemma\/wp-json\/wp\/v2\/users\/13213"}],"replies":[{"embeddable":true,"href":"https:\/\/blogsaverroes.juntadeandalucia.es\/escuelaemma\/wp-json\/wp\/v2\/comments?post=1194"}],"version-history":[{"count":20,"href":"https:\/\/blogsaverroes.juntadeandalucia.es\/escuelaemma\/wp-json\/wp\/v2\/pages\/1194\/revisions"}],"predecessor-version":[{"id":1718,"href":"https:\/\/blogsaverroes.juntadeandalucia.es\/escuelaemma\/wp-json\/wp\/v2\/pages\/1194\/revisions\/1718"}],"wp:attachment":[{"href":"https:\/\/blogsaverroes.juntadeandalucia.es\/escuelaemma\/wp-json\/wp\/v2\/media?parent=1194"}],"curies":[{"name":"wp","href":"https:\/\/api.w.org\/{rel}","templated":true}]}}