{"id":1352,"date":"2021-06-29T16:31:13","date_gmt":"2021-06-29T14:31:13","guid":{"rendered":"https:\/\/blogsaverroes.juntadeandalucia.es\/escuelaemma\/?page_id=1352"},"modified":"2023-07-04T12:59:52","modified_gmt":"2023-07-04T10:59:52","slug":"horarios","status":"publish","type":"page","link":"https:\/\/blogsaverroes.juntadeandalucia.es\/escuelaemma\/horarios\/","title":{"rendered":"Horarios"},"content":{"rendered":"<p>[et_pb_section fb_built=&#8221;1&#8243; _builder_version=&#8221;4.5.0&#8243; _module_preset=&#8221;default&#8221; global_colors_info=&#8221;{}&#8221;][et_pb_row _builder_version=&#8221;4.5.0&#8243; _module_preset=&#8221;default&#8221; global_colors_info=&#8221;{}&#8221;][et_pb_column type=&#8221;4_4&#8243; _builder_version=&#8221;4.5.0&#8243; _module_preset=&#8221;default&#8221; global_colors_info=&#8221;{}&#8221;][et_pb_tabs active_tab_background_color=&#8221;#F7AD19&#8243; inactive_tab_background_color=&#8221;#F27F0C&#8221; active_tab_text_color=&#8221;#ffffff&#8221; _builder_version=&#8221;4.5.0&#8243; _module_preset=&#8221;default&#8221; tab_text_color=&#8221;#ffffff&#8221; body_text_color=&#8221;#000000&#8243; global_colors_info=&#8221;{}&#8221; body_text_color__hover_enabled=&#8221;on|desktop&#8221; body_text_color__hover=&#8221;#000000&#8243;][et_pb_tab title=&#8221;Instrumentos&#8221; _builder_version=&#8221;4.5.0&#8243; _module_preset=&#8221;default&#8221; tab_text_color=&#8221;#ffffff&#8221; global_colors_info=&#8221;{}&#8221;]<\/p>\n<p>Piano: Lunes, mi\u00e9rcoles o jueves.\u00a0 \u00a0 \u00a0 \u00a0 \u00a0 \u00a0 \u00a0 \u00a0Guitarra: Lunes.<\/p>\n<p>Canto: Martes.\u00a0 \u00a0 \u00a0 \u00a0 \u00a0 \u00a0 \u00a0 \u00a0 \u00a0 \u00a0 \u00a0 \u00a0 \u00a0 \u00a0 \u00a0 \u00a0 \u00a0 \u00a0 \u00a0 \u00a0 \u00a0 \u00a0 \u00a0 \u00a0 Viol\u00edn: Martes.<\/p>\n<p>Bater\u00eda: Lunes, mi\u00e9rcoles o jueves.\u00a0 \u00a0 \u00a0 \u00a0 \u00a0 \u00a0\u00a0<\/p>\n<p>El horario de instrumento se coge con cada profesor por estricto orden de matriculaci\u00f3n.<\/p>\n<p>[\/et_pb_tab][et_pb_tab title=&#8221;Danza&#8221; _builder_version=&#8221;4.5.0&#8243; _module_preset=&#8221;default&#8221; global_colors_info=&#8221;{}&#8221;]<\/p>\n<p>Grupo de iniciaci\u00f3n: Lunes<\/p>\n<p>Grupo intermedio : Lunes<\/p>\n<p>Grupo Avanzado: Lunes<\/p>\n<p>&nbsp;<\/p>\n<p>[\/et_pb_tab][et_pb_tab title=&#8221;Formaci\u00f3n Musical&#8221; _builder_version=&#8221;4.5.0&#8243; _module_preset=&#8221;default&#8221; global_colors_info=&#8221;{}&#8221;]<\/p>\n<p>Lunes.<\/p>\n<p>1\u00ba curso: de 4 a 5 de la tarde.<\/p>\n<p>2\u00ba curso: de 5 a 6 de la tarde.<\/p>\n<p>3\u00ba curso: de 6 a 7 de la tarde.<\/p>\n<p>4\u00ba curso: de 7 a 8 de la tarde.<\/p>\n<p>*horarios sujetos a modificaci\u00f3n por cambios de grupos.<\/p>\n<p>[\/et_pb_tab][et_pb_tab title=&#8221;Musica y Movimiento&#8221; _builder_version=&#8221;4.5.0&#8243; _module_preset=&#8221;default&#8221; global_colors_info=&#8221;{}&#8221;]<\/p>\n<p>Mi\u00e9rcoles.<\/p>\n<p>Estimulaci\u00f3n musical: de 4 a 5 de la tarde.<\/p>\n<p>Escolan\u00eda: de 5 a 6 de la tarde.<\/p>\n<p>Iniciaci\u00f3n Musical de 6 a 7 de la tarde.<\/p>\n<p>*horarios sujetos a modificaci\u00f3n por cambios de grupos.<\/p>\n<p>&nbsp;<\/p>\n<p>[\/et_pb_tab][et_pb_tab title=&#8221;Talleres&#8221; _builder_version=&#8221;4.5.0&#8243; _module_preset=&#8221;default&#8221; global_colors_info=&#8221;{}&#8221;]<\/p>\n<p>A\u00fan sin determinar<\/p>\n<p>[\/et_pb_tab][\/et_pb_tabs][\/et_pb_column][\/et_pb_row][\/et_pb_section][et_pb_section fb_built=&#8221;1&#8243; _builder_version=&#8221;4.5.0&#8243; _module_preset=&#8221;default&#8221; global_colors_info=&#8221;{}&#8221;][\/et_pb_section]<\/p>\n","protected":false},"excerpt":{"rendered":"<p>Piano: Lunes, mi\u00e9rcoles o jueves.\u00a0 \u00a0 \u00a0 \u00a0 \u00a0 \u00a0 \u00a0 \u00a0Guitarra: Lunes. Canto: Martes.\u00a0 \u00a0 \u00a0 \u00a0 \u00a0 \u00a0 \u00a0 \u00a0 \u00a0 \u00a0 \u00a0 \u00a0 \u00a0 \u00a0 \u00a0 \u00a0 \u00a0 \u00a0 \u00a0 \u00a0 \u00a0 \u00a0 \u00a0 \u00a0 Viol\u00edn: Martes. Bater\u00eda: Lunes, mi\u00e9rcoles o jueves.\u00a0 \u00a0 \u00a0 \u00a0 \u00a0 \u00a0\u00a0 El horario de instrumento se [&hellip;]<\/p>\n","protected":false},"author":13213,"featured_media":0,"parent":0,"menu_order":0,"comment_status":"closed","ping_status":"closed","template":"","meta":{"_et_pb_use_builder":"on","_et_pb_old_content":"","_et_gb_content_width":"","ngg_post_thumbnail":0,"footnotes":""},"aioseo_notices":[],"_links":{"self":[{"href":"https:\/\/blogsaverroes.juntadeandalucia.es\/escuelaemma\/wp-json\/wp\/v2\/pages\/1352"}],"collection":[{"href":"https:\/\/blogsaverroes.juntadeandalucia.es\/escuelaemma\/wp-json\/wp\/v2\/pages"}],"about":[{"href":"https:\/\/blogsaverroes.juntadeandalucia.es\/escuelaemma\/wp-json\/wp\/v2\/types\/page"}],"author":[{"embeddable":true,"href":"https:\/\/blogsaverroes.juntadeandalucia.es\/escuelaemma\/wp-json\/wp\/v2\/users\/13213"}],"replies":[{"embeddable":true,"href":"https:\/\/blogsaverroes.juntadeandalucia.es\/escuelaemma\/wp-json\/wp\/v2\/comments?post=1352"}],"version-history":[{"count":9,"href":"https:\/\/blogsaverroes.juntadeandalucia.es\/escuelaemma\/wp-json\/wp\/v2\/pages\/1352\/revisions"}],"predecessor-version":[{"id":1808,"href":"https:\/\/blogsaverroes.juntadeandalucia.es\/escuelaemma\/wp-json\/wp\/v2\/pages\/1352\/revisions\/1808"}],"wp:attachment":[{"href":"https:\/\/blogsaverroes.juntadeandalucia.es\/escuelaemma\/wp-json\/wp\/v2\/media?parent=1352"}],"curies":[{"name":"wp","href":"https:\/\/api.w.org\/{rel}","templated":true}]}}