{"id":827,"date":"2020-12-18T08:34:31","date_gmt":"2020-12-18T07:34:31","guid":{"rendered":"https:\/\/blogsaverroes.juntadeandalucia.es\/pre\/plantilla-pencil\/?page_id=827"},"modified":"2021-07-08T23:48:45","modified_gmt":"2021-07-08T21:48:45","slug":"musicaymovimiento","status":"publish","type":"page","link":"https:\/\/blogsaverroes.juntadeandalucia.es\/escuelaemma\/musicaymovimiento\/","title":{"rendered":"M\u00fasica y movimiento"},"content":{"rendered":"<p>[et_pb_section fb_built=&#8221;1&#8243; _builder_version=&#8221;3.23.3&#8243; custom_padding=&#8221;0px||0px|&#8221; z_index_tablet=&#8221;500&#8243; box_shadow_horizontal_tablet=&#8221;0px&#8221; box_shadow_vertical_tablet=&#8221;0px&#8221; box_shadow_blur_tablet=&#8221;40px&#8221; box_shadow_spread_tablet=&#8221;0px&#8221;][et_pb_row _builder_version=&#8221;4.5.0&#8243; background_size=&#8221;initial&#8221; background_position=&#8221;top_left&#8221; background_repeat=&#8221;repeat&#8221; custom_margin=&#8221;||-110px||false|false&#8221;][et_pb_column type=&#8221;4_4&#8243; _builder_version=&#8221;3.25&#8243; custom_padding=&#8221;|||&#8221; custom_padding__hover=&#8221;|||&#8221;][et_pb_image src=&#8221;https:\/\/blogsaverroes.juntadeandalucia.es\/escuelaemma\/files\/2021\/06\/mym.png&#8221; title_text=&#8221;mym&#8221; admin_label=&#8221;Imagen de la portada&#8221; _builder_version=&#8221;4.5.0&#8243; width=&#8221;39%&#8221; z_index_tablet=&#8221;500&#8243; box_shadow_horizontal_tablet=&#8221;0px&#8221; box_shadow_vertical_tablet=&#8221;0px&#8221; box_shadow_blur_tablet=&#8221;40px&#8221; box_shadow_spread_tablet=&#8221;0px&#8221;][\/et_pb_image][et_pb_text admin_label=&#8221;Texto descriptivo&#8221; _builder_version=&#8221;4.5.0&#8243; text_font_size=&#8221;16px&#8221; text_line_height=&#8221;1.1em&#8221; z_index_tablet=&#8221;500&#8243; text_text_shadow_horizontal_length_tablet=&#8221;0px&#8221; text_text_shadow_vertical_length_tablet=&#8221;0px&#8221; text_text_shadow_blur_strength_tablet=&#8221;1px&#8221; link_text_shadow_horizontal_length_tablet=&#8221;0px&#8221; link_text_shadow_vertical_length_tablet=&#8221;0px&#8221; link_text_shadow_blur_strength_tablet=&#8221;1px&#8221; ul_text_shadow_horizontal_length_tablet=&#8221;0px&#8221; ul_text_shadow_vertical_length_tablet=&#8221;0px&#8221; ul_text_shadow_blur_strength_tablet=&#8221;1px&#8221; ol_text_shadow_horizontal_length_tablet=&#8221;0px&#8221; ol_text_shadow_vertical_length_tablet=&#8221;0px&#8221; ol_text_shadow_blur_strength_tablet=&#8221;1px&#8221; quote_text_shadow_horizontal_length_tablet=&#8221;0px&#8221; quote_text_shadow_vertical_length_tablet=&#8221;0px&#8221; quote_text_shadow_blur_strength_tablet=&#8221;1px&#8221; header_text_shadow_horizontal_length_tablet=&#8221;0px&#8221; header_text_shadow_vertical_length_tablet=&#8221;0px&#8221; header_text_shadow_blur_strength_tablet=&#8221;1px&#8221; header_2_text_shadow_horizontal_length_tablet=&#8221;0px&#8221; header_2_text_shadow_vertical_length_tablet=&#8221;0px&#8221; header_2_text_shadow_blur_strength_tablet=&#8221;1px&#8221; header_3_text_shadow_horizontal_length_tablet=&#8221;0px&#8221; header_3_text_shadow_vertical_length_tablet=&#8221;0px&#8221; header_3_text_shadow_blur_strength_tablet=&#8221;1px&#8221; header_4_text_shadow_horizontal_length_tablet=&#8221;0px&#8221; header_4_text_shadow_vertical_length_tablet=&#8221;0px&#8221; header_4_text_shadow_blur_strength_tablet=&#8221;1px&#8221; header_5_text_shadow_horizontal_length_tablet=&#8221;0px&#8221; header_5_text_shadow_vertical_length_tablet=&#8221;0px&#8221; header_5_text_shadow_blur_strength_tablet=&#8221;1px&#8221; header_6_text_shadow_horizontal_length_tablet=&#8221;0px&#8221; header_6_text_shadow_vertical_length_tablet=&#8221;0px&#8221; header_6_text_shadow_blur_strength_tablet=&#8221;1px&#8221; box_shadow_horizontal_tablet=&#8221;0px&#8221; box_shadow_vertical_tablet=&#8221;0px&#8221; box_shadow_blur_tablet=&#8221;40px&#8221; box_shadow_spread_tablet=&#8221;0px&#8221;]<\/p>\n<h2><span style=\"color: #003366\">M\u00fasica y Movimiento<\/span><\/h2>\n<p>&nbsp;<\/p>\n<p>Uno de los principales objetivos en esta materia es que el ni\u00f1o disfrute plenamente de la<br \/> actividad musical al tiempo que desarrolla sus capacidades: afectivas, sociales, intelectuales,<br \/> motoras, creativas, que prepararan y posteriormente permitir\u00e1n al ni\u00f1o elegir un instrumento,<br \/> dedicarse a la danza, o bien, ambas cosas.<\/p>\n<p>Otro de los principales objetivos es que los ni\u00f1os compartan vivencias musicales y<br \/> enriquezcan su relaci\u00f3n afectiva con la m\u00fasica a trav\u00e9s del canto, del movimiento, de la<br \/> audici\u00f3n y de instrumentos. El sonido es la materia prima de la m\u00fasica, por lo tanto el ni\u00f1o en<br \/> estas clases podr\u00e1 descubrirlo, explorarlo, manipularlo, conocerlo e incluso crearlo y<br \/> compartirlo. Sentir\u00e1 la m\u00fasica en su cuerpo, podr\u00e1 expresarse a trav\u00e9s de ella. Sentir,<br \/> expresar y crear ser\u00e1n las palabras clave en esta materia y para ello todos los recursos son<br \/> v\u00e1lidos.<\/p>\n<p>Con la estimulaci\u00f3n de todas estas capacidades conseguimos mayor amplitud del abanico<br \/> expresivo del ni\u00f1o, aumento de su seguridad emocional, de su capacidad de comunicaci\u00f3n, de<br \/> su confianza y por lo tanto: Ni\u00f1os m\u00e1s felices y m\u00e1s inteligentes.<br \/> Las \u00e1reas de desarrollo incluyen la capacidad de atenci\u00f3n, el desarrollo de la escucha, la<br \/> memoria, el o\u00eddo (mediante la discriminaci\u00f3n sonora de cualidades del sonido e instrumentos<br \/> musicales), la psicomotricidad, etc.<\/p>\n<p><strong><span style=\"color: #003366\">Beneficios de la m\u00fasica en los ni\u00f1os<\/span><\/strong><\/p>\n<p>Son muchos los estudios que demuestran como los ni\u00f1os que aprenden m\u00fasica desde<br \/> peque\u00f1os desarrollan un mayor pensamiento l\u00f3gico y capacidad matem\u00e1tica. Asimismo, este<br \/> aprendizaje fomenta en ellos la idea de disciplina y de organizaci\u00f3n del trabajo. Especialmente,<br \/> cuando comienzan con los instrumentos, ya que en esta etapa ellos mismos comprenden que la<br \/> pr\u00e1ctica diaria, aunque sea breve, resulta fundamental para avanzar y as\u00ed, entienden que el<br \/> esfuerzo del trabajo bien hecho merece la pena y que siempre se ve recompensado. Sin olvidar,<br \/> por supuesto, que el ni\u00f1o que desde peque\u00f1o realiza este tipo de actividades, llevar\u00e1 luego una<br \/> vida m\u00e1s rica y activa.<\/p>\n<p>Adem\u00e1s, a estas edades, el ni\u00f1o se encuentra en el mejor momento para desarrollar el<br \/> o\u00eddo y su percepci\u00f3n auditiva.<\/p>\n<p>Las clases de m\u00fasica y movimiento est\u00e1n repartidas de la siguiente manera:<\/p>\n<ul>\n<li>Estimulaci\u00f3n Musical: ni\u00f1os de 0 a 3 a\u00f1os.<\/li>\n<li>Iniciaci\u00f3n: dos cursos que comprenden a los ni\u00f1os de 4 y 5 a\u00f1os.<\/li>\n<li>Preparatorio: dos cursos que comprenden a los ni\u00f1os de 6 y 7 a\u00f1os.<\/li>\n<\/ul>\n<p>&nbsp;<\/p>\n<p>Es fundamental que el m\u00e9todo sea lo m\u00e1s l\u00fadico posible porque el juego en estas<br \/> edades es una parte integral de los ni\u00f1os, mediante la cual lo aprenden todo, por eso la<br \/> metodolog\u00eda a emplear ser\u00e1 una metodolog\u00eda abierta, progresiva, activa, l\u00fadica, global,<br \/> variada y relacionada con las cosas cotidianas del ni\u00f1o.<\/p>\n<p>&nbsp;<\/p>\n<p>[\/et_pb_text][\/et_pb_column][\/et_pb_row][et_pb_row column_structure=&#8221;1_2,1_2&#8243; _builder_version=&#8221;4.5.0&#8243; _module_preset=&#8221;default&#8221;][et_pb_column type=&#8221;1_2&#8243; _builder_version=&#8221;4.5.0&#8243; _module_preset=&#8221;default&#8221;][et_pb_button button_url=&#8221;https:\/\/blogsaverroes.juntadeandalucia.es\/escuelaemma\/horarios\/&#8221; button_text=&#8221;Horarios&#8221; _builder_version=&#8221;4.5.0&#8243; _module_preset=&#8221;default&#8221; custom_button=&#8221;on&#8221; button_text_color=&#8221;#004a7c&#8221; button_border_radius=&#8221;12px&#8221;][\/et_pb_button][\/et_pb_column][et_pb_column type=&#8221;1_2&#8243; _builder_version=&#8221;4.5.0&#8243; _module_preset=&#8221;default&#8221;][et_pb_button button_url=&#8221;https:\/\/blogsaverroes.juntadeandalucia.es\/escuelaemma\/tarifas\/&#8221; button_text=&#8221;Tarifas&#8221; _builder_version=&#8221;4.5.0&#8243; _module_preset=&#8221;default&#8221; custom_button=&#8221;on&#8221; button_text_color=&#8221;#e09900&#8243; button_border_radius=&#8221;12px&#8221; custom_margin=&#8221;|||-1px|false|false&#8221;][\/et_pb_button][\/et_pb_column][\/et_pb_row][\/et_pb_section]<\/p>\n","protected":false},"excerpt":{"rendered":"<p>M\u00fasica y Movimiento &nbsp; Uno de los principales objetivos en esta materia es que el ni\u00f1o disfrute plenamente de la actividad musical al tiempo que desarrolla sus capacidades: afectivas, sociales, intelectuales, motoras, creativas, que prepararan y posteriormente permitir\u00e1n al ni\u00f1o elegir un instrumento, dedicarse a la danza, o bien, ambas cosas. Otro de los principales [&hellip;]<\/p>\n","protected":false},"author":13221,"featured_media":0,"parent":0,"menu_order":0,"comment_status":"closed","ping_status":"closed","template":"","meta":{"_et_pb_use_builder":"on","_et_pb_old_content":"","_et_gb_content_width":"","ngg_post_thumbnail":0,"footnotes":""},"aioseo_notices":[],"_links":{"self":[{"href":"https:\/\/blogsaverroes.juntadeandalucia.es\/escuelaemma\/wp-json\/wp\/v2\/pages\/827"}],"collection":[{"href":"https:\/\/blogsaverroes.juntadeandalucia.es\/escuelaemma\/wp-json\/wp\/v2\/pages"}],"about":[{"href":"https:\/\/blogsaverroes.juntadeandalucia.es\/escuelaemma\/wp-json\/wp\/v2\/types\/page"}],"author":[{"embeddable":true,"href":"https:\/\/blogsaverroes.juntadeandalucia.es\/escuelaemma\/wp-json\/wp\/v2\/users\/13221"}],"replies":[{"embeddable":true,"href":"https:\/\/blogsaverroes.juntadeandalucia.es\/escuelaemma\/wp-json\/wp\/v2\/comments?post=827"}],"version-history":[{"count":7,"href":"https:\/\/blogsaverroes.juntadeandalucia.es\/escuelaemma\/wp-json\/wp\/v2\/pages\/827\/revisions"}],"predecessor-version":[{"id":1608,"href":"https:\/\/blogsaverroes.juntadeandalucia.es\/escuelaemma\/wp-json\/wp\/v2\/pages\/827\/revisions\/1608"}],"wp:attachment":[{"href":"https:\/\/blogsaverroes.juntadeandalucia.es\/escuelaemma\/wp-json\/wp\/v2\/media?parent=827"}],"curies":[{"name":"wp","href":"https:\/\/api.w.org\/{rel}","templated":true}]}}